{"id":2621,"date":"2024-02-09T10:37:45","date_gmt":"2024-02-09T09:37:45","guid":{"rendered":"https:\/\/www.corlidogroup.com\/datenschutz\/"},"modified":"2026-01-19T15:14:18","modified_gmt":"2026-01-19T14:14:18","slug":"datenschutz","status":"publish","type":"page","link":"https:\/\/www.corlidogroup.com\/de\/datenschutz\/","title":{"rendered":"Datenschutz"},"content":{"rendered":"\n<section class=\"pane pane--white\">\n    <div class=\"container\">\n        <div class=\"row g-4 g-lg-8 g-xl-15 justify-content-center\">\n                                                <div class=\"col-12 col-lg-10\">\n                        <h2>Datenschutzerkl\u00e4rung Corlido Holding B.V.<\/h2>\n<p>Wir legen gro\u00dfen Wert auf Ihre Privatsph\u00e4re und stellen sicher, dass die personenbezogenen Daten, die Sie mit uns teilen, sorgf\u00e4ltig behandelt werden. In dieser Datenschutzerkl\u00e4rung m\u00f6chten wir erl\u00e4utern, wie wir dies tun. Sollten Sie hierzu Fragen haben, helfen wir Ihnen gerne weiter. Sie erreichen uns unter +31 (0) 88 \u2013 536 00 00 oder per E-Mail an info@corlidogroup.com.   <\/p>\n<p>Die Corlido Holding B.V. und ihre Tochtergesellschaften, im Folgenden Corlido, mit Sitz in der James Cookstraat 53, 7825AX Emmen, sind verantwortlich f\u00fcr die Verarbeitung personenbezogener Daten, wie in dieser Datenschutzerkl\u00e4rung beschrieben.<\/p>\n<h3>Personenbezogene Daten<\/h3>\n<p>Wir verarbeiten Ihre personenbezogenen Daten, weil Sie unsere Dienstleistungen in Anspruch nehmen und\/oder weil Sie uns diese Daten selbst zur Verf\u00fcgung stellen. Es werden keine besonderen und\/oder sensiblen personenbezogenen Daten verarbeitet.<br \/>Nachfolgend finden Sie eine \u00dcbersicht der personenbezogenen Daten, die wir \u2013 abh\u00e4ngig von dem von Ihnen erworbenen Produkt oder der Dienstleistung \u2013 verarbeiten k\u00f6nnen:  <\/p>\n<p>Vor- und Nachname<br \/>\nGeschlecht<br \/>\nFirmenname<br \/>\nFunktion<br \/>\nGesch\u00e4ftliche E-Mail-Adresse<br \/>\nGesch\u00e4ftliche Telefonnummer<br \/>\nGesch\u00e4ftliche Adressdaten<br \/>\nZahlungsdaten<br \/>\nIP-Adresse<br \/>\nZus\u00e4tzliche Informationen, die f\u00fcr den von Ihnen gew\u00fcnschten spezifischen Service erforderlich sind<br \/>Diese Informationen werden ausschlie\u00dflich f\u00fcr den beschriebenen Zweck verwendet. <\/p>\n<h2>Zu welchen Zwecken verarbeiten wir personenbezogene Daten?<\/h2>\n<p>Wir verarbeiten personenbezogene Daten zu folgenden Zwecken:<\/p>\n<p>Um Sie telefonisch oder per E-Mail zu kontaktieren, wenn Sie dies w\u00fcnschen oder wenn dies zur Durchf\u00fchrung der von Ihnen erworbenen Dienstleistung erforderlich ist.<br \/>\nZur Lieferung von Waren und Dienstleistungen, die Sie bei uns erworben haben.<br \/>\nWenn Sie uns besuchen, werden Ihr Name, die Organisation sowie der Name der Person oder Abteilung, die Sie besuchen m\u00f6chten, erfasst. Ebenso werden Datum und Uhrzeit Ihrer Ankunft und Abreise registriert.<br \/>Zweck dieser Registrierung ist es, im Falle eines Notfalls zu wissen, wer sich in und um das Geb\u00e4ude aufh\u00e4lt. Die Registrierung wird nach 24 Stunden gel\u00f6scht. Im Falle eines Notfalls wird die Registrierung l\u00e4nger aufbewahrt, jedoch nicht l\u00e4nger als gesetzlich zul\u00e4ssig.    <\/p>\n<h3>Wie lange speichert Corlido personenbezogene Daten?<\/h3>\n<p>Corlido speichert Ihre personenbezogenen Daten nicht l\u00e4nger als unbedingt erforderlich, um die Zwecke zu erf\u00fcllen, f\u00fcr die Ihre Daten erhoben wurden. Ihre Daten werden nicht l\u00e4nger als ein Jahr gespeichert, sofern kein Vertrag zustande gekommen ist. <\/p>\n<h3>Weitergabe an Dritte<\/h3>\n<p>Wir geben Ihre personenbezogenen Daten nur dann an Dritte weiter, wenn dies zur Erf\u00fcllung des Vertrages oder zur Erf\u00fcllung einer gesetzlichen Verpflichtung erforderlich ist.<\/p>\n<h3>Google Analytics<\/h3>\n<p>Corlido nutzt Google Analytics, um zu analysieren, wie Nutzer die Website verwenden. Die im Rahmen von Google Analytics erhobenen Daten werden anonymisiert und verschl\u00fcsselt. <\/p>\n<h3>Einsicht, \u00c4nderung oder L\u00f6schung von Daten<\/h3>\n<p>Sie haben das Recht, Ihre personenbezogenen Daten einzusehen, zu berichtigen oder l\u00f6schen zu lassen. Einen entsprechenden Antrag k\u00f6nnen Sie per E-Mail an info@corlidogroup.com stellen. <\/p>\n<h3>Wie sch\u00fctzt Corlido Group personenbezogene Daten?<\/h3>\n<p>Corlido nimmt den Schutz Ihrer Daten sehr ernst und trifft geeignete Ma\u00dfnahmen, um Missbrauch, Verlust, unbefugten Zugriff, unerw\u00fcnschte Offenlegung und unbefugte \u00c4nderungen zu verhindern.<br \/>Die Website von Corlido verwendet ein zuverl\u00e4ssiges SSL-Zertifikat, um sicherzustellen, dass Ihre personenbezogenen Daten nicht in falsche H\u00e4nde geraten. <\/p>\n<p>Sollten Sie den Eindruck haben, dass Ihre Daten nicht ausreichend gesch\u00fctzt sind oder Anzeichen f\u00fcr einen Missbrauch vorliegen, oder wenn Sie weitere Informationen \u00fcber den Schutz personenbezogener Daten bei Corlido w\u00fcnschen, kontaktieren Sie uns bitte unter info@corlidogroup.com.<\/p>\n<p>Selbstverst\u00e4ndlich helfen wir Ihnen auch gerne weiter, wenn Sie Beschwerden \u00fcber die Verarbeitung Ihrer personenbezogenen Daten haben. Sollten wir dennoch gemeinsam keine L\u00f6sung finden, haben Sie gem\u00e4\u00df den Datenschutzgesetzen das Recht, eine Beschwerde bei der zust\u00e4ndigen Aufsichtsbeh\u00f6rde einzureichen \u2013 der niederl\u00e4ndischen Datenschutzbeh\u00f6rde (Autoriteit Persoonsgegevens). <\/p>\n<h3>Cookies<\/h3>\n<p>Die Website von Corlido verwendet Cookies. Cookies sind kleine Dateien, die (tempor\u00e4r) auf Ihrem Computer oder in Ihrem Browser gespeichert werden. <\/p>\n<h3>\u00c4nderungen der Datenschutz- und Cookie-Richtlinie<\/h3>\n<p>Corlido beh\u00e4lt sich das Recht vor, \u00c4nderungen an der Datenschutz- und Cookie-Richtlinie vorzunehmen.<\/p>\n                                            <\/div>\n                                    <\/div>\n                \n    <\/div>\n<\/section>\n","protected":false},"excerpt":{"rendered":"","protected":false},"author":1,"featured_media":0,"parent":0,"menu_order":8,"comment_status":"closed","ping_status":"closed","template":"","meta":{"_acf_changed":false,"_monsterinsights_skip_tracking":false,"_monsterinsights_sitenote_active":false,"_monsterinsights_sitenote_note":"","_monsterinsights_sitenote_category":0,"footnotes":""},"class_list":["post-2621","page","type-page","status-publish","hentry"],"acf":[],"yoast_head":"<!-- This site is optimized with the Yoast SEO plugin v27.4 - https:\/\/yoast.com\/product\/yoast-seo-wordpress\/ -->\n<title>Datenschutz - Corlido<\/title>\n<meta name=\"robots\" content=\"index, follow, max-snippet:-1, max-image-preview:large, max-video-preview:-1\" \/>\n<link rel=\"canonical\" href=\"https:\/\/www.corlidogroup.com\/de\/datenschutz\/\" \/>\n<meta property=\"og:locale\" content=\"de_DE\" \/>\n<meta property=\"og:type\" content=\"article\" \/>\n<meta property=\"og:title\" content=\"Datenschutz - Corlido\" \/>\n<meta property=\"og:url\" content=\"https:\/\/www.corlidogroup.com\/de\/datenschutz\/\" \/>\n<meta property=\"og:site_name\" content=\"Corlido\" \/>\n<meta property=\"article:publisher\" content=\"https:\/\/www.facebook.com\/CorlidoGroup\/\" \/>\n<meta property=\"article:modified_time\" content=\"2026-01-19T14:14:18+00:00\" \/>\n<meta name=\"twitter:card\" content=\"summary_large_image\" \/>\n<script type=\"application\/ld+json\" class=\"yoast-schema-graph\">{\"@context\":\"https:\\\/\\\/schema.org\",\"@graph\":[{\"@type\":\"WebPage\",\"@id\":\"https:\\\/\\\/www.corlidogroup.com\\\/de\\\/datenschutz\\\/\",\"url\":\"https:\\\/\\\/www.corlidogroup.com\\\/de\\\/datenschutz\\\/\",\"name\":\"Datenschutz - Corlido\",\"isPartOf\":{\"@id\":\"https:\\\/\\\/www.corlidogroup.com\\\/de\\\/#website\"},\"datePublished\":\"2024-02-09T09:37:45+00:00\",\"dateModified\":\"2026-01-19T14:14:18+00:00\",\"breadcrumb\":{\"@id\":\"https:\\\/\\\/www.corlidogroup.com\\\/de\\\/datenschutz\\\/#breadcrumb\"},\"inLanguage\":\"de\",\"potentialAction\":[{\"@type\":\"ReadAction\",\"target\":[\"https:\\\/\\\/www.corlidogroup.com\\\/de\\\/datenschutz\\\/\"]}]},{\"@type\":\"BreadcrumbList\",\"@id\":\"https:\\\/\\\/www.corlidogroup.com\\\/de\\\/datenschutz\\\/#breadcrumb\",\"itemListElement\":[{\"@type\":\"ListItem\",\"position\":1,\"name\":\"Home\",\"item\":\"https:\\\/\\\/www.corlidogroup.com\\\/de\\\/\"},{\"@type\":\"ListItem\",\"position\":2,\"name\":\"Datenschutz\"}]},{\"@type\":\"WebSite\",\"@id\":\"https:\\\/\\\/www.corlidogroup.com\\\/de\\\/#website\",\"url\":\"https:\\\/\\\/www.corlidogroup.com\\\/de\\\/\",\"name\":\"Corlido Group\",\"description\":\"We optimise your procurement process\",\"publisher\":{\"@id\":\"https:\\\/\\\/www.corlidogroup.com\\\/de\\\/#organization\"},\"potentialAction\":[{\"@type\":\"SearchAction\",\"target\":{\"@type\":\"EntryPoint\",\"urlTemplate\":\"https:\\\/\\\/www.corlidogroup.com\\\/de\\\/?s={search_term_string}\"},\"query-input\":{\"@type\":\"PropertyValueSpecification\",\"valueRequired\":true,\"valueName\":\"search_term_string\"}}],\"inLanguage\":\"de\"},{\"@type\":\"Organization\",\"@id\":\"https:\\\/\\\/www.corlidogroup.com\\\/de\\\/#organization\",\"name\":\"Corlido Group\",\"url\":\"https:\\\/\\\/www.corlidogroup.com\\\/de\\\/\",\"logo\":{\"@type\":\"ImageObject\",\"inLanguage\":\"de\",\"@id\":\"https:\\\/\\\/www.corlidogroup.com\\\/de\\\/#\\\/schema\\\/logo\\\/image\\\/\",\"url\":\"https:\\\/\\\/www.corlidogroup.com\\\/wp-content\\\/uploads\\\/2024\\\/02\\\/cropped-Corlido-favicon.png\",\"contentUrl\":\"https:\\\/\\\/www.corlidogroup.com\\\/wp-content\\\/uploads\\\/2024\\\/02\\\/cropped-Corlido-favicon.png\",\"width\":512,\"height\":512,\"caption\":\"Corlido Group\"},\"image\":{\"@id\":\"https:\\\/\\\/www.corlidogroup.com\\\/de\\\/#\\\/schema\\\/logo\\\/image\\\/\"},\"sameAs\":[\"https:\\\/\\\/www.facebook.com\\\/CorlidoGroup\\\/\",\"https:\\\/\\\/www.linkedin.com\\\/company\\\/1372474\\\/\",\"https:\\\/\\\/www.instagram.com\\\/corlidogroup\\\/\"]}]}<\/script>\n<!-- \/ Yoast SEO plugin. -->","yoast_head_json":{"title":"Datenschutz - Corlido","robots":{"index":"index","follow":"follow","max-snippet":"max-snippet:-1","max-image-preview":"max-image-preview:large","max-video-preview":"max-video-preview:-1"},"canonical":"https:\/\/www.corlidogroup.com\/de\/datenschutz\/","og_locale":"de_DE","og_type":"article","og_title":"Datenschutz - Corlido","og_url":"https:\/\/www.corlidogroup.com\/de\/datenschutz\/","og_site_name":"Corlido","article_publisher":"https:\/\/www.facebook.com\/CorlidoGroup\/","article_modified_time":"2026-01-19T14:14:18+00:00","twitter_card":"summary_large_image","schema":{"@context":"https:\/\/schema.org","@graph":[{"@type":"WebPage","@id":"https:\/\/www.corlidogroup.com\/de\/datenschutz\/","url":"https:\/\/www.corlidogroup.com\/de\/datenschutz\/","name":"Datenschutz - Corlido","isPartOf":{"@id":"https:\/\/www.corlidogroup.com\/de\/#website"},"datePublished":"2024-02-09T09:37:45+00:00","dateModified":"2026-01-19T14:14:18+00:00","breadcrumb":{"@id":"https:\/\/www.corlidogroup.com\/de\/datenschutz\/#breadcrumb"},"inLanguage":"de","potentialAction":[{"@type":"ReadAction","target":["https:\/\/www.corlidogroup.com\/de\/datenschutz\/"]}]},{"@type":"BreadcrumbList","@id":"https:\/\/www.corlidogroup.com\/de\/datenschutz\/#breadcrumb","itemListElement":[{"@type":"ListItem","position":1,"name":"Home","item":"https:\/\/www.corlidogroup.com\/de\/"},{"@type":"ListItem","position":2,"name":"Datenschutz"}]},{"@type":"WebSite","@id":"https:\/\/www.corlidogroup.com\/de\/#website","url":"https:\/\/www.corlidogroup.com\/de\/","name":"Corlido Group","description":"We optimise your procurement process","publisher":{"@id":"https:\/\/www.corlidogroup.com\/de\/#organization"},"potentialAction":[{"@type":"SearchAction","target":{"@type":"EntryPoint","urlTemplate":"https:\/\/www.corlidogroup.com\/de\/?s={search_term_string}"},"query-input":{"@type":"PropertyValueSpecification","valueRequired":true,"valueName":"search_term_string"}}],"inLanguage":"de"},{"@type":"Organization","@id":"https:\/\/www.corlidogroup.com\/de\/#organization","name":"Corlido Group","url":"https:\/\/www.corlidogroup.com\/de\/","logo":{"@type":"ImageObject","inLanguage":"de","@id":"https:\/\/www.corlidogroup.com\/de\/#\/schema\/logo\/image\/","url":"https:\/\/www.corlidogroup.com\/wp-content\/uploads\/2024\/02\/cropped-Corlido-favicon.png","contentUrl":"https:\/\/www.corlidogroup.com\/wp-content\/uploads\/2024\/02\/cropped-Corlido-favicon.png","width":512,"height":512,"caption":"Corlido Group"},"image":{"@id":"https:\/\/www.corlidogroup.com\/de\/#\/schema\/logo\/image\/"},"sameAs":["https:\/\/www.facebook.com\/CorlidoGroup\/","https:\/\/www.linkedin.com\/company\/1372474\/","https:\/\/www.instagram.com\/corlidogroup\/"]}]}},"_links":{"self":[{"href":"https:\/\/www.corlidogroup.com\/de\/wp-json\/wp\/v2\/pages\/2621","targetHints":{"allow":["GET"]}}],"collection":[{"href":"https:\/\/www.corlidogroup.com\/de\/wp-json\/wp\/v2\/pages"}],"about":[{"href":"https:\/\/www.corlidogroup.com\/de\/wp-json\/wp\/v2\/types\/page"}],"author":[{"embeddable":true,"href":"https:\/\/www.corlidogroup.com\/de\/wp-json\/wp\/v2\/users\/1"}],"replies":[{"embeddable":true,"href":"https:\/\/www.corlidogroup.com\/de\/wp-json\/wp\/v2\/comments?post=2621"}],"version-history":[{"count":1,"href":"https:\/\/www.corlidogroup.com\/de\/wp-json\/wp\/v2\/pages\/2621\/revisions"}],"predecessor-version":[{"id":2623,"href":"https:\/\/www.corlidogroup.com\/de\/wp-json\/wp\/v2\/pages\/2621\/revisions\/2623"}],"wp:attachment":[{"href":"https:\/\/www.corlidogroup.com\/de\/wp-json\/wp\/v2\/media?parent=2621"}],"curies":[{"name":"wp","href":"https:\/\/api.w.org\/{rel}","templated":true}]}}