{"id":2628,"date":"2024-03-14T09:50:24","date_gmt":"2024-03-14T08:50:24","guid":{"rendered":"https:\/\/www.corlidogroup.com\/integrationen-ki\/"},"modified":"2026-01-19T15:21:07","modified_gmt":"2026-01-19T14:21:07","slug":"integrationen-ki","status":"publish","type":"page","link":"https:\/\/www.corlidogroup.com\/de\/integrationen-ki\/","title":{"rendered":"Integrationen &amp; KI"},"content":{"rendered":"\n<section class=\"pane pane--white\">\n    <div class=\"container\">\n        <div class=\"row g-4 g-lg-8 g-xl-15 justify-content-start\">\n                                                <div class=\"col-12 col-lg-12\">\n                        <h2>Integrationen &amp; KI<\/h2>\n<p style=\"font-weight: 400\">Systemintegrationen k\u00f6nnen die Effizienz erheblich steigern und Ihrer Organisation wertvolle Einblicke liefern. Wir bieten verschiedene Integrationsoptionen an \u2013 von manuellen Workarounds und hybriden L\u00f6sungen bis hin zu nahtlosen, vollst\u00e4ndigen End-to-End-Integrationen mit den meisten ERP-Systemen. Dar\u00fcber hinaus haben wir unser eigenes E-Procurement-Tool COPS entwickelt, das als PunchOut-L\u00f6sung in Ihrem ERP-System problemlos eingesetzt werden kann.  <\/p>\n                                            <\/div>\n                                    <\/div>\n                \n    <\/div>\n<\/section>\n\n<section class=\"pane pane--white\">\n    <div class=\"container\">\n        <div class=\"row g-4 g-lg-8 g-xl-15 g-xxl-25 align-items-center flex-lg-row-reverse\">\n                            <div class=\"col-12 col-lg-5\">\n                                        <div class=\"pane__text\">\n                        <h2>Vollst\u00e4ndige Integration mit Ihrem ERP-System<\/h2>\n<p style=\"font-weight: 400\">Die vollst\u00e4ndige Integration ist der effizienteste Betriebsprozess. Mit einem internen Softwareentwicklungsteam verf\u00fcgt Corlido \u00fcber Erfahrung und Flexibilit\u00e4t bei der Implementierung von Systemintegrationen auf allen Ebenen. Von grundlegenden Set-ups bis hin zu vollst\u00e4ndig funktionalen Integrationen liefern wir die passende L\u00f6sung.<br \/>Corlido hat kundenspezifische L\u00f6sungen f\u00fcr viele branchen\u00fcbliche ERP-Systeme umgesetzt, darunter unter anderem: SAP, Ariba, Coupa, Proactis (ehemals Hubwoo), Oracle und Proquro.   <\/p>\n                                                \n                    <\/div>\n                <\/div>\n                                        <div class=\"col-12 col-lg\">\n                    <figure class=\"figure figure--rounded\">\n                        <img decoding=\"async\" width=\"1024\" height=\"576\" src=\"https:\/\/www.corlidogroup.com\/wp-content\/uploads\/2024\/04\/Corlido-System-Integration-1024x576.png\" class=\"img-fluid\" alt=\"Corlido System Integration flows\" loading=\"lazy\" srcset=\"https:\/\/www.corlidogroup.com\/wp-content\/uploads\/2024\/04\/Corlido-System-Integration-1024x576.png 1024w, https:\/\/www.corlidogroup.com\/wp-content\/uploads\/2024\/04\/Corlido-System-Integration-300x169.png 300w, https:\/\/www.corlidogroup.com\/wp-content\/uploads\/2024\/04\/Corlido-System-Integration-768x432.png 768w, https:\/\/www.corlidogroup.com\/wp-content\/uploads\/2024\/04\/Corlido-System-Integration-1536x864.png 1536w, https:\/\/www.corlidogroup.com\/wp-content\/uploads\/2024\/04\/Corlido-System-Integration-70x39.png 70w, https:\/\/www.corlidogroup.com\/wp-content\/uploads\/2024\/04\/Corlido-System-Integration.png 1920w\" sizes=\"auto, (max-width: 1024px) 100vw, 1024px\" \/>                    <\/figure>\n                <\/div>\n                    <\/div>\n    <\/div>\n<\/section>\n\n<section class=\"pane pane--white\">\n    <div class=\"container\">\n        <div class=\"row g-4 g-lg-8 g-xl-15 g-xxl-25 align-items-center \">\n                            <div class=\"col-12 col-lg-5\">\n                                        <div class=\"pane__text\">\n                        <h2>Manueller Bestellprozess<\/h2>\n<p style=\"font-weight: 400\">Neben der Bereitstellung eines vollst\u00e4ndigen oder hybriden Integrationsmodells kann Corlido auch Anfragen \u00fcber den traditionelleren manuellen Bestellprozess bearbeiten. Diese Methode kann schnell implementiert werden und erfordert keine Form der Integration. Unser lokales Team steht bereit, um Ihre Anforderungen zu erf\u00fcllen.  <\/p>\n<p>&nbsp;<\/p>\n                                                \n                    <\/div>\n                <\/div>\n                                        <div class=\"col-12 col-lg\">\n                    <figure class=\"figure figure--rounded\">\n                        <img decoding=\"async\" width=\"1024\" height=\"576\" src=\"https:\/\/www.corlidogroup.com\/wp-content\/uploads\/2024\/04\/Corlido-Manual-Ordering-Process-1024x576.png\" class=\"img-fluid\" alt=\"Manual E-mail process\" loading=\"lazy\" srcset=\"https:\/\/www.corlidogroup.com\/wp-content\/uploads\/2024\/04\/Corlido-Manual-Ordering-Process-1024x576.png 1024w, https:\/\/www.corlidogroup.com\/wp-content\/uploads\/2024\/04\/Corlido-Manual-Ordering-Process-300x169.png 300w, https:\/\/www.corlidogroup.com\/wp-content\/uploads\/2024\/04\/Corlido-Manual-Ordering-Process-768x432.png 768w, https:\/\/www.corlidogroup.com\/wp-content\/uploads\/2024\/04\/Corlido-Manual-Ordering-Process-1536x864.png 1536w, https:\/\/www.corlidogroup.com\/wp-content\/uploads\/2024\/04\/Corlido-Manual-Ordering-Process-70x39.png 70w, https:\/\/www.corlidogroup.com\/wp-content\/uploads\/2024\/04\/Corlido-Manual-Ordering-Process.png 1920w\" sizes=\"auto, (max-width: 1024px) 100vw, 1024px\" \/>                    <\/figure>\n                <\/div>\n                    <\/div>\n    <\/div>\n<\/section>\n\n<section class=\"pane pane--white\">\n    <div class=\"container\">\n        <div class=\"row g-4 g-lg-8 g-xl-15 justify-content-center\">\n                                                <div class=\"col-12 col-lg-12\">\n                        <h2><a name=\"_Toc167794408\"><\/a>K\u00fcnstliche Intelligenz (KI)<\/h2>\n<p style=\"font-weight: 400\">Corlido strebt kontinuierlich danach, an der Spitze neuer Technologien zu bleiben, einschlie\u00dflich k\u00fcnstlicher Intelligenz, um unsere automatisierten Prozesse zu optimieren, zu personalisieren und allgemein zu verbessern. Derzeit nutzt Corlido AI- und ML-Tools, um eingehende Kundenanfragen und Bestellungen, ausgehende Kunden- und Lieferantenangebote, Multi-Vendor-RFQs, logistische Organisation und Tracking, Marktanalysen, Beschleunigungsprozesse und weitere Aufgaben effizient zu verarbeiten, die unsere Prozesse transparenter, genauer und effizienter machen. <\/p>\n<p style=\"font-weight: 400\">AI has become an integrated part of our procurement processes and is an important driver in maintaining best in class reporting capabilities and levels of efficiency. Corlido is looking forward to further collaboration with clients through knowledge and data exchange to further streamline and optimize the procurement process. <\/p>\n<p style=\"font-weight: 400\">Corlido is committed to growing, developing and improving together with our clients. Corlido\u2019s ability to take on new challenges and develop solutions to overcome obstacles has made Corlido what it is today: a strong, innovative, reliable partner. <\/p>\n                                            <\/div>\n                                    <\/div>\n                \n    <\/div>\n<\/section>\n","protected":false},"excerpt":{"rendered":"","protected":false},"author":2,"featured_media":0,"parent":0,"menu_order":0,"comment_status":"closed","ping_status":"closed","template":"","meta":{"_acf_changed":false,"_monsterinsights_skip_tracking":false,"_monsterinsights_sitenote_active":false,"_monsterinsights_sitenote_note":"","_monsterinsights_sitenote_category":0,"footnotes":""},"class_list":["post-2628","page","type-page","status-publish","hentry"],"acf":[],"yoast_head":"<!-- This site is optimized with the Yoast SEO plugin v27.6 - https:\/\/yoast.com\/product\/yoast-seo-wordpress\/ -->\n<title>Integrationen &amp; KI - Corlido<\/title>\n<meta name=\"robots\" content=\"index, follow, max-snippet:-1, max-image-preview:large, max-video-preview:-1\" \/>\n<link rel=\"canonical\" href=\"https:\/\/www.corlidogroup.com\/de\/integrationen-ki\/\" \/>\n<meta property=\"og:locale\" content=\"de_DE\" \/>\n<meta property=\"og:type\" content=\"article\" \/>\n<meta property=\"og:title\" content=\"Integrationen &amp; KI - Corlido\" \/>\n<meta property=\"og:url\" content=\"https:\/\/www.corlidogroup.com\/de\/integrationen-ki\/\" \/>\n<meta property=\"og:site_name\" content=\"Corlido\" \/>\n<meta property=\"article:publisher\" content=\"https:\/\/www.facebook.com\/CorlidoGroup\/\" \/>\n<meta property=\"article:modified_time\" content=\"2026-01-19T14:21:07+00:00\" \/>\n<meta name=\"twitter:card\" content=\"summary_large_image\" \/>\n<script type=\"application\/ld+json\" class=\"yoast-schema-graph\">{\"@context\":\"https:\\\/\\\/schema.org\",\"@graph\":[{\"@type\":\"WebPage\",\"@id\":\"https:\\\/\\\/www.corlidogroup.com\\\/de\\\/integrationen-ki\\\/\",\"url\":\"https:\\\/\\\/www.corlidogroup.com\\\/de\\\/integrationen-ki\\\/\",\"name\":\"Integrationen &amp; KI - Corlido\",\"isPartOf\":{\"@id\":\"https:\\\/\\\/www.corlidogroup.com\\\/de\\\/#website\"},\"datePublished\":\"2024-03-14T08:50:24+00:00\",\"dateModified\":\"2026-01-19T14:21:07+00:00\",\"breadcrumb\":{\"@id\":\"https:\\\/\\\/www.corlidogroup.com\\\/de\\\/integrationen-ki\\\/#breadcrumb\"},\"inLanguage\":\"de\",\"potentialAction\":[{\"@type\":\"ReadAction\",\"target\":[\"https:\\\/\\\/www.corlidogroup.com\\\/de\\\/integrationen-ki\\\/\"]}]},{\"@type\":\"BreadcrumbList\",\"@id\":\"https:\\\/\\\/www.corlidogroup.com\\\/de\\\/integrationen-ki\\\/#breadcrumb\",\"itemListElement\":[{\"@type\":\"ListItem\",\"position\":1,\"name\":\"Home\",\"item\":\"https:\\\/\\\/www.corlidogroup.com\\\/de\\\/\"},{\"@type\":\"ListItem\",\"position\":2,\"name\":\"Integrationen &amp; KI\"}]},{\"@type\":\"WebSite\",\"@id\":\"https:\\\/\\\/www.corlidogroup.com\\\/de\\\/#website\",\"url\":\"https:\\\/\\\/www.corlidogroup.com\\\/de\\\/\",\"name\":\"Corlido Group\",\"description\":\"We optimise your procurement process\",\"publisher\":{\"@id\":\"https:\\\/\\\/www.corlidogroup.com\\\/de\\\/#organization\"},\"potentialAction\":[{\"@type\":\"SearchAction\",\"target\":{\"@type\":\"EntryPoint\",\"urlTemplate\":\"https:\\\/\\\/www.corlidogroup.com\\\/de\\\/?s={search_term_string}\"},\"query-input\":{\"@type\":\"PropertyValueSpecification\",\"valueRequired\":true,\"valueName\":\"search_term_string\"}}],\"inLanguage\":\"de\"},{\"@type\":\"Organization\",\"@id\":\"https:\\\/\\\/www.corlidogroup.com\\\/de\\\/#organization\",\"name\":\"Corlido Group\",\"url\":\"https:\\\/\\\/www.corlidogroup.com\\\/de\\\/\",\"logo\":{\"@type\":\"ImageObject\",\"inLanguage\":\"de\",\"@id\":\"https:\\\/\\\/www.corlidogroup.com\\\/de\\\/#\\\/schema\\\/logo\\\/image\\\/\",\"url\":\"https:\\\/\\\/www.corlidogroup.com\\\/wp-content\\\/uploads\\\/2024\\\/02\\\/cropped-Corlido-favicon.png\",\"contentUrl\":\"https:\\\/\\\/www.corlidogroup.com\\\/wp-content\\\/uploads\\\/2024\\\/02\\\/cropped-Corlido-favicon.png\",\"width\":512,\"height\":512,\"caption\":\"Corlido Group\"},\"image\":{\"@id\":\"https:\\\/\\\/www.corlidogroup.com\\\/de\\\/#\\\/schema\\\/logo\\\/image\\\/\"},\"sameAs\":[\"https:\\\/\\\/www.facebook.com\\\/CorlidoGroup\\\/\",\"https:\\\/\\\/www.linkedin.com\\\/company\\\/1372474\\\/\",\"https:\\\/\\\/www.instagram.com\\\/corlidogroup\\\/\"]}]}<\/script>\n<!-- \/ Yoast SEO plugin. -->","yoast_head_json":{"title":"Integrationen &amp; KI - Corlido","robots":{"index":"index","follow":"follow","max-snippet":"max-snippet:-1","max-image-preview":"max-image-preview:large","max-video-preview":"max-video-preview:-1"},"canonical":"https:\/\/www.corlidogroup.com\/de\/integrationen-ki\/","og_locale":"de_DE","og_type":"article","og_title":"Integrationen &amp; KI - Corlido","og_url":"https:\/\/www.corlidogroup.com\/de\/integrationen-ki\/","og_site_name":"Corlido","article_publisher":"https:\/\/www.facebook.com\/CorlidoGroup\/","article_modified_time":"2026-01-19T14:21:07+00:00","twitter_card":"summary_large_image","schema":{"@context":"https:\/\/schema.org","@graph":[{"@type":"WebPage","@id":"https:\/\/www.corlidogroup.com\/de\/integrationen-ki\/","url":"https:\/\/www.corlidogroup.com\/de\/integrationen-ki\/","name":"Integrationen &amp; KI - Corlido","isPartOf":{"@id":"https:\/\/www.corlidogroup.com\/de\/#website"},"datePublished":"2024-03-14T08:50:24+00:00","dateModified":"2026-01-19T14:21:07+00:00","breadcrumb":{"@id":"https:\/\/www.corlidogroup.com\/de\/integrationen-ki\/#breadcrumb"},"inLanguage":"de","potentialAction":[{"@type":"ReadAction","target":["https:\/\/www.corlidogroup.com\/de\/integrationen-ki\/"]}]},{"@type":"BreadcrumbList","@id":"https:\/\/www.corlidogroup.com\/de\/integrationen-ki\/#breadcrumb","itemListElement":[{"@type":"ListItem","position":1,"name":"Home","item":"https:\/\/www.corlidogroup.com\/de\/"},{"@type":"ListItem","position":2,"name":"Integrationen &amp; KI"}]},{"@type":"WebSite","@id":"https:\/\/www.corlidogroup.com\/de\/#website","url":"https:\/\/www.corlidogroup.com\/de\/","name":"Corlido Group","description":"We optimise your procurement process","publisher":{"@id":"https:\/\/www.corlidogroup.com\/de\/#organization"},"potentialAction":[{"@type":"SearchAction","target":{"@type":"EntryPoint","urlTemplate":"https:\/\/www.corlidogroup.com\/de\/?s={search_term_string}"},"query-input":{"@type":"PropertyValueSpecification","valueRequired":true,"valueName":"search_term_string"}}],"inLanguage":"de"},{"@type":"Organization","@id":"https:\/\/www.corlidogroup.com\/de\/#organization","name":"Corlido Group","url":"https:\/\/www.corlidogroup.com\/de\/","logo":{"@type":"ImageObject","inLanguage":"de","@id":"https:\/\/www.corlidogroup.com\/de\/#\/schema\/logo\/image\/","url":"https:\/\/www.corlidogroup.com\/wp-content\/uploads\/2024\/02\/cropped-Corlido-favicon.png","contentUrl":"https:\/\/www.corlidogroup.com\/wp-content\/uploads\/2024\/02\/cropped-Corlido-favicon.png","width":512,"height":512,"caption":"Corlido Group"},"image":{"@id":"https:\/\/www.corlidogroup.com\/de\/#\/schema\/logo\/image\/"},"sameAs":["https:\/\/www.facebook.com\/CorlidoGroup\/","https:\/\/www.linkedin.com\/company\/1372474\/","https:\/\/www.instagram.com\/corlidogroup\/"]}]}},"_links":{"self":[{"href":"https:\/\/www.corlidogroup.com\/de\/wp-json\/wp\/v2\/pages\/2628","targetHints":{"allow":["GET"]}}],"collection":[{"href":"https:\/\/www.corlidogroup.com\/de\/wp-json\/wp\/v2\/pages"}],"about":[{"href":"https:\/\/www.corlidogroup.com\/de\/wp-json\/wp\/v2\/types\/page"}],"author":[{"embeddable":true,"href":"https:\/\/www.corlidogroup.com\/de\/wp-json\/wp\/v2\/users\/2"}],"replies":[{"embeddable":true,"href":"https:\/\/www.corlidogroup.com\/de\/wp-json\/wp\/v2\/comments?post=2628"}],"version-history":[{"count":1,"href":"https:\/\/www.corlidogroup.com\/de\/wp-json\/wp\/v2\/pages\/2628\/revisions"}],"predecessor-version":[{"id":2630,"href":"https:\/\/www.corlidogroup.com\/de\/wp-json\/wp\/v2\/pages\/2628\/revisions\/2630"}],"wp:attachment":[{"href":"https:\/\/www.corlidogroup.com\/de\/wp-json\/wp\/v2\/media?parent=2628"}],"curies":[{"name":"wp","href":"https:\/\/api.w.org\/{rel}","templated":true}]}}