{"id":2631,"date":"2024-06-05T10:04:25","date_gmt":"2024-06-05T08:04:25","guid":{"rendered":"https:\/\/www.corlidogroup.com\/nachhaltigkeit\/"},"modified":"2026-01-19T15:41:05","modified_gmt":"2026-01-19T14:41:05","slug":"nachhaltigkeit","status":"publish","type":"page","link":"https:\/\/www.corlidogroup.com\/de\/nachhaltigkeit\/","title":{"rendered":"Nachhaltigkeit"},"content":{"rendered":"\n<section class=\"pane pane--white\">\n    <div class=\"container\">\n        <div class=\"row g-4 g-lg-8 g-xl-15 g-xxl-25 align-items-center \">\n                            <div class=\"col-12 col-lg-8\">\n                                        <div class=\"pane__text\">\n                        <p><span data-contrast=\"auto\">Bei Corlido ist Nachhaltigkeit <\/span><span data-contrast=\"auto\">unser Leitprinzip. Wir glauben daran, positive Auswirkungen durch verantwortungsbewusstes Handeln, inklusive Richtlinien und ein Engagement f\u00fcr Wissensaustausch und Innovation zu schaffen. Von der Priorisierung von Gesundheit und Gleichberechtigung bis hin zur Minimierung unseres \u00f6kologischen Fu\u00dfabdrucks \u2013 wir setzen uns daf\u00fcr ein, eine Zukunft zu gestalten, die allen zugutekommt, heute und f\u00fcr kommende Generationen.  <\/span><span data-ccp-props=\"{\"134233117\":true,\"134233118\":true,\"201341983\":0,\"335559739\":160,\"335559740\":240}\"> <\/span><\/p>\n<p>&nbsp;<\/p>\n<p><b><span data-contrast=\"auto\">Nachhaltige Entwicklungsziele (SDGs)<\/span><\/b><span data-ccp-props=\"{\"134233117\":true,\"134233118\":true,\"201341983\":0,\"335559739\":160,\"335559740\":240}\"> <\/span><\/p>\n<p><span data-contrast=\"auto\">Die Agenda 2030 der Vereinten Nationen f\u00fcr nachhaltige Entwicklung und ihre 17 SDGs zielen darauf ab, die Welt zu transformieren. Bei Corlido setzen wir den Fokus auf sechs zentrale SDGs, die f\u00fcr unsere Nachhaltigkeitsstrategie besonders wichtig sind: <\/span><span data-ccp-props=\"{\"134233117\":true,\"134233118\":true,\"201341983\":0,\"335559739\":160,\"335559740\":240}\"> <\/span><\/p>\n<ul>\n<li data-leveltext=\"\uf0b7\" data-font=\"Symbol\" data-listid=\"4\" data-list-defn-props=\"{\"335552541\":1,\"335559685\":720,\"335559991\":360,\"469769226\":\"Symbol\",\"469769242\":[8226],\"469777803\":\"left\",\"469777804\":\"\uf0b7\",\"469777815\":\"multilevel\"}\" data-aria-posinset=\"1\" data-aria-level=\"1\"><span data-contrast=\"auto\"><b>Ziel 3: Gesundheit und Wohlergehen<\/b>: <\/span><span data-contrast=\"auto\">Wir priorisieren die Gesundheit und das Wohlergehen unserer Mitarbeitenden, Kunden und Gemeinden durch umfassende Gesundheitsinitiativen und die F\u00f6rderung sicherer Arbeitsumgebungen.<\/span><span data-ccp-props=\"{\"134233117\":true,\"134233118\":true,\"201341983\":0,\"335559739\":160,\"335559740\":240}\"> <\/span><\/li>\n<\/ul>\n<ul>\n<li data-leveltext=\"\uf0b7\" data-font=\"Symbol\" data-listid=\"4\" data-list-defn-props=\"{\"335552541\":1,\"335559685\":720,\"335559991\":360,\"469769226\":\"Symbol\",\"469769242\":[8226],\"469777803\":\"left\",\"469777804\":\"\uf0b7\",\"469777815\":\"multilevel\"}\" data-aria-posinset=\"2\" data-aria-level=\"1\"><b><span data-contrast=\"auto\">Ziel 4: Hochwertige Bildung: <\/span><\/b><span data-contrast=\"auto\">Wir investieren in Bildungsprogramme und Schulungsm\u00f6glichkeiten f\u00fcr unsere Mitarbeitenden und unterst\u00fctzen Bildungsinitiativen in den von uns betreuten Gemeinschaften.<\/span><span data-ccp-props=\"{\"134233117\":true,\"134233118\":true,\"201341983\":0,\"335559739\":160,\"335559740\":240}\"> <\/span><\/li>\n<\/ul>\n<ul>\n<li data-leveltext=\"\uf0b7\" data-font=\"Symbol\" data-listid=\"4\" data-list-defn-props=\"{\"335552541\":1,\"335559685\":720,\"335559991\":360,\"469769226\":\"Symbol\",\"469769242\":[8226],\"469777803\":\"left\",\"469777804\":\"\uf0b7\",\"469777815\":\"multilevel\"}\" data-aria-posinset=\"3\" data-aria-level=\"1\"><b><span data-contrast=\"auto\">Ziel 5: Geschlechtergleichstellung: <\/span><\/b><span data-contrast=\"auto\">Wir engagieren uns f\u00fcr die Gleichstellung der Geschlechter, f\u00f6rdern gleiche Chancen und unterst\u00fctzen die St\u00e4rkung von Frauen innerhalb und au\u00dferhalb unserer Organisation.<\/span><span data-ccp-props=\"{\"134233117\":true,\"134233118\":true,\"201341983\":0,\"335559739\":160,\"335559740\":240}\"> <\/span><\/li>\n<\/ul>\n<ul>\n<li data-leveltext=\"\uf0b7\" data-font=\"Symbol\" data-listid=\"4\" data-list-defn-props=\"{\"335552541\":1,\"335559685\":720,\"335559991\":360,\"469769226\":\"Symbol\",\"469769242\":[8226],\"469777803\":\"left\",\"469777804\":\"\uf0b7\",\"469777815\":\"multilevel\"}\" data-aria-posinset=\"4\" data-aria-level=\"1\"><b><span data-contrast=\"auto\">Ziel 8: Menschenw\u00fcrdige Arbeit und Wirtschaftswachstum: <\/span><\/b><span data-contrast=\"auto\">Wir schaffen faire Besch\u00e4ftigungsm\u00f6glichkeiten und f\u00f6rdern eine inklusive Arbeitskultur.<\/span><span data-ccp-props=\"{\"134233117\":true,\"134233118\":true,\"201341983\":0,\"335559739\":160,\"335559740\":240}\"> <\/span><\/li>\n<\/ul>\n<ul>\n<li data-leveltext=\"\uf0b7\" data-font=\"Symbol\" data-listid=\"4\" data-list-defn-props=\"{\"335552541\":1,\"335559685\":720,\"335559991\":360,\"469769226\":\"Symbol\",\"469769242\":[8226],\"469777803\":\"left\",\"469777804\":\"\uf0b7\",\"469777815\":\"multilevel\"}\" data-aria-posinset=\"5\" data-aria-level=\"1\"><b><span data-contrast=\"auto\">Ziel 10: Weniger Ungleichheiten: <\/span><\/b> <span data-contrast=\"auto\">Wir setzen uns f\u00fcr die Verringerung von Ungleichheiten ein, indem wir Chancengleichheit gew\u00e4hrleisten und ein inklusives Umfeld f\u00fcr alle schaffen.<\/span><span data-ccp-props=\"{\"134233117\":true,\"134233118\":true,\"201341983\":0,\"335559739\":160,\"335559740\":240}\"> <\/span><\/li>\n<\/ul>\n<ul>\n<li data-leveltext=\"\uf0b7\" data-font=\"Symbol\" data-listid=\"4\" data-list-defn-props=\"{\"335552541\":1,\"335559685\":720,\"335559991\":360,\"469769226\":\"Symbol\",\"469769242\":[8226],\"469777803\":\"left\",\"469777804\":\"\uf0b7\",\"469777815\":\"multilevel\"}\" data-aria-posinset=\"6\" data-aria-level=\"1\"><b><span data-contrast=\"auto\">Ziel 12: Verantwortungsvoller Konsum und Produktion: <\/span><\/b> <span data-contrast=\"auto\">Wir optimieren unsere Lieferkette, um Abfall zu reduzieren und die Nutzung nachhaltiger Materialien zu f\u00f6rdern.<\/span><span data-ccp-props=\"{\"134233117\":true,\"134233118\":true,\"201341983\":0,\"335559739\":160,\"335559740\":240}\"> <\/span><\/li>\n<\/ul>\n<p>&nbsp;<\/p>\n<p><b><span data-contrast=\"auto\">Menschen zuerst<\/span><\/b><span data-ccp-props=\"{\"134233117\":true,\"134233118\":true,\"201341983\":0,\"335559739\":160,\"335559740\":240}\"> <\/span><\/p>\n<p><span data-contrast=\"auto\">Vielfalt und Inklusion sind bei Corlido essenziell f\u00fcr Innovation und Erfolg. Wir sch\u00e4tzen die einzigartigen Perspektiven und Beitr\u00e4ge aller unserer Mitarbeitenden. <\/span> Wir sind entschlossen, positive Auswirkungen auf die Welt um uns herum zu erzielen f\u00fcr eine bessere Zukunft.<\/p>\n<p>&nbsp;<\/p>\n<ul>\n<li><b><span data-contrast=\"auto\">Inklusiver Arbeitsplatz <\/span><\/b><b><span data-contrast=\"auto\">und Besch\u00e4ftigung: <\/span><\/b>Bei Corlido schaffen wir ein Arbeitsumfeld, in dem sich jeder wertgesch\u00e4tzt und respektiert f\u00fchlt, unabh\u00e4ngig von Herkunft oder Hintergrund.  <span style=\"color: var(--bs-body-color);font-size: 1rem;text-align: var(--bs-body-text-align)\" data-contrast=\"auto\">Wir bieten auf allen Ebenen unseres Unternehmens gleiche Chancen und f\u00f6rdern eine Kultur der Gleichstellung. Wir unterst\u00fctzen Initiativen, die Vielfalt sowohl innerhalb als auch au\u00dferhalb unseres Unternehmens f\u00f6rdern. <\/span><span style=\"color: var(--bs-body-color);font-size: 1rem;text-align: var(--bs-body-text-align)\" data-contrast=\"auto\"> <\/span><span style=\"color: var(--bs-body-color);font-size: 1rem;text-align: var(--bs-body-text-align)\" data-ccp-props=\"{\"134233117\":true,\"134233118\":true,\"201341983\":0,\"335559739\":160,\"335559740\":240}\"> <\/span><span style=\"color: var(--bs-body-color);font-size: 1rem;text-align: var(--bs-body-text-align)\" data-ccp-props=\"{\"134233117\":true,\"134233118\":true,\"201341983\":0,\"335559739\":160,\"335559740\":240}\"> <\/span><\/li>\n<\/ul>\n<ul>\n<li data-leveltext=\"\" data-font=\"Symbol\" data-listid=\"\" data-aria-posinset=\"7\" data-aria-level=\"1\"><span data-contrast=\"auto\"><b><span data-contrast=\"auto\">Gl\u00fccklich &amp; gesund:<\/span><\/b> Wir engagieren uns<\/span> <span data-contrast=\"auto\">f\u00fcr das Wohlergehen unserer Mitarbeitenden, Kunden und Gemeinden. Wir achten auf faire  <\/span>Arbeitsstandards<span data-contrast=\"auto\">, investieren in lokale Gemeinschaften und kooperieren mit Partnern, die unsere Werte teilen. Ziel ist es, durch Bildungsprogramme, Gesundheitsinitiativen und die F\u00f6rderung inklusiven Wirtschaftswachstums positive soziale Auswirkungen zu erzielen. <\/span><span data-ccp-props=\"{\"134233117\":true,\"134233118\":true,\"201341983\":0,\"335559739\":160,\"335559740\":240}\"> <\/span><\/li>\n<\/ul>\n<p>&nbsp;<\/p>\n<p><b><span data-contrast=\"auto\">Nachhaltigkeit in der Lieferkette<\/span><\/b><span data-ccp-props=\"{\"134233117\":true,\"134233118\":true,\"201341983\":0,\"335559739\":160,\"335559740\":240}\"> <\/span><\/p>\n<p><span data-contrast=\"auto\">Corlido verpflichtet sich, den \u00f6kologischen Fu\u00dfabdruck zu minimieren. Wir setzen energieeffiziente Technologien ein, reduzieren Abf\u00e4lle und f\u00f6rdern Recycling in allen Gesch\u00e4ftsprozessen. <\/span><span data-ccp-props=\"{\"134233117\":true,\"134233118\":true,\"201341983\":0,\"335559739\":160,\"335559740\":240}\"> <\/span><\/p>\n<p><span data-contrast=\"auto\">Seit Jahren arbeiten wir mit Lieferanten zusammen, die Umwelt- und Sozialaspekte aktiv ber\u00fccksichtigen. Wir ermutigen unsere Partner, Lieferanten und Kunden, ihre Umweltbelastung zu reduzieren. Durch diese Kooperationen wollen wir eine nachhaltigere und verantwortungsvollere Lieferkette schaffen.  <\/span><span data-ccp-props=\"{\"134233117\":true,\"134233118\":true,\"201341983\":0,\"335559739\":160,\"335559740\":240}\"> <\/span><\/p>\n<p><b><span data-contrast=\"auto\">Wissen<\/span><\/b><span data-ccp-props=\"{\"134233117\":true,\"134233118\":true,\"201341983\":0,\"335559739\":160,\"335559740\":240}\"> <\/span><\/p>\n<p><span data-contrast=\"auto\">Bei <\/span><span data-contrast=\"auto\">Corlido<\/span><span data-contrast=\"auto\">sind wir \u00fcberzeugt, dass der Austausch von Wissen <\/span><span data-contrast=\"auto\">unseren Kunden zugutekommt.<\/span><span data-contrast=\"auto\">; <\/span><span data-contrast=\"auto\">Wir<\/span><span data-contrast=\"auto\">entwickeln <\/span><span data-contrast=\"auto\">uns zu <\/span><span data-contrast=\"auto\">einem Wissenspartner,<\/span><span data-contrast=\"auto\"> indem<\/span><span data-contrast=\"auto\">wir Schulungen anbieten, <\/span><span data-contrast=\"auto\">Demos durchf\u00fchren,<\/span><span data-contrast=\"auto\">n\u00fctzliche <\/span><span data-contrast=\"auto\">Daten<\/span><span data-contrast=\"auto\">-In<\/span><span data-contrast=\"auto\">sights <\/span><span data-contrast=\"auto\">bereitstellen und individuelle <\/span><span data-contrast=\"auto\">Handouts erstellen, die unsere Kunden beim Management ihres Tail<\/span><span data-contrast=\"auto\"> Spend optimal unterst\u00fctzen.<\/span><\/p>\n<p><b><span data-contrast=\"auto\">Reporting and Transparency<\/span><\/b><span data-ccp-props=\"{\"134233117\":true,\"134233118\":true,\"201341983\":0,\"335559739\":160,\"335559740\":240}\"> <\/span><\/p>\n<p style=\"text-align: left\"><span data-contrast=\"auto\">Wir setzen auf vollst\u00e4ndige Transparenz und Rechenschaftspflicht. Unsere j\u00e4hrlichen Nachhaltigkeits- und ESG-Berichte geben detaillierte Einblicke in Fortschritte und Herausforderungen. Unsere Zertifizierungen, wie VCA, NEN und ISO, belegen unser Engagement f\u00fcr hohe Standards und kontinuierliche Verbesserung.  <\/span><span data-ccp-props=\"{\"134233117\":true,\"134233118\":true,\"201341983\":0,\"335559739\":160,\"335559740\":240}\"> <\/span><\/p>\n<p>&nbsp;<\/p>\n<p style=\"text-align: left\"><img loading=\"lazy\" decoding=\"async\" class=\"alignnone wp-image-2024\" style=\"color: var(--bs-body-color);font-size: 1rem;text-align: var(--bs-body-text-align)\" src=\"https:\/\/www.corlidogroup.com\/wp-content\/uploads\/2024\/09\/certificering-300x64.png\" alt=\"\" width=\"367\" height=\"78\" srcset=\"https:\/\/www.corlidogroup.com\/wp-content\/uploads\/2024\/09\/certificering-300x64.png 300w, https:\/\/www.corlidogroup.com\/wp-content\/uploads\/2024\/09\/certificering-768x163.png 768w, https:\/\/www.corlidogroup.com\/wp-content\/uploads\/2024\/09\/certificering-70x15.png 70w, https:\/\/www.corlidogroup.com\/wp-content\/uploads\/2024\/09\/certificering.png 940w\" sizes=\"auto, (max-width: 367px) 100vw, 367px\" \/><\/p>\n                                                \n\n\n\n\n    <div class=\"pane__button-group\">\n        <div class=\"row g-2 g-lg-3 justify-content-start\">\n                            <div class=\"col-auto\">\n                                                                <a class=\"btn btn-tertiary\" href=\"https:\/\/www.corlidogroup.com\/wp-content\/uploads\/2024\/09\/Code-of-Conduct-2.pdf\" target=\"_self\">\n                            <span class=\"btn__text\">Verhaltenskodex<\/span>\n                            <svg class=\"icon icon--12 icon--arrow\">\n                                <use xlink:href=\"https:\/\/www.corlidogroup.com\/wp-content\/themes\/corlido\/build\/img\/symbols.svg#arrow-right\"><\/use>\n                            <\/svg>\n                        <\/a>\n                                    <\/div>\n                    <\/div>\n    <\/div>\n\n\n                    <\/div>\n                <\/div>\n                                <\/div>\n    <\/div>\n<\/section>\n","protected":false},"excerpt":{"rendered":"","protected":false},"author":2,"featured_media":0,"parent":0,"menu_order":0,"comment_status":"closed","ping_status":"closed","template":"","meta":{"_acf_changed":false,"_monsterinsights_skip_tracking":false,"_monsterinsights_sitenote_active":false,"_monsterinsights_sitenote_note":"","_monsterinsights_sitenote_category":0,"footnotes":""},"class_list":["post-2631","page","type-page","status-publish","hentry"],"acf":[],"yoast_head":"<!-- This site is optimized with the Yoast SEO plugin v27.4 - https:\/\/yoast.com\/product\/yoast-seo-wordpress\/ -->\n<title>Nachhaltigkeit - Corlido<\/title>\n<meta name=\"robots\" content=\"index, follow, max-snippet:-1, max-image-preview:large, max-video-preview:-1\" \/>\n<link rel=\"canonical\" href=\"https:\/\/www.corlidogroup.com\/de\/nachhaltigkeit\/\" \/>\n<meta property=\"og:locale\" content=\"de_DE\" \/>\n<meta property=\"og:type\" content=\"article\" \/>\n<meta property=\"og:title\" content=\"Nachhaltigkeit - Corlido\" \/>\n<meta property=\"og:url\" content=\"https:\/\/www.corlidogroup.com\/de\/nachhaltigkeit\/\" \/>\n<meta property=\"og:site_name\" content=\"Corlido\" \/>\n<meta property=\"article:publisher\" content=\"https:\/\/www.facebook.com\/CorlidoGroup\/\" \/>\n<meta property=\"article:modified_time\" content=\"2026-01-19T14:41:05+00:00\" \/>\n<meta name=\"twitter:card\" content=\"summary_large_image\" \/>\n<script type=\"application\/ld+json\" class=\"yoast-schema-graph\">{\"@context\":\"https:\\\/\\\/schema.org\",\"@graph\":[{\"@type\":\"WebPage\",\"@id\":\"https:\\\/\\\/www.corlidogroup.com\\\/de\\\/nachhaltigkeit\\\/\",\"url\":\"https:\\\/\\\/www.corlidogroup.com\\\/de\\\/nachhaltigkeit\\\/\",\"name\":\"Nachhaltigkeit - Corlido\",\"isPartOf\":{\"@id\":\"https:\\\/\\\/www.corlidogroup.com\\\/de\\\/#website\"},\"datePublished\":\"2024-06-05T08:04:25+00:00\",\"dateModified\":\"2026-01-19T14:41:05+00:00\",\"breadcrumb\":{\"@id\":\"https:\\\/\\\/www.corlidogroup.com\\\/de\\\/nachhaltigkeit\\\/#breadcrumb\"},\"inLanguage\":\"de\",\"potentialAction\":[{\"@type\":\"ReadAction\",\"target\":[\"https:\\\/\\\/www.corlidogroup.com\\\/de\\\/nachhaltigkeit\\\/\"]}]},{\"@type\":\"BreadcrumbList\",\"@id\":\"https:\\\/\\\/www.corlidogroup.com\\\/de\\\/nachhaltigkeit\\\/#breadcrumb\",\"itemListElement\":[{\"@type\":\"ListItem\",\"position\":1,\"name\":\"Home\",\"item\":\"https:\\\/\\\/www.corlidogroup.com\\\/de\\\/\"},{\"@type\":\"ListItem\",\"position\":2,\"name\":\"Nachhaltigkeit\"}]},{\"@type\":\"WebSite\",\"@id\":\"https:\\\/\\\/www.corlidogroup.com\\\/de\\\/#website\",\"url\":\"https:\\\/\\\/www.corlidogroup.com\\\/de\\\/\",\"name\":\"Corlido Group\",\"description\":\"We optimise your procurement process\",\"publisher\":{\"@id\":\"https:\\\/\\\/www.corlidogroup.com\\\/de\\\/#organization\"},\"potentialAction\":[{\"@type\":\"SearchAction\",\"target\":{\"@type\":\"EntryPoint\",\"urlTemplate\":\"https:\\\/\\\/www.corlidogroup.com\\\/de\\\/?s={search_term_string}\"},\"query-input\":{\"@type\":\"PropertyValueSpecification\",\"valueRequired\":true,\"valueName\":\"search_term_string\"}}],\"inLanguage\":\"de\"},{\"@type\":\"Organization\",\"@id\":\"https:\\\/\\\/www.corlidogroup.com\\\/de\\\/#organization\",\"name\":\"Corlido Group\",\"url\":\"https:\\\/\\\/www.corlidogroup.com\\\/de\\\/\",\"logo\":{\"@type\":\"ImageObject\",\"inLanguage\":\"de\",\"@id\":\"https:\\\/\\\/www.corlidogroup.com\\\/de\\\/#\\\/schema\\\/logo\\\/image\\\/\",\"url\":\"https:\\\/\\\/www.corlidogroup.com\\\/wp-content\\\/uploads\\\/2024\\\/02\\\/cropped-Corlido-favicon.png\",\"contentUrl\":\"https:\\\/\\\/www.corlidogroup.com\\\/wp-content\\\/uploads\\\/2024\\\/02\\\/cropped-Corlido-favicon.png\",\"width\":512,\"height\":512,\"caption\":\"Corlido Group\"},\"image\":{\"@id\":\"https:\\\/\\\/www.corlidogroup.com\\\/de\\\/#\\\/schema\\\/logo\\\/image\\\/\"},\"sameAs\":[\"https:\\\/\\\/www.facebook.com\\\/CorlidoGroup\\\/\",\"https:\\\/\\\/www.linkedin.com\\\/company\\\/1372474\\\/\",\"https:\\\/\\\/www.instagram.com\\\/corlidogroup\\\/\"]}]}<\/script>\n<!-- \/ Yoast SEO plugin. -->","yoast_head_json":{"title":"Nachhaltigkeit - Corlido","robots":{"index":"index","follow":"follow","max-snippet":"max-snippet:-1","max-image-preview":"max-image-preview:large","max-video-preview":"max-video-preview:-1"},"canonical":"https:\/\/www.corlidogroup.com\/de\/nachhaltigkeit\/","og_locale":"de_DE","og_type":"article","og_title":"Nachhaltigkeit - Corlido","og_url":"https:\/\/www.corlidogroup.com\/de\/nachhaltigkeit\/","og_site_name":"Corlido","article_publisher":"https:\/\/www.facebook.com\/CorlidoGroup\/","article_modified_time":"2026-01-19T14:41:05+00:00","twitter_card":"summary_large_image","schema":{"@context":"https:\/\/schema.org","@graph":[{"@type":"WebPage","@id":"https:\/\/www.corlidogroup.com\/de\/nachhaltigkeit\/","url":"https:\/\/www.corlidogroup.com\/de\/nachhaltigkeit\/","name":"Nachhaltigkeit - Corlido","isPartOf":{"@id":"https:\/\/www.corlidogroup.com\/de\/#website"},"datePublished":"2024-06-05T08:04:25+00:00","dateModified":"2026-01-19T14:41:05+00:00","breadcrumb":{"@id":"https:\/\/www.corlidogroup.com\/de\/nachhaltigkeit\/#breadcrumb"},"inLanguage":"de","potentialAction":[{"@type":"ReadAction","target":["https:\/\/www.corlidogroup.com\/de\/nachhaltigkeit\/"]}]},{"@type":"BreadcrumbList","@id":"https:\/\/www.corlidogroup.com\/de\/nachhaltigkeit\/#breadcrumb","itemListElement":[{"@type":"ListItem","position":1,"name":"Home","item":"https:\/\/www.corlidogroup.com\/de\/"},{"@type":"ListItem","position":2,"name":"Nachhaltigkeit"}]},{"@type":"WebSite","@id":"https:\/\/www.corlidogroup.com\/de\/#website","url":"https:\/\/www.corlidogroup.com\/de\/","name":"Corlido Group","description":"We optimise your procurement process","publisher":{"@id":"https:\/\/www.corlidogroup.com\/de\/#organization"},"potentialAction":[{"@type":"SearchAction","target":{"@type":"EntryPoint","urlTemplate":"https:\/\/www.corlidogroup.com\/de\/?s={search_term_string}"},"query-input":{"@type":"PropertyValueSpecification","valueRequired":true,"valueName":"search_term_string"}}],"inLanguage":"de"},{"@type":"Organization","@id":"https:\/\/www.corlidogroup.com\/de\/#organization","name":"Corlido Group","url":"https:\/\/www.corlidogroup.com\/de\/","logo":{"@type":"ImageObject","inLanguage":"de","@id":"https:\/\/www.corlidogroup.com\/de\/#\/schema\/logo\/image\/","url":"https:\/\/www.corlidogroup.com\/wp-content\/uploads\/2024\/02\/cropped-Corlido-favicon.png","contentUrl":"https:\/\/www.corlidogroup.com\/wp-content\/uploads\/2024\/02\/cropped-Corlido-favicon.png","width":512,"height":512,"caption":"Corlido Group"},"image":{"@id":"https:\/\/www.corlidogroup.com\/de\/#\/schema\/logo\/image\/"},"sameAs":["https:\/\/www.facebook.com\/CorlidoGroup\/","https:\/\/www.linkedin.com\/company\/1372474\/","https:\/\/www.instagram.com\/corlidogroup\/"]}]}},"_links":{"self":[{"href":"https:\/\/www.corlidogroup.com\/de\/wp-json\/wp\/v2\/pages\/2631","targetHints":{"allow":["GET"]}}],"collection":[{"href":"https:\/\/www.corlidogroup.com\/de\/wp-json\/wp\/v2\/pages"}],"about":[{"href":"https:\/\/www.corlidogroup.com\/de\/wp-json\/wp\/v2\/types\/page"}],"author":[{"embeddable":true,"href":"https:\/\/www.corlidogroup.com\/de\/wp-json\/wp\/v2\/users\/2"}],"replies":[{"embeddable":true,"href":"https:\/\/www.corlidogroup.com\/de\/wp-json\/wp\/v2\/comments?post=2631"}],"version-history":[{"count":1,"href":"https:\/\/www.corlidogroup.com\/de\/wp-json\/wp\/v2\/pages\/2631\/revisions"}],"predecessor-version":[{"id":2633,"href":"https:\/\/www.corlidogroup.com\/de\/wp-json\/wp\/v2\/pages\/2631\/revisions\/2633"}],"wp:attachment":[{"href":"https:\/\/www.corlidogroup.com\/de\/wp-json\/wp\/v2\/media?parent=2631"}],"curies":[{"name":"wp","href":"https:\/\/api.w.org\/{rel}","templated":true}]}}