{"id":2634,"date":"2024-02-23T08:45:45","date_gmt":"2024-02-23T07:45:45","guid":{"rendered":"https:\/\/www.corlidogroup.com\/arbeiten-bei-der-corlido-group\/"},"modified":"2026-01-19T15:46:02","modified_gmt":"2026-01-19T14:46:02","slug":"arbeiten-bei-der-corlido-group","status":"publish","type":"page","link":"https:\/\/www.corlidogroup.com\/de\/arbeiten-bei-der-corlido-group\/","title":{"rendered":"Arbeiten bei der Corlido Group"},"content":{"rendered":"\n<section class=\"pane pane--white\">\n    <div class=\"container\">\n        <div class=\"row g-4 g-lg-8 g-xl-15 g-xxl-25 align-items-center \">\n                            <div class=\"col-12 col-lg-8\">\n                                        <div class=\"pane__text\">\n                        <h2>Karriere<\/h2>\n<p style=\"font-weight: 400\">Arbeiten bei der Corlido Group bedeutet, sich sowohl pers\u00f6nlich als auch beruflich weiterzuentwickeln und gleichzeitig einen Beitrag zu einer besseren Welt zu leisten. Unser Teamgeist geht \u00fcber die Verbesserung unserer Organisation hinaus, es geht darum, einander zu inspirieren und einen positiven Unterschied f\u00fcr unsere Kunden und dar\u00fcber hinaus zu machen. <\/p>\n<p><span style=\"font-weight: 400\">Wir glauben an die Kraft der Teamarbeit, um sinnvolle Ver\u00e4nderungen zu bewirken. In unserer unterst\u00fctzenden und motivierenden Umgebung hast du die M\u00f6glichkeit, deine Talente einzusetzen und deine F\u00e4higkeiten weiter auszubauen. Schlie\u00dfe dich unserem Team leidenschaftlicher Menschen an, in dem jeder Beitrag z\u00e4hlt.  <\/span><\/p>\n                                                \n                    <\/div>\n                <\/div>\n                                        <div class=\"col-12 col-lg\">\n                    <figure class=\"figure figure--rounded\">\n                        <img decoding=\"async\" width=\"1024\" height=\"683\" src=\"https:\/\/www.corlidogroup.com\/wp-content\/uploads\/2024\/02\/pexels-andrea-piacquadio-927451-1024x683.jpg\" class=\"img-fluid\" alt=\"\" loading=\"lazy\" srcset=\"https:\/\/www.corlidogroup.com\/wp-content\/uploads\/2024\/02\/pexels-andrea-piacquadio-927451-1024x683.jpg 1024w, https:\/\/www.corlidogroup.com\/wp-content\/uploads\/2024\/02\/pexels-andrea-piacquadio-927451-300x200.jpg 300w, https:\/\/www.corlidogroup.com\/wp-content\/uploads\/2024\/02\/pexels-andrea-piacquadio-927451-768x512.jpg 768w, https:\/\/www.corlidogroup.com\/wp-content\/uploads\/2024\/02\/pexels-andrea-piacquadio-927451-1536x1024.jpg 1536w, https:\/\/www.corlidogroup.com\/wp-content\/uploads\/2024\/02\/pexels-andrea-piacquadio-927451-70x47.jpg 70w, https:\/\/www.corlidogroup.com\/wp-content\/uploads\/2024\/02\/pexels-andrea-piacquadio-927451.jpg 1920w\" sizes=\"auto, (max-width: 1024px) 100vw, 1024px\" \/>                    <\/figure>\n                <\/div>\n                    <\/div>\n    <\/div>\n<\/section>\n\n<section class=\"pane pane--white\">\n    <div class=\"container\">\n        <div class=\"row\">\n            <div class=\"col-12\">\n                            <\/div>\n        <\/div>\n    <\/div>\n<\/section>\n\n<section class=\"pane pane--white\">\n    <div class=\"container\">\n        <div class=\"row g-4 g-lg-8 g-xl-15 g-xxl-25 align-items-center \">\n                            <div class=\"col-12 col-lg-7\">\n                                        <div class=\"pane__text\">\n                        <h2>Ist deine gew\u00fcnschte Stelle nicht dabei?<\/h2>\n<div><span lang=\"EN-US\">Gibt es derzeit keine offenen Stellen oder Praktika, die zu deinen F\u00e4higkeiten und Ambitionen passen? Wir glauben daran, zuk\u00fcnftige Talente zu f\u00f6rdern, und laden dich ein, dich trotzdem bei uns zu bewerben. Sende deinen Lebenslauf und ein Motivationsschreiben an careers@corlidogroup.com, und wir pr\u00fcfen, wie du Teil unseres Teams werden kannst. Wir freuen uns darauf, dich kennenzulernen!   <\/span><\/div>\n                                                \n\n    <div class=\"pane__button-group\">\n        <div class=\"row g-2 g-lg-3 justify-content-start\">\n                            <div class=\"col-auto\">\n                                                                <a class=\"btn btn-tertiary\" href=\"mailto:careers@corlidogroup.com\" target=\"_self\">\n                            <span class=\"btn__text\">Schreiben Sie uns<\/span>\n                            <svg class=\"icon icon--12 icon--arrow\">\n                                <use xlink:href=\"https:\/\/www.corlidogroup.com\/wp-content\/themes\/corlido\/build\/img\/symbols.svg#arrow-right\"><\/use>\n                            <\/svg>\n                        <\/a>\n                                    <\/div>\n                    <\/div>\n    <\/div>\n\n\n                    <\/div>\n                <\/div>\n                                        <div class=\"col-12 col-lg\">\n                    <figure class=\"figure figure--rounded\">\n                        <img decoding=\"async\" width=\"1024\" height=\"683\" src=\"https:\/\/www.corlidogroup.com\/wp-content\/uploads\/2024\/02\/CORLIDO-JULI-2016-07-1024x683.jpeg\" class=\"img-fluid\" alt=\"\" loading=\"lazy\" srcset=\"https:\/\/www.corlidogroup.com\/wp-content\/uploads\/2024\/02\/CORLIDO-JULI-2016-07-1024x683.jpeg 1024w, https:\/\/www.corlidogroup.com\/wp-content\/uploads\/2024\/02\/CORLIDO-JULI-2016-07-300x200.jpeg 300w, https:\/\/www.corlidogroup.com\/wp-content\/uploads\/2024\/02\/CORLIDO-JULI-2016-07-768x512.jpeg 768w, https:\/\/www.corlidogroup.com\/wp-content\/uploads\/2024\/02\/CORLIDO-JULI-2016-07-1536x1024.jpeg 1536w, https:\/\/www.corlidogroup.com\/wp-content\/uploads\/2024\/02\/CORLIDO-JULI-2016-07-70x47.jpeg 70w, https:\/\/www.corlidogroup.com\/wp-content\/uploads\/2024\/02\/CORLIDO-JULI-2016-07.jpeg 1920w\" sizes=\"auto, (max-width: 1024px) 100vw, 1024px\" \/>                    <\/figure>\n                <\/div>\n                    <\/div>\n    <\/div>\n<\/section>\n","protected":false},"excerpt":{"rendered":"","protected":false},"author":1,"featured_media":212,"parent":0,"menu_order":0,"comment_status":"closed","ping_status":"closed","template":"","meta":{"_acf_changed":false,"_monsterinsights_skip_tracking":false,"_monsterinsights_sitenote_active":false,"_monsterinsights_sitenote_note":"","_monsterinsights_sitenote_category":0,"footnotes":""},"class_list":["post-2634","page","type-page","status-publish","has-post-thumbnail","hentry"],"acf":[],"yoast_head":"<!-- This site is optimized with the Yoast SEO plugin v27.5 - https:\/\/yoast.com\/product\/yoast-seo-wordpress\/ -->\n<title>Arbeiten bei der Corlido Group - Corlido<\/title>\n<meta name=\"robots\" content=\"index, follow, max-snippet:-1, max-image-preview:large, max-video-preview:-1\" \/>\n<link rel=\"canonical\" href=\"https:\/\/www.corlidogroup.com\/de\/arbeiten-bei-der-corlido-group\/\" \/>\n<meta property=\"og:locale\" content=\"de_DE\" \/>\n<meta property=\"og:type\" content=\"article\" \/>\n<meta property=\"og:title\" content=\"Arbeiten bei der Corlido Group - Corlido\" \/>\n<meta property=\"og:url\" content=\"https:\/\/www.corlidogroup.com\/de\/arbeiten-bei-der-corlido-group\/\" \/>\n<meta property=\"og:site_name\" content=\"Corlido\" \/>\n<meta property=\"article:publisher\" content=\"https:\/\/www.facebook.com\/CorlidoGroup\/\" \/>\n<meta property=\"article:modified_time\" content=\"2026-01-19T14:46:02+00:00\" \/>\n<meta property=\"og:image\" content=\"https:\/\/www.corlidogroup.com\/wp-content\/uploads\/2024\/02\/pexels-andrea-piacquadio-927451.jpg\" \/>\n\t<meta property=\"og:image:width\" content=\"1920\" \/>\n\t<meta property=\"og:image:height\" content=\"1280\" \/>\n\t<meta property=\"og:image:type\" content=\"image\/jpeg\" \/>\n<meta name=\"twitter:card\" content=\"summary_large_image\" \/>\n<script type=\"application\/ld+json\" class=\"yoast-schema-graph\">{\"@context\":\"https:\\\/\\\/schema.org\",\"@graph\":[{\"@type\":\"WebPage\",\"@id\":\"https:\\\/\\\/www.corlidogroup.com\\\/de\\\/arbeiten-bei-der-corlido-group\\\/\",\"url\":\"https:\\\/\\\/www.corlidogroup.com\\\/de\\\/arbeiten-bei-der-corlido-group\\\/\",\"name\":\"Arbeiten bei der Corlido Group - Corlido\",\"isPartOf\":{\"@id\":\"https:\\\/\\\/www.corlidogroup.com\\\/de\\\/#website\"},\"primaryImageOfPage\":{\"@id\":\"https:\\\/\\\/www.corlidogroup.com\\\/de\\\/arbeiten-bei-der-corlido-group\\\/#primaryimage\"},\"image\":{\"@id\":\"https:\\\/\\\/www.corlidogroup.com\\\/de\\\/arbeiten-bei-der-corlido-group\\\/#primaryimage\"},\"thumbnailUrl\":\"https:\\\/\\\/www.corlidogroup.com\\\/wp-content\\\/uploads\\\/2024\\\/02\\\/pexels-andrea-piacquadio-927451.jpg\",\"datePublished\":\"2024-02-23T07:45:45+00:00\",\"dateModified\":\"2026-01-19T14:46:02+00:00\",\"breadcrumb\":{\"@id\":\"https:\\\/\\\/www.corlidogroup.com\\\/de\\\/arbeiten-bei-der-corlido-group\\\/#breadcrumb\"},\"inLanguage\":\"de\",\"potentialAction\":[{\"@type\":\"ReadAction\",\"target\":[\"https:\\\/\\\/www.corlidogroup.com\\\/de\\\/arbeiten-bei-der-corlido-group\\\/\"]}]},{\"@type\":\"ImageObject\",\"inLanguage\":\"de\",\"@id\":\"https:\\\/\\\/www.corlidogroup.com\\\/de\\\/arbeiten-bei-der-corlido-group\\\/#primaryimage\",\"url\":\"https:\\\/\\\/www.corlidogroup.com\\\/wp-content\\\/uploads\\\/2024\\\/02\\\/pexels-andrea-piacquadio-927451.jpg\",\"contentUrl\":\"https:\\\/\\\/www.corlidogroup.com\\\/wp-content\\\/uploads\\\/2024\\\/02\\\/pexels-andrea-piacquadio-927451.jpg\",\"width\":1920,\"height\":1280},{\"@type\":\"BreadcrumbList\",\"@id\":\"https:\\\/\\\/www.corlidogroup.com\\\/de\\\/arbeiten-bei-der-corlido-group\\\/#breadcrumb\",\"itemListElement\":[{\"@type\":\"ListItem\",\"position\":1,\"name\":\"Home\",\"item\":\"https:\\\/\\\/www.corlidogroup.com\\\/de\\\/\"},{\"@type\":\"ListItem\",\"position\":2,\"name\":\"Arbeiten bei der Corlido Group\"}]},{\"@type\":\"WebSite\",\"@id\":\"https:\\\/\\\/www.corlidogroup.com\\\/de\\\/#website\",\"url\":\"https:\\\/\\\/www.corlidogroup.com\\\/de\\\/\",\"name\":\"Corlido Group\",\"description\":\"We optimise your procurement process\",\"publisher\":{\"@id\":\"https:\\\/\\\/www.corlidogroup.com\\\/de\\\/#organization\"},\"potentialAction\":[{\"@type\":\"SearchAction\",\"target\":{\"@type\":\"EntryPoint\",\"urlTemplate\":\"https:\\\/\\\/www.corlidogroup.com\\\/de\\\/?s={search_term_string}\"},\"query-input\":{\"@type\":\"PropertyValueSpecification\",\"valueRequired\":true,\"valueName\":\"search_term_string\"}}],\"inLanguage\":\"de\"},{\"@type\":\"Organization\",\"@id\":\"https:\\\/\\\/www.corlidogroup.com\\\/de\\\/#organization\",\"name\":\"Corlido Group\",\"url\":\"https:\\\/\\\/www.corlidogroup.com\\\/de\\\/\",\"logo\":{\"@type\":\"ImageObject\",\"inLanguage\":\"de\",\"@id\":\"https:\\\/\\\/www.corlidogroup.com\\\/de\\\/#\\\/schema\\\/logo\\\/image\\\/\",\"url\":\"https:\\\/\\\/www.corlidogroup.com\\\/wp-content\\\/uploads\\\/2024\\\/02\\\/cropped-Corlido-favicon.png\",\"contentUrl\":\"https:\\\/\\\/www.corlidogroup.com\\\/wp-content\\\/uploads\\\/2024\\\/02\\\/cropped-Corlido-favicon.png\",\"width\":512,\"height\":512,\"caption\":\"Corlido Group\"},\"image\":{\"@id\":\"https:\\\/\\\/www.corlidogroup.com\\\/de\\\/#\\\/schema\\\/logo\\\/image\\\/\"},\"sameAs\":[\"https:\\\/\\\/www.facebook.com\\\/CorlidoGroup\\\/\",\"https:\\\/\\\/www.linkedin.com\\\/company\\\/1372474\\\/\",\"https:\\\/\\\/www.instagram.com\\\/corlidogroup\\\/\"]}]}<\/script>\n<!-- \/ Yoast SEO plugin. -->","yoast_head_json":{"title":"Arbeiten bei der Corlido Group - Corlido","robots":{"index":"index","follow":"follow","max-snippet":"max-snippet:-1","max-image-preview":"max-image-preview:large","max-video-preview":"max-video-preview:-1"},"canonical":"https:\/\/www.corlidogroup.com\/de\/arbeiten-bei-der-corlido-group\/","og_locale":"de_DE","og_type":"article","og_title":"Arbeiten bei der Corlido Group - Corlido","og_url":"https:\/\/www.corlidogroup.com\/de\/arbeiten-bei-der-corlido-group\/","og_site_name":"Corlido","article_publisher":"https:\/\/www.facebook.com\/CorlidoGroup\/","article_modified_time":"2026-01-19T14:46:02+00:00","og_image":[{"width":1920,"height":1280,"url":"https:\/\/www.corlidogroup.com\/wp-content\/uploads\/2024\/02\/pexels-andrea-piacquadio-927451.jpg","type":"image\/jpeg"}],"twitter_card":"summary_large_image","schema":{"@context":"https:\/\/schema.org","@graph":[{"@type":"WebPage","@id":"https:\/\/www.corlidogroup.com\/de\/arbeiten-bei-der-corlido-group\/","url":"https:\/\/www.corlidogroup.com\/de\/arbeiten-bei-der-corlido-group\/","name":"Arbeiten bei der Corlido Group - Corlido","isPartOf":{"@id":"https:\/\/www.corlidogroup.com\/de\/#website"},"primaryImageOfPage":{"@id":"https:\/\/www.corlidogroup.com\/de\/arbeiten-bei-der-corlido-group\/#primaryimage"},"image":{"@id":"https:\/\/www.corlidogroup.com\/de\/arbeiten-bei-der-corlido-group\/#primaryimage"},"thumbnailUrl":"https:\/\/www.corlidogroup.com\/wp-content\/uploads\/2024\/02\/pexels-andrea-piacquadio-927451.jpg","datePublished":"2024-02-23T07:45:45+00:00","dateModified":"2026-01-19T14:46:02+00:00","breadcrumb":{"@id":"https:\/\/www.corlidogroup.com\/de\/arbeiten-bei-der-corlido-group\/#breadcrumb"},"inLanguage":"de","potentialAction":[{"@type":"ReadAction","target":["https:\/\/www.corlidogroup.com\/de\/arbeiten-bei-der-corlido-group\/"]}]},{"@type":"ImageObject","inLanguage":"de","@id":"https:\/\/www.corlidogroup.com\/de\/arbeiten-bei-der-corlido-group\/#primaryimage","url":"https:\/\/www.corlidogroup.com\/wp-content\/uploads\/2024\/02\/pexels-andrea-piacquadio-927451.jpg","contentUrl":"https:\/\/www.corlidogroup.com\/wp-content\/uploads\/2024\/02\/pexels-andrea-piacquadio-927451.jpg","width":1920,"height":1280},{"@type":"BreadcrumbList","@id":"https:\/\/www.corlidogroup.com\/de\/arbeiten-bei-der-corlido-group\/#breadcrumb","itemListElement":[{"@type":"ListItem","position":1,"name":"Home","item":"https:\/\/www.corlidogroup.com\/de\/"},{"@type":"ListItem","position":2,"name":"Arbeiten bei der Corlido Group"}]},{"@type":"WebSite","@id":"https:\/\/www.corlidogroup.com\/de\/#website","url":"https:\/\/www.corlidogroup.com\/de\/","name":"Corlido Group","description":"We optimise your procurement process","publisher":{"@id":"https:\/\/www.corlidogroup.com\/de\/#organization"},"potentialAction":[{"@type":"SearchAction","target":{"@type":"EntryPoint","urlTemplate":"https:\/\/www.corlidogroup.com\/de\/?s={search_term_string}"},"query-input":{"@type":"PropertyValueSpecification","valueRequired":true,"valueName":"search_term_string"}}],"inLanguage":"de"},{"@type":"Organization","@id":"https:\/\/www.corlidogroup.com\/de\/#organization","name":"Corlido Group","url":"https:\/\/www.corlidogroup.com\/de\/","logo":{"@type":"ImageObject","inLanguage":"de","@id":"https:\/\/www.corlidogroup.com\/de\/#\/schema\/logo\/image\/","url":"https:\/\/www.corlidogroup.com\/wp-content\/uploads\/2024\/02\/cropped-Corlido-favicon.png","contentUrl":"https:\/\/www.corlidogroup.com\/wp-content\/uploads\/2024\/02\/cropped-Corlido-favicon.png","width":512,"height":512,"caption":"Corlido Group"},"image":{"@id":"https:\/\/www.corlidogroup.com\/de\/#\/schema\/logo\/image\/"},"sameAs":["https:\/\/www.facebook.com\/CorlidoGroup\/","https:\/\/www.linkedin.com\/company\/1372474\/","https:\/\/www.instagram.com\/corlidogroup\/"]}]}},"_links":{"self":[{"href":"https:\/\/www.corlidogroup.com\/de\/wp-json\/wp\/v2\/pages\/2634","targetHints":{"allow":["GET"]}}],"collection":[{"href":"https:\/\/www.corlidogroup.com\/de\/wp-json\/wp\/v2\/pages"}],"about":[{"href":"https:\/\/www.corlidogroup.com\/de\/wp-json\/wp\/v2\/types\/page"}],"author":[{"embeddable":true,"href":"https:\/\/www.corlidogroup.com\/de\/wp-json\/wp\/v2\/users\/1"}],"replies":[{"embeddable":true,"href":"https:\/\/www.corlidogroup.com\/de\/wp-json\/wp\/v2\/comments?post=2634"}],"version-history":[{"count":1,"href":"https:\/\/www.corlidogroup.com\/de\/wp-json\/wp\/v2\/pages\/2634\/revisions"}],"predecessor-version":[{"id":2636,"href":"https:\/\/www.corlidogroup.com\/de\/wp-json\/wp\/v2\/pages\/2634\/revisions\/2636"}],"wp:featuredmedia":[{"embeddable":true,"href":"https:\/\/www.corlidogroup.com\/de\/wp-json\/wp\/v2\/media\/212"}],"wp:attachment":[{"href":"https:\/\/www.corlidogroup.com\/de\/wp-json\/wp\/v2\/media?parent=2634"}],"curies":[{"name":"wp","href":"https:\/\/api.w.org\/{rel}","templated":true}]}}