{"id":2640,"date":"2024-09-16T11:46:30","date_gmt":"2024-09-16T09:46:30","guid":{"rendered":"https:\/\/www.corlidogroup.com\/lagerhaltung\/"},"modified":"2026-01-19T15:55:04","modified_gmt":"2026-01-19T14:55:04","slug":"lagerhaltung","status":"publish","type":"page","link":"https:\/\/www.corlidogroup.com\/de\/lagerhaltung\/","title":{"rendered":"Lagerhaltung"},"content":{"rendered":"\n<section class=\"pane pane--white\">\n    <div class=\"container\">\n        <div class=\"row g-4 g-lg-8 g-xl-15 g-xxl-25 align-items-center \">\n                            <div class=\"col-12 col-lg-6\">\n                                        <div class=\"pane__text\">\n                        <h3 style=\"text-align: left\">Entlasten Sie Ihr Logistikzentrum<\/h3>\n<p><span style=\"color: var(--bs-body-color);font-size: 1.125rem;font-weight: 400\">Unsere Einkaufsdienstleistungen werden durch Logistikservices erg\u00e4nzt. Die Corlido Group bietet alle logistischen L\u00f6sungen, um die richtigen Waren zur richtigen Zeit am richtigen Ort zu liefern \u2013 unabh\u00e4ngig von Gr\u00f6\u00dfe, Gewicht oder Standort.  <\/span><\/p>\n                                                \n\n\n\n\n\n\n                    <\/div>\n                <\/div>\n                                        <div class=\"col-12 col-lg\">\n                    <figure class=\"figure figure--rounded\">\n                        <img decoding=\"async\" width=\"1024\" height=\"432\" src=\"https:\/\/www.corlidogroup.com\/wp-content\/uploads\/2024\/03\/Magazijn-1024x432.png\" class=\"img-fluid\" alt=\"\" loading=\"lazy\" srcset=\"https:\/\/www.corlidogroup.com\/wp-content\/uploads\/2024\/03\/Magazijn-1024x432.png 1024w, https:\/\/www.corlidogroup.com\/wp-content\/uploads\/2024\/03\/Magazijn-300x127.png 300w, https:\/\/www.corlidogroup.com\/wp-content\/uploads\/2024\/03\/Magazijn-768x324.png 768w, https:\/\/www.corlidogroup.com\/wp-content\/uploads\/2024\/03\/Magazijn-1536x648.png 1536w, https:\/\/www.corlidogroup.com\/wp-content\/uploads\/2024\/03\/Magazijn-70x30.png 70w, https:\/\/www.corlidogroup.com\/wp-content\/uploads\/2024\/03\/Magazijn.png 1893w\" sizes=\"auto, (max-width: 1024px) 100vw, 1024px\" \/>                    <\/figure>\n                <\/div>\n                    <\/div>\n    <\/div>\n<\/section>\n\n<section class=\"pane pane--primary\">\n    <div class=\"container\">\n        <div class=\"row g-4 g-lg-8 g-xl-15 g-xxl-25 align-items-center \">\n                            <div class=\"col-12 col-lg-8\">\n                                        <div class=\"pane__text\">\n                        <div class=\"col-xl-6 col-lg-6 col-md-12 opties\">\n<h3><span style=\"color: #0e2d46; font-size: 38px; font-weight: bold; text-align: var(--bs-body-text-align);\">Wareneingangskontrolle<\/span><\/h3>\n<\/div>\n<p>Unsere Lagerprozesse beinhalten gr\u00fcndliche Wareneingangskontrollen, um Genauigkeit und Qualit\u00e4t sicherzustellen. Wir \u00fcberpr\u00fcfen Mengen, inspizieren den Zustand der Produkte und pr\u00fcfen die Dokumentation. Jedes Teil wird gemessen, gewogen und fotografiert, um die vollst\u00e4ndige Einhaltung der Kundenanforderungen und Branchenstandards zu gew\u00e4hrleisten.  <\/p>\n<h3>Lagerung, Konsolidierung &amp; Umpackung<\/h3>\n<p>Nach der Kontrolle werden die Waren sicher gelagert, bis sie zum Versand vorgesehen sind. Wir bieten professionelle Konsolidierungs- und Umpackservices, um die Ladeeffizienz zu optimieren und die Einhaltung der Kundenspezifikationen sicherzustellen. Lieferungen k\u00f6nnen an Endziele gesendet, zu Logistikhubs weitergeleitet oder direkt aus unserem Lager abgeholt werden \u2013 f\u00fcr flexible und zuverl\u00e4ssige Lieferkettenl\u00f6sungen.  <\/p>\n<h3>Zolllager<\/h3>\n<p>Wir bieten Zolllagerhaltung unter strenger Zollaufsicht, um die Einhaltung internationaler Vorschriften zu gew\u00e4hrleisten. Dieser Service erm\u00f6glicht es Ihnen, Z\u00f6lle und Steuern erst bei der Freigabe der Waren f\u00fcr den Inlandsverbrauch oder Export zu entrichten, wodurch der Cashflow verbessert und das Lieferkettenmanagement effizienter gestaltet wird.. <\/p>\n<h2><\/h2>\n                                                \n\n\n\n\n\n\n                    <\/div>\n                <\/div>\n                                        <div class=\"col-12 col-lg\">\n                    <figure class=\"figure figure--rounded\">\n                        <img decoding=\"async\" width=\"1024\" height=\"1024\" src=\"https:\/\/www.corlidogroup.com\/wp-content\/uploads\/2024\/09\/Ontwerp-zonder-titel-1024x1024.png\" class=\"img-fluid\" alt=\"\" loading=\"lazy\" srcset=\"https:\/\/www.corlidogroup.com\/wp-content\/uploads\/2024\/09\/Ontwerp-zonder-titel-1024x1024.png 1024w, https:\/\/www.corlidogroup.com\/wp-content\/uploads\/2024\/09\/Ontwerp-zonder-titel-300x300.png 300w, https:\/\/www.corlidogroup.com\/wp-content\/uploads\/2024\/09\/Ontwerp-zonder-titel-150x150.png 150w, https:\/\/www.corlidogroup.com\/wp-content\/uploads\/2024\/09\/Ontwerp-zonder-titel-768x768.png 768w, https:\/\/www.corlidogroup.com\/wp-content\/uploads\/2024\/09\/Ontwerp-zonder-titel-70x70.png 70w, https:\/\/www.corlidogroup.com\/wp-content\/uploads\/2024\/09\/Ontwerp-zonder-titel.png 1080w\" sizes=\"auto, (max-width: 1024px) 100vw, 1024px\" \/>                    <\/figure>\n                <\/div>\n                    <\/div>\n    <\/div>\n<\/section>\n\n<section class=\"pane pane--white\">\n    <div class=\"container\">\n        <div class=\"row g-4 g-lg-8 g-xl-15 g-xxl-25 align-items-center \">\n                            <div class=\"col-12 col-lg-8\">\n                                        <div class=\"pane__text\">\n                        <h3>Vorteile<\/h3>\n<p>Sie m\u00fcssen keine Einfuhrz\u00f6lle oder sonstigen Abgaben f\u00fcr die Waren zahlen. Ebenso muss die Corlido Group keine handelsrechtlichen Ma\u00dfnahmen beachten, soweit diese die Ein- oder Ausfuhr der Waren in das bzw. aus dem Zollgebiet nicht verbieten. Dies bietet einen wirtschaftlichen Vorteil. Die Corlido Group nutzt das Zolllager zudem als Vertriebszentrum.   <\/p>\n<ul>\n<li>Entlasten Sie Ihr Logistikzentrum<\/li>\n<li>100 % Lieferzuverl\u00e4ssigkeit<\/li>\n<li>Keine Teillieferungen<\/li>\n<\/ul>\n                                                \n\n\n\n\n\n\n                    <\/div>\n                <\/div>\n                                <\/div>\n    <\/div>\n<\/section>\n\n<section class=\"pane pane--white\">\n    <div class=\"container\">\n        <div class=\"row g-4 g-lg-8 g-xl-15 g-xxl-25 align-items-center \">\n                            <div class=\"col-12 col-lg-8\">\n                                        <div class=\"pane__text\">\n                        <h3>Lieferoptionen<\/h3>\n<h5>Konsolidierte Lieferung<\/h5>\n<p>Lieferanten liefern die Waren an das Corlido-Lager, wo wir gr\u00fcndliche Wareneingangskontrollen auf Mengen, Sch\u00e4den und Dokumentation durchf\u00fchren. Die Artikel werden anschlie\u00dfend professionell umgepackt, etikettiert und zu einer einzigen konsolidierten Lieferung an die vorgesehenen Ziele zusammengef\u00fchrt. <\/p>\n<p>Vorteile konsolidierter Lieferungen:<\/p>\n<ul>\n<li>Sicherstellung von Genauigkeit und Compliance durch Corlidos strenge Qualit\u00e4tskontrolle<\/li>\n<li>Zusammenfassung mehrerer Lieferantenauftr\u00e4ge zu einer effizienten Lieferung<\/li>\n<li>Reduzierung von Transportbewegungen und CO\u2082-Emissionen<\/li>\n<li>Minimierung von Verpackungsmaterial und Abfall<\/li>\n<li>Vereinfachte Wareneingangsprozesse f\u00fcr Kunden<\/li>\n<\/ul>\n<h5>Direkt- &amp; Expresslieferung<\/h5>\n<p>F\u00fcr dringende oder zeitkritische Bestellungen k\u00f6nnen Waren direkt vom Lieferanten oder Hersteller an den Kunden gesendet werden, ohne unser Lager zu durchlaufen. Dies schlie\u00dft Drop Shipments ein, bei denen Artikel direkt vom Lieferanten an den Kunden geliefert werden. <\/p>\n<p>Vorteile direkter Lieferungen:<\/p>\n<ul>\n<li>Schnellere Lieferung mit minimaler Handhabung<\/li>\n<li>Flexible Express-Lieferoptionen verf\u00fcgbar<\/li>\n<\/ul>\n                                                \n\n\n\n\n\n\n                    <\/div>\n                <\/div>\n                                <\/div>\n    <\/div>\n<\/section>\n","protected":false},"excerpt":{"rendered":"","protected":false},"author":2,"featured_media":0,"parent":0,"menu_order":0,"comment_status":"closed","ping_status":"closed","template":"","meta":{"_acf_changed":false,"_monsterinsights_skip_tracking":false,"_monsterinsights_sitenote_active":false,"_monsterinsights_sitenote_note":"","_monsterinsights_sitenote_category":0,"footnotes":""},"class_list":["post-2640","page","type-page","status-publish","hentry"],"acf":[],"yoast_head":"<!-- This site is optimized with the Yoast SEO plugin v27.4 - https:\/\/yoast.com\/product\/yoast-seo-wordpress\/ -->\n<title>Lagerhaltung - Corlido<\/title>\n<meta name=\"robots\" content=\"index, follow, max-snippet:-1, max-image-preview:large, max-video-preview:-1\" \/>\n<link rel=\"canonical\" href=\"https:\/\/www.corlidogroup.com\/de\/lagerhaltung\/\" \/>\n<meta property=\"og:locale\" content=\"de_DE\" \/>\n<meta property=\"og:type\" content=\"article\" \/>\n<meta property=\"og:title\" content=\"Lagerhaltung - Corlido\" \/>\n<meta property=\"og:url\" content=\"https:\/\/www.corlidogroup.com\/de\/lagerhaltung\/\" \/>\n<meta property=\"og:site_name\" content=\"Corlido\" \/>\n<meta property=\"article:publisher\" content=\"https:\/\/www.facebook.com\/CorlidoGroup\/\" \/>\n<meta property=\"article:modified_time\" content=\"2026-01-19T14:55:04+00:00\" \/>\n<meta name=\"twitter:card\" content=\"summary_large_image\" \/>\n<script type=\"application\/ld+json\" class=\"yoast-schema-graph\">{\"@context\":\"https:\\\/\\\/schema.org\",\"@graph\":[{\"@type\":\"WebPage\",\"@id\":\"https:\\\/\\\/www.corlidogroup.com\\\/de\\\/lagerhaltung\\\/\",\"url\":\"https:\\\/\\\/www.corlidogroup.com\\\/de\\\/lagerhaltung\\\/\",\"name\":\"Lagerhaltung - Corlido\",\"isPartOf\":{\"@id\":\"https:\\\/\\\/www.corlidogroup.com\\\/de\\\/#website\"},\"datePublished\":\"2024-09-16T09:46:30+00:00\",\"dateModified\":\"2026-01-19T14:55:04+00:00\",\"breadcrumb\":{\"@id\":\"https:\\\/\\\/www.corlidogroup.com\\\/de\\\/lagerhaltung\\\/#breadcrumb\"},\"inLanguage\":\"de\",\"potentialAction\":[{\"@type\":\"ReadAction\",\"target\":[\"https:\\\/\\\/www.corlidogroup.com\\\/de\\\/lagerhaltung\\\/\"]}]},{\"@type\":\"BreadcrumbList\",\"@id\":\"https:\\\/\\\/www.corlidogroup.com\\\/de\\\/lagerhaltung\\\/#breadcrumb\",\"itemListElement\":[{\"@type\":\"ListItem\",\"position\":1,\"name\":\"Home\",\"item\":\"https:\\\/\\\/www.corlidogroup.com\\\/de\\\/\"},{\"@type\":\"ListItem\",\"position\":2,\"name\":\"Lagerhaltung\"}]},{\"@type\":\"WebSite\",\"@id\":\"https:\\\/\\\/www.corlidogroup.com\\\/de\\\/#website\",\"url\":\"https:\\\/\\\/www.corlidogroup.com\\\/de\\\/\",\"name\":\"Corlido Group\",\"description\":\"We optimise your procurement process\",\"publisher\":{\"@id\":\"https:\\\/\\\/www.corlidogroup.com\\\/de\\\/#organization\"},\"potentialAction\":[{\"@type\":\"SearchAction\",\"target\":{\"@type\":\"EntryPoint\",\"urlTemplate\":\"https:\\\/\\\/www.corlidogroup.com\\\/de\\\/?s={search_term_string}\"},\"query-input\":{\"@type\":\"PropertyValueSpecification\",\"valueRequired\":true,\"valueName\":\"search_term_string\"}}],\"inLanguage\":\"de\"},{\"@type\":\"Organization\",\"@id\":\"https:\\\/\\\/www.corlidogroup.com\\\/de\\\/#organization\",\"name\":\"Corlido Group\",\"url\":\"https:\\\/\\\/www.corlidogroup.com\\\/de\\\/\",\"logo\":{\"@type\":\"ImageObject\",\"inLanguage\":\"de\",\"@id\":\"https:\\\/\\\/www.corlidogroup.com\\\/de\\\/#\\\/schema\\\/logo\\\/image\\\/\",\"url\":\"https:\\\/\\\/www.corlidogroup.com\\\/wp-content\\\/uploads\\\/2024\\\/02\\\/cropped-Corlido-favicon.png\",\"contentUrl\":\"https:\\\/\\\/www.corlidogroup.com\\\/wp-content\\\/uploads\\\/2024\\\/02\\\/cropped-Corlido-favicon.png\",\"width\":512,\"height\":512,\"caption\":\"Corlido Group\"},\"image\":{\"@id\":\"https:\\\/\\\/www.corlidogroup.com\\\/de\\\/#\\\/schema\\\/logo\\\/image\\\/\"},\"sameAs\":[\"https:\\\/\\\/www.facebook.com\\\/CorlidoGroup\\\/\",\"https:\\\/\\\/www.linkedin.com\\\/company\\\/1372474\\\/\",\"https:\\\/\\\/www.instagram.com\\\/corlidogroup\\\/\"]}]}<\/script>\n<!-- \/ Yoast SEO plugin. -->","yoast_head_json":{"title":"Lagerhaltung - Corlido","robots":{"index":"index","follow":"follow","max-snippet":"max-snippet:-1","max-image-preview":"max-image-preview:large","max-video-preview":"max-video-preview:-1"},"canonical":"https:\/\/www.corlidogroup.com\/de\/lagerhaltung\/","og_locale":"de_DE","og_type":"article","og_title":"Lagerhaltung - Corlido","og_url":"https:\/\/www.corlidogroup.com\/de\/lagerhaltung\/","og_site_name":"Corlido","article_publisher":"https:\/\/www.facebook.com\/CorlidoGroup\/","article_modified_time":"2026-01-19T14:55:04+00:00","twitter_card":"summary_large_image","schema":{"@context":"https:\/\/schema.org","@graph":[{"@type":"WebPage","@id":"https:\/\/www.corlidogroup.com\/de\/lagerhaltung\/","url":"https:\/\/www.corlidogroup.com\/de\/lagerhaltung\/","name":"Lagerhaltung - Corlido","isPartOf":{"@id":"https:\/\/www.corlidogroup.com\/de\/#website"},"datePublished":"2024-09-16T09:46:30+00:00","dateModified":"2026-01-19T14:55:04+00:00","breadcrumb":{"@id":"https:\/\/www.corlidogroup.com\/de\/lagerhaltung\/#breadcrumb"},"inLanguage":"de","potentialAction":[{"@type":"ReadAction","target":["https:\/\/www.corlidogroup.com\/de\/lagerhaltung\/"]}]},{"@type":"BreadcrumbList","@id":"https:\/\/www.corlidogroup.com\/de\/lagerhaltung\/#breadcrumb","itemListElement":[{"@type":"ListItem","position":1,"name":"Home","item":"https:\/\/www.corlidogroup.com\/de\/"},{"@type":"ListItem","position":2,"name":"Lagerhaltung"}]},{"@type":"WebSite","@id":"https:\/\/www.corlidogroup.com\/de\/#website","url":"https:\/\/www.corlidogroup.com\/de\/","name":"Corlido Group","description":"We optimise your procurement process","publisher":{"@id":"https:\/\/www.corlidogroup.com\/de\/#organization"},"potentialAction":[{"@type":"SearchAction","target":{"@type":"EntryPoint","urlTemplate":"https:\/\/www.corlidogroup.com\/de\/?s={search_term_string}"},"query-input":{"@type":"PropertyValueSpecification","valueRequired":true,"valueName":"search_term_string"}}],"inLanguage":"de"},{"@type":"Organization","@id":"https:\/\/www.corlidogroup.com\/de\/#organization","name":"Corlido Group","url":"https:\/\/www.corlidogroup.com\/de\/","logo":{"@type":"ImageObject","inLanguage":"de","@id":"https:\/\/www.corlidogroup.com\/de\/#\/schema\/logo\/image\/","url":"https:\/\/www.corlidogroup.com\/wp-content\/uploads\/2024\/02\/cropped-Corlido-favicon.png","contentUrl":"https:\/\/www.corlidogroup.com\/wp-content\/uploads\/2024\/02\/cropped-Corlido-favicon.png","width":512,"height":512,"caption":"Corlido Group"},"image":{"@id":"https:\/\/www.corlidogroup.com\/de\/#\/schema\/logo\/image\/"},"sameAs":["https:\/\/www.facebook.com\/CorlidoGroup\/","https:\/\/www.linkedin.com\/company\/1372474\/","https:\/\/www.instagram.com\/corlidogroup\/"]}]}},"_links":{"self":[{"href":"https:\/\/www.corlidogroup.com\/de\/wp-json\/wp\/v2\/pages\/2640","targetHints":{"allow":["GET"]}}],"collection":[{"href":"https:\/\/www.corlidogroup.com\/de\/wp-json\/wp\/v2\/pages"}],"about":[{"href":"https:\/\/www.corlidogroup.com\/de\/wp-json\/wp\/v2\/types\/page"}],"author":[{"embeddable":true,"href":"https:\/\/www.corlidogroup.com\/de\/wp-json\/wp\/v2\/users\/2"}],"replies":[{"embeddable":true,"href":"https:\/\/www.corlidogroup.com\/de\/wp-json\/wp\/v2\/comments?post=2640"}],"version-history":[{"count":1,"href":"https:\/\/www.corlidogroup.com\/de\/wp-json\/wp\/v2\/pages\/2640\/revisions"}],"predecessor-version":[{"id":2642,"href":"https:\/\/www.corlidogroup.com\/de\/wp-json\/wp\/v2\/pages\/2640\/revisions\/2642"}],"wp:attachment":[{"href":"https:\/\/www.corlidogroup.com\/de\/wp-json\/wp\/v2\/media?parent=2640"}],"curies":[{"name":"wp","href":"https:\/\/api.w.org\/{rel}","templated":true}]}}