{"id":2829,"date":"2024-03-20T11:54:32","date_gmt":"2024-03-20T10:54:32","guid":{"rendered":"https:\/\/www.corlidogroup.com\/cops\/"},"modified":"2026-02-10T11:32:13","modified_gmt":"2026-02-10T10:32:13","slug":"cops","status":"publish","type":"page","link":"https:\/\/www.corlidogroup.com\/es\/cops\/","title":{"rendered":"COPS"},"content":{"rendered":"\n<section class=\"pane pane--white\">\n    <div class=\"container\">\n        <div class=\"row g-4 g-lg-8 g-xl-15 g-xxl-25 align-items-center \">\n                            <div class=\"col-12 col-lg-5\">\n                                        <div class=\"pane__text\">\n                        <h2>Simplifica la Adquisici\u00f3n Indirecta<\/h2>\n<p style=\"font-weight: 400\">Corlido Online Procurement System (COPS) es tu herramienta de E-Procurement a medida, que te permite consolidar compras no contractuales, puntuales y NPR a trav\u00e9s de Corlido como un modelo de acreedor \u00fanico.<\/p>\n<p style=\"font-weight: 400\">COPS est\u00e1 dise\u00f1ado para configurarse como un Cat\u00e1logo PunchOut en cualquier tipo de sistema ERP o Middleware, pero tambi\u00e9n est\u00e1 disponible de forma independiente o como SaaS.<\/p>\n<p style=\"font-weight: 400\">COPS te da acceso a una gama ilimitada de productos y es f\u00e1cil de usar. A continuaci\u00f3n, un resumen de sus funcionalidades: <\/p>\n<p>&nbsp;<\/p>\n<p>&nbsp;<\/p>\n                                                \n                    <\/div>\n                <\/div>\n                                        <div class=\"col-12 col-lg\">\n                    <figure class=\"figure figure--rounded\">\n                        <img decoding=\"async\" width=\"1024\" height=\"576\" src=\"https:\/\/www.corlidogroup.com\/wp-content\/uploads\/2024\/05\/COPS-Integrations-1024x576.png\" class=\"img-fluid\" alt=\"\" loading=\"lazy\" srcset=\"https:\/\/www.corlidogroup.com\/wp-content\/uploads\/2024\/05\/COPS-Integrations-1024x576.png 1024w, https:\/\/www.corlidogroup.com\/wp-content\/uploads\/2024\/05\/COPS-Integrations-300x169.png 300w, https:\/\/www.corlidogroup.com\/wp-content\/uploads\/2024\/05\/COPS-Integrations-768x432.png 768w, https:\/\/www.corlidogroup.com\/wp-content\/uploads\/2024\/05\/COPS-Integrations-1536x864.png 1536w, https:\/\/www.corlidogroup.com\/wp-content\/uploads\/2024\/05\/COPS-Integrations-70x39.png 70w, https:\/\/www.corlidogroup.com\/wp-content\/uploads\/2024\/05\/COPS-Integrations.png 1920w\" sizes=\"auto, (max-width: 1024px) 100vw, 1024px\" \/>                    <\/figure>\n                <\/div>\n                    <\/div>\n    <\/div>\n<\/section>\n\n<section class=\"pane pane--white\">\n    <div class=\"container\">\n        <div class=\"row g-4 g-lg-8 g-xl-15 justify-content-center\">\n                                                <div class=\"col-12 col-lg-4\">\n                        <h5><img loading=\"lazy\" decoding=\"async\" class=\"wp-image-1716 size-thumbnail aligncenter\" src=\"https:\/\/www.corlidogroup.com\/wp-content\/uploads\/2024\/05\/Customized-150x150.png\" alt=\"\" width=\"150\" height=\"150\" srcset=\"https:\/\/www.corlidogroup.com\/wp-content\/uploads\/2024\/05\/Customized-150x150.png 150w, https:\/\/www.corlidogroup.com\/wp-content\/uploads\/2024\/05\/Customized-300x300.png 300w, https:\/\/www.corlidogroup.com\/wp-content\/uploads\/2024\/05\/Customized-70x70.png 70w, https:\/\/www.corlidogroup.com\/wp-content\/uploads\/2024\/05\/Customized.png 500w\" sizes=\"auto, (max-width: 150px) 100vw, 150px\" \/><\/h5>\n<h6 style=\"text-align: center\">Cat\u00e1logo Personalizado<\/h6>\n<p style=\"text-align: center\">Un cat\u00e1logo hecho a medida, en el que los art\u00edculos de m\u00faltiples proveedores se pueden combinar en uno solo.<\/p>\n                                            <\/div>\n                                    <div class=\"col-12 col-lg-4\">\n                        <h5><img loading=\"lazy\" decoding=\"async\" class=\"wp-image-1711 size-thumbnail aligncenter\" src=\"https:\/\/www.corlidogroup.com\/wp-content\/uploads\/2024\/05\/Integrations-1-150x150.png\" alt=\"\" width=\"150\" height=\"150\" srcset=\"https:\/\/www.corlidogroup.com\/wp-content\/uploads\/2024\/05\/Integrations-1-150x150.png 150w, https:\/\/www.corlidogroup.com\/wp-content\/uploads\/2024\/05\/Integrations-1-300x300.png 300w, https:\/\/www.corlidogroup.com\/wp-content\/uploads\/2024\/05\/Integrations-1-70x70.png 70w, https:\/\/www.corlidogroup.com\/wp-content\/uploads\/2024\/05\/Integrations-1.png 500w\" sizes=\"auto, (max-width: 150px) 100vw, 150px\" \/><\/h5>\n<h6 style=\"text-align: center\">Proveedores Integrados<\/h6>\n<p style=\"text-align: center\">Accede autom\u00e1ticamente a las tiendas online de tus proveedores preferidos y disfruta de precios reducidos, todo dentro de COPS.<\/p>\n                                            <\/div>\n                                    <div class=\"col-12 col-lg-4\">\n                        <h5><img loading=\"lazy\" decoding=\"async\" class=\"wp-image-1721 size-thumbnail aligncenter\" src=\"https:\/\/www.corlidogroup.com\/wp-content\/uploads\/2024\/05\/Possibilities-150x150.png\" alt=\"\" width=\"150\" height=\"150\" srcset=\"https:\/\/www.corlidogroup.com\/wp-content\/uploads\/2024\/05\/Possibilities-150x150.png 150w, https:\/\/www.corlidogroup.com\/wp-content\/uploads\/2024\/05\/Possibilities-300x300.png 300w, https:\/\/www.corlidogroup.com\/wp-content\/uploads\/2024\/05\/Possibilities-70x70.png 70w, https:\/\/www.corlidogroup.com\/wp-content\/uploads\/2024\/05\/Possibilities.png 500w\" sizes=\"auto, (max-width: 150px) 100vw, 150px\" \/><\/h5>\n<h6 style=\"text-align: center\">Posibilidades Infinitas<\/h6>\n<p style=\"text-align: center\">Solicita f\u00e1cilmente una cotizaci\u00f3n personalizada para cualquier necesidad fuera del cat\u00e1logo.<\/p>\n                                            <\/div>\n                                    <div class=\"col-12 col-lg-4\">\n                        <h5><img loading=\"lazy\" decoding=\"async\" class=\"wp-image-1726 size-thumbnail aligncenter\" src=\"https:\/\/www.corlidogroup.com\/wp-content\/uploads\/2024\/05\/Credit-Card-150x150.png\" alt=\"\" width=\"150\" height=\"150\" srcset=\"https:\/\/www.corlidogroup.com\/wp-content\/uploads\/2024\/05\/Credit-Card-150x150.png 150w, https:\/\/www.corlidogroup.com\/wp-content\/uploads\/2024\/05\/Credit-Card-300x300.png 300w, https:\/\/www.corlidogroup.com\/wp-content\/uploads\/2024\/05\/Credit-Card-70x70.png 70w, https:\/\/www.corlidogroup.com\/wp-content\/uploads\/2024\/05\/Credit-Card.png 500w\" sizes=\"auto, (max-width: 150px) 100vw, 150px\" \/><\/h5>\n<h6 style=\"text-align: center\">Soluciones con P-Card<\/h6>\n<p style=\"text-align: center\">Paga de manera r\u00e1pida y sencilla con tarjeta de compras, tarjeta de d\u00e9bito o tarjeta de cr\u00e9dito a trav\u00e9s de COPS.<\/p>\n                                            <\/div>\n                                    <div class=\"col-12 col-lg-4\">\n                        <p><img loading=\"lazy\" decoding=\"async\" class=\"wp-image-1731 size-thumbnail aligncenter\" src=\"https:\/\/www.corlidogroup.com\/wp-content\/uploads\/2024\/05\/Order-Status-150x150.png\" alt=\"\" width=\"150\" height=\"150\" srcset=\"https:\/\/www.corlidogroup.com\/wp-content\/uploads\/2024\/05\/Order-Status-150x150.png 150w, https:\/\/www.corlidogroup.com\/wp-content\/uploads\/2024\/05\/Order-Status-300x300.png 300w, https:\/\/www.corlidogroup.com\/wp-content\/uploads\/2024\/05\/Order-Status-70x70.png 70w, https:\/\/www.corlidogroup.com\/wp-content\/uploads\/2024\/05\/Order-Status.png 500w\" sizes=\"auto, (max-width: 150px) 100vw, 150px\" \/><\/p>\n<h6 style=\"text-align: center\">Estado de Pedidos<\/h6>\n<p style=\"text-align: center\">Consulta y supervisa el estado de todas tus solicitudes y pedidos.<\/p>\n                                            <\/div>\n                                    <div class=\"col-12 col-lg-4\">\n                        <h5><img loading=\"lazy\" decoding=\"async\" class=\"wp-image-1736 size-thumbnail aligncenter\" src=\"https:\/\/www.corlidogroup.com\/wp-content\/uploads\/2024\/05\/Invoice-Handling-150x150.png\" alt=\"\" width=\"150\" height=\"150\" srcset=\"https:\/\/www.corlidogroup.com\/wp-content\/uploads\/2024\/05\/Invoice-Handling-150x150.png 150w, https:\/\/www.corlidogroup.com\/wp-content\/uploads\/2024\/05\/Invoice-Handling-300x300.png 300w, https:\/\/www.corlidogroup.com\/wp-content\/uploads\/2024\/05\/Invoice-Handling-70x70.png 70w, https:\/\/www.corlidogroup.com\/wp-content\/uploads\/2024\/05\/Invoice-Handling.png 500w\" sizes=\"auto, (max-width: 150px) 100vw, 150px\" \/><\/h5>\n<h6 style=\"text-align: center\">Facturaci\u00f3n Electr\u00f3nica<\/h6>\n<p style=\"text-align: center\">Todas tus compras menores facturadas digitalmente, aliviando la carga del departamento financiero.<\/p>\n                                            <\/div>\n                                    <\/div>\n                \n    <\/div>\n<\/section>\n","protected":false},"excerpt":{"rendered":"","protected":false},"author":2,"featured_media":1679,"parent":0,"menu_order":0,"comment_status":"closed","ping_status":"closed","template":"","meta":{"_acf_changed":false,"_monsterinsights_skip_tracking":false,"_monsterinsights_sitenote_active":false,"_monsterinsights_sitenote_note":"","_monsterinsights_sitenote_category":0,"footnotes":""},"class_list":["post-2829","page","type-page","status-publish","has-post-thumbnail","hentry"],"acf":[],"yoast_head":"<!-- This site is optimized with the Yoast SEO plugin v27.4 - https:\/\/yoast.com\/product\/yoast-seo-wordpress\/ -->\n<title>COPS - Corlido<\/title>\n<meta name=\"robots\" content=\"index, follow, max-snippet:-1, max-image-preview:large, max-video-preview:-1\" \/>\n<link rel=\"canonical\" href=\"https:\/\/www.corlidogroup.com\/es\/cops\/\" \/>\n<meta property=\"og:locale\" content=\"es_ES\" \/>\n<meta property=\"og:type\" content=\"article\" \/>\n<meta property=\"og:title\" content=\"COPS - Corlido\" \/>\n<meta property=\"og:url\" content=\"https:\/\/www.corlidogroup.com\/es\/cops\/\" \/>\n<meta property=\"og:site_name\" content=\"Corlido\" \/>\n<meta property=\"article:publisher\" content=\"https:\/\/www.facebook.com\/CorlidoGroup\/\" \/>\n<meta property=\"article:modified_time\" content=\"2026-02-10T10:32:13+00:00\" \/>\n<meta property=\"og:image\" content=\"https:\/\/www.corlidogroup.com\/wp-content\/uploads\/2024\/05\/3-1.png\" \/>\n\t<meta property=\"og:image:width\" content=\"1920\" \/>\n\t<meta property=\"og:image:height\" content=\"1080\" \/>\n\t<meta property=\"og:image:type\" content=\"image\/png\" \/>\n<meta name=\"twitter:card\" content=\"summary_large_image\" \/>\n<script type=\"application\/ld+json\" class=\"yoast-schema-graph\">{\"@context\":\"https:\\\/\\\/schema.org\",\"@graph\":[{\"@type\":\"WebPage\",\"@id\":\"https:\\\/\\\/www.corlidogroup.com\\\/es\\\/cops\\\/\",\"url\":\"https:\\\/\\\/www.corlidogroup.com\\\/es\\\/cops\\\/\",\"name\":\"COPS - Corlido\",\"isPartOf\":{\"@id\":\"https:\\\/\\\/www.corlidogroup.com\\\/es\\\/#website\"},\"primaryImageOfPage\":{\"@id\":\"https:\\\/\\\/www.corlidogroup.com\\\/es\\\/cops\\\/#primaryimage\"},\"image\":{\"@id\":\"https:\\\/\\\/www.corlidogroup.com\\\/es\\\/cops\\\/#primaryimage\"},\"thumbnailUrl\":\"https:\\\/\\\/www.corlidogroup.com\\\/wp-content\\\/uploads\\\/2024\\\/05\\\/3-1.png\",\"datePublished\":\"2024-03-20T10:54:32+00:00\",\"dateModified\":\"2026-02-10T10:32:13+00:00\",\"breadcrumb\":{\"@id\":\"https:\\\/\\\/www.corlidogroup.com\\\/es\\\/cops\\\/#breadcrumb\"},\"inLanguage\":\"es\",\"potentialAction\":[{\"@type\":\"ReadAction\",\"target\":[\"https:\\\/\\\/www.corlidogroup.com\\\/es\\\/cops\\\/\"]}]},{\"@type\":\"ImageObject\",\"inLanguage\":\"es\",\"@id\":\"https:\\\/\\\/www.corlidogroup.com\\\/es\\\/cops\\\/#primaryimage\",\"url\":\"https:\\\/\\\/www.corlidogroup.com\\\/wp-content\\\/uploads\\\/2024\\\/05\\\/3-1.png\",\"contentUrl\":\"https:\\\/\\\/www.corlidogroup.com\\\/wp-content\\\/uploads\\\/2024\\\/05\\\/3-1.png\",\"width\":1920,\"height\":1080},{\"@type\":\"BreadcrumbList\",\"@id\":\"https:\\\/\\\/www.corlidogroup.com\\\/es\\\/cops\\\/#breadcrumb\",\"itemListElement\":[{\"@type\":\"ListItem\",\"position\":1,\"name\":\"Home\",\"item\":\"https:\\\/\\\/www.corlidogroup.com\\\/es\\\/\"},{\"@type\":\"ListItem\",\"position\":2,\"name\":\"COPS\"}]},{\"@type\":\"WebSite\",\"@id\":\"https:\\\/\\\/www.corlidogroup.com\\\/es\\\/#website\",\"url\":\"https:\\\/\\\/www.corlidogroup.com\\\/es\\\/\",\"name\":\"Corlido Group\",\"description\":\"We optimise your procurement process\",\"publisher\":{\"@id\":\"https:\\\/\\\/www.corlidogroup.com\\\/es\\\/#organization\"},\"potentialAction\":[{\"@type\":\"SearchAction\",\"target\":{\"@type\":\"EntryPoint\",\"urlTemplate\":\"https:\\\/\\\/www.corlidogroup.com\\\/es\\\/?s={search_term_string}\"},\"query-input\":{\"@type\":\"PropertyValueSpecification\",\"valueRequired\":true,\"valueName\":\"search_term_string\"}}],\"inLanguage\":\"es\"},{\"@type\":\"Organization\",\"@id\":\"https:\\\/\\\/www.corlidogroup.com\\\/es\\\/#organization\",\"name\":\"Corlido Group\",\"url\":\"https:\\\/\\\/www.corlidogroup.com\\\/es\\\/\",\"logo\":{\"@type\":\"ImageObject\",\"inLanguage\":\"es\",\"@id\":\"https:\\\/\\\/www.corlidogroup.com\\\/es\\\/#\\\/schema\\\/logo\\\/image\\\/\",\"url\":\"https:\\\/\\\/www.corlidogroup.com\\\/wp-content\\\/uploads\\\/2024\\\/02\\\/cropped-Corlido-favicon.png\",\"contentUrl\":\"https:\\\/\\\/www.corlidogroup.com\\\/wp-content\\\/uploads\\\/2024\\\/02\\\/cropped-Corlido-favicon.png\",\"width\":512,\"height\":512,\"caption\":\"Corlido Group\"},\"image\":{\"@id\":\"https:\\\/\\\/www.corlidogroup.com\\\/es\\\/#\\\/schema\\\/logo\\\/image\\\/\"},\"sameAs\":[\"https:\\\/\\\/www.facebook.com\\\/CorlidoGroup\\\/\",\"https:\\\/\\\/www.linkedin.com\\\/company\\\/1372474\\\/\",\"https:\\\/\\\/www.instagram.com\\\/corlidogroup\\\/\"]}]}<\/script>\n<!-- \/ Yoast SEO plugin. -->","yoast_head_json":{"title":"COPS - Corlido","robots":{"index":"index","follow":"follow","max-snippet":"max-snippet:-1","max-image-preview":"max-image-preview:large","max-video-preview":"max-video-preview:-1"},"canonical":"https:\/\/www.corlidogroup.com\/es\/cops\/","og_locale":"es_ES","og_type":"article","og_title":"COPS - Corlido","og_url":"https:\/\/www.corlidogroup.com\/es\/cops\/","og_site_name":"Corlido","article_publisher":"https:\/\/www.facebook.com\/CorlidoGroup\/","article_modified_time":"2026-02-10T10:32:13+00:00","og_image":[{"width":1920,"height":1080,"url":"https:\/\/www.corlidogroup.com\/wp-content\/uploads\/2024\/05\/3-1.png","type":"image\/png"}],"twitter_card":"summary_large_image","schema":{"@context":"https:\/\/schema.org","@graph":[{"@type":"WebPage","@id":"https:\/\/www.corlidogroup.com\/es\/cops\/","url":"https:\/\/www.corlidogroup.com\/es\/cops\/","name":"COPS - Corlido","isPartOf":{"@id":"https:\/\/www.corlidogroup.com\/es\/#website"},"primaryImageOfPage":{"@id":"https:\/\/www.corlidogroup.com\/es\/cops\/#primaryimage"},"image":{"@id":"https:\/\/www.corlidogroup.com\/es\/cops\/#primaryimage"},"thumbnailUrl":"https:\/\/www.corlidogroup.com\/wp-content\/uploads\/2024\/05\/3-1.png","datePublished":"2024-03-20T10:54:32+00:00","dateModified":"2026-02-10T10:32:13+00:00","breadcrumb":{"@id":"https:\/\/www.corlidogroup.com\/es\/cops\/#breadcrumb"},"inLanguage":"es","potentialAction":[{"@type":"ReadAction","target":["https:\/\/www.corlidogroup.com\/es\/cops\/"]}]},{"@type":"ImageObject","inLanguage":"es","@id":"https:\/\/www.corlidogroup.com\/es\/cops\/#primaryimage","url":"https:\/\/www.corlidogroup.com\/wp-content\/uploads\/2024\/05\/3-1.png","contentUrl":"https:\/\/www.corlidogroup.com\/wp-content\/uploads\/2024\/05\/3-1.png","width":1920,"height":1080},{"@type":"BreadcrumbList","@id":"https:\/\/www.corlidogroup.com\/es\/cops\/#breadcrumb","itemListElement":[{"@type":"ListItem","position":1,"name":"Home","item":"https:\/\/www.corlidogroup.com\/es\/"},{"@type":"ListItem","position":2,"name":"COPS"}]},{"@type":"WebSite","@id":"https:\/\/www.corlidogroup.com\/es\/#website","url":"https:\/\/www.corlidogroup.com\/es\/","name":"Corlido Group","description":"We optimise your procurement process","publisher":{"@id":"https:\/\/www.corlidogroup.com\/es\/#organization"},"potentialAction":[{"@type":"SearchAction","target":{"@type":"EntryPoint","urlTemplate":"https:\/\/www.corlidogroup.com\/es\/?s={search_term_string}"},"query-input":{"@type":"PropertyValueSpecification","valueRequired":true,"valueName":"search_term_string"}}],"inLanguage":"es"},{"@type":"Organization","@id":"https:\/\/www.corlidogroup.com\/es\/#organization","name":"Corlido Group","url":"https:\/\/www.corlidogroup.com\/es\/","logo":{"@type":"ImageObject","inLanguage":"es","@id":"https:\/\/www.corlidogroup.com\/es\/#\/schema\/logo\/image\/","url":"https:\/\/www.corlidogroup.com\/wp-content\/uploads\/2024\/02\/cropped-Corlido-favicon.png","contentUrl":"https:\/\/www.corlidogroup.com\/wp-content\/uploads\/2024\/02\/cropped-Corlido-favicon.png","width":512,"height":512,"caption":"Corlido Group"},"image":{"@id":"https:\/\/www.corlidogroup.com\/es\/#\/schema\/logo\/image\/"},"sameAs":["https:\/\/www.facebook.com\/CorlidoGroup\/","https:\/\/www.linkedin.com\/company\/1372474\/","https:\/\/www.instagram.com\/corlidogroup\/"]}]}},"_links":{"self":[{"href":"https:\/\/www.corlidogroup.com\/es\/wp-json\/wp\/v2\/pages\/2829","targetHints":{"allow":["GET"]}}],"collection":[{"href":"https:\/\/www.corlidogroup.com\/es\/wp-json\/wp\/v2\/pages"}],"about":[{"href":"https:\/\/www.corlidogroup.com\/es\/wp-json\/wp\/v2\/types\/page"}],"author":[{"embeddable":true,"href":"https:\/\/www.corlidogroup.com\/es\/wp-json\/wp\/v2\/users\/2"}],"replies":[{"embeddable":true,"href":"https:\/\/www.corlidogroup.com\/es\/wp-json\/wp\/v2\/comments?post=2829"}],"version-history":[{"count":1,"href":"https:\/\/www.corlidogroup.com\/es\/wp-json\/wp\/v2\/pages\/2829\/revisions"}],"predecessor-version":[{"id":2834,"href":"https:\/\/www.corlidogroup.com\/es\/wp-json\/wp\/v2\/pages\/2829\/revisions\/2834"}],"wp:featuredmedia":[{"embeddable":true,"href":"https:\/\/www.corlidogroup.com\/es\/wp-json\/wp\/v2\/media\/1679"}],"wp:attachment":[{"href":"https:\/\/www.corlidogroup.com\/es\/wp-json\/wp\/v2\/media?parent=2829"}],"curies":[{"name":"wp","href":"https:\/\/api.w.org\/{rel}","templated":true}]}}