{"id":2835,"date":"2024-03-14T09:50:24","date_gmt":"2024-03-14T08:50:24","guid":{"rendered":"https:\/\/www.corlidogroup.com\/integraciones-e-inteligencia-artificial\/"},"modified":"2026-02-10T11:35:46","modified_gmt":"2026-02-10T10:35:46","slug":"integraciones-e-inteligencia-artificial","status":"publish","type":"page","link":"https:\/\/www.corlidogroup.com\/es\/integraciones-e-inteligencia-artificial\/","title":{"rendered":"Integraciones e Inteligencia Artificial"},"content":{"rendered":"\n<section class=\"pane pane--white\">\n    <div class=\"container\">\n        <div class=\"row g-4 g-lg-8 g-xl-15 justify-content-start\">\n                                                <div class=\"col-12 col-lg-12\">\n                        <h2>Integraciones e Inteligencia Artificial<\/h2>\n<p style=\"font-weight: 400\">Las integraciones de sistemas pueden mejorar significativamente la eficiencia y proporcionar informaci\u00f3n \u00fatil para tu organizaci\u00f3n. Ofrecemos diversas opciones de integraci\u00f3n, que van desde soluciones manuales y modelos h\u00edbridos hasta integraciones completas, autom\u00e1ticas y de extremo a extremo con la mayor\u00eda de los sistemas ERP. Adem\u00e1s, hemos desarrollado nuestra propia herramienta de E-procurement, COPS, que se puede implementar sin problemas como PunchOut en tu sistema ERP.  <\/p>\n                                            <\/div>\n                                    <\/div>\n                \n    <\/div>\n<\/section>\n\n<section class=\"pane pane--white\">\n    <div class=\"container\">\n        <div class=\"row g-4 g-lg-8 g-xl-15 g-xxl-25 align-items-center flex-lg-row-reverse\">\n                            <div class=\"col-12 col-lg-5\">\n                                        <div class=\"pane__text\">\n                        <h2>Integraci\u00f3n completa con tu sistema ERP<\/h2>\n<p style=\"font-weight: 400\">La integraci\u00f3n completa es el proceso operativo m\u00e1s eficiente. Con un equipo de desarrollo de software interno, Corlido cuenta con experiencia y flexibilidad en la implementaci\u00f3n de integraciones de sistemas de todos los niveles. Desde configuraciones b\u00e1sicas hasta integraciones totalmente funcionales, entregamos la soluci\u00f3n adecuada. Corlido ha implementado soluciones personalizadas para clientes en muchos de los sistemas ERP est\u00e1ndar de la industria, incluyendo, pero no limitado a: SAP, Ariba, Coupa, Proactis (anteriormente Hubwoo), Oracle y Proquro.   <\/p>\n                                                \n                    <\/div>\n                <\/div>\n                                        <div class=\"col-12 col-lg\">\n                    <figure class=\"figure figure--rounded\">\n                        <img decoding=\"async\" width=\"1024\" height=\"576\" src=\"https:\/\/www.corlidogroup.com\/wp-content\/uploads\/2024\/04\/Corlido-System-Integration-1024x576.png\" class=\"img-fluid\" alt=\"Corlido System Integration flows\" loading=\"lazy\" srcset=\"https:\/\/www.corlidogroup.com\/wp-content\/uploads\/2024\/04\/Corlido-System-Integration-1024x576.png 1024w, https:\/\/www.corlidogroup.com\/wp-content\/uploads\/2024\/04\/Corlido-System-Integration-300x169.png 300w, https:\/\/www.corlidogroup.com\/wp-content\/uploads\/2024\/04\/Corlido-System-Integration-768x432.png 768w, https:\/\/www.corlidogroup.com\/wp-content\/uploads\/2024\/04\/Corlido-System-Integration-1536x864.png 1536w, https:\/\/www.corlidogroup.com\/wp-content\/uploads\/2024\/04\/Corlido-System-Integration-70x39.png 70w, https:\/\/www.corlidogroup.com\/wp-content\/uploads\/2024\/04\/Corlido-System-Integration.png 1920w\" sizes=\"auto, (max-width: 1024px) 100vw, 1024px\" \/>                    <\/figure>\n                <\/div>\n                    <\/div>\n    <\/div>\n<\/section>\n\n<section class=\"pane pane--white\">\n    <div class=\"container\">\n        <div class=\"row g-4 g-lg-8 g-xl-15 g-xxl-25 align-items-center \">\n                            <div class=\"col-12 col-lg-5\">\n                                        <div class=\"pane__text\">\n                        <h2>Proceso de pedidos manual<\/h2>\n<p style=\"font-weight: 400\">Adem\u00e1s de ofrecer un modelo de integraci\u00f3n completo o h\u00edbrido, Corlido tambi\u00e9n puede gestionar solicitudes a trav\u00e9s del proceso m\u00e1s tradicional de pedidos manuales. Este m\u00e9todo se puede implementar r\u00e1pidamente y no requiere ning\u00fan tipo de integraci\u00f3n. Contamos con un equipo local listo para atender tus necesidades.  <\/p>\n<p>&nbsp;<\/p>\n                                                \n                    <\/div>\n                <\/div>\n                                        <div class=\"col-12 col-lg\">\n                    <figure class=\"figure figure--rounded\">\n                        <img decoding=\"async\" width=\"1024\" height=\"576\" src=\"https:\/\/www.corlidogroup.com\/wp-content\/uploads\/2024\/04\/Corlido-Manual-Ordering-Process-1024x576.png\" class=\"img-fluid\" alt=\"Manual E-mail process\" loading=\"lazy\" srcset=\"https:\/\/www.corlidogroup.com\/wp-content\/uploads\/2024\/04\/Corlido-Manual-Ordering-Process-1024x576.png 1024w, https:\/\/www.corlidogroup.com\/wp-content\/uploads\/2024\/04\/Corlido-Manual-Ordering-Process-300x169.png 300w, https:\/\/www.corlidogroup.com\/wp-content\/uploads\/2024\/04\/Corlido-Manual-Ordering-Process-768x432.png 768w, https:\/\/www.corlidogroup.com\/wp-content\/uploads\/2024\/04\/Corlido-Manual-Ordering-Process-1536x864.png 1536w, https:\/\/www.corlidogroup.com\/wp-content\/uploads\/2024\/04\/Corlido-Manual-Ordering-Process-70x39.png 70w, https:\/\/www.corlidogroup.com\/wp-content\/uploads\/2024\/04\/Corlido-Manual-Ordering-Process.png 1920w\" sizes=\"auto, (max-width: 1024px) 100vw, 1024px\" \/>                    <\/figure>\n                <\/div>\n                    <\/div>\n    <\/div>\n<\/section>\n\n<section class=\"pane pane--white\">\n    <div class=\"container\">\n        <div class=\"row g-4 g-lg-8 g-xl-15 justify-content-center\">\n                                                <div class=\"col-12 col-lg-12\">\n                        <h2><a name=\"_Toc167794408\"><\/a>Inteligencia Artificial<\/h2>\n<p style=\"font-weight: 400\">Corlido se esfuerza constantemente por mantenerse a la vanguardia de las tecnolog\u00edas emergentes, incluida la inteligencia artificial, para optimizar, personalizar y mejorar en general nuestros procesos automatizados. Actualmente, Corlido utiliza herramientas de IA y ML para procesar de manera eficiente las solicitudes y pedidos entrantes de los clientes, cotizaciones de clientes salientes, cotizaciones de proveedores, RFQ multivendedor, organizaci\u00f3n y seguimiento log\u00edstico, an\u00e1lisis de mercado, gesti\u00f3n de expediciones y diversas otras tareas que contribuyen a que nuestros procesos sean m\u00e1s eficientes, transparentes y precisos. <\/p>\n<p style=\"font-weight: 400\">La IA se ha convertido en una parte integral de nuestros procesos de adquisici\u00f3n y es un motor importante para mantener capacidades de reporting de primer nivel y altos niveles de eficiencia. Corlido espera continuar colaborando con los clientes mediante el intercambio de conocimiento y datos para optimizar y agilizar a\u00fan m\u00e1s el proceso de adquisiciones. <\/p>\n<p style=\"font-weight: 400\">Corlido est\u00e1 comprometido con crecer, desarrollarse y mejorar junto con sus clientes. La capacidad de Corlido para asumir nuevos desaf\u00edos y desarrollar soluciones que superen obst\u00e1culos ha hecho de Corlido lo que es hoy: un socio fuerte, innovador y confiable. <\/p>\n                                            <\/div>\n                                    <\/div>\n                \n    <\/div>\n<\/section>\n","protected":false},"excerpt":{"rendered":"","protected":false},"author":2,"featured_media":0,"parent":0,"menu_order":0,"comment_status":"closed","ping_status":"closed","template":"","meta":{"_acf_changed":false,"_monsterinsights_skip_tracking":false,"_monsterinsights_sitenote_active":false,"_monsterinsights_sitenote_note":"","_monsterinsights_sitenote_category":0,"footnotes":""},"class_list":["post-2835","page","type-page","status-publish","hentry"],"acf":[],"yoast_head":"<!-- This site is optimized with the Yoast SEO plugin v27.4 - https:\/\/yoast.com\/product\/yoast-seo-wordpress\/ -->\n<title>Integraciones e Inteligencia Artificial - Corlido<\/title>\n<meta name=\"robots\" content=\"index, follow, max-snippet:-1, max-image-preview:large, max-video-preview:-1\" \/>\n<link rel=\"canonical\" href=\"https:\/\/www.corlidogroup.com\/es\/integraciones-e-inteligencia-artificial\/\" \/>\n<meta property=\"og:locale\" content=\"es_ES\" \/>\n<meta property=\"og:type\" content=\"article\" \/>\n<meta property=\"og:title\" content=\"Integraciones e Inteligencia Artificial - Corlido\" \/>\n<meta property=\"og:url\" content=\"https:\/\/www.corlidogroup.com\/es\/integraciones-e-inteligencia-artificial\/\" \/>\n<meta property=\"og:site_name\" content=\"Corlido\" \/>\n<meta property=\"article:publisher\" content=\"https:\/\/www.facebook.com\/CorlidoGroup\/\" \/>\n<meta property=\"article:modified_time\" content=\"2026-02-10T10:35:46+00:00\" \/>\n<meta name=\"twitter:card\" content=\"summary_large_image\" \/>\n<script type=\"application\/ld+json\" class=\"yoast-schema-graph\">{\"@context\":\"https:\\\/\\\/schema.org\",\"@graph\":[{\"@type\":\"WebPage\",\"@id\":\"https:\\\/\\\/www.corlidogroup.com\\\/es\\\/integraciones-e-inteligencia-artificial\\\/\",\"url\":\"https:\\\/\\\/www.corlidogroup.com\\\/es\\\/integraciones-e-inteligencia-artificial\\\/\",\"name\":\"Integraciones e Inteligencia Artificial - Corlido\",\"isPartOf\":{\"@id\":\"https:\\\/\\\/www.corlidogroup.com\\\/es\\\/#website\"},\"datePublished\":\"2024-03-14T08:50:24+00:00\",\"dateModified\":\"2026-02-10T10:35:46+00:00\",\"breadcrumb\":{\"@id\":\"https:\\\/\\\/www.corlidogroup.com\\\/es\\\/integraciones-e-inteligencia-artificial\\\/#breadcrumb\"},\"inLanguage\":\"es\",\"potentialAction\":[{\"@type\":\"ReadAction\",\"target\":[\"https:\\\/\\\/www.corlidogroup.com\\\/es\\\/integraciones-e-inteligencia-artificial\\\/\"]}]},{\"@type\":\"BreadcrumbList\",\"@id\":\"https:\\\/\\\/www.corlidogroup.com\\\/es\\\/integraciones-e-inteligencia-artificial\\\/#breadcrumb\",\"itemListElement\":[{\"@type\":\"ListItem\",\"position\":1,\"name\":\"Home\",\"item\":\"https:\\\/\\\/www.corlidogroup.com\\\/es\\\/\"},{\"@type\":\"ListItem\",\"position\":2,\"name\":\"Integraciones e Inteligencia Artificial\"}]},{\"@type\":\"WebSite\",\"@id\":\"https:\\\/\\\/www.corlidogroup.com\\\/es\\\/#website\",\"url\":\"https:\\\/\\\/www.corlidogroup.com\\\/es\\\/\",\"name\":\"Corlido Group\",\"description\":\"We optimise your procurement process\",\"publisher\":{\"@id\":\"https:\\\/\\\/www.corlidogroup.com\\\/es\\\/#organization\"},\"potentialAction\":[{\"@type\":\"SearchAction\",\"target\":{\"@type\":\"EntryPoint\",\"urlTemplate\":\"https:\\\/\\\/www.corlidogroup.com\\\/es\\\/?s={search_term_string}\"},\"query-input\":{\"@type\":\"PropertyValueSpecification\",\"valueRequired\":true,\"valueName\":\"search_term_string\"}}],\"inLanguage\":\"es\"},{\"@type\":\"Organization\",\"@id\":\"https:\\\/\\\/www.corlidogroup.com\\\/es\\\/#organization\",\"name\":\"Corlido Group\",\"url\":\"https:\\\/\\\/www.corlidogroup.com\\\/es\\\/\",\"logo\":{\"@type\":\"ImageObject\",\"inLanguage\":\"es\",\"@id\":\"https:\\\/\\\/www.corlidogroup.com\\\/es\\\/#\\\/schema\\\/logo\\\/image\\\/\",\"url\":\"https:\\\/\\\/www.corlidogroup.com\\\/wp-content\\\/uploads\\\/2024\\\/02\\\/cropped-Corlido-favicon.png\",\"contentUrl\":\"https:\\\/\\\/www.corlidogroup.com\\\/wp-content\\\/uploads\\\/2024\\\/02\\\/cropped-Corlido-favicon.png\",\"width\":512,\"height\":512,\"caption\":\"Corlido Group\"},\"image\":{\"@id\":\"https:\\\/\\\/www.corlidogroup.com\\\/es\\\/#\\\/schema\\\/logo\\\/image\\\/\"},\"sameAs\":[\"https:\\\/\\\/www.facebook.com\\\/CorlidoGroup\\\/\",\"https:\\\/\\\/www.linkedin.com\\\/company\\\/1372474\\\/\",\"https:\\\/\\\/www.instagram.com\\\/corlidogroup\\\/\"]}]}<\/script>\n<!-- \/ Yoast SEO plugin. -->","yoast_head_json":{"title":"Integraciones e Inteligencia Artificial - Corlido","robots":{"index":"index","follow":"follow","max-snippet":"max-snippet:-1","max-image-preview":"max-image-preview:large","max-video-preview":"max-video-preview:-1"},"canonical":"https:\/\/www.corlidogroup.com\/es\/integraciones-e-inteligencia-artificial\/","og_locale":"es_ES","og_type":"article","og_title":"Integraciones e Inteligencia Artificial - Corlido","og_url":"https:\/\/www.corlidogroup.com\/es\/integraciones-e-inteligencia-artificial\/","og_site_name":"Corlido","article_publisher":"https:\/\/www.facebook.com\/CorlidoGroup\/","article_modified_time":"2026-02-10T10:35:46+00:00","twitter_card":"summary_large_image","schema":{"@context":"https:\/\/schema.org","@graph":[{"@type":"WebPage","@id":"https:\/\/www.corlidogroup.com\/es\/integraciones-e-inteligencia-artificial\/","url":"https:\/\/www.corlidogroup.com\/es\/integraciones-e-inteligencia-artificial\/","name":"Integraciones e Inteligencia Artificial - Corlido","isPartOf":{"@id":"https:\/\/www.corlidogroup.com\/es\/#website"},"datePublished":"2024-03-14T08:50:24+00:00","dateModified":"2026-02-10T10:35:46+00:00","breadcrumb":{"@id":"https:\/\/www.corlidogroup.com\/es\/integraciones-e-inteligencia-artificial\/#breadcrumb"},"inLanguage":"es","potentialAction":[{"@type":"ReadAction","target":["https:\/\/www.corlidogroup.com\/es\/integraciones-e-inteligencia-artificial\/"]}]},{"@type":"BreadcrumbList","@id":"https:\/\/www.corlidogroup.com\/es\/integraciones-e-inteligencia-artificial\/#breadcrumb","itemListElement":[{"@type":"ListItem","position":1,"name":"Home","item":"https:\/\/www.corlidogroup.com\/es\/"},{"@type":"ListItem","position":2,"name":"Integraciones e Inteligencia Artificial"}]},{"@type":"WebSite","@id":"https:\/\/www.corlidogroup.com\/es\/#website","url":"https:\/\/www.corlidogroup.com\/es\/","name":"Corlido Group","description":"We optimise your procurement process","publisher":{"@id":"https:\/\/www.corlidogroup.com\/es\/#organization"},"potentialAction":[{"@type":"SearchAction","target":{"@type":"EntryPoint","urlTemplate":"https:\/\/www.corlidogroup.com\/es\/?s={search_term_string}"},"query-input":{"@type":"PropertyValueSpecification","valueRequired":true,"valueName":"search_term_string"}}],"inLanguage":"es"},{"@type":"Organization","@id":"https:\/\/www.corlidogroup.com\/es\/#organization","name":"Corlido Group","url":"https:\/\/www.corlidogroup.com\/es\/","logo":{"@type":"ImageObject","inLanguage":"es","@id":"https:\/\/www.corlidogroup.com\/es\/#\/schema\/logo\/image\/","url":"https:\/\/www.corlidogroup.com\/wp-content\/uploads\/2024\/02\/cropped-Corlido-favicon.png","contentUrl":"https:\/\/www.corlidogroup.com\/wp-content\/uploads\/2024\/02\/cropped-Corlido-favicon.png","width":512,"height":512,"caption":"Corlido Group"},"image":{"@id":"https:\/\/www.corlidogroup.com\/es\/#\/schema\/logo\/image\/"},"sameAs":["https:\/\/www.facebook.com\/CorlidoGroup\/","https:\/\/www.linkedin.com\/company\/1372474\/","https:\/\/www.instagram.com\/corlidogroup\/"]}]}},"_links":{"self":[{"href":"https:\/\/www.corlidogroup.com\/es\/wp-json\/wp\/v2\/pages\/2835","targetHints":{"allow":["GET"]}}],"collection":[{"href":"https:\/\/www.corlidogroup.com\/es\/wp-json\/wp\/v2\/pages"}],"about":[{"href":"https:\/\/www.corlidogroup.com\/es\/wp-json\/wp\/v2\/types\/page"}],"author":[{"embeddable":true,"href":"https:\/\/www.corlidogroup.com\/es\/wp-json\/wp\/v2\/users\/2"}],"replies":[{"embeddable":true,"href":"https:\/\/www.corlidogroup.com\/es\/wp-json\/wp\/v2\/comments?post=2835"}],"version-history":[{"count":1,"href":"https:\/\/www.corlidogroup.com\/es\/wp-json\/wp\/v2\/pages\/2835\/revisions"}],"predecessor-version":[{"id":2840,"href":"https:\/\/www.corlidogroup.com\/es\/wp-json\/wp\/v2\/pages\/2835\/revisions\/2840"}],"wp:attachment":[{"href":"https:\/\/www.corlidogroup.com\/es\/wp-json\/wp\/v2\/media?parent=2835"}],"curies":[{"name":"wp","href":"https:\/\/api.w.org\/{rel}","templated":true}]}}