{"id":2849,"date":"2024-06-05T10:04:25","date_gmt":"2024-06-05T08:04:25","guid":{"rendered":"https:\/\/www.corlidogroup.com\/sostenibilidad\/"},"modified":"2026-02-10T11:57:58","modified_gmt":"2026-02-10T10:57:58","slug":"sostenibilidad","status":"publish","type":"page","link":"https:\/\/www.corlidogroup.com\/es\/sostenibilidad\/","title":{"rendered":"Sostenibilidad"},"content":{"rendered":"\n<section class=\"pane pane--white\">\n    <div class=\"container\">\n        <div class=\"row g-4 g-lg-8 g-xl-15 g-xxl-25 align-items-center \">\n                            <div class=\"col-12 col-lg-8\">\n                                        <div class=\"pane__text\">\n                        <p><span data-contrast=\"auto\">En Corlido, la sostenibilidad es <\/span><span data-contrast=\"auto\">nuestro principio gu\u00eda. Creemos en generar un impacto positivo mediante pr\u00e1cticas responsables, pol\u00edticas inclusivas y un compromiso con el fomento del conocimiento y la innovaci\u00f3n. Desde priorizar la salud y la igualdad hasta minimizar nuestra huella ecol\u00f3gica, nos esforzamos por construir un futuro que beneficie a todos, hoy y para las generaciones venideras.  <\/span><span data-ccp-props=\"{\"134233117\":true,\"134233118\":true,\"201341983\":0,\"335559739\":160,\"335559740\":240}\"> <\/span><\/p>\n<p>&nbsp;<\/p>\n<p><b><span data-contrast=\"auto\">Objetivos de Desarrollo Sostenible (ODS)<\/span><\/b><span data-ccp-props=\"{\"134233117\":true,\"134233118\":true,\"201341983\":0,\"335559739\":160,\"335559740\":240}\"> <\/span><\/p>\n<p><span data-contrast=\"auto\">La Agenda 2030 de las Naciones Unidas para el Desarrollo Sostenible y sus 17 ODS buscan transformar el mundo. En Corlido, priorizamos seis ODS clave que son centrales en nuestra estrategia de sostenibilidad: <\/span><span data-ccp-props=\"{\"134233117\":true,\"134233118\":true,\"201341983\":0,\"335559739\":160,\"335559740\":240}\"> <\/span><\/p>\n<ul>\n<li data-leveltext=\"\uf0b7\" data-font=\"Symbol\" data-listid=\"4\" data-list-defn-props=\"{\"335552541\":1,\"335559685\":720,\"335559991\":360,\"469769226\":\"Symbol\",\"469769242\":[8226],\"469777803\":\"left\",\"469777804\":\"\uf0b7\",\"469777815\":\"multilevel\"}\" data-aria-posinset=\"1\" data-aria-level=\"1\"><b><span data-contrast=\"auto\">ODS 3: Salud y Bienestar:<\/span><\/b> <span data-contrast=\"auto\">Priorizamos la salud y el bienestar de nuestros empleados, clientes y comunidades mediante iniciativas de salud integrales y promoviendo entornos de trabajo seguros.<\/span><span data-ccp-props=\"{\"134233117\":true,\"134233118\":true,\"201341983\":0,\"335559739\":160,\"335559740\":240}\"> <\/span><\/li>\n<\/ul>\n<ul>\n<li data-leveltext=\"\uf0b7\" data-font=\"Symbol\" data-listid=\"4\" data-list-defn-props=\"{\"335552541\":1,\"335559685\":720,\"335559991\":360,\"469769226\":\"Symbol\",\"469769242\":[8226],\"469777803\":\"left\",\"469777804\":\"\uf0b7\",\"469777815\":\"multilevel\"}\" data-aria-posinset=\"2\" data-aria-level=\"1\"><b><span data-contrast=\"auto\">ODS 4: Educaci\u00f3n de Calidad:<\/span><\/b> <span data-contrast=\"auto\">Invertimos en programas educativos y oportunidades de formaci\u00f3n para nuestros empleados, y apoyamos iniciativas educativas en las comunidades donde operamos.<\/span><span data-ccp-props=\"{\"134233117\":true,\"134233118\":true,\"201341983\":0,\"335559739\":160,\"335559740\":240}\"> <\/span><\/li>\n<\/ul>\n<ul>\n<li data-leveltext=\"\uf0b7\" data-font=\"Symbol\" data-listid=\"4\" data-list-defn-props=\"{\"335552541\":1,\"335559685\":720,\"335559991\":360,\"469769226\":\"Symbol\",\"469769242\":[8226],\"469777803\":\"left\",\"469777804\":\"\uf0b7\",\"469777815\":\"multilevel\"}\" data-aria-posinset=\"3\" data-aria-level=\"1\"><b>ODS 5: Igualdad de G\u00e9nero: <\/b><span data-contrast=\"auto\">Estamos comprometidos con lograr la igualdad de g\u00e9nero promoviendo oportunidades equitativas y apoyando el empoderamiento de las mujeres dentro y fuera de nuestra organizaci\u00f3n.<\/span><span data-ccp-props=\"{\"134233117\":true,\"134233118\":true,\"201341983\":0,\"335559739\":160,\"335559740\":240}\"> <\/span><\/li>\n<\/ul>\n<ul>\n<li data-leveltext=\"\uf0b7\" data-font=\"Symbol\" data-listid=\"4\" data-list-defn-props=\"{\"335552541\":1,\"335559685\":720,\"335559991\":360,\"469769226\":\"Symbol\",\"469769242\":[8226],\"469777803\":\"left\",\"469777804\":\"\uf0b7\",\"469777815\":\"multilevel\"}\" data-aria-posinset=\"4\" data-aria-level=\"1\"><b><span data-contrast=\"auto\">ODS 8: Trabajo Decente y Crecimiento Econ\u00f3mico:<\/span><\/b> <span data-contrast=\"auto\">Creamos oportunidades laborales justas y promovemos una cultura laboral inclusiva.<\/span><span data-ccp-props=\"{\"134233117\":true,\"134233118\":true,\"201341983\":0,\"335559739\":160,\"335559740\":240}\"> <\/span><\/li>\n<\/ul>\n<ul>\n<li data-leveltext=\"\uf0b7\" data-font=\"Symbol\" data-listid=\"4\" data-list-defn-props=\"{\"335552541\":1,\"335559685\":720,\"335559991\":360,\"469769226\":\"Symbol\",\"469769242\":[8226],\"469777803\":\"left\",\"469777804\":\"\uf0b7\",\"469777815\":\"multilevel\"}\" data-aria-posinset=\"5\" data-aria-level=\"1\"><b><span data-contrast=\"auto\">ODS 10: Reducci\u00f3n de las Desigualdades: <\/span><\/b><span data-contrast=\"auto\">Nos esforzamos por reducir las desigualdades asegurando igualdad de oportunidades y fomentando un entorno inclusivo para todos.<\/span><span data-ccp-props=\"{\"134233117\":true,\"134233118\":true,\"201341983\":0,\"335559739\":160,\"335559740\":240}\"> <\/span><\/li>\n<\/ul>\n<ul>\n<li data-leveltext=\"\uf0b7\" data-font=\"Symbol\" data-listid=\"4\" data-list-defn-props=\"{\"335552541\":1,\"335559685\":720,\"335559991\":360,\"469769226\":\"Symbol\",\"469769242\":[8226],\"469777803\":\"left\",\"469777804\":\"\uf0b7\",\"469777815\":\"multilevel\"}\" data-aria-posinset=\"6\" data-aria-level=\"1\"><b><span data-contrast=\"auto\">ODS 12: Producci\u00f3n y Consumo Responsables:<\/span><\/b> <span data-contrast=\"auto\">Optimizamos nuestra cadena de suministro para reducir residuos y promover el uso de materiales sostenibles.<\/span><span data-ccp-props=\"{\"134233117\":true,\"134233118\":true,\"201341983\":0,\"335559739\":160,\"335559740\":240}\"> <\/span><\/li>\n<\/ul>\n<p>&nbsp;<\/p>\n<p><b><span data-contrast=\"auto\">Las Personas Primero<\/span><\/b><span data-ccp-props=\"{\"134233117\":true,\"134233118\":true,\"201341983\":0,\"335559739\":160,\"335559740\":240}\"> <\/span><\/p>\n<p><span data-contrast=\"auto\">La diversidad y la inclusi\u00f3n son esenciales para la innovaci\u00f3n y el \u00e9xito en Corlido. Valoramos las perspectivas y contribuciones \u00fanicas de todos nuestros empleados. <\/span> En Corlido, estamos decididos a generar un impacto positivo en el mundo que nos rodea para un ma\u00f1ana mejor.<\/p>\n<p>&nbsp;<\/p>\n<ul>\n<li><b><span data-contrast=\"auto\"><b><span data-contrast=\"auto\">Lugar de Trabajo y Empleo Inclusivo: <\/span><\/b><\/span><\/b>En Corlido, aseguramos un entorno laboral donde todos se sienten valorados y respetados, sin importar su origen. Creemos en ofrecer oportunidades para todos; nuestro compromiso con el empleo inclusivo garantiza que cualquiera dispuesto a trabajar merezca una oportunidad con nosotros.  <span style=\"color: var(--bs-body-color);font-size: 1rem;text-align: var(--bs-body-text-align)\" data-contrast=\"auto\">Proporcionamos igualdad de oportunidades en todos los niveles de nuestra organizaci\u00f3n y fomentamos una cultura de igualdad. Apoyamos iniciativas que promuevan la diversidad tanto dentro como fuera de nuestra empresa. <\/span><span style=\"color: var(--bs-body-color);font-size: 1rem;text-align: var(--bs-body-text-align)\" data-contrast=\"auto\"> <\/span><span style=\"color: var(--bs-body-color);font-size: 1rem;text-align: var(--bs-body-text-align)\" data-ccp-props=\"{\"134233117\":true,\"134233118\":true,\"201341983\":0,\"335559739\":160,\"335559740\":240}\"> <\/span><span style=\"color: var(--bs-body-color);font-size: 1rem;text-align: var(--bs-body-text-align)\" data-ccp-props=\"{\"134233117\":true,\"134233118\":true,\"201341983\":0,\"335559739\":160,\"335559740\":240}\"> <\/span><\/li>\n<\/ul>\n<ul>\n<li data-leveltext=\"\" data-font=\"Symbol\" data-listid=\"\" data-aria-posinset=\"7\" data-aria-level=\"1\">Felices y Saludables: <span data-contrast=\"auto\">Tambi\u00e9n estamos comprometidos con el bienestar de nuestros empleados, clientes y comunidades.  <\/span>Practicamos est\u00e1ndares laborales justos, invertimos en las comunidades locales y nos asociamos con quienes comparten nuestros valores.<span data-contrast=\"auto\">Nuestro objetivo es crear un impacto social positivo mediante programas educativos, iniciativas de salud y promoviendo un crecimiento econ\u00f3mico inclusivo. <\/span><span data-ccp-props=\"{\"134233117\":true,\"134233118\":true,\"201341983\":0,\"335559739\":160,\"335559740\":240}\"> <\/span><\/li>\n<\/ul>\n<p>&nbsp;<\/p>\n<p><b><span data-contrast=\"auto\">Sostenibilidad en la Cadena de Suministro<\/span><\/b><span data-ccp-props=\"{\"134233117\":true,\"134233118\":true,\"201341983\":0,\"335559739\":160,\"335559740\":240}\"> <\/span><\/p>\n<p><span data-contrast=\"auto\">Corlido se dedica a minimizar su huella ecol\u00f3gica. Implementamos tecnolog\u00edas eficientes en energ\u00eda, reducimos residuos y promovemos el reciclaje en todos nuestros procesos de negocio. <\/span><span data-ccp-props=\"{\"134233117\":true,\"134233118\":true,\"201341983\":0,\"335559739\":160,\"335559740\":240}\"> <\/span><\/p>\n<p><span data-contrast=\"auto\">Durante a\u00f1os, hemos colaborado con proveedores que consideran activamente el medio ambiente y la sociedad. Animamos a nuestros socios, proveedores y clientes a involucrarse en la reducci\u00f3n de su impacto ambiental. Al fomentar estas relaciones, buscamos crear una cadena de suministro m\u00e1s sostenible y responsable.  <\/span><span data-ccp-props=\"{\"134233117\":true,\"134233118\":true,\"201341983\":0,\"335559739\":160,\"335559740\":240}\"> <\/span><\/p>\n<p><b><span data-contrast=\"auto\">Conocimiento<\/span><\/b><span data-ccp-props=\"{\"134233117\":true,\"134233118\":true,\"201341983\":0,\"335559739\":160,\"335559740\":240}\"> <\/span><\/p>\n<p><span data-contrast=\"auto\">En <\/span><span data-contrast=\"auto\">Corlido<\/span><span data-contrast=\"auto\">, creemos que compartir nuestro conocimiento puede beneficiar a nuestros clientes. <\/span><span data-contrast=\"auto\">Nos estamos<\/span><span data-contrast=\"auto\">convirtiendo <\/span><span data-contrast=\"auto\">en un<\/span><span data-contrast=\"auto\">e are <\/span><span data-contrast=\"auto\">socio <\/span><span data-contrast=\"auto\">de conocimiento ofreciendo<\/span><span data-contrast=\"auto\"> sesiones<\/span><span data-contrast=\"auto\">de <\/span><span data-contrast=\"auto\">capacitaci\u00f3n, demostraciones, informaci\u00f3n \u00fatil y documentos<\/span><span data-contrast=\"auto\">personalizados <\/span><span data-contrast=\"auto\">que ayudan<\/span><span data-contrast=\"auto\">a<\/span><span data-contrast=\"auto\">nuestros <\/span><span data-contrast=\"auto\">clientes <\/span><span data-contrast=\"auto\">a gestionar su Tail Spend<\/span><span data-contrast=\"auto\"> de manera eficiente.<\/span><\/p>\n<p><b><span data-contrast=\"auto\">Reportes y Transparencia<\/span><\/b><span data-ccp-props=\"{\"134233117\":true,\"134233118\":true,\"201341983\":0,\"335559739\":160,\"335559740\":240}\"> <\/span><\/p>\n<p style=\"text-align: left\"><span data-contrast=\"auto\">Creemos en la completa transparencia y responsabilidad. Nuestros informes anuales de sostenibilidad y ESG proporcionan informaci\u00f3n detallada sobre nuestros avances y desaf\u00edos. Nuestras certificaciones, como VCA, NEN e ISO, demuestran nuestro compromiso con altos est\u00e1ndares y la mejora continua.  <\/span><span data-ccp-props=\"{\"134233117\":true,\"134233118\":true,\"201341983\":0,\"335559739\":160,\"335559740\":240}\"> <\/span><\/p>\n<p>&nbsp;<\/p>\n<p style=\"text-align: left\"><img loading=\"lazy\" decoding=\"async\" class=\"alignnone wp-image-2024\" style=\"color: var(--bs-body-color);font-size: 1rem;text-align: var(--bs-body-text-align)\" src=\"https:\/\/www.corlidogroup.com\/wp-content\/uploads\/2024\/09\/certificering-300x64.png\" alt=\"\" width=\"367\" height=\"78\" srcset=\"https:\/\/www.corlidogroup.com\/wp-content\/uploads\/2024\/09\/certificering-300x64.png 300w, https:\/\/www.corlidogroup.com\/wp-content\/uploads\/2024\/09\/certificering-768x163.png 768w, https:\/\/www.corlidogroup.com\/wp-content\/uploads\/2024\/09\/certificering-70x15.png 70w, https:\/\/www.corlidogroup.com\/wp-content\/uploads\/2024\/09\/certificering.png 940w\" sizes=\"auto, (max-width: 367px) 100vw, 367px\" \/><\/p>\n                                                \n\n\n\n\n    <div class=\"pane__button-group\">\n        <div class=\"row g-2 g-lg-3 justify-content-start\">\n                            <div class=\"col-auto\">\n                                                                <a class=\"btn btn-tertiary\" href=\"https:\/\/www.corlidogroup.com\/wp-content\/uploads\/2024\/09\/Code-of-Conduct-2.pdf\" target=\"_self\">\n                            <span class=\"btn__text\">C\u00f3digo de Conducta<\/span>\n                            <svg class=\"icon icon--12 icon--arrow\">\n                                <use xlink:href=\"https:\/\/www.corlidogroup.com\/wp-content\/themes\/corlido\/build\/img\/symbols.svg#arrow-right\"><\/use>\n                            <\/svg>\n                        <\/a>\n                                    <\/div>\n                    <\/div>\n    <\/div>\n\n\n                    <\/div>\n                <\/div>\n                                <\/div>\n    <\/div>\n<\/section>\n","protected":false},"excerpt":{"rendered":"","protected":false},"author":2,"featured_media":0,"parent":0,"menu_order":0,"comment_status":"closed","ping_status":"closed","template":"","meta":{"_acf_changed":false,"_monsterinsights_skip_tracking":false,"_monsterinsights_sitenote_active":false,"_monsterinsights_sitenote_note":"","_monsterinsights_sitenote_category":0,"footnotes":""},"class_list":["post-2849","page","type-page","status-publish","hentry"],"acf":[],"yoast_head":"<!-- This site is optimized with the Yoast SEO plugin v27.4 - https:\/\/yoast.com\/product\/yoast-seo-wordpress\/ -->\n<title>Sostenibilidad - Corlido<\/title>\n<meta name=\"robots\" content=\"index, follow, max-snippet:-1, max-image-preview:large, max-video-preview:-1\" \/>\n<link rel=\"canonical\" href=\"https:\/\/www.corlidogroup.com\/es\/sostenibilidad\/\" \/>\n<meta property=\"og:locale\" content=\"es_ES\" \/>\n<meta property=\"og:type\" content=\"article\" \/>\n<meta property=\"og:title\" content=\"Sostenibilidad - Corlido\" \/>\n<meta property=\"og:url\" content=\"https:\/\/www.corlidogroup.com\/es\/sostenibilidad\/\" \/>\n<meta property=\"og:site_name\" content=\"Corlido\" \/>\n<meta property=\"article:publisher\" content=\"https:\/\/www.facebook.com\/CorlidoGroup\/\" \/>\n<meta property=\"article:modified_time\" content=\"2026-02-10T10:57:58+00:00\" \/>\n<meta name=\"twitter:card\" content=\"summary_large_image\" \/>\n<script type=\"application\/ld+json\" class=\"yoast-schema-graph\">{\"@context\":\"https:\\\/\\\/schema.org\",\"@graph\":[{\"@type\":\"WebPage\",\"@id\":\"https:\\\/\\\/www.corlidogroup.com\\\/es\\\/sostenibilidad\\\/\",\"url\":\"https:\\\/\\\/www.corlidogroup.com\\\/es\\\/sostenibilidad\\\/\",\"name\":\"Sostenibilidad - Corlido\",\"isPartOf\":{\"@id\":\"https:\\\/\\\/www.corlidogroup.com\\\/es\\\/#website\"},\"datePublished\":\"2024-06-05T08:04:25+00:00\",\"dateModified\":\"2026-02-10T10:57:58+00:00\",\"breadcrumb\":{\"@id\":\"https:\\\/\\\/www.corlidogroup.com\\\/es\\\/sostenibilidad\\\/#breadcrumb\"},\"inLanguage\":\"es\",\"potentialAction\":[{\"@type\":\"ReadAction\",\"target\":[\"https:\\\/\\\/www.corlidogroup.com\\\/es\\\/sostenibilidad\\\/\"]}]},{\"@type\":\"BreadcrumbList\",\"@id\":\"https:\\\/\\\/www.corlidogroup.com\\\/es\\\/sostenibilidad\\\/#breadcrumb\",\"itemListElement\":[{\"@type\":\"ListItem\",\"position\":1,\"name\":\"Home\",\"item\":\"https:\\\/\\\/www.corlidogroup.com\\\/es\\\/\"},{\"@type\":\"ListItem\",\"position\":2,\"name\":\"Sostenibilidad\"}]},{\"@type\":\"WebSite\",\"@id\":\"https:\\\/\\\/www.corlidogroup.com\\\/es\\\/#website\",\"url\":\"https:\\\/\\\/www.corlidogroup.com\\\/es\\\/\",\"name\":\"Corlido Group\",\"description\":\"We optimise your procurement process\",\"publisher\":{\"@id\":\"https:\\\/\\\/www.corlidogroup.com\\\/es\\\/#organization\"},\"potentialAction\":[{\"@type\":\"SearchAction\",\"target\":{\"@type\":\"EntryPoint\",\"urlTemplate\":\"https:\\\/\\\/www.corlidogroup.com\\\/es\\\/?s={search_term_string}\"},\"query-input\":{\"@type\":\"PropertyValueSpecification\",\"valueRequired\":true,\"valueName\":\"search_term_string\"}}],\"inLanguage\":\"es\"},{\"@type\":\"Organization\",\"@id\":\"https:\\\/\\\/www.corlidogroup.com\\\/es\\\/#organization\",\"name\":\"Corlido Group\",\"url\":\"https:\\\/\\\/www.corlidogroup.com\\\/es\\\/\",\"logo\":{\"@type\":\"ImageObject\",\"inLanguage\":\"es\",\"@id\":\"https:\\\/\\\/www.corlidogroup.com\\\/es\\\/#\\\/schema\\\/logo\\\/image\\\/\",\"url\":\"https:\\\/\\\/www.corlidogroup.com\\\/wp-content\\\/uploads\\\/2024\\\/02\\\/cropped-Corlido-favicon.png\",\"contentUrl\":\"https:\\\/\\\/www.corlidogroup.com\\\/wp-content\\\/uploads\\\/2024\\\/02\\\/cropped-Corlido-favicon.png\",\"width\":512,\"height\":512,\"caption\":\"Corlido Group\"},\"image\":{\"@id\":\"https:\\\/\\\/www.corlidogroup.com\\\/es\\\/#\\\/schema\\\/logo\\\/image\\\/\"},\"sameAs\":[\"https:\\\/\\\/www.facebook.com\\\/CorlidoGroup\\\/\",\"https:\\\/\\\/www.linkedin.com\\\/company\\\/1372474\\\/\",\"https:\\\/\\\/www.instagram.com\\\/corlidogroup\\\/\"]}]}<\/script>\n<!-- \/ Yoast SEO plugin. -->","yoast_head_json":{"title":"Sostenibilidad - Corlido","robots":{"index":"index","follow":"follow","max-snippet":"max-snippet:-1","max-image-preview":"max-image-preview:large","max-video-preview":"max-video-preview:-1"},"canonical":"https:\/\/www.corlidogroup.com\/es\/sostenibilidad\/","og_locale":"es_ES","og_type":"article","og_title":"Sostenibilidad - Corlido","og_url":"https:\/\/www.corlidogroup.com\/es\/sostenibilidad\/","og_site_name":"Corlido","article_publisher":"https:\/\/www.facebook.com\/CorlidoGroup\/","article_modified_time":"2026-02-10T10:57:58+00:00","twitter_card":"summary_large_image","schema":{"@context":"https:\/\/schema.org","@graph":[{"@type":"WebPage","@id":"https:\/\/www.corlidogroup.com\/es\/sostenibilidad\/","url":"https:\/\/www.corlidogroup.com\/es\/sostenibilidad\/","name":"Sostenibilidad - Corlido","isPartOf":{"@id":"https:\/\/www.corlidogroup.com\/es\/#website"},"datePublished":"2024-06-05T08:04:25+00:00","dateModified":"2026-02-10T10:57:58+00:00","breadcrumb":{"@id":"https:\/\/www.corlidogroup.com\/es\/sostenibilidad\/#breadcrumb"},"inLanguage":"es","potentialAction":[{"@type":"ReadAction","target":["https:\/\/www.corlidogroup.com\/es\/sostenibilidad\/"]}]},{"@type":"BreadcrumbList","@id":"https:\/\/www.corlidogroup.com\/es\/sostenibilidad\/#breadcrumb","itemListElement":[{"@type":"ListItem","position":1,"name":"Home","item":"https:\/\/www.corlidogroup.com\/es\/"},{"@type":"ListItem","position":2,"name":"Sostenibilidad"}]},{"@type":"WebSite","@id":"https:\/\/www.corlidogroup.com\/es\/#website","url":"https:\/\/www.corlidogroup.com\/es\/","name":"Corlido Group","description":"We optimise your procurement process","publisher":{"@id":"https:\/\/www.corlidogroup.com\/es\/#organization"},"potentialAction":[{"@type":"SearchAction","target":{"@type":"EntryPoint","urlTemplate":"https:\/\/www.corlidogroup.com\/es\/?s={search_term_string}"},"query-input":{"@type":"PropertyValueSpecification","valueRequired":true,"valueName":"search_term_string"}}],"inLanguage":"es"},{"@type":"Organization","@id":"https:\/\/www.corlidogroup.com\/es\/#organization","name":"Corlido Group","url":"https:\/\/www.corlidogroup.com\/es\/","logo":{"@type":"ImageObject","inLanguage":"es","@id":"https:\/\/www.corlidogroup.com\/es\/#\/schema\/logo\/image\/","url":"https:\/\/www.corlidogroup.com\/wp-content\/uploads\/2024\/02\/cropped-Corlido-favicon.png","contentUrl":"https:\/\/www.corlidogroup.com\/wp-content\/uploads\/2024\/02\/cropped-Corlido-favicon.png","width":512,"height":512,"caption":"Corlido Group"},"image":{"@id":"https:\/\/www.corlidogroup.com\/es\/#\/schema\/logo\/image\/"},"sameAs":["https:\/\/www.facebook.com\/CorlidoGroup\/","https:\/\/www.linkedin.com\/company\/1372474\/","https:\/\/www.instagram.com\/corlidogroup\/"]}]}},"_links":{"self":[{"href":"https:\/\/www.corlidogroup.com\/es\/wp-json\/wp\/v2\/pages\/2849","targetHints":{"allow":["GET"]}}],"collection":[{"href":"https:\/\/www.corlidogroup.com\/es\/wp-json\/wp\/v2\/pages"}],"about":[{"href":"https:\/\/www.corlidogroup.com\/es\/wp-json\/wp\/v2\/types\/page"}],"author":[{"embeddable":true,"href":"https:\/\/www.corlidogroup.com\/es\/wp-json\/wp\/v2\/users\/2"}],"replies":[{"embeddable":true,"href":"https:\/\/www.corlidogroup.com\/es\/wp-json\/wp\/v2\/comments?post=2849"}],"version-history":[{"count":1,"href":"https:\/\/www.corlidogroup.com\/es\/wp-json\/wp\/v2\/pages\/2849\/revisions"}],"predecessor-version":[{"id":2854,"href":"https:\/\/www.corlidogroup.com\/es\/wp-json\/wp\/v2\/pages\/2849\/revisions\/2854"}],"wp:attachment":[{"href":"https:\/\/www.corlidogroup.com\/es\/wp-json\/wp\/v2\/media?parent=2849"}],"curies":[{"name":"wp","href":"https:\/\/api.w.org\/{rel}","templated":true}]}}