{"id":2855,"date":"2024-09-16T11:46:30","date_gmt":"2024-09-16T09:46:30","guid":{"rendered":"https:\/\/www.corlidogroup.com\/almacenamiento\/"},"modified":"2026-02-10T13:06:05","modified_gmt":"2026-02-10T12:06:05","slug":"almacenamiento","status":"publish","type":"page","link":"https:\/\/www.corlidogroup.com\/es\/almacenamiento\/","title":{"rendered":"Almacenamiento"},"content":{"rendered":"\n<section class=\"pane pane--white\">\n    <div class=\"container\">\n        <div class=\"row g-4 g-lg-8 g-xl-15 g-xxl-25 align-items-center \">\n                            <div class=\"col-12 col-lg-6\">\n                                        <div class=\"pane__text\">\n                        <h3 style=\"text-align: left\">Despreoc\u00fapese del centro log\u00edstico<\/h3>\n<p><span style=\"color: var(--bs-body-color);font-size: 1.125rem;font-weight: 400\">Nuestros servicios de compras se complementan con servicios log\u00edsticos. Corlido Group ofrece todas las soluciones log\u00edsticas para entregar los productos correctos, en el momento correcto y en el lugar correcto, sin importar el tama\u00f1o, peso o ubicaci\u00f3n.  <\/span><\/p>\n                                                \n\n\n\n\n\n\n                    <\/div>\n                <\/div>\n                                        <div class=\"col-12 col-lg\">\n                    <figure class=\"figure figure--rounded\">\n                        <img decoding=\"async\" width=\"1024\" height=\"432\" src=\"https:\/\/www.corlidogroup.com\/wp-content\/uploads\/2024\/03\/Magazijn-1024x432.png\" class=\"img-fluid\" alt=\"\" loading=\"lazy\" srcset=\"https:\/\/www.corlidogroup.com\/wp-content\/uploads\/2024\/03\/Magazijn-1024x432.png 1024w, https:\/\/www.corlidogroup.com\/wp-content\/uploads\/2024\/03\/Magazijn-300x127.png 300w, https:\/\/www.corlidogroup.com\/wp-content\/uploads\/2024\/03\/Magazijn-768x324.png 768w, https:\/\/www.corlidogroup.com\/wp-content\/uploads\/2024\/03\/Magazijn-1536x648.png 1536w, https:\/\/www.corlidogroup.com\/wp-content\/uploads\/2024\/03\/Magazijn-70x30.png 70w, https:\/\/www.corlidogroup.com\/wp-content\/uploads\/2024\/03\/Magazijn.png 1893w\" sizes=\"auto, (max-width: 1024px) 100vw, 1024px\" \/>                    <\/figure>\n                <\/div>\n                    <\/div>\n    <\/div>\n<\/section>\n\n<section class=\"pane pane--primary\">\n    <div class=\"container\">\n        <div class=\"row g-4 g-lg-8 g-xl-15 g-xxl-25 align-items-center \">\n                            <div class=\"col-12 col-lg-8\">\n                                        <div class=\"pane__text\">\n                        <div class=\"col-xl-6 col-lg-6 col-md-12 opties\">\n<h3><span style=\"color: #0e2d46; font-size: 38px; font-weight: bold; text-align: var(--bs-body-text-align);\">Control de mercanc\u00edas entrantes<\/span><\/h3>\n<\/div>\n<p>Nuestras operaciones de almac\u00e9n incluyen inspecciones exhaustivas de las mercanc\u00edas entrantes para garantizar precisi\u00f3n y calidad. Verificamos cantidades, inspeccionamos el estado de los productos y revisamos la documentaci\u00f3n. Cada art\u00edculo se mide, pesa y fotograf\u00eda para asegurar el cumplimiento total de los requisitos del cliente y los est\u00e1ndares de la industria.  <\/p>\n<h3>Almacenamiento, consolidaci\u00f3n y reempaque<\/h3>\n<p>Despu\u00e9s de la inspecci\u00f3n, los productos se almacenan de forma segura hasta su despacho programado. Ofrecemos servicios profesionales de consolidaci\u00f3n y reempaque para optimizar la eficiencia de la carga y garantizar el cumplimiento de las especificaciones del cliente. Los env\u00edos pueden dirigirse a destinos finales, transferirse a centros log\u00edsticos o recogerse directamente en nuestro almac\u00e9n, proporcionando soluciones flexibles y confiables en la cadena de suministro.  <\/p>\n<h3>Stock en dep\u00f3sito aduanero<\/h3>\n<p>Ofrecemos almacenamiento en dep\u00f3sito aduanero bajo estricta supervisi\u00f3n de aduanas, asegurando el cumplimiento total de las normativas internacionales. Este servicio permite diferir el pago de aranceles e impuestos hasta que las mercanc\u00edas se liberen para uso nacional o exportaci\u00f3n, mejorando el flujo de caja y agilizando la gesti\u00f3n de la cadena de suministro. <\/p>\n<h2><\/h2>\n                                                \n\n\n\n\n\n\n                    <\/div>\n                <\/div>\n                                        <div class=\"col-12 col-lg\">\n                    <figure class=\"figure figure--rounded\">\n                        <img decoding=\"async\" width=\"1024\" height=\"1024\" src=\"https:\/\/www.corlidogroup.com\/wp-content\/uploads\/2024\/09\/Ontwerp-zonder-titel-1024x1024.png\" class=\"img-fluid\" alt=\"\" loading=\"lazy\" srcset=\"https:\/\/www.corlidogroup.com\/wp-content\/uploads\/2024\/09\/Ontwerp-zonder-titel-1024x1024.png 1024w, https:\/\/www.corlidogroup.com\/wp-content\/uploads\/2024\/09\/Ontwerp-zonder-titel-300x300.png 300w, https:\/\/www.corlidogroup.com\/wp-content\/uploads\/2024\/09\/Ontwerp-zonder-titel-150x150.png 150w, https:\/\/www.corlidogroup.com\/wp-content\/uploads\/2024\/09\/Ontwerp-zonder-titel-768x768.png 768w, https:\/\/www.corlidogroup.com\/wp-content\/uploads\/2024\/09\/Ontwerp-zonder-titel-70x70.png 70w, https:\/\/www.corlidogroup.com\/wp-content\/uploads\/2024\/09\/Ontwerp-zonder-titel.png 1080w\" sizes=\"auto, (max-width: 1024px) 100vw, 1024px\" \/>                    <\/figure>\n                <\/div>\n                    <\/div>\n    <\/div>\n<\/section>\n\n<section class=\"pane pane--white\">\n    <div class=\"container\">\n        <div class=\"row g-4 g-lg-8 g-xl-15 g-xxl-25 align-items-center \">\n                            <div class=\"col-12 col-lg-8\">\n                                        <div class=\"pane__text\">\n                        <h3>Ventajas<\/h3>\n<p>No es necesario pagar aranceles de importaci\u00f3n ni otros cargos por las mercanc\u00edas. Tampoco Corlido Group tiene que cumplir con medidas de pol\u00edtica comercial, siempre que estas no proh\u00edban la entrada o salida de las mercanc\u00edas del territorio aduanero. Esto ofrece una ventaja econ\u00f3mica. Corlido Group tambi\u00e9n utiliza el almac\u00e9n aduanero como centro de distribuci\u00f3n.   <\/p>\n<ul>\n<li>Despreoc\u00fapese del almac\u00e9n<\/li>\n<li>100% de fiabilidad en las entregas<\/li>\n<li>Sin entregas parciales<\/li>\n<\/ul>\n                                                \n\n\n\n\n\n\n                    <\/div>\n                <\/div>\n                                <\/div>\n    <\/div>\n<\/section>\n\n<section class=\"pane pane--white\">\n    <div class=\"container\">\n        <div class=\"row g-4 g-lg-8 g-xl-15 g-xxl-25 align-items-center \">\n                            <div class=\"col-12 col-lg-8\">\n                                        <div class=\"pane__text\">\n                        <h3>Opciones de entrega<\/h3>\n<h5>Entrega Consolidada<\/h5>\n<p>Los proveedores entregan las mercanc\u00edas al almac\u00e9n de Corlido, donde realizamos inspecciones exhaustivas para detectar faltantes, da\u00f1os y verificar la documentaci\u00f3n. Los art\u00edculos se reempaquetan, etiquetan y combinan en un \u00fanico env\u00edo consolidado hacia los destinos programados. <\/p>\n<p>Beneficios de los env\u00edos consolidados:<\/p>\n<ul>\n<li>Garantiza precisi\u00f3n y cumplimiento mediante el riguroso control de calidad de Corlido<\/li>\n<li>Combina pedidos de varios proveedores en una entrega eficiente<\/li>\n<li>Reduce movimientos de transporte, disminuyendo las emisiones de CO\u2082<\/li>\n<li>Minimiza materiales de embalaje y residuos<\/li>\n<li>Simplifica los procesos de recepci\u00f3n para los clientes<\/li>\n<\/ul>\n<h5>Entrega Directa y Expr\u00e9s<\/h5>\n<p>Para pedidos urgentes o sensibles al tiempo, las mercanc\u00edas pueden enviarse directamente del proveedor o fabricante al cliente sin pasar por nuestro almac\u00e9n. Esto incluye env\u00edos directos al cliente (drop shipments). <\/p>\n<p>Beneficios de los env\u00edos directos:<\/p>\n<ul>\n<li>Entrega m\u00e1s r\u00e1pida con m\u00ednima manipulaci\u00f3n<\/li>\n<li>Opciones flexibles de entrega expr\u00e9s disponibles<\/li>\n<\/ul>\n                                                \n\n\n\n\n\n\n                    <\/div>\n                <\/div>\n                                <\/div>\n    <\/div>\n<\/section>\n","protected":false},"excerpt":{"rendered":"","protected":false},"author":2,"featured_media":0,"parent":0,"menu_order":0,"comment_status":"closed","ping_status":"closed","template":"","meta":{"_acf_changed":false,"_monsterinsights_skip_tracking":false,"_monsterinsights_sitenote_active":false,"_monsterinsights_sitenote_note":"","_monsterinsights_sitenote_category":0,"footnotes":""},"class_list":["post-2855","page","type-page","status-publish","hentry"],"acf":[],"yoast_head":"<!-- This site is optimized with the Yoast SEO plugin v27.4 - https:\/\/yoast.com\/product\/yoast-seo-wordpress\/ -->\n<title>Almacenamiento - Corlido<\/title>\n<meta name=\"robots\" content=\"index, follow, max-snippet:-1, max-image-preview:large, max-video-preview:-1\" \/>\n<link rel=\"canonical\" href=\"https:\/\/www.corlidogroup.com\/es\/almacenamiento\/\" \/>\n<meta property=\"og:locale\" content=\"es_ES\" \/>\n<meta property=\"og:type\" content=\"article\" \/>\n<meta property=\"og:title\" content=\"Almacenamiento - Corlido\" \/>\n<meta property=\"og:url\" content=\"https:\/\/www.corlidogroup.com\/es\/almacenamiento\/\" \/>\n<meta property=\"og:site_name\" content=\"Corlido\" \/>\n<meta property=\"article:publisher\" content=\"https:\/\/www.facebook.com\/CorlidoGroup\/\" \/>\n<meta property=\"article:modified_time\" content=\"2026-02-10T12:06:05+00:00\" \/>\n<meta name=\"twitter:card\" content=\"summary_large_image\" \/>\n<script type=\"application\/ld+json\" class=\"yoast-schema-graph\">{\"@context\":\"https:\\\/\\\/schema.org\",\"@graph\":[{\"@type\":\"WebPage\",\"@id\":\"https:\\\/\\\/www.corlidogroup.com\\\/es\\\/almacenamiento\\\/\",\"url\":\"https:\\\/\\\/www.corlidogroup.com\\\/es\\\/almacenamiento\\\/\",\"name\":\"Almacenamiento - Corlido\",\"isPartOf\":{\"@id\":\"https:\\\/\\\/www.corlidogroup.com\\\/es\\\/#website\"},\"datePublished\":\"2024-09-16T09:46:30+00:00\",\"dateModified\":\"2026-02-10T12:06:05+00:00\",\"breadcrumb\":{\"@id\":\"https:\\\/\\\/www.corlidogroup.com\\\/es\\\/almacenamiento\\\/#breadcrumb\"},\"inLanguage\":\"es\",\"potentialAction\":[{\"@type\":\"ReadAction\",\"target\":[\"https:\\\/\\\/www.corlidogroup.com\\\/es\\\/almacenamiento\\\/\"]}]},{\"@type\":\"BreadcrumbList\",\"@id\":\"https:\\\/\\\/www.corlidogroup.com\\\/es\\\/almacenamiento\\\/#breadcrumb\",\"itemListElement\":[{\"@type\":\"ListItem\",\"position\":1,\"name\":\"Home\",\"item\":\"https:\\\/\\\/www.corlidogroup.com\\\/es\\\/\"},{\"@type\":\"ListItem\",\"position\":2,\"name\":\"Almacenamiento\"}]},{\"@type\":\"WebSite\",\"@id\":\"https:\\\/\\\/www.corlidogroup.com\\\/es\\\/#website\",\"url\":\"https:\\\/\\\/www.corlidogroup.com\\\/es\\\/\",\"name\":\"Corlido Group\",\"description\":\"We optimise your procurement process\",\"publisher\":{\"@id\":\"https:\\\/\\\/www.corlidogroup.com\\\/es\\\/#organization\"},\"potentialAction\":[{\"@type\":\"SearchAction\",\"target\":{\"@type\":\"EntryPoint\",\"urlTemplate\":\"https:\\\/\\\/www.corlidogroup.com\\\/es\\\/?s={search_term_string}\"},\"query-input\":{\"@type\":\"PropertyValueSpecification\",\"valueRequired\":true,\"valueName\":\"search_term_string\"}}],\"inLanguage\":\"es\"},{\"@type\":\"Organization\",\"@id\":\"https:\\\/\\\/www.corlidogroup.com\\\/es\\\/#organization\",\"name\":\"Corlido Group\",\"url\":\"https:\\\/\\\/www.corlidogroup.com\\\/es\\\/\",\"logo\":{\"@type\":\"ImageObject\",\"inLanguage\":\"es\",\"@id\":\"https:\\\/\\\/www.corlidogroup.com\\\/es\\\/#\\\/schema\\\/logo\\\/image\\\/\",\"url\":\"https:\\\/\\\/www.corlidogroup.com\\\/wp-content\\\/uploads\\\/2024\\\/02\\\/cropped-Corlido-favicon.png\",\"contentUrl\":\"https:\\\/\\\/www.corlidogroup.com\\\/wp-content\\\/uploads\\\/2024\\\/02\\\/cropped-Corlido-favicon.png\",\"width\":512,\"height\":512,\"caption\":\"Corlido Group\"},\"image\":{\"@id\":\"https:\\\/\\\/www.corlidogroup.com\\\/es\\\/#\\\/schema\\\/logo\\\/image\\\/\"},\"sameAs\":[\"https:\\\/\\\/www.facebook.com\\\/CorlidoGroup\\\/\",\"https:\\\/\\\/www.linkedin.com\\\/company\\\/1372474\\\/\",\"https:\\\/\\\/www.instagram.com\\\/corlidogroup\\\/\"]}]}<\/script>\n<!-- \/ Yoast SEO plugin. -->","yoast_head_json":{"title":"Almacenamiento - Corlido","robots":{"index":"index","follow":"follow","max-snippet":"max-snippet:-1","max-image-preview":"max-image-preview:large","max-video-preview":"max-video-preview:-1"},"canonical":"https:\/\/www.corlidogroup.com\/es\/almacenamiento\/","og_locale":"es_ES","og_type":"article","og_title":"Almacenamiento - Corlido","og_url":"https:\/\/www.corlidogroup.com\/es\/almacenamiento\/","og_site_name":"Corlido","article_publisher":"https:\/\/www.facebook.com\/CorlidoGroup\/","article_modified_time":"2026-02-10T12:06:05+00:00","twitter_card":"summary_large_image","schema":{"@context":"https:\/\/schema.org","@graph":[{"@type":"WebPage","@id":"https:\/\/www.corlidogroup.com\/es\/almacenamiento\/","url":"https:\/\/www.corlidogroup.com\/es\/almacenamiento\/","name":"Almacenamiento - Corlido","isPartOf":{"@id":"https:\/\/www.corlidogroup.com\/es\/#website"},"datePublished":"2024-09-16T09:46:30+00:00","dateModified":"2026-02-10T12:06:05+00:00","breadcrumb":{"@id":"https:\/\/www.corlidogroup.com\/es\/almacenamiento\/#breadcrumb"},"inLanguage":"es","potentialAction":[{"@type":"ReadAction","target":["https:\/\/www.corlidogroup.com\/es\/almacenamiento\/"]}]},{"@type":"BreadcrumbList","@id":"https:\/\/www.corlidogroup.com\/es\/almacenamiento\/#breadcrumb","itemListElement":[{"@type":"ListItem","position":1,"name":"Home","item":"https:\/\/www.corlidogroup.com\/es\/"},{"@type":"ListItem","position":2,"name":"Almacenamiento"}]},{"@type":"WebSite","@id":"https:\/\/www.corlidogroup.com\/es\/#website","url":"https:\/\/www.corlidogroup.com\/es\/","name":"Corlido Group","description":"We optimise your procurement process","publisher":{"@id":"https:\/\/www.corlidogroup.com\/es\/#organization"},"potentialAction":[{"@type":"SearchAction","target":{"@type":"EntryPoint","urlTemplate":"https:\/\/www.corlidogroup.com\/es\/?s={search_term_string}"},"query-input":{"@type":"PropertyValueSpecification","valueRequired":true,"valueName":"search_term_string"}}],"inLanguage":"es"},{"@type":"Organization","@id":"https:\/\/www.corlidogroup.com\/es\/#organization","name":"Corlido Group","url":"https:\/\/www.corlidogroup.com\/es\/","logo":{"@type":"ImageObject","inLanguage":"es","@id":"https:\/\/www.corlidogroup.com\/es\/#\/schema\/logo\/image\/","url":"https:\/\/www.corlidogroup.com\/wp-content\/uploads\/2024\/02\/cropped-Corlido-favicon.png","contentUrl":"https:\/\/www.corlidogroup.com\/wp-content\/uploads\/2024\/02\/cropped-Corlido-favicon.png","width":512,"height":512,"caption":"Corlido Group"},"image":{"@id":"https:\/\/www.corlidogroup.com\/es\/#\/schema\/logo\/image\/"},"sameAs":["https:\/\/www.facebook.com\/CorlidoGroup\/","https:\/\/www.linkedin.com\/company\/1372474\/","https:\/\/www.instagram.com\/corlidogroup\/"]}]}},"_links":{"self":[{"href":"https:\/\/www.corlidogroup.com\/es\/wp-json\/wp\/v2\/pages\/2855","targetHints":{"allow":["GET"]}}],"collection":[{"href":"https:\/\/www.corlidogroup.com\/es\/wp-json\/wp\/v2\/pages"}],"about":[{"href":"https:\/\/www.corlidogroup.com\/es\/wp-json\/wp\/v2\/types\/page"}],"author":[{"embeddable":true,"href":"https:\/\/www.corlidogroup.com\/es\/wp-json\/wp\/v2\/users\/2"}],"replies":[{"embeddable":true,"href":"https:\/\/www.corlidogroup.com\/es\/wp-json\/wp\/v2\/comments?post=2855"}],"version-history":[{"count":1,"href":"https:\/\/www.corlidogroup.com\/es\/wp-json\/wp\/v2\/pages\/2855\/revisions"}],"predecessor-version":[{"id":2860,"href":"https:\/\/www.corlidogroup.com\/es\/wp-json\/wp\/v2\/pages\/2855\/revisions\/2860"}],"wp:attachment":[{"href":"https:\/\/www.corlidogroup.com\/es\/wp-json\/wp\/v2\/media?parent=2855"}],"curies":[{"name":"wp","href":"https:\/\/api.w.org\/{rel}","templated":true}]}}