{"id":2885,"date":"2024-02-09T14:18:46","date_gmt":"2024-02-09T13:18:46","guid":{"rendered":"https:\/\/www.corlidogroup.com\/manejo-de-materiales-material-handling\/"},"modified":"2026-03-27T12:46:43","modified_gmt":"2026-03-27T11:46:43","slug":"manejo-de-materiales-material-handling","status":"publish","type":"page","link":"https:\/\/www.corlidogroup.com\/es\/manejo-de-materiales-material-handling\/","title":{"rendered":"Material Handling"},"content":{"rendered":"\n<section class=\"pane pane--white pane--gradient\">\n    <div class=\"container\">\n        <div class=\"row g-4 g-lg-8 g-xl-15 g-xxl-25 align-items-center \">\n                            <div class=\"col-12 col-lg-7\">\n                                        <div class=\"pane__text\">\n                        <p>Corlido Material Handling, tambi\u00e9n conocido como Weldon, cuenta con m\u00e1s de 30 a\u00f1os de experiencia en la fabricaci\u00f3n e importaci\u00f3n de equipos de transporte interno. Adem\u00e1s de nuestros productos con marca propia, ayudamos a las empresas a importar transpaletas manuales y (semi)el\u00e9ctricas, apiladores y mesas elevadoras. Corlido se encarga de todo el proceso, lo que significa que tendr\u00e1s un \u00fanico punto de contacto durante toda la producci\u00f3n e importaci\u00f3n.  <\/p>\n<p>Nuestros productos se caracterizan por su alta calidad a un precio competitivo. Comercializamos las marcas Weldon, Noblelift, Xilin y EP. Con un amplio stock de transpaletas, mesas elevadoras y apiladores, nuestra tienda online es ideal para ordenar f\u00e1cilmente equipos de transporte interno en l\u00ednea.  <\/p>\n                                                \n\n\n\n\n    <div class=\"pane__button-group\">\n        <div class=\"row g-2 g-lg-3 justify-content-start\">\n                            <div class=\"col-auto\">\n                                                                <a class=\"btn btn-tertiary\" href=\"https:\/\/weldon.nl\/?_gl=1%2A1kae9x4%2A_up%2AMQ..&amp;gclid=CjwKCAjw_ZC2BhAQEiwAXSgClhnkPU_FzKCqXBGq6m7YvmZ5SbsUbgNZwdbSQGoGQ7qGzs_X_DzmfBoCA3QQAvD_BwE\" target=\"_self\">\n                            <span class=\"btn__text\">Haz tu pedido ahora en Weldon.nl <\/span>\n                            <svg class=\"icon icon--12 icon--arrow\">\n                                <use xlink:href=\"https:\/\/www.corlidogroup.com\/wp-content\/themes\/corlido\/build\/img\/symbols.svg#arrow-right\"><\/use>\n                            <\/svg>\n                        <\/a>\n                                    <\/div>\n                    <\/div>\n    <\/div>\n\n\n                    <\/div>\n                <\/div>\n                                        <div class=\"col-12 col-lg\">\n                    <figure class=\"figure figure--rounded\">\n                        <img decoding=\"async\" width=\"1024\" height=\"768\" src=\"https:\/\/www.corlidogroup.com\/wp-content\/uploads\/2024\/04\/PHOTO-2023-02-20-12-36-01-1024x768.jpg\" class=\"img-fluid\" alt=\"\" loading=\"lazy\" srcset=\"https:\/\/www.corlidogroup.com\/wp-content\/uploads\/2024\/04\/PHOTO-2023-02-20-12-36-01-1024x768.jpg 1024w, https:\/\/www.corlidogroup.com\/wp-content\/uploads\/2024\/04\/PHOTO-2023-02-20-12-36-01-300x225.jpg 300w, https:\/\/www.corlidogroup.com\/wp-content\/uploads\/2024\/04\/PHOTO-2023-02-20-12-36-01-768x576.jpg 768w, https:\/\/www.corlidogroup.com\/wp-content\/uploads\/2024\/04\/PHOTO-2023-02-20-12-36-01-1536x1152.jpg 1536w, https:\/\/www.corlidogroup.com\/wp-content\/uploads\/2024\/04\/PHOTO-2023-02-20-12-36-01-70x53.jpg 70w, https:\/\/www.corlidogroup.com\/wp-content\/uploads\/2024\/04\/PHOTO-2023-02-20-12-36-01.jpg 1600w\" sizes=\"auto, (max-width: 1024px) 100vw, 1024px\" \/>                    <\/figure>\n                <\/div>\n                    <\/div>\n    <\/div>\n<\/section>\n\n<section class=\"pane pane--white\">\n    <div class=\"container\">\n        <div class=\"row g-4 g-lg-8 g-xl-15 justify-content-center\">\n                                                <div class=\"col-12 col-lg-8\">\n                        <h2 style=\"text-align: center\">Nuestros Productos<\/h2>\n                                            <\/div>\n                                    <\/div>\n                \n    <\/div>\n<\/section>\n\n<section class=\"pane pane--white\">\n    <div class=\"container\">\n        <div class=\"row g-4 g-lg-8 g-xl-15 justify-content-center\">\n                                                <div class=\"col-12 col-lg-4\">\n                                                    <figure class=\"figure figure--rounded\">\n                                <img decoding=\"async\" width=\"500\" height=\"569\" src=\"https:\/\/www.corlidogroup.com\/wp-content\/uploads\/2024\/03\/Schaarpalletwagen.jpg\" class=\"img-fluid\" alt=\"\" loading=\"lazy\" srcset=\"https:\/\/www.corlidogroup.com\/wp-content\/uploads\/2024\/03\/Schaarpalletwagen.jpg 500w, https:\/\/www.corlidogroup.com\/wp-content\/uploads\/2024\/03\/Schaarpalletwagen-264x300.jpg 264w, https:\/\/www.corlidogroup.com\/wp-content\/uploads\/2024\/03\/Schaarpalletwagen-62x70.jpg 62w\" sizes=\"auto, (max-width: 500px) 100vw, 500px\" \/>                            <\/figure>\n                                            <\/div>\n                                    <div class=\"col-12 col-lg-4\">\n                                                    <figure class=\"figure figure--rounded\">\n                                <img decoding=\"async\" width=\"817\" height=\"817\" src=\"https:\/\/www.corlidogroup.com\/wp-content\/uploads\/2024\/03\/Wegende-hand-palletwagens.jpg\" class=\"img-fluid\" alt=\"\" loading=\"lazy\" srcset=\"https:\/\/www.corlidogroup.com\/wp-content\/uploads\/2024\/03\/Wegende-hand-palletwagens.jpg 817w, https:\/\/www.corlidogroup.com\/wp-content\/uploads\/2024\/03\/Wegende-hand-palletwagens-300x300.jpg 300w, https:\/\/www.corlidogroup.com\/wp-content\/uploads\/2024\/03\/Wegende-hand-palletwagens-150x150.jpg 150w, https:\/\/www.corlidogroup.com\/wp-content\/uploads\/2024\/03\/Wegende-hand-palletwagens-768x768.jpg 768w, https:\/\/www.corlidogroup.com\/wp-content\/uploads\/2024\/03\/Wegende-hand-palletwagens-70x70.jpg 70w\" sizes=\"auto, (max-width: 817px) 100vw, 817px\" \/>                            <\/figure>\n                                            <\/div>\n                                    <div class=\"col-12 col-lg-4\">\n                                                    <figure class=\"figure figure--rounded\">\n                                <img decoding=\"async\" width=\"792\" height=\"690\" src=\"https:\/\/www.corlidogroup.com\/wp-content\/uploads\/2024\/03\/RVS1.jpg\" class=\"img-fluid\" alt=\"\" loading=\"lazy\" srcset=\"https:\/\/www.corlidogroup.com\/wp-content\/uploads\/2024\/03\/RVS1.jpg 792w, https:\/\/www.corlidogroup.com\/wp-content\/uploads\/2024\/03\/RVS1-300x261.jpg 300w, https:\/\/www.corlidogroup.com\/wp-content\/uploads\/2024\/03\/RVS1-768x669.jpg 768w, https:\/\/www.corlidogroup.com\/wp-content\/uploads\/2024\/03\/RVS1-70x61.jpg 70w\" sizes=\"auto, (max-width: 792px) 100vw, 792px\" \/>                            <\/figure>\n                                            <\/div>\n                                    <div class=\"col-12 col-lg-4\">\n                                                    <figure class=\"figure figure--rounded\">\n                                <img decoding=\"async\" width=\"800\" height=\"768\" src=\"https:\/\/www.corlidogroup.com\/wp-content\/uploads\/2024\/03\/Mobiele-heftafels.jpg\" class=\"img-fluid\" alt=\"\" loading=\"lazy\" srcset=\"https:\/\/www.corlidogroup.com\/wp-content\/uploads\/2024\/03\/Mobiele-heftafels.jpg 800w, https:\/\/www.corlidogroup.com\/wp-content\/uploads\/2024\/03\/Mobiele-heftafels-300x288.jpg 300w, https:\/\/www.corlidogroup.com\/wp-content\/uploads\/2024\/03\/Mobiele-heftafels-768x737.jpg 768w, https:\/\/www.corlidogroup.com\/wp-content\/uploads\/2024\/03\/Mobiele-heftafels-70x67.jpg 70w\" sizes=\"auto, (max-width: 800px) 100vw, 800px\" \/>                            <\/figure>\n                                            <\/div>\n                                    <div class=\"col-12 col-lg-4\">\n                                                    <figure class=\"figure figure--rounded\">\n                                <img decoding=\"async\" width=\"425\" height=\"425\" src=\"https:\/\/www.corlidogroup.com\/wp-content\/uploads\/2024\/03\/Onderdelen.jpg\" class=\"img-fluid\" alt=\"\" loading=\"lazy\" srcset=\"https:\/\/www.corlidogroup.com\/wp-content\/uploads\/2024\/03\/Onderdelen.jpg 425w, https:\/\/www.corlidogroup.com\/wp-content\/uploads\/2024\/03\/Onderdelen-300x300.jpg 300w, https:\/\/www.corlidogroup.com\/wp-content\/uploads\/2024\/03\/Onderdelen-150x150.jpg 150w, https:\/\/www.corlidogroup.com\/wp-content\/uploads\/2024\/03\/Onderdelen-70x70.jpg 70w\" sizes=\"auto, (max-width: 425px) 100vw, 425px\" \/>                            <\/figure>\n                                            <\/div>\n                                    <div class=\"col-12 col-lg-4\">\n                                                    <figure class=\"figure figure--rounded\">\n                                <img decoding=\"async\" width=\"768\" height=\"768\" src=\"https:\/\/www.corlidogroup.com\/wp-content\/uploads\/2024\/03\/Stapelaars.jpg\" class=\"img-fluid\" alt=\"\" loading=\"lazy\" srcset=\"https:\/\/www.corlidogroup.com\/wp-content\/uploads\/2024\/03\/Stapelaars.jpg 768w, https:\/\/www.corlidogroup.com\/wp-content\/uploads\/2024\/03\/Stapelaars-300x300.jpg 300w, https:\/\/www.corlidogroup.com\/wp-content\/uploads\/2024\/03\/Stapelaars-150x150.jpg 150w, https:\/\/www.corlidogroup.com\/wp-content\/uploads\/2024\/03\/Stapelaars-70x70.jpg 70w\" sizes=\"auto, (max-width: 768px) 100vw, 768px\" \/>                            <\/figure>\n                                            <\/div>\n                                                    \n\n    <div class=\"pane__button-group\">\n        <div class=\"row g-2 g-lg-3 justify-content-center\">\n                            <div class=\"col-auto\">\n                                                                <a class=\"btn btn-primary\" href=\"https:\/\/weldon.nl\/\" target=\"_self\">\n                            <span class=\"btn__text\">Ver m\u00e1s de nuestros productos<\/span>\n                            <svg class=\"icon icon--12 icon--arrow\">\n                                <use xlink:href=\"https:\/\/www.corlidogroup.com\/wp-content\/themes\/corlido\/build\/img\/symbols.svg#arrow-right\"><\/use>\n                            <\/svg>\n                        <\/a>\n                                    <\/div>\n                    <\/div>\n    <\/div>\n\n\n        <\/div>\n    <\/div>\n<\/section>\n","protected":false},"excerpt":{"rendered":"","protected":false},"author":1,"featured_media":1580,"parent":0,"menu_order":5,"comment_status":"closed","ping_status":"closed","template":"","meta":{"_acf_changed":false,"_monsterinsights_skip_tracking":false,"_monsterinsights_sitenote_active":false,"_monsterinsights_sitenote_note":"","_monsterinsights_sitenote_category":0,"footnotes":""},"class_list":["post-2885","page","type-page","status-publish","has-post-thumbnail","hentry"],"acf":[],"yoast_head":"<!-- This site is optimized with the Yoast SEO plugin v27.3 - https:\/\/yoast.com\/product\/yoast-seo-wordpress\/ -->\n<title>Material Handling - Corlido<\/title>\n<meta name=\"robots\" content=\"index, follow, max-snippet:-1, max-image-preview:large, max-video-preview:-1\" \/>\n<link rel=\"canonical\" href=\"https:\/\/www.corlidogroup.com\/es\/manejo-de-materiales-material-handling\/\" \/>\n<meta property=\"og:locale\" content=\"es_ES\" \/>\n<meta property=\"og:type\" content=\"article\" \/>\n<meta property=\"og:title\" content=\"Material Handling - Corlido\" \/>\n<meta property=\"og:url\" content=\"https:\/\/www.corlidogroup.com\/es\/manejo-de-materiales-material-handling\/\" \/>\n<meta property=\"og:site_name\" content=\"Corlido\" \/>\n<meta property=\"article:publisher\" content=\"https:\/\/www.facebook.com\/CorlidoGroup\/\" \/>\n<meta property=\"article:modified_time\" content=\"2026-03-27T11:46:43+00:00\" \/>\n<meta property=\"og:image\" content=\"https:\/\/www.corlidogroup.com\/wp-content\/uploads\/2024\/04\/PHOTO-2023-02-20-12-36-04.jpg\" \/>\n\t<meta property=\"og:image:width\" content=\"1600\" \/>\n\t<meta property=\"og:image:height\" content=\"1200\" \/>\n\t<meta property=\"og:image:type\" content=\"image\/jpeg\" \/>\n<meta name=\"twitter:card\" content=\"summary_large_image\" \/>\n<script type=\"application\/ld+json\" class=\"yoast-schema-graph\">{\"@context\":\"https:\\\/\\\/schema.org\",\"@graph\":[{\"@type\":\"WebPage\",\"@id\":\"https:\\\/\\\/www.corlidogroup.com\\\/es\\\/manejo-de-materiales-material-handling\\\/\",\"url\":\"https:\\\/\\\/www.corlidogroup.com\\\/es\\\/manejo-de-materiales-material-handling\\\/\",\"name\":\"Material Handling - Corlido\",\"isPartOf\":{\"@id\":\"https:\\\/\\\/www.corlidogroup.com\\\/es\\\/#website\"},\"primaryImageOfPage\":{\"@id\":\"https:\\\/\\\/www.corlidogroup.com\\\/es\\\/manejo-de-materiales-material-handling\\\/#primaryimage\"},\"image\":{\"@id\":\"https:\\\/\\\/www.corlidogroup.com\\\/es\\\/manejo-de-materiales-material-handling\\\/#primaryimage\"},\"thumbnailUrl\":\"https:\\\/\\\/www.corlidogroup.com\\\/wp-content\\\/uploads\\\/2024\\\/04\\\/PHOTO-2023-02-20-12-36-04.jpg\",\"datePublished\":\"2024-02-09T13:18:46+00:00\",\"dateModified\":\"2026-03-27T11:46:43+00:00\",\"breadcrumb\":{\"@id\":\"https:\\\/\\\/www.corlidogroup.com\\\/es\\\/manejo-de-materiales-material-handling\\\/#breadcrumb\"},\"inLanguage\":\"es\",\"potentialAction\":[{\"@type\":\"ReadAction\",\"target\":[\"https:\\\/\\\/www.corlidogroup.com\\\/es\\\/manejo-de-materiales-material-handling\\\/\"]}]},{\"@type\":\"ImageObject\",\"inLanguage\":\"es\",\"@id\":\"https:\\\/\\\/www.corlidogroup.com\\\/es\\\/manejo-de-materiales-material-handling\\\/#primaryimage\",\"url\":\"https:\\\/\\\/www.corlidogroup.com\\\/wp-content\\\/uploads\\\/2024\\\/04\\\/PHOTO-2023-02-20-12-36-04.jpg\",\"contentUrl\":\"https:\\\/\\\/www.corlidogroup.com\\\/wp-content\\\/uploads\\\/2024\\\/04\\\/PHOTO-2023-02-20-12-36-04.jpg\",\"width\":1600,\"height\":1200},{\"@type\":\"BreadcrumbList\",\"@id\":\"https:\\\/\\\/www.corlidogroup.com\\\/es\\\/manejo-de-materiales-material-handling\\\/#breadcrumb\",\"itemListElement\":[{\"@type\":\"ListItem\",\"position\":1,\"name\":\"Home\",\"item\":\"https:\\\/\\\/www.corlidogroup.com\\\/es\\\/\"},{\"@type\":\"ListItem\",\"position\":2,\"name\":\"Material Handling\"}]},{\"@type\":\"WebSite\",\"@id\":\"https:\\\/\\\/www.corlidogroup.com\\\/es\\\/#website\",\"url\":\"https:\\\/\\\/www.corlidogroup.com\\\/es\\\/\",\"name\":\"Corlido Group\",\"description\":\"We optimise your procurement process\",\"publisher\":{\"@id\":\"https:\\\/\\\/www.corlidogroup.com\\\/es\\\/#organization\"},\"potentialAction\":[{\"@type\":\"SearchAction\",\"target\":{\"@type\":\"EntryPoint\",\"urlTemplate\":\"https:\\\/\\\/www.corlidogroup.com\\\/es\\\/?s={search_term_string}\"},\"query-input\":{\"@type\":\"PropertyValueSpecification\",\"valueRequired\":true,\"valueName\":\"search_term_string\"}}],\"inLanguage\":\"es\"},{\"@type\":\"Organization\",\"@id\":\"https:\\\/\\\/www.corlidogroup.com\\\/es\\\/#organization\",\"name\":\"Corlido Group\",\"url\":\"https:\\\/\\\/www.corlidogroup.com\\\/es\\\/\",\"logo\":{\"@type\":\"ImageObject\",\"inLanguage\":\"es\",\"@id\":\"https:\\\/\\\/www.corlidogroup.com\\\/es\\\/#\\\/schema\\\/logo\\\/image\\\/\",\"url\":\"https:\\\/\\\/www.corlidogroup.com\\\/wp-content\\\/uploads\\\/2024\\\/02\\\/cropped-Corlido-favicon.png\",\"contentUrl\":\"https:\\\/\\\/www.corlidogroup.com\\\/wp-content\\\/uploads\\\/2024\\\/02\\\/cropped-Corlido-favicon.png\",\"width\":512,\"height\":512,\"caption\":\"Corlido Group\"},\"image\":{\"@id\":\"https:\\\/\\\/www.corlidogroup.com\\\/es\\\/#\\\/schema\\\/logo\\\/image\\\/\"},\"sameAs\":[\"https:\\\/\\\/www.facebook.com\\\/CorlidoGroup\\\/\",\"https:\\\/\\\/www.linkedin.com\\\/company\\\/1372474\\\/\",\"https:\\\/\\\/www.instagram.com\\\/corlidogroup\\\/\"]}]}<\/script>\n<!-- \/ Yoast SEO plugin. -->","yoast_head_json":{"title":"Material Handling - Corlido","robots":{"index":"index","follow":"follow","max-snippet":"max-snippet:-1","max-image-preview":"max-image-preview:large","max-video-preview":"max-video-preview:-1"},"canonical":"https:\/\/www.corlidogroup.com\/es\/manejo-de-materiales-material-handling\/","og_locale":"es_ES","og_type":"article","og_title":"Material Handling - Corlido","og_url":"https:\/\/www.corlidogroup.com\/es\/manejo-de-materiales-material-handling\/","og_site_name":"Corlido","article_publisher":"https:\/\/www.facebook.com\/CorlidoGroup\/","article_modified_time":"2026-03-27T11:46:43+00:00","og_image":[{"width":1600,"height":1200,"url":"https:\/\/www.corlidogroup.com\/wp-content\/uploads\/2024\/04\/PHOTO-2023-02-20-12-36-04.jpg","type":"image\/jpeg"}],"twitter_card":"summary_large_image","schema":{"@context":"https:\/\/schema.org","@graph":[{"@type":"WebPage","@id":"https:\/\/www.corlidogroup.com\/es\/manejo-de-materiales-material-handling\/","url":"https:\/\/www.corlidogroup.com\/es\/manejo-de-materiales-material-handling\/","name":"Material Handling - Corlido","isPartOf":{"@id":"https:\/\/www.corlidogroup.com\/es\/#website"},"primaryImageOfPage":{"@id":"https:\/\/www.corlidogroup.com\/es\/manejo-de-materiales-material-handling\/#primaryimage"},"image":{"@id":"https:\/\/www.corlidogroup.com\/es\/manejo-de-materiales-material-handling\/#primaryimage"},"thumbnailUrl":"https:\/\/www.corlidogroup.com\/wp-content\/uploads\/2024\/04\/PHOTO-2023-02-20-12-36-04.jpg","datePublished":"2024-02-09T13:18:46+00:00","dateModified":"2026-03-27T11:46:43+00:00","breadcrumb":{"@id":"https:\/\/www.corlidogroup.com\/es\/manejo-de-materiales-material-handling\/#breadcrumb"},"inLanguage":"es","potentialAction":[{"@type":"ReadAction","target":["https:\/\/www.corlidogroup.com\/es\/manejo-de-materiales-material-handling\/"]}]},{"@type":"ImageObject","inLanguage":"es","@id":"https:\/\/www.corlidogroup.com\/es\/manejo-de-materiales-material-handling\/#primaryimage","url":"https:\/\/www.corlidogroup.com\/wp-content\/uploads\/2024\/04\/PHOTO-2023-02-20-12-36-04.jpg","contentUrl":"https:\/\/www.corlidogroup.com\/wp-content\/uploads\/2024\/04\/PHOTO-2023-02-20-12-36-04.jpg","width":1600,"height":1200},{"@type":"BreadcrumbList","@id":"https:\/\/www.corlidogroup.com\/es\/manejo-de-materiales-material-handling\/#breadcrumb","itemListElement":[{"@type":"ListItem","position":1,"name":"Home","item":"https:\/\/www.corlidogroup.com\/es\/"},{"@type":"ListItem","position":2,"name":"Material Handling"}]},{"@type":"WebSite","@id":"https:\/\/www.corlidogroup.com\/es\/#website","url":"https:\/\/www.corlidogroup.com\/es\/","name":"Corlido Group","description":"We optimise your procurement process","publisher":{"@id":"https:\/\/www.corlidogroup.com\/es\/#organization"},"potentialAction":[{"@type":"SearchAction","target":{"@type":"EntryPoint","urlTemplate":"https:\/\/www.corlidogroup.com\/es\/?s={search_term_string}"},"query-input":{"@type":"PropertyValueSpecification","valueRequired":true,"valueName":"search_term_string"}}],"inLanguage":"es"},{"@type":"Organization","@id":"https:\/\/www.corlidogroup.com\/es\/#organization","name":"Corlido Group","url":"https:\/\/www.corlidogroup.com\/es\/","logo":{"@type":"ImageObject","inLanguage":"es","@id":"https:\/\/www.corlidogroup.com\/es\/#\/schema\/logo\/image\/","url":"https:\/\/www.corlidogroup.com\/wp-content\/uploads\/2024\/02\/cropped-Corlido-favicon.png","contentUrl":"https:\/\/www.corlidogroup.com\/wp-content\/uploads\/2024\/02\/cropped-Corlido-favicon.png","width":512,"height":512,"caption":"Corlido Group"},"image":{"@id":"https:\/\/www.corlidogroup.com\/es\/#\/schema\/logo\/image\/"},"sameAs":["https:\/\/www.facebook.com\/CorlidoGroup\/","https:\/\/www.linkedin.com\/company\/1372474\/","https:\/\/www.instagram.com\/corlidogroup\/"]}]}},"_links":{"self":[{"href":"https:\/\/www.corlidogroup.com\/es\/wp-json\/wp\/v2\/pages\/2885","targetHints":{"allow":["GET"]}}],"collection":[{"href":"https:\/\/www.corlidogroup.com\/es\/wp-json\/wp\/v2\/pages"}],"about":[{"href":"https:\/\/www.corlidogroup.com\/es\/wp-json\/wp\/v2\/types\/page"}],"author":[{"embeddable":true,"href":"https:\/\/www.corlidogroup.com\/es\/wp-json\/wp\/v2\/users\/1"}],"replies":[{"embeddable":true,"href":"https:\/\/www.corlidogroup.com\/es\/wp-json\/wp\/v2\/comments?post=2885"}],"version-history":[{"count":7,"href":"https:\/\/www.corlidogroup.com\/es\/wp-json\/wp\/v2\/pages\/2885\/revisions"}],"predecessor-version":[{"id":2967,"href":"https:\/\/www.corlidogroup.com\/es\/wp-json\/wp\/v2\/pages\/2885\/revisions\/2967"}],"wp:featuredmedia":[{"embeddable":true,"href":"https:\/\/www.corlidogroup.com\/es\/wp-json\/wp\/v2\/media\/1580"}],"wp:attachment":[{"href":"https:\/\/www.corlidogroup.com\/es\/wp-json\/wp\/v2\/media?parent=2885"}],"curies":[{"name":"wp","href":"https:\/\/api.w.org\/{rel}","templated":true}]}}