{"id":2893,"date":"2024-02-09T10:37:45","date_gmt":"2024-02-09T09:37:45","guid":{"rendered":"https:\/\/www.corlidogroup.com\/privacidad\/"},"modified":"2026-02-10T13:49:31","modified_gmt":"2026-02-10T12:49:31","slug":"privacidad","status":"publish","type":"page","link":"https:\/\/www.corlidogroup.com\/es\/privacidad\/","title":{"rendered":"Privacidad"},"content":{"rendered":"\n<section class=\"pane pane--white\">\n    <div class=\"container\">\n        <div class=\"row g-4 g-lg-8 g-xl-15 justify-content-center\">\n                                                <div class=\"col-12 col-lg-10\">\n                        <h2>Declaraci\u00f3n de Privacidad de Corlido Holding B.V.<\/h2>\n<p>Valoramos tu privacidad y nos aseguramos de que los datos personales que compartes con nosotros sean tratados con cuidado. En esta declaraci\u00f3n de privacidad queremos explicar c\u00f3mo lo hacemos. Si tienes alguna pregunta al respecto, \u00a1estaremos encantados de ayudarte! Puedes contactarnos en +31 (0) 88 \u2013 536 00 00 o info@corlidogroup.com.   <\/p>\n<p>Corlido Holding B.V. y sus filiales, en adelante Corlido, ubicadas en James Cookstraat 53, 7825AX, Emmen, son responsables del procesamiento de datos personales tal como se refleja en esta declaraci\u00f3n de privacidad.<\/p>\n<h3>Datos personales<\/h3>\n<p>Procesamos tus datos personales porque utilizas nuestros servicios y\/o porque nos los proporcionas directamente. No se utilizar\u00e1n datos personales especiales y\/o sensibles. A continuaci\u00f3n, se presenta un resumen de los datos personales que podemos procesar, dependiendo del producto o servicio que adquieras:  <\/p>\n<p>Nombre y apellidos<br \/>\nG\u00e9nero<br \/>\nNombre de la empresa<br \/>\nCargo<br \/>\nCorreo electr\u00f3nico profesional<br \/>\nTel\u00e9fono profesional<br \/>\nDirecci\u00f3n de la empresa<br \/>\nDatos de pago<br \/>\nDirecci\u00f3n IP<br \/>\nInformaci\u00f3n adicional requerida para el servicio espec\u00edfico que deseas utilizar. Esta informaci\u00f3n se utilizar\u00e1 \u00fanicamente para el prop\u00f3sito descrito. <\/p>\n<h2>\u00bfCon qu\u00e9 fines procesamos los datos personales?<\/h2>\n<p>Procesamos los datos personales para los siguientes fines:<\/p>\n<p>Llamarte o enviarte un correo electr\u00f3nico si lo solicitas o seg\u00fan sea necesario para prestar el servicio que adquiriste.<br \/>\nEntregar los bienes y servicios que adquiriste.<br \/>\nSi nos visitas, se registrar\u00e1n tu nombre, la organizaci\u00f3n y el nombre de la persona o departamento que deseas visitar. Asimismo, se registrar\u00e1n la fecha y hora de tu llegada y salida. El prop\u00f3sito del registro es saber qui\u00e9n se encuentra en las instalaciones en caso de emergencia. El registro se eliminar\u00e1 despu\u00e9s de 24 horas. En caso de emergencia, se conservar\u00e1 por m\u00e1s tiempo, pero nunca m\u00e1s all\u00e1 del per\u00edodo legal de retenci\u00f3n.    <\/p>\n<h3>\u00bfCu\u00e1nto tiempo conserva Corlido los datos?<\/h3>\n<p>Corlido no conserva tus datos personales m\u00e1s tiempo del estrictamente necesario para cumplir los fines para los que se recopilan. Si no se ha alcanzado ning\u00fan acuerdo, tus datos no se conservar\u00e1n por m\u00e1s de un a\u00f1o. <\/p>\n<h3>Compartir con terceros<\/h3>\n<p>Compartimos tus datos personales con terceros si es necesario para ejecutar el acuerdo y cumplir con cualquier obligaci\u00f3n legal.<\/p>\n<h3>Google Analytics<\/h3>\n<p>Corlido utiliza Google Analytics para rastrear c\u00f3mo los usuarios utilizan el sitio web. Los datos que recopilamos en Google Analytics se anonimiza y se cifran. <\/p>\n<h3>Ver, modificar o eliminar datos<\/h3>\n<p>Tienes derecho a ver, corregir o eliminar tus datos personales. Puedes enviar una solicitud de inspecci\u00f3n, correcci\u00f3n o eliminaci\u00f3n a info@corlidogroup.com. <\/p>\n<h3>\u00bfC\u00f3mo asegura Corlido Group los datos personales?<\/h3>\n<p>Corlido se toma en serio la protecci\u00f3n de tus datos y adopta medidas adecuadas para prevenir el uso indebido, p\u00e9rdida, acceso no autorizado, divulgaci\u00f3n no deseada y modificaci\u00f3n no autorizada. El sitio web de Corlido utiliza un certificado SSL confiable para garantizar que tus datos personales no caigan en manos equivocadas. <\/p>\n<p>Si tienes la impresi\u00f3n de que tus datos no est\u00e1n adecuadamente protegidos o hay indicios de uso indebido, o si deseas m\u00e1s informaci\u00f3n sobre la seguridad de los datos personales recopilados por Corlido, cont\u00e1ctanos en info@corlidogroup.com.<\/p>\n<p>Por supuesto, estamos encantados de ayudarte si tienes quejas sobre el procesamiento de tus datos personales. Si aun as\u00ed no logras resolverlo con nosotros, tambi\u00e9n tienes derecho, seg\u00fan la legislaci\u00f3n de privacidad, a presentar una reclamaci\u00f3n ante la Autoridad Holandesa de Protecci\u00f3n de Datos (Dutch Data Protection Authority). <\/p>\n<h3>Cookies<\/h3>\n<p>El sitio web de Corlido utiliza cookies. Las cookies son archivos peque\u00f1os que se almacenan (temporalmente) en tu computadora o en tu navegador. <\/p>\n<h3>Modificaci\u00f3n de la pol\u00edtica de privacidad y cookies<\/h3>\n<p>Corlido se reserva el derecho de realizar cambios en la pol\u00edtica de privacidad y cookies.<\/p>\n                                            <\/div>\n                                    <\/div>\n                \n    <\/div>\n<\/section>\n","protected":false},"excerpt":{"rendered":"","protected":false},"author":1,"featured_media":0,"parent":0,"menu_order":8,"comment_status":"closed","ping_status":"closed","template":"","meta":{"_acf_changed":false,"_monsterinsights_skip_tracking":false,"_monsterinsights_sitenote_active":false,"_monsterinsights_sitenote_note":"","_monsterinsights_sitenote_category":0,"footnotes":""},"class_list":["post-2893","page","type-page","status-publish","hentry"],"acf":[],"yoast_head":"<!-- This site is optimized with the Yoast SEO plugin v27.4 - https:\/\/yoast.com\/product\/yoast-seo-wordpress\/ -->\n<title>Privacidad - Corlido<\/title>\n<meta name=\"robots\" content=\"index, follow, max-snippet:-1, max-image-preview:large, max-video-preview:-1\" \/>\n<link rel=\"canonical\" href=\"https:\/\/www.corlidogroup.com\/es\/privacidad\/\" \/>\n<meta property=\"og:locale\" content=\"es_ES\" \/>\n<meta property=\"og:type\" content=\"article\" \/>\n<meta property=\"og:title\" content=\"Privacidad - Corlido\" \/>\n<meta property=\"og:url\" content=\"https:\/\/www.corlidogroup.com\/es\/privacidad\/\" \/>\n<meta property=\"og:site_name\" content=\"Corlido\" \/>\n<meta property=\"article:publisher\" content=\"https:\/\/www.facebook.com\/CorlidoGroup\/\" \/>\n<meta property=\"article:modified_time\" content=\"2026-02-10T12:49:31+00:00\" \/>\n<meta name=\"twitter:card\" content=\"summary_large_image\" \/>\n<script type=\"application\/ld+json\" class=\"yoast-schema-graph\">{\"@context\":\"https:\\\/\\\/schema.org\",\"@graph\":[{\"@type\":\"WebPage\",\"@id\":\"https:\\\/\\\/www.corlidogroup.com\\\/es\\\/privacidad\\\/\",\"url\":\"https:\\\/\\\/www.corlidogroup.com\\\/es\\\/privacidad\\\/\",\"name\":\"Privacidad - Corlido\",\"isPartOf\":{\"@id\":\"https:\\\/\\\/www.corlidogroup.com\\\/es\\\/#website\"},\"datePublished\":\"2024-02-09T09:37:45+00:00\",\"dateModified\":\"2026-02-10T12:49:31+00:00\",\"breadcrumb\":{\"@id\":\"https:\\\/\\\/www.corlidogroup.com\\\/es\\\/privacidad\\\/#breadcrumb\"},\"inLanguage\":\"es\",\"potentialAction\":[{\"@type\":\"ReadAction\",\"target\":[\"https:\\\/\\\/www.corlidogroup.com\\\/es\\\/privacidad\\\/\"]}]},{\"@type\":\"BreadcrumbList\",\"@id\":\"https:\\\/\\\/www.corlidogroup.com\\\/es\\\/privacidad\\\/#breadcrumb\",\"itemListElement\":[{\"@type\":\"ListItem\",\"position\":1,\"name\":\"Home\",\"item\":\"https:\\\/\\\/www.corlidogroup.com\\\/es\\\/\"},{\"@type\":\"ListItem\",\"position\":2,\"name\":\"Privacidad\"}]},{\"@type\":\"WebSite\",\"@id\":\"https:\\\/\\\/www.corlidogroup.com\\\/es\\\/#website\",\"url\":\"https:\\\/\\\/www.corlidogroup.com\\\/es\\\/\",\"name\":\"Corlido Group\",\"description\":\"We optimise your procurement process\",\"publisher\":{\"@id\":\"https:\\\/\\\/www.corlidogroup.com\\\/es\\\/#organization\"},\"potentialAction\":[{\"@type\":\"SearchAction\",\"target\":{\"@type\":\"EntryPoint\",\"urlTemplate\":\"https:\\\/\\\/www.corlidogroup.com\\\/es\\\/?s={search_term_string}\"},\"query-input\":{\"@type\":\"PropertyValueSpecification\",\"valueRequired\":true,\"valueName\":\"search_term_string\"}}],\"inLanguage\":\"es\"},{\"@type\":\"Organization\",\"@id\":\"https:\\\/\\\/www.corlidogroup.com\\\/es\\\/#organization\",\"name\":\"Corlido Group\",\"url\":\"https:\\\/\\\/www.corlidogroup.com\\\/es\\\/\",\"logo\":{\"@type\":\"ImageObject\",\"inLanguage\":\"es\",\"@id\":\"https:\\\/\\\/www.corlidogroup.com\\\/es\\\/#\\\/schema\\\/logo\\\/image\\\/\",\"url\":\"https:\\\/\\\/www.corlidogroup.com\\\/wp-content\\\/uploads\\\/2024\\\/02\\\/cropped-Corlido-favicon.png\",\"contentUrl\":\"https:\\\/\\\/www.corlidogroup.com\\\/wp-content\\\/uploads\\\/2024\\\/02\\\/cropped-Corlido-favicon.png\",\"width\":512,\"height\":512,\"caption\":\"Corlido Group\"},\"image\":{\"@id\":\"https:\\\/\\\/www.corlidogroup.com\\\/es\\\/#\\\/schema\\\/logo\\\/image\\\/\"},\"sameAs\":[\"https:\\\/\\\/www.facebook.com\\\/CorlidoGroup\\\/\",\"https:\\\/\\\/www.linkedin.com\\\/company\\\/1372474\\\/\",\"https:\\\/\\\/www.instagram.com\\\/corlidogroup\\\/\"]}]}<\/script>\n<!-- \/ Yoast SEO plugin. -->","yoast_head_json":{"title":"Privacidad - Corlido","robots":{"index":"index","follow":"follow","max-snippet":"max-snippet:-1","max-image-preview":"max-image-preview:large","max-video-preview":"max-video-preview:-1"},"canonical":"https:\/\/www.corlidogroup.com\/es\/privacidad\/","og_locale":"es_ES","og_type":"article","og_title":"Privacidad - Corlido","og_url":"https:\/\/www.corlidogroup.com\/es\/privacidad\/","og_site_name":"Corlido","article_publisher":"https:\/\/www.facebook.com\/CorlidoGroup\/","article_modified_time":"2026-02-10T12:49:31+00:00","twitter_card":"summary_large_image","schema":{"@context":"https:\/\/schema.org","@graph":[{"@type":"WebPage","@id":"https:\/\/www.corlidogroup.com\/es\/privacidad\/","url":"https:\/\/www.corlidogroup.com\/es\/privacidad\/","name":"Privacidad - Corlido","isPartOf":{"@id":"https:\/\/www.corlidogroup.com\/es\/#website"},"datePublished":"2024-02-09T09:37:45+00:00","dateModified":"2026-02-10T12:49:31+00:00","breadcrumb":{"@id":"https:\/\/www.corlidogroup.com\/es\/privacidad\/#breadcrumb"},"inLanguage":"es","potentialAction":[{"@type":"ReadAction","target":["https:\/\/www.corlidogroup.com\/es\/privacidad\/"]}]},{"@type":"BreadcrumbList","@id":"https:\/\/www.corlidogroup.com\/es\/privacidad\/#breadcrumb","itemListElement":[{"@type":"ListItem","position":1,"name":"Home","item":"https:\/\/www.corlidogroup.com\/es\/"},{"@type":"ListItem","position":2,"name":"Privacidad"}]},{"@type":"WebSite","@id":"https:\/\/www.corlidogroup.com\/es\/#website","url":"https:\/\/www.corlidogroup.com\/es\/","name":"Corlido Group","description":"We optimise your procurement process","publisher":{"@id":"https:\/\/www.corlidogroup.com\/es\/#organization"},"potentialAction":[{"@type":"SearchAction","target":{"@type":"EntryPoint","urlTemplate":"https:\/\/www.corlidogroup.com\/es\/?s={search_term_string}"},"query-input":{"@type":"PropertyValueSpecification","valueRequired":true,"valueName":"search_term_string"}}],"inLanguage":"es"},{"@type":"Organization","@id":"https:\/\/www.corlidogroup.com\/es\/#organization","name":"Corlido Group","url":"https:\/\/www.corlidogroup.com\/es\/","logo":{"@type":"ImageObject","inLanguage":"es","@id":"https:\/\/www.corlidogroup.com\/es\/#\/schema\/logo\/image\/","url":"https:\/\/www.corlidogroup.com\/wp-content\/uploads\/2024\/02\/cropped-Corlido-favicon.png","contentUrl":"https:\/\/www.corlidogroup.com\/wp-content\/uploads\/2024\/02\/cropped-Corlido-favicon.png","width":512,"height":512,"caption":"Corlido Group"},"image":{"@id":"https:\/\/www.corlidogroup.com\/es\/#\/schema\/logo\/image\/"},"sameAs":["https:\/\/www.facebook.com\/CorlidoGroup\/","https:\/\/www.linkedin.com\/company\/1372474\/","https:\/\/www.instagram.com\/corlidogroup\/"]}]}},"_links":{"self":[{"href":"https:\/\/www.corlidogroup.com\/es\/wp-json\/wp\/v2\/pages\/2893","targetHints":{"allow":["GET"]}}],"collection":[{"href":"https:\/\/www.corlidogroup.com\/es\/wp-json\/wp\/v2\/pages"}],"about":[{"href":"https:\/\/www.corlidogroup.com\/es\/wp-json\/wp\/v2\/types\/page"}],"author":[{"embeddable":true,"href":"https:\/\/www.corlidogroup.com\/es\/wp-json\/wp\/v2\/users\/1"}],"replies":[{"embeddable":true,"href":"https:\/\/www.corlidogroup.com\/es\/wp-json\/wp\/v2\/comments?post=2893"}],"version-history":[{"count":1,"href":"https:\/\/www.corlidogroup.com\/es\/wp-json\/wp\/v2\/pages\/2893\/revisions"}],"predecessor-version":[{"id":2898,"href":"https:\/\/www.corlidogroup.com\/es\/wp-json\/wp\/v2\/pages\/2893\/revisions\/2898"}],"wp:attachment":[{"href":"https:\/\/www.corlidogroup.com\/es\/wp-json\/wp\/v2\/media?parent=2893"}],"curies":[{"name":"wp","href":"https:\/\/api.w.org\/{rel}","templated":true}]}}