{"id":2899,"date":"2024-02-09T10:33:15","date_gmt":"2024-02-09T09:33:15","guid":{"rendered":"https:\/\/www.corlidogroup.com\/servicios-de-procurement\/"},"modified":"2026-03-27T12:47:23","modified_gmt":"2026-03-27T11:47:23","slug":"servicios-de-procurement","status":"publish","type":"page","link":"https:\/\/www.corlidogroup.com\/es\/servicios-de-procurement\/","title":{"rendered":"Procurement Services"},"content":{"rendered":"\n<section class=\"pane pane--white\">\n    <div class=\"container\">\n        <div class=\"row g-4 g-lg-8 g-xl-15 g-xxl-25 align-items-center flex-lg-row-reverse\">\n                            <div class=\"col-12 col-lg-6\">\n                                        <div class=\"pane__text\">\n                        <h2>Tail Spend<\/h2>\n<p><strong>\u00bfQu\u00e9 es Tail Spend?<br \/>\n<\/strong>Tail Spend, tambi\u00e9n conocido como compras indirectas, gasto indirecto, long tail y otros t\u00e9rminos, se refiere al gasto ad hoc y\/o no categorizado de proveedores necesario para las operaciones diarias de una empresa.<\/p>\n<p><strong>\u00bfCu\u00e1l es el desaf\u00edo con Tail Spend?<br \/>\n<\/strong>Aunque Tail Spend se considera generalmente un gasto no estrat\u00e9gico, las empresas descubren que representa aproximadamente un 20% del gasto total y 80% de todos los proveedores, muchos de los cuales son compras puntuales.<\/p>\n<p><span style=\"font-weight: 400\">\u00bfC\u00f3mo gestionar de manera eficaz la cantidad de proveedores y el n\u00famero de pedidos para art\u00edculos y servicios de bajo volumen, valor, riesgo y frecuencia?<\/span><\/p>\n                                                \n                    <\/div>\n                <\/div>\n                                        <div class=\"col-12 col-lg\">\n                    <figure class=\"figure figure--rounded\">\n                        <img decoding=\"async\" width=\"1024\" height=\"576\" src=\"https:\/\/www.corlidogroup.com\/wp-content\/uploads\/2024\/05\/Tail-Spend-80-20-1024x576.png\" class=\"img-fluid\" alt=\"\" loading=\"lazy\" srcset=\"https:\/\/www.corlidogroup.com\/wp-content\/uploads\/2024\/05\/Tail-Spend-80-20-1024x576.png 1024w, https:\/\/www.corlidogroup.com\/wp-content\/uploads\/2024\/05\/Tail-Spend-80-20-300x169.png 300w, https:\/\/www.corlidogroup.com\/wp-content\/uploads\/2024\/05\/Tail-Spend-80-20-768x432.png 768w, https:\/\/www.corlidogroup.com\/wp-content\/uploads\/2024\/05\/Tail-Spend-80-20-1536x864.png 1536w, https:\/\/www.corlidogroup.com\/wp-content\/uploads\/2024\/05\/Tail-Spend-80-20-70x39.png 70w, https:\/\/www.corlidogroup.com\/wp-content\/uploads\/2024\/05\/Tail-Spend-80-20.png 1920w\" sizes=\"auto, (max-width: 1024px) 100vw, 1024px\" \/>                    <\/figure>\n                <\/div>\n                    <\/div>\n    <\/div>\n<\/section>\n\n<section class=\"pane pane--white\">\n    <div class=\"container\">\n        <div class=\"row g-4 g-lg-8 g-xl-15 justify-content-start\">\n                                                <div class=\"col-12 col-lg-12\">\n                        <h2 style=\"text-align: left\">Nuestra soluci\u00f3n:<\/h2>\n<p style=\"font-weight: 400\">Corlido Group ha sido pionero en la gesti\u00f3n de Tail Spend, incluyendo Compras Indirectas y Suministro MRO. Operando como una extensi\u00f3n de tu equipo de compras, ayudamos a las organizaciones a optimizar el proceso de procurement, ahorrar tiempo y reducir costes. <\/p>\n<p style=\"font-weight: 400\">La gesti\u00f3n de Tail Spend juega un papel cr\u00edtico en reducir costos organizacionales y mejorar la eficiencia operativa. Podr\u00e1s concentrarte en tus actividades principales y en el gasto estrat\u00e9gico, mientras Corlido gestiona tus compras indirectas, proporcion\u00e1ndote visibilidad completa, an\u00e1lisis e informaci\u00f3n para tener control total sobre tu Tail Spend. <\/p>\n<p style=\"font-weight: 400\">Nuestras herramientas de informes de gesti\u00f3n personalizados te ofrecer\u00e1n la informaci\u00f3n que necesitas en el momento adecuado para tomar las decisiones correctas para tu organizaci\u00f3n. Ya sea que necesites una soluci\u00f3n integral o simplemente ayuda con el procesamiento de facturas de proveedores no aprobados, Corlido Group tiene la soluci\u00f3n. <\/p>\n                                            <\/div>\n                                    <\/div>\n                \n    <\/div>\n<\/section>\n\n<section class=\"pane pane--primary\">\n    <div class=\"container\">\n        <div class=\"row g-4 g-lg-8 g-xl-15 g-xxl-25 align-items-center flex-lg-row-reverse\">\n                            <div class=\"col-12 col-lg-7\">\n                                        <div class=\"pane__text\">\n                        <h2>Beneficios de externalizar el Procurement<\/h2>\n<ol>\n<li><strong>Ahorro directo <\/strong>entre<strong> 3% y 12%<\/strong> del gasto <strong>influenciable<\/strong><\/li>\n<li><strong>Ahorro indirecto <\/strong>de hasta <strong>21%<\/strong><\/li>\n<li>Libera a tu equipo de compras para centrarse en <strong>gastos estrat\u00e9gicos<\/strong><\/li>\n<li>Libera a tu equipo <strong>administrativo <\/strong>de dar de alta <strong>nuevos proveedores<\/strong><\/li>\n<li>Modelo de acreedor<strong> \u00fanico<\/strong>, <strong>reducci\u00f3n de proveedore<\/strong>s hasta un <strong>99%<\/strong><\/li>\n<li><strong>Estandarizaci\u00f3n <\/strong>de facturas<\/li>\n<li>Reducci\u00f3n de riesgos mediante<strong> t\u00e9rminos y condiciones estandarizados<\/strong><\/li>\n<li><strong>Cumplimiento<\/strong> de compras y <strong>reducci\u00f3n\/eliminaci\u00f3n<\/strong> de compras <strong>no autorizadas<\/strong><\/li>\n<li><strong>Informes<\/strong> totalmente transparentes y detallados<\/li>\n<li>Herramienta COPS E-Procurement para un proceso <strong>m\u00e1s eficiente<\/strong><\/li>\n<li>Conf\u00eda en la<strong> experiencia <\/strong>pionera de Corlido y sus relaciones de <strong>larga duraci\u00f3n<\/strong><\/li>\n<\/ol>\n<p>&nbsp;<\/p>\n                                                \n\n    <div class=\"pane__button-group\">\n        <div class=\"row g-2 g-lg-3 justify-content-start\">\n                            <div class=\"col-auto\">\n                                                                <button class=\"btn btn-primary\" type=\"button\" data-bs-toggle=\"modal\" data-bs-target=\"#contactModal\">\n                            <span class=\"btn__text\">Cont\u00e1ctanos <\/span>\n                            <svg class=\"icon icon--12 icon--arrow\">\n                                <use xlink:href=\"https:\/\/www.corlidogroup.com\/wp-content\/themes\/corlido\/build\/img\/symbols.svg#arrow-right\"><\/use>\n                            <\/svg>\n                        <\/button>\n                                    <\/div>\n                    <\/div>\n    <\/div>\n\n\n                    <\/div>\n                <\/div>\n                                        <div class=\"col-12 col-lg\">\n                    <figure class=\"figure figure--rounded\">\n                        <img decoding=\"async\" width=\"1024\" height=\"683\" src=\"https:\/\/www.corlidogroup.com\/wp-content\/uploads\/2024\/02\/pexels-andrea-piacquadio-927451-1024x683.jpg\" class=\"img-fluid\" alt=\"\" loading=\"lazy\" srcset=\"https:\/\/www.corlidogroup.com\/wp-content\/uploads\/2024\/02\/pexels-andrea-piacquadio-927451-1024x683.jpg 1024w, https:\/\/www.corlidogroup.com\/wp-content\/uploads\/2024\/02\/pexels-andrea-piacquadio-927451-300x200.jpg 300w, https:\/\/www.corlidogroup.com\/wp-content\/uploads\/2024\/02\/pexels-andrea-piacquadio-927451-768x512.jpg 768w, https:\/\/www.corlidogroup.com\/wp-content\/uploads\/2024\/02\/pexels-andrea-piacquadio-927451-1536x1024.jpg 1536w, https:\/\/www.corlidogroup.com\/wp-content\/uploads\/2024\/02\/pexels-andrea-piacquadio-927451-70x47.jpg 70w, https:\/\/www.corlidogroup.com\/wp-content\/uploads\/2024\/02\/pexels-andrea-piacquadio-927451.jpg 1920w\" sizes=\"auto, (max-width: 1024px) 100vw, 1024px\" \/>                    <\/figure>\n                <\/div>\n                    <\/div>\n    <\/div>\n<\/section>\n\n<section class=\"pane pane--white\">\n    <div class=\"container\">\n        <div class=\"row g-4 g-lg-8 g-xl-15 justify-content-center\">\n                                                <div class=\"col-12 col-lg-11\">\n                        <h2 style=\"text-align: center\">Nuestros Servicios<\/h2>\n<p><img loading=\"lazy\" decoding=\"async\" class=\"wp-image-2285 size-large aligncenter\" src=\"https:\/\/www.corlidogroup.com\/wp-content\/uploads\/2024\/09\/Schermafbeelding-2024-09-23-110431-1024x466.png\" alt=\"\" width=\"1024\" height=\"466\" srcset=\"https:\/\/www.corlidogroup.com\/wp-content\/uploads\/2024\/09\/Schermafbeelding-2024-09-23-110431-1024x466.png 1024w, https:\/\/www.corlidogroup.com\/wp-content\/uploads\/2024\/09\/Schermafbeelding-2024-09-23-110431-300x137.png 300w, https:\/\/www.corlidogroup.com\/wp-content\/uploads\/2024\/09\/Schermafbeelding-2024-09-23-110431-768x350.png 768w, https:\/\/www.corlidogroup.com\/wp-content\/uploads\/2024\/09\/Schermafbeelding-2024-09-23-110431-70x32.png 70w, https:\/\/www.corlidogroup.com\/wp-content\/uploads\/2024\/09\/Schermafbeelding-2024-09-23-110431.png 1271w\" sizes=\"auto, (max-width: 1024px) 100vw, 1024px\" \/><\/p>\n                                            <\/div>\n                                    <\/div>\n                \n    <\/div>\n<\/section>\n\n<section class=\"pane pane--white\">\n    <div class=\"container\">\n        <div class=\"row g-4 g-lg-8 g-xl-15 justify-content-center\">\n                                                <div class=\"col-12 col-lg-4\">\n                        <p><strong>Source-to-Pay<br \/>\n<\/strong>Es el servicio de Tail Spend Management m\u00e1s completo. Desde RFQ hasta la entrega de materiales, pago de facturas e informes, nos ocupamos de todo seg\u00fan un proceso hecho a medida para tu organizaci\u00f3n. Tendr\u00e1s un solo proveedor y una sola factura, adem\u00e1s Corlido proporcionar\u00e1 el 100% de la informaci\u00f3n a trav\u00e9s de informes personalizados.  <\/p>\n                                            <\/div>\n                                    <div class=\"col-12 col-lg-4\">\n                        <p><strong>Procure-to-Pay<br \/>\n<\/strong>Es nuestro segundo servicio m\u00e1s solicitado despu\u00e9s de Source-to-Pay. Con Procure-to-Pay usamos tu proveedor especificado, pero realizamos los pedidos y nos encargamos de todo, desde la orden hasta la factura. Nuevamente, actuamos como tu soluci\u00f3n de acreedor \u00fanico.  <\/p>\n                                            <\/div>\n                                    <div class=\"col-12 col-lg-4\">\n                        <p><strong>Procesamiento de Facturas (Pay Only)<br \/>\n<\/strong><span lang=\"EN-US\">Pay Only o Procesamiento de Facturas es nuestro servicio menos completo, ya que la orden ya ha sido realizada y los bienes recibidos, pero la factura no puede ser pagada. El manejo de facturas a menudo se considera un comportamiento no conforme, pero ocurre en todas las organizaciones. En este caso, Corlido procesar\u00eda la factura y el pago por ti.   <\/span><\/p>\n<p>&nbsp;<\/p>\n                                            <\/div>\n                                    <\/div>\n                \n    <\/div>\n<\/section>\n\n<section class=\"pane pane--white\">\n    <div class=\"container\">\n        <div class=\"row g-4 g-lg-8 g-xl-15 justify-content-center\">\n                                                <div class=\"col-12 col-lg-4\">\n                        <h3 style=\"text-align: center\">Warehousing<\/h3>\n<p style=\"text-align: center\">Corlido offers comprehensive warehousing services, ensuring secure storage and efficient management of your inventory.<\/p>\n                                                        <div class=\"pane__button-group\">\n        <div class=\"row g-2 g-lg-3 justify-content-center\">\n                            <div class=\"col-auto\">\n                                                                <a class=\"btn btn-tertiary\" href=\"https:\/\/www.corlidogroup.com\/warehousing\/\" target=\"_self\">\n                            <span class=\"btn__text\">Warehousing<\/span>\n                            <svg class=\"icon icon--12 icon--arrow\">\n                                <use xlink:href=\"https:\/\/www.corlidogroup.com\/wp-content\/themes\/corlido\/build\/img\/symbols.svg#arrow-right\"><\/use>\n                            <\/svg>\n                        <\/a>\n                                    <\/div>\n                    <\/div>\n    <\/div>\n                                            <\/div>\n                                    <div class=\"col-12 col-lg-4\">\n                        <h3 style=\"text-align: center\">Integrations &amp; AI<\/h3>\n<p style=\"text-align: center\">Corlido Group is experienced in System Integrations such as SAP Ariba, Oracle, Microsoft and more.<\/p>\n                                                        <div class=\"pane__button-group\">\n        <div class=\"row g-2 g-lg-3 justify-content-center\">\n                            <div class=\"col-auto\">\n                                                                <a class=\"btn btn-tertiary\" href=\"https:\/\/www.corlidogroup.com\/integrations\/\" target=\"_self\">\n                            <span class=\"btn__text\">System Integrations<\/span>\n                            <svg class=\"icon icon--12 icon--arrow\">\n                                <use xlink:href=\"https:\/\/www.corlidogroup.com\/wp-content\/themes\/corlido\/build\/img\/symbols.svg#arrow-right\"><\/use>\n                            <\/svg>\n                        <\/a>\n                                    <\/div>\n                    <\/div>\n    <\/div>\n                                            <\/div>\n                                    <div class=\"col-12 col-lg-4\">\n                        <h3 style=\"text-align: center\">COPS<\/h3>\n<p style=\"text-align: center\">COPS is your tailor-made E-Procurement tool that enables you to digitalise non-contract purchases.<\/p>\n                                                        <div class=\"pane__button-group\">\n        <div class=\"row g-2 g-lg-3 justify-content-center\">\n                            <div class=\"col-auto\">\n                                                                <a class=\"btn btn-tertiary\" href=\"https:\/\/www.corlidogroup.com\/cops\/\" target=\"_self\">\n                            <span class=\"btn__text\">E-Procurement<\/span>\n                            <svg class=\"icon icon--12 icon--arrow\">\n                                <use xlink:href=\"https:\/\/www.corlidogroup.com\/wp-content\/themes\/corlido\/build\/img\/symbols.svg#arrow-right\"><\/use>\n                            <\/svg>\n                        <\/a>\n                                    <\/div>\n                    <\/div>\n    <\/div>\n                                            <\/div>\n                                    <\/div>\n                \n    <\/div>\n<\/section>\n","protected":false},"excerpt":{"rendered":"","protected":false},"author":1,"featured_media":1268,"parent":0,"menu_order":9,"comment_status":"closed","ping_status":"closed","template":"","meta":{"_acf_changed":false,"_monsterinsights_skip_tracking":false,"_monsterinsights_sitenote_active":false,"_monsterinsights_sitenote_note":"","_monsterinsights_sitenote_category":0,"footnotes":""},"class_list":["post-2899","page","type-page","status-publish","has-post-thumbnail","hentry"],"acf":[],"yoast_head":"<!-- This site is optimized with the Yoast SEO plugin v27.3 - https:\/\/yoast.com\/product\/yoast-seo-wordpress\/ -->\n<title>Procurement Services - Corlido<\/title>\n<meta name=\"robots\" content=\"index, follow, max-snippet:-1, max-image-preview:large, max-video-preview:-1\" \/>\n<link rel=\"canonical\" href=\"https:\/\/www.corlidogroup.com\/es\/servicios-de-procurement\/\" \/>\n<meta property=\"og:locale\" content=\"es_ES\" \/>\n<meta property=\"og:type\" content=\"article\" \/>\n<meta property=\"og:title\" content=\"Procurement Services - Corlido\" \/>\n<meta property=\"og:url\" content=\"https:\/\/www.corlidogroup.com\/es\/servicios-de-procurement\/\" \/>\n<meta property=\"og:site_name\" content=\"Corlido\" \/>\n<meta property=\"article:publisher\" content=\"https:\/\/www.facebook.com\/CorlidoGroup\/\" \/>\n<meta property=\"article:modified_time\" content=\"2026-03-27T11:47:23+00:00\" \/>\n<meta property=\"og:image\" content=\"https:\/\/www.corlidogroup.com\/wp-content\/uploads\/2024\/03\/Logistiek.png\" \/>\n\t<meta property=\"og:image:width\" content=\"1895\" \/>\n\t<meta property=\"og:image:height\" content=\"800\" \/>\n\t<meta property=\"og:image:type\" content=\"image\/png\" \/>\n<meta name=\"twitter:card\" content=\"summary_large_image\" \/>\n<script type=\"application\/ld+json\" class=\"yoast-schema-graph\">{\"@context\":\"https:\\\/\\\/schema.org\",\"@graph\":[{\"@type\":\"WebPage\",\"@id\":\"https:\\\/\\\/www.corlidogroup.com\\\/es\\\/servicios-de-procurement\\\/\",\"url\":\"https:\\\/\\\/www.corlidogroup.com\\\/es\\\/servicios-de-procurement\\\/\",\"name\":\"Procurement Services - Corlido\",\"isPartOf\":{\"@id\":\"https:\\\/\\\/www.corlidogroup.com\\\/es\\\/#website\"},\"primaryImageOfPage\":{\"@id\":\"https:\\\/\\\/www.corlidogroup.com\\\/es\\\/servicios-de-procurement\\\/#primaryimage\"},\"image\":{\"@id\":\"https:\\\/\\\/www.corlidogroup.com\\\/es\\\/servicios-de-procurement\\\/#primaryimage\"},\"thumbnailUrl\":\"https:\\\/\\\/www.corlidogroup.com\\\/wp-content\\\/uploads\\\/2024\\\/03\\\/Logistiek.png\",\"datePublished\":\"2024-02-09T09:33:15+00:00\",\"dateModified\":\"2026-03-27T11:47:23+00:00\",\"breadcrumb\":{\"@id\":\"https:\\\/\\\/www.corlidogroup.com\\\/es\\\/servicios-de-procurement\\\/#breadcrumb\"},\"inLanguage\":\"es\",\"potentialAction\":[{\"@type\":\"ReadAction\",\"target\":[\"https:\\\/\\\/www.corlidogroup.com\\\/es\\\/servicios-de-procurement\\\/\"]}]},{\"@type\":\"ImageObject\",\"inLanguage\":\"es\",\"@id\":\"https:\\\/\\\/www.corlidogroup.com\\\/es\\\/servicios-de-procurement\\\/#primaryimage\",\"url\":\"https:\\\/\\\/www.corlidogroup.com\\\/wp-content\\\/uploads\\\/2024\\\/03\\\/Logistiek.png\",\"contentUrl\":\"https:\\\/\\\/www.corlidogroup.com\\\/wp-content\\\/uploads\\\/2024\\\/03\\\/Logistiek.png\",\"width\":1895,\"height\":800},{\"@type\":\"BreadcrumbList\",\"@id\":\"https:\\\/\\\/www.corlidogroup.com\\\/es\\\/servicios-de-procurement\\\/#breadcrumb\",\"itemListElement\":[{\"@type\":\"ListItem\",\"position\":1,\"name\":\"Home\",\"item\":\"https:\\\/\\\/www.corlidogroup.com\\\/es\\\/\"},{\"@type\":\"ListItem\",\"position\":2,\"name\":\"Procurement Services\"}]},{\"@type\":\"WebSite\",\"@id\":\"https:\\\/\\\/www.corlidogroup.com\\\/es\\\/#website\",\"url\":\"https:\\\/\\\/www.corlidogroup.com\\\/es\\\/\",\"name\":\"Corlido Group\",\"description\":\"We optimise your procurement process\",\"publisher\":{\"@id\":\"https:\\\/\\\/www.corlidogroup.com\\\/es\\\/#organization\"},\"potentialAction\":[{\"@type\":\"SearchAction\",\"target\":{\"@type\":\"EntryPoint\",\"urlTemplate\":\"https:\\\/\\\/www.corlidogroup.com\\\/es\\\/?s={search_term_string}\"},\"query-input\":{\"@type\":\"PropertyValueSpecification\",\"valueRequired\":true,\"valueName\":\"search_term_string\"}}],\"inLanguage\":\"es\"},{\"@type\":\"Organization\",\"@id\":\"https:\\\/\\\/www.corlidogroup.com\\\/es\\\/#organization\",\"name\":\"Corlido Group\",\"url\":\"https:\\\/\\\/www.corlidogroup.com\\\/es\\\/\",\"logo\":{\"@type\":\"ImageObject\",\"inLanguage\":\"es\",\"@id\":\"https:\\\/\\\/www.corlidogroup.com\\\/es\\\/#\\\/schema\\\/logo\\\/image\\\/\",\"url\":\"https:\\\/\\\/www.corlidogroup.com\\\/wp-content\\\/uploads\\\/2024\\\/02\\\/cropped-Corlido-favicon.png\",\"contentUrl\":\"https:\\\/\\\/www.corlidogroup.com\\\/wp-content\\\/uploads\\\/2024\\\/02\\\/cropped-Corlido-favicon.png\",\"width\":512,\"height\":512,\"caption\":\"Corlido Group\"},\"image\":{\"@id\":\"https:\\\/\\\/www.corlidogroup.com\\\/es\\\/#\\\/schema\\\/logo\\\/image\\\/\"},\"sameAs\":[\"https:\\\/\\\/www.facebook.com\\\/CorlidoGroup\\\/\",\"https:\\\/\\\/www.linkedin.com\\\/company\\\/1372474\\\/\",\"https:\\\/\\\/www.instagram.com\\\/corlidogroup\\\/\"]}]}<\/script>\n<!-- \/ Yoast SEO plugin. -->","yoast_head_json":{"title":"Procurement Services - Corlido","robots":{"index":"index","follow":"follow","max-snippet":"max-snippet:-1","max-image-preview":"max-image-preview:large","max-video-preview":"max-video-preview:-1"},"canonical":"https:\/\/www.corlidogroup.com\/es\/servicios-de-procurement\/","og_locale":"es_ES","og_type":"article","og_title":"Procurement Services - Corlido","og_url":"https:\/\/www.corlidogroup.com\/es\/servicios-de-procurement\/","og_site_name":"Corlido","article_publisher":"https:\/\/www.facebook.com\/CorlidoGroup\/","article_modified_time":"2026-03-27T11:47:23+00:00","og_image":[{"width":1895,"height":800,"url":"https:\/\/www.corlidogroup.com\/wp-content\/uploads\/2024\/03\/Logistiek.png","type":"image\/png"}],"twitter_card":"summary_large_image","schema":{"@context":"https:\/\/schema.org","@graph":[{"@type":"WebPage","@id":"https:\/\/www.corlidogroup.com\/es\/servicios-de-procurement\/","url":"https:\/\/www.corlidogroup.com\/es\/servicios-de-procurement\/","name":"Procurement Services - Corlido","isPartOf":{"@id":"https:\/\/www.corlidogroup.com\/es\/#website"},"primaryImageOfPage":{"@id":"https:\/\/www.corlidogroup.com\/es\/servicios-de-procurement\/#primaryimage"},"image":{"@id":"https:\/\/www.corlidogroup.com\/es\/servicios-de-procurement\/#primaryimage"},"thumbnailUrl":"https:\/\/www.corlidogroup.com\/wp-content\/uploads\/2024\/03\/Logistiek.png","datePublished":"2024-02-09T09:33:15+00:00","dateModified":"2026-03-27T11:47:23+00:00","breadcrumb":{"@id":"https:\/\/www.corlidogroup.com\/es\/servicios-de-procurement\/#breadcrumb"},"inLanguage":"es","potentialAction":[{"@type":"ReadAction","target":["https:\/\/www.corlidogroup.com\/es\/servicios-de-procurement\/"]}]},{"@type":"ImageObject","inLanguage":"es","@id":"https:\/\/www.corlidogroup.com\/es\/servicios-de-procurement\/#primaryimage","url":"https:\/\/www.corlidogroup.com\/wp-content\/uploads\/2024\/03\/Logistiek.png","contentUrl":"https:\/\/www.corlidogroup.com\/wp-content\/uploads\/2024\/03\/Logistiek.png","width":1895,"height":800},{"@type":"BreadcrumbList","@id":"https:\/\/www.corlidogroup.com\/es\/servicios-de-procurement\/#breadcrumb","itemListElement":[{"@type":"ListItem","position":1,"name":"Home","item":"https:\/\/www.corlidogroup.com\/es\/"},{"@type":"ListItem","position":2,"name":"Procurement Services"}]},{"@type":"WebSite","@id":"https:\/\/www.corlidogroup.com\/es\/#website","url":"https:\/\/www.corlidogroup.com\/es\/","name":"Corlido Group","description":"We optimise your procurement process","publisher":{"@id":"https:\/\/www.corlidogroup.com\/es\/#organization"},"potentialAction":[{"@type":"SearchAction","target":{"@type":"EntryPoint","urlTemplate":"https:\/\/www.corlidogroup.com\/es\/?s={search_term_string}"},"query-input":{"@type":"PropertyValueSpecification","valueRequired":true,"valueName":"search_term_string"}}],"inLanguage":"es"},{"@type":"Organization","@id":"https:\/\/www.corlidogroup.com\/es\/#organization","name":"Corlido Group","url":"https:\/\/www.corlidogroup.com\/es\/","logo":{"@type":"ImageObject","inLanguage":"es","@id":"https:\/\/www.corlidogroup.com\/es\/#\/schema\/logo\/image\/","url":"https:\/\/www.corlidogroup.com\/wp-content\/uploads\/2024\/02\/cropped-Corlido-favicon.png","contentUrl":"https:\/\/www.corlidogroup.com\/wp-content\/uploads\/2024\/02\/cropped-Corlido-favicon.png","width":512,"height":512,"caption":"Corlido Group"},"image":{"@id":"https:\/\/www.corlidogroup.com\/es\/#\/schema\/logo\/image\/"},"sameAs":["https:\/\/www.facebook.com\/CorlidoGroup\/","https:\/\/www.linkedin.com\/company\/1372474\/","https:\/\/www.instagram.com\/corlidogroup\/"]}]}},"_links":{"self":[{"href":"https:\/\/www.corlidogroup.com\/es\/wp-json\/wp\/v2\/pages\/2899","targetHints":{"allow":["GET"]}}],"collection":[{"href":"https:\/\/www.corlidogroup.com\/es\/wp-json\/wp\/v2\/pages"}],"about":[{"href":"https:\/\/www.corlidogroup.com\/es\/wp-json\/wp\/v2\/types\/page"}],"author":[{"embeddable":true,"href":"https:\/\/www.corlidogroup.com\/es\/wp-json\/wp\/v2\/users\/1"}],"replies":[{"embeddable":true,"href":"https:\/\/www.corlidogroup.com\/es\/wp-json\/wp\/v2\/comments?post=2899"}],"version-history":[{"count":5,"href":"https:\/\/www.corlidogroup.com\/es\/wp-json\/wp\/v2\/pages\/2899\/revisions"}],"predecessor-version":[{"id":2969,"href":"https:\/\/www.corlidogroup.com\/es\/wp-json\/wp\/v2\/pages\/2899\/revisions\/2969"}],"wp:featuredmedia":[{"embeddable":true,"href":"https:\/\/www.corlidogroup.com\/es\/wp-json\/wp\/v2\/media\/1268"}],"wp:attachment":[{"href":"https:\/\/www.corlidogroup.com\/es\/wp-json\/wp\/v2\/media?parent=2899"}],"curies":[{"name":"wp","href":"https:\/\/api.w.org\/{rel}","templated":true}]}}