{"id":2760,"date":"2024-03-20T11:54:32","date_gmt":"2024-03-20T10:54:32","guid":{"rendered":"https:\/\/www.corlidogroup.com\/cops\/"},"modified":"2026-02-03T13:12:02","modified_gmt":"2026-02-03T12:12:02","slug":"cops","status":"publish","type":"page","link":"https:\/\/www.corlidogroup.com\/fr\/cops\/","title":{"rendered":"COPS"},"content":{"rendered":"\n<section class=\"pane pane--white\">\n    <div class=\"container\">\n        <div class=\"row g-4 g-lg-8 g-xl-15 g-xxl-25 align-items-center \">\n                            <div class=\"col-12 col-lg-5\">\n                                        <div class=\"pane__text\">\n                        <h2>Simplifier les achats indirects<\/h2>\n<p style=\"font-weight: 400\">Le syst\u00e8me d&rsquo;approvisionnement en ligne Corlido (COPS) est votre outil d&rsquo;approvisionnement \u00e9lectronique sur mesure qui vous permet de regrouper les achats hors contrat, ponctuels et NPR via Corlido sous la forme d&rsquo;un mod\u00e8le de cr\u00e9ancier unique.<\/p>\n<p style=\"font-weight: 400\">COPS est con\u00e7u pour \u00eatre configur\u00e9 comme un catalogue PunchOut dans tout type de syst\u00e8me ERP \/ middleware, mais est \u00e9galement disponible en version autonome ou SaaS.<\/p>\n<p style=\"font-weight: 400\">COPS vous donne acc\u00e8s \u00e0 une gamme illimit\u00e9e de produits et est facile \u00e0 utiliser. Voici un aper\u00e7u des fonctionnalit\u00e9s : <\/p>\n<p>&nbsp;<\/p>\n<p>&nbsp;<\/p>\n                                                \n                    <\/div>\n                <\/div>\n                                        <div class=\"col-12 col-lg\">\n                    <figure class=\"figure figure--rounded\">\n                        <img decoding=\"async\" width=\"1024\" height=\"576\" src=\"https:\/\/www.corlidogroup.com\/wp-content\/uploads\/2024\/05\/COPS-Integrations-1024x576.png\" class=\"img-fluid\" alt=\"\" loading=\"lazy\" srcset=\"https:\/\/www.corlidogroup.com\/wp-content\/uploads\/2024\/05\/COPS-Integrations-1024x576.png 1024w, https:\/\/www.corlidogroup.com\/wp-content\/uploads\/2024\/05\/COPS-Integrations-300x169.png 300w, https:\/\/www.corlidogroup.com\/wp-content\/uploads\/2024\/05\/COPS-Integrations-768x432.png 768w, https:\/\/www.corlidogroup.com\/wp-content\/uploads\/2024\/05\/COPS-Integrations-1536x864.png 1536w, https:\/\/www.corlidogroup.com\/wp-content\/uploads\/2024\/05\/COPS-Integrations-70x39.png 70w, https:\/\/www.corlidogroup.com\/wp-content\/uploads\/2024\/05\/COPS-Integrations.png 1920w\" sizes=\"auto, (max-width: 1024px) 100vw, 1024px\" \/>                    <\/figure>\n                <\/div>\n                    <\/div>\n    <\/div>\n<\/section>\n\n<section class=\"pane pane--white\">\n    <div class=\"container\">\n        <div class=\"row g-4 g-lg-8 g-xl-15 justify-content-center\">\n                                                <div class=\"col-12 col-lg-4\">\n                        <h5><img loading=\"lazy\" decoding=\"async\" class=\"wp-image-1716 size-thumbnail aligncenter\" src=\"https:\/\/www.corlidogroup.com\/wp-content\/uploads\/2024\/05\/Customized-150x150.png\" alt=\"\" width=\"150\" height=\"150\" srcset=\"https:\/\/www.corlidogroup.com\/wp-content\/uploads\/2024\/05\/Customized-150x150.png 150w, https:\/\/www.corlidogroup.com\/wp-content\/uploads\/2024\/05\/Customized-300x300.png 300w, https:\/\/www.corlidogroup.com\/wp-content\/uploads\/2024\/05\/Customized-70x70.png 70w, https:\/\/www.corlidogroup.com\/wp-content\/uploads\/2024\/05\/Customized.png 500w\" sizes=\"auto, (max-width: 150px) 100vw, 150px\" \/><\/h5>\n<h6 style=\"text-align: center\">Catalogue personnalis\u00e9<\/h6>\n<p style=\"text-align: center\">Un catalogue sur-mesure, dans lequel les articles de plusieurs fournisseurs peuvent \u00eatre combin\u00e9s en un seul.<\/p>\n                                            <\/div>\n                                    <div class=\"col-12 col-lg-4\">\n                        <h5><img loading=\"lazy\" decoding=\"async\" class=\"wp-image-1711 size-thumbnail aligncenter\" src=\"https:\/\/www.corlidogroup.com\/wp-content\/uploads\/2024\/05\/Integrations-1-150x150.png\" alt=\"\" width=\"150\" height=\"150\" srcset=\"https:\/\/www.corlidogroup.com\/wp-content\/uploads\/2024\/05\/Integrations-1-150x150.png 150w, https:\/\/www.corlidogroup.com\/wp-content\/uploads\/2024\/05\/Integrations-1-300x300.png 300w, https:\/\/www.corlidogroup.com\/wp-content\/uploads\/2024\/05\/Integrations-1-70x70.png 70w, https:\/\/www.corlidogroup.com\/wp-content\/uploads\/2024\/05\/Integrations-1.png 500w\" sizes=\"auto, (max-width: 150px) 100vw, 150px\" \/><\/h5>\n<h6 style=\"text-align: center\">Fournisseurs int\u00e9gr\u00e9s<\/h6>\n<p style=\"text-align: center\">Connectez-vous automatiquement aux boutiques en ligne de vos fournisseurs pr\u00e9f\u00e9r\u00e9s et profitez de tarifs r\u00e9duits, le tout depuis COPS.<\/p>\n                                            <\/div>\n                                    <div class=\"col-12 col-lg-4\">\n                        <h5><img loading=\"lazy\" decoding=\"async\" class=\"wp-image-1721 size-thumbnail aligncenter\" src=\"https:\/\/www.corlidogroup.com\/wp-content\/uploads\/2024\/05\/Possibilities-150x150.png\" alt=\"\" width=\"150\" height=\"150\" srcset=\"https:\/\/www.corlidogroup.com\/wp-content\/uploads\/2024\/05\/Possibilities-150x150.png 150w, https:\/\/www.corlidogroup.com\/wp-content\/uploads\/2024\/05\/Possibilities-300x300.png 300w, https:\/\/www.corlidogroup.com\/wp-content\/uploads\/2024\/05\/Possibilities-70x70.png 70w, https:\/\/www.corlidogroup.com\/wp-content\/uploads\/2024\/05\/Possibilities.png 500w\" sizes=\"auto, (max-width: 150px) 100vw, 150px\" \/><\/h5>\n<h6 style=\"text-align: center\">Possibilit\u00e9s infinies<\/h6>\n<p style=\"text-align: center\">Demandez facilement un devis en texte libre pour tous vos besoins en dehors du catalogue.<\/p>\n                                            <\/div>\n                                    <div class=\"col-12 col-lg-4\">\n                        <h5><img loading=\"lazy\" decoding=\"async\" class=\"wp-image-1726 size-thumbnail aligncenter\" src=\"https:\/\/www.corlidogroup.com\/wp-content\/uploads\/2024\/05\/Credit-Card-150x150.png\" alt=\"\" width=\"150\" height=\"150\" srcset=\"https:\/\/www.corlidogroup.com\/wp-content\/uploads\/2024\/05\/Credit-Card-150x150.png 150w, https:\/\/www.corlidogroup.com\/wp-content\/uploads\/2024\/05\/Credit-Card-300x300.png 300w, https:\/\/www.corlidogroup.com\/wp-content\/uploads\/2024\/05\/Credit-Card-70x70.png 70w, https:\/\/www.corlidogroup.com\/wp-content\/uploads\/2024\/05\/Credit-Card.png 500w\" sizes=\"auto, (max-width: 150px) 100vw, 150px\" \/><\/h5>\n<h6 style=\"text-align: center\">Solutions P-Card<\/h6>\n<p style=\"text-align: center\">Payez rapidement et facilement avec une carte d\u2019achat, une carte de d\u00e9bit ou une carte de cr\u00e9dit via COPS.<\/p>\n                                            <\/div>\n                                    <div class=\"col-12 col-lg-4\">\n                        <p><img loading=\"lazy\" decoding=\"async\" class=\"wp-image-1731 size-thumbnail aligncenter\" src=\"https:\/\/www.corlidogroup.com\/wp-content\/uploads\/2024\/05\/Order-Status-150x150.png\" alt=\"\" width=\"150\" height=\"150\" srcset=\"https:\/\/www.corlidogroup.com\/wp-content\/uploads\/2024\/05\/Order-Status-150x150.png 150w, https:\/\/www.corlidogroup.com\/wp-content\/uploads\/2024\/05\/Order-Status-300x300.png 300w, https:\/\/www.corlidogroup.com\/wp-content\/uploads\/2024\/05\/Order-Status-70x70.png 70w, https:\/\/www.corlidogroup.com\/wp-content\/uploads\/2024\/05\/Order-Status.png 500w\" sizes=\"auto, (max-width: 150px) 100vw, 150px\" \/><\/p>\n<h6 style=\"text-align: center\">Statut des commandes<\/h6>\n<p style=\"text-align: center\">Consultez et suivez le statut de toutes vos demandes et commandes.<\/p>\n                                            <\/div>\n                                    <div class=\"col-12 col-lg-4\">\n                        <h5><img loading=\"lazy\" decoding=\"async\" class=\"wp-image-1736 size-thumbnail aligncenter\" src=\"https:\/\/www.corlidogroup.com\/wp-content\/uploads\/2024\/05\/Invoice-Handling-150x150.png\" alt=\"\" width=\"150\" height=\"150\" srcset=\"https:\/\/www.corlidogroup.com\/wp-content\/uploads\/2024\/05\/Invoice-Handling-150x150.png 150w, https:\/\/www.corlidogroup.com\/wp-content\/uploads\/2024\/05\/Invoice-Handling-300x300.png 300w, https:\/\/www.corlidogroup.com\/wp-content\/uploads\/2024\/05\/Invoice-Handling-70x70.png 70w, https:\/\/www.corlidogroup.com\/wp-content\/uploads\/2024\/05\/Invoice-Handling.png 500w\" sizes=\"auto, (max-width: 150px) 100vw, 150px\" \/><\/h5>\n<h6 style=\"text-align: center\">Facturation \u00e9lectronique<\/h6>\n<p style=\"text-align: center\">Toutes vos d\u00e9penses ponctuelles factur\u00e9es num\u00e9riquement, d\u00e9chargeant ainsi le service financier.<\/p>\n                                            <\/div>\n                                    <\/div>\n                \n    <\/div>\n<\/section>\n","protected":false},"excerpt":{"rendered":"","protected":false},"author":2,"featured_media":1677,"parent":0,"menu_order":0,"comment_status":"closed","ping_status":"closed","template":"","meta":{"_acf_changed":false,"_monsterinsights_skip_tracking":false,"_monsterinsights_sitenote_active":false,"_monsterinsights_sitenote_note":"","_monsterinsights_sitenote_category":0,"footnotes":""},"class_list":["post-2760","page","type-page","status-publish","has-post-thumbnail","hentry"],"acf":[],"yoast_head":"<!-- This site is optimized with the Yoast SEO plugin v27.4 - https:\/\/yoast.com\/product\/yoast-seo-wordpress\/ -->\n<title>COPS - Corlido<\/title>\n<meta name=\"robots\" content=\"index, follow, max-snippet:-1, max-image-preview:large, max-video-preview:-1\" \/>\n<link rel=\"canonical\" href=\"https:\/\/www.corlidogroup.com\/fr\/cops\/\" \/>\n<meta property=\"og:locale\" content=\"fr_FR\" \/>\n<meta property=\"og:type\" content=\"article\" \/>\n<meta property=\"og:title\" content=\"COPS - Corlido\" \/>\n<meta property=\"og:url\" content=\"https:\/\/www.corlidogroup.com\/fr\/cops\/\" \/>\n<meta property=\"og:site_name\" content=\"Corlido\" \/>\n<meta property=\"article:publisher\" content=\"https:\/\/www.facebook.com\/CorlidoGroup\/\" \/>\n<meta property=\"article:modified_time\" content=\"2026-02-03T12:12:02+00:00\" \/>\n<meta property=\"og:image\" content=\"https:\/\/www.corlidogroup.com\/wp-content\/uploads\/2024\/05\/3-1.png\" \/>\n\t<meta property=\"og:image:width\" content=\"1920\" \/>\n\t<meta property=\"og:image:height\" content=\"1080\" \/>\n\t<meta property=\"og:image:type\" content=\"image\/png\" \/>\n<meta name=\"twitter:card\" content=\"summary_large_image\" \/>\n<script type=\"application\/ld+json\" class=\"yoast-schema-graph\">{\"@context\":\"https:\\\/\\\/schema.org\",\"@graph\":[{\"@type\":\"WebPage\",\"@id\":\"https:\\\/\\\/www.corlidogroup.com\\\/fr\\\/cops\\\/\",\"url\":\"https:\\\/\\\/www.corlidogroup.com\\\/fr\\\/cops\\\/\",\"name\":\"COPS - Corlido\",\"isPartOf\":{\"@id\":\"https:\\\/\\\/www.corlidogroup.com\\\/fr\\\/#website\"},\"primaryImageOfPage\":{\"@id\":\"https:\\\/\\\/www.corlidogroup.com\\\/fr\\\/cops\\\/#primaryimage\"},\"image\":{\"@id\":\"https:\\\/\\\/www.corlidogroup.com\\\/fr\\\/cops\\\/#primaryimage\"},\"thumbnailUrl\":\"https:\\\/\\\/www.corlidogroup.com\\\/wp-content\\\/uploads\\\/2024\\\/05\\\/3-1.png\",\"datePublished\":\"2024-03-20T10:54:32+00:00\",\"dateModified\":\"2026-02-03T12:12:02+00:00\",\"breadcrumb\":{\"@id\":\"https:\\\/\\\/www.corlidogroup.com\\\/fr\\\/cops\\\/#breadcrumb\"},\"inLanguage\":\"fr-FR\",\"potentialAction\":[{\"@type\":\"ReadAction\",\"target\":[\"https:\\\/\\\/www.corlidogroup.com\\\/fr\\\/cops\\\/\"]}]},{\"@type\":\"ImageObject\",\"inLanguage\":\"fr-FR\",\"@id\":\"https:\\\/\\\/www.corlidogroup.com\\\/fr\\\/cops\\\/#primaryimage\",\"url\":\"https:\\\/\\\/www.corlidogroup.com\\\/wp-content\\\/uploads\\\/2024\\\/05\\\/3-1.png\",\"contentUrl\":\"https:\\\/\\\/www.corlidogroup.com\\\/wp-content\\\/uploads\\\/2024\\\/05\\\/3-1.png\",\"width\":1920,\"height\":1080},{\"@type\":\"BreadcrumbList\",\"@id\":\"https:\\\/\\\/www.corlidogroup.com\\\/fr\\\/cops\\\/#breadcrumb\",\"itemListElement\":[{\"@type\":\"ListItem\",\"position\":1,\"name\":\"Home\",\"item\":\"https:\\\/\\\/www.corlidogroup.com\\\/fr\\\/home\\\/\"},{\"@type\":\"ListItem\",\"position\":2,\"name\":\"COPS\"}]},{\"@type\":\"WebSite\",\"@id\":\"https:\\\/\\\/www.corlidogroup.com\\\/fr\\\/#website\",\"url\":\"https:\\\/\\\/www.corlidogroup.com\\\/fr\\\/\",\"name\":\"Corlido Group\",\"description\":\"We optimise your procurement process\",\"publisher\":{\"@id\":\"https:\\\/\\\/www.corlidogroup.com\\\/fr\\\/#organization\"},\"potentialAction\":[{\"@type\":\"SearchAction\",\"target\":{\"@type\":\"EntryPoint\",\"urlTemplate\":\"https:\\\/\\\/www.corlidogroup.com\\\/fr\\\/?s={search_term_string}\"},\"query-input\":{\"@type\":\"PropertyValueSpecification\",\"valueRequired\":true,\"valueName\":\"search_term_string\"}}],\"inLanguage\":\"fr-FR\"},{\"@type\":\"Organization\",\"@id\":\"https:\\\/\\\/www.corlidogroup.com\\\/fr\\\/#organization\",\"name\":\"Corlido Group\",\"url\":\"https:\\\/\\\/www.corlidogroup.com\\\/fr\\\/\",\"logo\":{\"@type\":\"ImageObject\",\"inLanguage\":\"fr-FR\",\"@id\":\"https:\\\/\\\/www.corlidogroup.com\\\/fr\\\/#\\\/schema\\\/logo\\\/image\\\/\",\"url\":\"https:\\\/\\\/www.corlidogroup.com\\\/wp-content\\\/uploads\\\/2024\\\/02\\\/cropped-Corlido-favicon.png\",\"contentUrl\":\"https:\\\/\\\/www.corlidogroup.com\\\/wp-content\\\/uploads\\\/2024\\\/02\\\/cropped-Corlido-favicon.png\",\"width\":512,\"height\":512,\"caption\":\"Corlido Group\"},\"image\":{\"@id\":\"https:\\\/\\\/www.corlidogroup.com\\\/fr\\\/#\\\/schema\\\/logo\\\/image\\\/\"},\"sameAs\":[\"https:\\\/\\\/www.facebook.com\\\/CorlidoGroup\\\/\",\"https:\\\/\\\/www.linkedin.com\\\/company\\\/1372474\\\/\",\"https:\\\/\\\/www.instagram.com\\\/corlidogroup\\\/\"]}]}<\/script>\n<!-- \/ Yoast SEO plugin. -->","yoast_head_json":{"title":"COPS - Corlido","robots":{"index":"index","follow":"follow","max-snippet":"max-snippet:-1","max-image-preview":"max-image-preview:large","max-video-preview":"max-video-preview:-1"},"canonical":"https:\/\/www.corlidogroup.com\/fr\/cops\/","og_locale":"fr_FR","og_type":"article","og_title":"COPS - Corlido","og_url":"https:\/\/www.corlidogroup.com\/fr\/cops\/","og_site_name":"Corlido","article_publisher":"https:\/\/www.facebook.com\/CorlidoGroup\/","article_modified_time":"2026-02-03T12:12:02+00:00","og_image":[{"width":1920,"height":1080,"url":"https:\/\/www.corlidogroup.com\/wp-content\/uploads\/2024\/05\/3-1.png","type":"image\/png"}],"twitter_card":"summary_large_image","schema":{"@context":"https:\/\/schema.org","@graph":[{"@type":"WebPage","@id":"https:\/\/www.corlidogroup.com\/fr\/cops\/","url":"https:\/\/www.corlidogroup.com\/fr\/cops\/","name":"COPS - Corlido","isPartOf":{"@id":"https:\/\/www.corlidogroup.com\/fr\/#website"},"primaryImageOfPage":{"@id":"https:\/\/www.corlidogroup.com\/fr\/cops\/#primaryimage"},"image":{"@id":"https:\/\/www.corlidogroup.com\/fr\/cops\/#primaryimage"},"thumbnailUrl":"https:\/\/www.corlidogroup.com\/wp-content\/uploads\/2024\/05\/3-1.png","datePublished":"2024-03-20T10:54:32+00:00","dateModified":"2026-02-03T12:12:02+00:00","breadcrumb":{"@id":"https:\/\/www.corlidogroup.com\/fr\/cops\/#breadcrumb"},"inLanguage":"fr-FR","potentialAction":[{"@type":"ReadAction","target":["https:\/\/www.corlidogroup.com\/fr\/cops\/"]}]},{"@type":"ImageObject","inLanguage":"fr-FR","@id":"https:\/\/www.corlidogroup.com\/fr\/cops\/#primaryimage","url":"https:\/\/www.corlidogroup.com\/wp-content\/uploads\/2024\/05\/3-1.png","contentUrl":"https:\/\/www.corlidogroup.com\/wp-content\/uploads\/2024\/05\/3-1.png","width":1920,"height":1080},{"@type":"BreadcrumbList","@id":"https:\/\/www.corlidogroup.com\/fr\/cops\/#breadcrumb","itemListElement":[{"@type":"ListItem","position":1,"name":"Home","item":"https:\/\/www.corlidogroup.com\/fr\/home\/"},{"@type":"ListItem","position":2,"name":"COPS"}]},{"@type":"WebSite","@id":"https:\/\/www.corlidogroup.com\/fr\/#website","url":"https:\/\/www.corlidogroup.com\/fr\/","name":"Corlido Group","description":"We optimise your procurement process","publisher":{"@id":"https:\/\/www.corlidogroup.com\/fr\/#organization"},"potentialAction":[{"@type":"SearchAction","target":{"@type":"EntryPoint","urlTemplate":"https:\/\/www.corlidogroup.com\/fr\/?s={search_term_string}"},"query-input":{"@type":"PropertyValueSpecification","valueRequired":true,"valueName":"search_term_string"}}],"inLanguage":"fr-FR"},{"@type":"Organization","@id":"https:\/\/www.corlidogroup.com\/fr\/#organization","name":"Corlido Group","url":"https:\/\/www.corlidogroup.com\/fr\/","logo":{"@type":"ImageObject","inLanguage":"fr-FR","@id":"https:\/\/www.corlidogroup.com\/fr\/#\/schema\/logo\/image\/","url":"https:\/\/www.corlidogroup.com\/wp-content\/uploads\/2024\/02\/cropped-Corlido-favicon.png","contentUrl":"https:\/\/www.corlidogroup.com\/wp-content\/uploads\/2024\/02\/cropped-Corlido-favicon.png","width":512,"height":512,"caption":"Corlido Group"},"image":{"@id":"https:\/\/www.corlidogroup.com\/fr\/#\/schema\/logo\/image\/"},"sameAs":["https:\/\/www.facebook.com\/CorlidoGroup\/","https:\/\/www.linkedin.com\/company\/1372474\/","https:\/\/www.instagram.com\/corlidogroup\/"]}]}},"_links":{"self":[{"href":"https:\/\/www.corlidogroup.com\/fr\/wp-json\/wp\/v2\/pages\/2760","targetHints":{"allow":["GET"]}}],"collection":[{"href":"https:\/\/www.corlidogroup.com\/fr\/wp-json\/wp\/v2\/pages"}],"about":[{"href":"https:\/\/www.corlidogroup.com\/fr\/wp-json\/wp\/v2\/types\/page"}],"author":[{"embeddable":true,"href":"https:\/\/www.corlidogroup.com\/fr\/wp-json\/wp\/v2\/users\/2"}],"replies":[{"embeddable":true,"href":"https:\/\/www.corlidogroup.com\/fr\/wp-json\/wp\/v2\/comments?post=2760"}],"version-history":[{"count":1,"href":"https:\/\/www.corlidogroup.com\/fr\/wp-json\/wp\/v2\/pages\/2760\/revisions"}],"predecessor-version":[{"id":2762,"href":"https:\/\/www.corlidogroup.com\/fr\/wp-json\/wp\/v2\/pages\/2760\/revisions\/2762"}],"wp:featuredmedia":[{"embeddable":true,"href":"https:\/\/www.corlidogroup.com\/fr\/wp-json\/wp\/v2\/media\/1677"}],"wp:attachment":[{"href":"https:\/\/www.corlidogroup.com\/fr\/wp-json\/wp\/v2\/media?parent=2760"}],"curies":[{"name":"wp","href":"https:\/\/api.w.org\/{rel}","templated":true}]}}