{"id":2763,"date":"2024-03-14T09:50:24","date_gmt":"2024-03-14T08:50:24","guid":{"rendered":"https:\/\/www.corlidogroup.com\/integrations-ia\/"},"modified":"2026-02-03T13:14:10","modified_gmt":"2026-02-03T12:14:10","slug":"integrations-ia","status":"publish","type":"page","link":"https:\/\/www.corlidogroup.com\/fr\/integrations-ia\/","title":{"rendered":"Int\u00e9grations &amp; IA"},"content":{"rendered":"\n<section class=\"pane pane--white\">\n    <div class=\"container\">\n        <div class=\"row g-4 g-lg-8 g-xl-15 justify-content-start\">\n                                                <div class=\"col-12 col-lg-12\">\n                        <h2>Int\u00e9grations &amp; IA<\/h2>\n<p style=\"font-weight: 400\">Les int\u00e9grations syst\u00e8me peuvent consid\u00e9rablement am\u00e9liorer l\u2019efficacit\u00e9 et fournir des informations utiles \u00e0 votre organisation. Nous proposons diff\u00e9rentes options d\u2019int\u00e9gration, allant des solutions manuelles et hybrides aux int\u00e9grations compl\u00e8tes et automatis\u00e9es de bout en bout avec la plupart des syst\u00e8mes ERP. De plus, nous avons d\u00e9velopp\u00e9 notre propre outil d\u2019e-procurement, COPS, qui peut \u00eatre d\u00e9ploy\u00e9 de mani\u00e8re transparente en tant que PunchOut dans votre syst\u00e8me ERP.  <\/p>\n                                            <\/div>\n                                    <\/div>\n                \n    <\/div>\n<\/section>\n\n<section class=\"pane pane--white\">\n    <div class=\"container\">\n        <div class=\"row g-4 g-lg-8 g-xl-15 g-xxl-25 align-items-center flex-lg-row-reverse\">\n                            <div class=\"col-12 col-lg-5\">\n                                        <div class=\"pane__text\">\n                        <h2>Int\u00e9gration compl\u00e8te avec votre syst\u00e8me ERP<\/h2>\n<p style=\"font-weight: 400\">L\u2019int\u00e9gration compl\u00e8te est le processus op\u00e9rationnel le plus efficace. Avec une \u00e9quipe interne de d\u00e9veloppement logiciel, Corlido poss\u00e8de l\u2019exp\u00e9rience et la flexibilit\u00e9 n\u00e9cessaires pour mettre en \u0153uvre des int\u00e9grations syst\u00e8me \u00e0 tous les niveaux. Des configurations de base aux int\u00e9grations enti\u00e8rement fonctionnelles, nous fournissons la solution adapt\u00e9e. Corlido a mis en place des solutions personnalis\u00e9es pour de nombreux syst\u00e8mes ERP standards de l\u2019industrie, notamment, mais sans s\u2019y limiter : SAP, Ariba, Coupa, Proactis (anciennement Hubwoo), Oracle et Proquro.   <\/p>\n                                                \n                    <\/div>\n                <\/div>\n                                        <div class=\"col-12 col-lg\">\n                    <figure class=\"figure figure--rounded\">\n                        <img decoding=\"async\" width=\"1024\" height=\"576\" src=\"https:\/\/www.corlidogroup.com\/wp-content\/uploads\/2024\/04\/Corlido-System-Integration-1024x576.png\" class=\"img-fluid\" alt=\"Corlido System Integration flows\" loading=\"lazy\" srcset=\"https:\/\/www.corlidogroup.com\/wp-content\/uploads\/2024\/04\/Corlido-System-Integration-1024x576.png 1024w, https:\/\/www.corlidogroup.com\/wp-content\/uploads\/2024\/04\/Corlido-System-Integration-300x169.png 300w, https:\/\/www.corlidogroup.com\/wp-content\/uploads\/2024\/04\/Corlido-System-Integration-768x432.png 768w, https:\/\/www.corlidogroup.com\/wp-content\/uploads\/2024\/04\/Corlido-System-Integration-1536x864.png 1536w, https:\/\/www.corlidogroup.com\/wp-content\/uploads\/2024\/04\/Corlido-System-Integration-70x39.png 70w, https:\/\/www.corlidogroup.com\/wp-content\/uploads\/2024\/04\/Corlido-System-Integration.png 1920w\" sizes=\"auto, (max-width: 1024px) 100vw, 1024px\" \/>                    <\/figure>\n                <\/div>\n                    <\/div>\n    <\/div>\n<\/section>\n\n<section class=\"pane pane--white\">\n    <div class=\"container\">\n        <div class=\"row g-4 g-lg-8 g-xl-15 g-xxl-25 align-items-center \">\n                            <div class=\"col-12 col-lg-5\">\n                                        <div class=\"pane__text\">\n                        <h2>Processus de commande manuel<\/h2>\n<p style=\"font-weight: 400\">En plus de proposer un mod\u00e8le d\u2019int\u00e9gration complet ou hybride, Corlido peut \u00e9galement g\u00e9rer les demandes via un processus de commande manuel plus traditionnel. Cette m\u00e9thode peut \u00eatre mise en \u0153uvre rapidement et ne n\u00e9cessite aucune forme d\u2019int\u00e9gration. Nous disposons d\u2019une \u00e9quipe locale pr\u00eate \u00e0 r\u00e9pondre \u00e0 vos besoins.  <\/p>\n<p>&nbsp;<\/p>\n                                                \n                    <\/div>\n                <\/div>\n                                        <div class=\"col-12 col-lg\">\n                    <figure class=\"figure figure--rounded\">\n                        <img decoding=\"async\" width=\"1024\" height=\"576\" src=\"https:\/\/www.corlidogroup.com\/wp-content\/uploads\/2024\/04\/Corlido-Manual-Ordering-Process-1024x576.png\" class=\"img-fluid\" alt=\"Manual E-mail process\" loading=\"lazy\" srcset=\"https:\/\/www.corlidogroup.com\/wp-content\/uploads\/2024\/04\/Corlido-Manual-Ordering-Process-1024x576.png 1024w, https:\/\/www.corlidogroup.com\/wp-content\/uploads\/2024\/04\/Corlido-Manual-Ordering-Process-300x169.png 300w, https:\/\/www.corlidogroup.com\/wp-content\/uploads\/2024\/04\/Corlido-Manual-Ordering-Process-768x432.png 768w, https:\/\/www.corlidogroup.com\/wp-content\/uploads\/2024\/04\/Corlido-Manual-Ordering-Process-1536x864.png 1536w, https:\/\/www.corlidogroup.com\/wp-content\/uploads\/2024\/04\/Corlido-Manual-Ordering-Process-70x39.png 70w, https:\/\/www.corlidogroup.com\/wp-content\/uploads\/2024\/04\/Corlido-Manual-Ordering-Process.png 1920w\" sizes=\"auto, (max-width: 1024px) 100vw, 1024px\" \/>                    <\/figure>\n                <\/div>\n                    <\/div>\n    <\/div>\n<\/section>\n\n<section class=\"pane pane--white\">\n    <div class=\"container\">\n        <div class=\"row g-4 g-lg-8 g-xl-15 justify-content-center\">\n                                                <div class=\"col-12 col-lg-12\">\n                        <h2><a name=\"_Toc167794408\"><\/a>Intelligence artificielle<\/h2>\n<p style=\"font-weight: 400\">Corlido s\u2019efforce constamment de rester \u00e0 la pointe des technologies \u00e9mergentes, notamment l\u2019intelligence artificielle, pour optimiser, personnaliser et am\u00e9liorer globalement nos processus automatis\u00e9s. Nous utilisons actuellement des outils d\u2019IA et d\u2019apprentissage automatique pour traiter efficacement les demandes et commandes clients entrantes, les devis clients sortants, les devis fournisseurs, les appels d\u2019offres multi-fournisseurs, l\u2019organisation et le suivi logistique, l\u2019analyse de march\u00e9, l\u2019acc\u00e9l\u00e9ration des processus et diverses autres t\u00e2ches permettant de rendre nos processus plus efficaces, transparents et pr\u00e9cis. <\/p>\n<p style=\"font-weight: 400\">L\u2019IA est d\u00e9sormais une partie int\u00e9grante de nos processus d\u2019approvisionnement et constitue un facteur cl\u00e9 pour maintenir des capacit\u00e9s de reporting et des niveaux d\u2019efficacit\u00e9 de premier plan. Corlido se r\u00e9jouit de poursuivre la collaboration avec ses clients via l\u2019\u00e9change de connaissances et de donn\u00e9es afin de rationaliser et d\u2019optimiser davantage le processus d\u2019approvisionnement. <\/p>\n<p style=\"font-weight: 400\">Corlido s\u2019engage \u00e0 grandir, se d\u00e9velopper et s\u2019am\u00e9liorer avec ses clients. Sa capacit\u00e9 \u00e0 relever de nouveaux d\u00e9fis et \u00e0 d\u00e9velopper des solutions pour surmonter les obstacles a fait de Corlido ce qu\u2019il est aujourd\u2019hui : un partenaire solide, innovant et fiable. <\/p>\n                                            <\/div>\n                                    <\/div>\n                \n    <\/div>\n<\/section>\n","protected":false},"excerpt":{"rendered":"","protected":false},"author":2,"featured_media":0,"parent":0,"menu_order":0,"comment_status":"closed","ping_status":"closed","template":"","meta":{"_acf_changed":false,"_monsterinsights_skip_tracking":false,"_monsterinsights_sitenote_active":false,"_monsterinsights_sitenote_note":"","_monsterinsights_sitenote_category":0,"footnotes":""},"class_list":["post-2763","page","type-page","status-publish","hentry"],"acf":[],"yoast_head":"<!-- This site is optimized with the Yoast SEO plugin v27.6 - https:\/\/yoast.com\/product\/yoast-seo-wordpress\/ -->\n<title>Int\u00e9grations &amp; IA - Corlido<\/title>\n<meta name=\"robots\" content=\"index, follow, max-snippet:-1, max-image-preview:large, max-video-preview:-1\" \/>\n<link rel=\"canonical\" href=\"https:\/\/www.corlidogroup.com\/fr\/integrations-ia\/\" \/>\n<meta property=\"og:locale\" content=\"fr_FR\" \/>\n<meta property=\"og:type\" content=\"article\" \/>\n<meta property=\"og:title\" content=\"Int\u00e9grations &amp; IA - Corlido\" \/>\n<meta property=\"og:url\" content=\"https:\/\/www.corlidogroup.com\/fr\/integrations-ia\/\" \/>\n<meta property=\"og:site_name\" content=\"Corlido\" \/>\n<meta property=\"article:publisher\" content=\"https:\/\/www.facebook.com\/CorlidoGroup\/\" \/>\n<meta property=\"article:modified_time\" content=\"2026-02-03T12:14:10+00:00\" \/>\n<meta name=\"twitter:card\" content=\"summary_large_image\" \/>\n<script type=\"application\/ld+json\" class=\"yoast-schema-graph\">{\"@context\":\"https:\\\/\\\/schema.org\",\"@graph\":[{\"@type\":\"WebPage\",\"@id\":\"https:\\\/\\\/www.corlidogroup.com\\\/fr\\\/integrations-ia\\\/\",\"url\":\"https:\\\/\\\/www.corlidogroup.com\\\/fr\\\/integrations-ia\\\/\",\"name\":\"Int\u00e9grations &amp; IA - Corlido\",\"isPartOf\":{\"@id\":\"https:\\\/\\\/www.corlidogroup.com\\\/fr\\\/#website\"},\"datePublished\":\"2024-03-14T08:50:24+00:00\",\"dateModified\":\"2026-02-03T12:14:10+00:00\",\"breadcrumb\":{\"@id\":\"https:\\\/\\\/www.corlidogroup.com\\\/fr\\\/integrations-ia\\\/#breadcrumb\"},\"inLanguage\":\"fr-FR\",\"potentialAction\":[{\"@type\":\"ReadAction\",\"target\":[\"https:\\\/\\\/www.corlidogroup.com\\\/fr\\\/integrations-ia\\\/\"]}]},{\"@type\":\"BreadcrumbList\",\"@id\":\"https:\\\/\\\/www.corlidogroup.com\\\/fr\\\/integrations-ia\\\/#breadcrumb\",\"itemListElement\":[{\"@type\":\"ListItem\",\"position\":1,\"name\":\"Home\",\"item\":\"https:\\\/\\\/www.corlidogroup.com\\\/fr\\\/home\\\/\"},{\"@type\":\"ListItem\",\"position\":2,\"name\":\"Int\u00e9grations &amp; IA\"}]},{\"@type\":\"WebSite\",\"@id\":\"https:\\\/\\\/www.corlidogroup.com\\\/fr\\\/#website\",\"url\":\"https:\\\/\\\/www.corlidogroup.com\\\/fr\\\/\",\"name\":\"Corlido Group\",\"description\":\"We optimise your procurement process\",\"publisher\":{\"@id\":\"https:\\\/\\\/www.corlidogroup.com\\\/fr\\\/#organization\"},\"potentialAction\":[{\"@type\":\"SearchAction\",\"target\":{\"@type\":\"EntryPoint\",\"urlTemplate\":\"https:\\\/\\\/www.corlidogroup.com\\\/fr\\\/?s={search_term_string}\"},\"query-input\":{\"@type\":\"PropertyValueSpecification\",\"valueRequired\":true,\"valueName\":\"search_term_string\"}}],\"inLanguage\":\"fr-FR\"},{\"@type\":\"Organization\",\"@id\":\"https:\\\/\\\/www.corlidogroup.com\\\/fr\\\/#organization\",\"name\":\"Corlido Group\",\"url\":\"https:\\\/\\\/www.corlidogroup.com\\\/fr\\\/\",\"logo\":{\"@type\":\"ImageObject\",\"inLanguage\":\"fr-FR\",\"@id\":\"https:\\\/\\\/www.corlidogroup.com\\\/fr\\\/#\\\/schema\\\/logo\\\/image\\\/\",\"url\":\"https:\\\/\\\/www.corlidogroup.com\\\/wp-content\\\/uploads\\\/2024\\\/02\\\/cropped-Corlido-favicon.png\",\"contentUrl\":\"https:\\\/\\\/www.corlidogroup.com\\\/wp-content\\\/uploads\\\/2024\\\/02\\\/cropped-Corlido-favicon.png\",\"width\":512,\"height\":512,\"caption\":\"Corlido Group\"},\"image\":{\"@id\":\"https:\\\/\\\/www.corlidogroup.com\\\/fr\\\/#\\\/schema\\\/logo\\\/image\\\/\"},\"sameAs\":[\"https:\\\/\\\/www.facebook.com\\\/CorlidoGroup\\\/\",\"https:\\\/\\\/www.linkedin.com\\\/company\\\/1372474\\\/\",\"https:\\\/\\\/www.instagram.com\\\/corlidogroup\\\/\"]}]}<\/script>\n<!-- \/ Yoast SEO plugin. -->","yoast_head_json":{"title":"Int\u00e9grations &amp; IA - Corlido","robots":{"index":"index","follow":"follow","max-snippet":"max-snippet:-1","max-image-preview":"max-image-preview:large","max-video-preview":"max-video-preview:-1"},"canonical":"https:\/\/www.corlidogroup.com\/fr\/integrations-ia\/","og_locale":"fr_FR","og_type":"article","og_title":"Int\u00e9grations &amp; IA - Corlido","og_url":"https:\/\/www.corlidogroup.com\/fr\/integrations-ia\/","og_site_name":"Corlido","article_publisher":"https:\/\/www.facebook.com\/CorlidoGroup\/","article_modified_time":"2026-02-03T12:14:10+00:00","twitter_card":"summary_large_image","schema":{"@context":"https:\/\/schema.org","@graph":[{"@type":"WebPage","@id":"https:\/\/www.corlidogroup.com\/fr\/integrations-ia\/","url":"https:\/\/www.corlidogroup.com\/fr\/integrations-ia\/","name":"Int\u00e9grations &amp; IA - Corlido","isPartOf":{"@id":"https:\/\/www.corlidogroup.com\/fr\/#website"},"datePublished":"2024-03-14T08:50:24+00:00","dateModified":"2026-02-03T12:14:10+00:00","breadcrumb":{"@id":"https:\/\/www.corlidogroup.com\/fr\/integrations-ia\/#breadcrumb"},"inLanguage":"fr-FR","potentialAction":[{"@type":"ReadAction","target":["https:\/\/www.corlidogroup.com\/fr\/integrations-ia\/"]}]},{"@type":"BreadcrumbList","@id":"https:\/\/www.corlidogroup.com\/fr\/integrations-ia\/#breadcrumb","itemListElement":[{"@type":"ListItem","position":1,"name":"Home","item":"https:\/\/www.corlidogroup.com\/fr\/home\/"},{"@type":"ListItem","position":2,"name":"Int\u00e9grations &amp; IA"}]},{"@type":"WebSite","@id":"https:\/\/www.corlidogroup.com\/fr\/#website","url":"https:\/\/www.corlidogroup.com\/fr\/","name":"Corlido Group","description":"We optimise your procurement process","publisher":{"@id":"https:\/\/www.corlidogroup.com\/fr\/#organization"},"potentialAction":[{"@type":"SearchAction","target":{"@type":"EntryPoint","urlTemplate":"https:\/\/www.corlidogroup.com\/fr\/?s={search_term_string}"},"query-input":{"@type":"PropertyValueSpecification","valueRequired":true,"valueName":"search_term_string"}}],"inLanguage":"fr-FR"},{"@type":"Organization","@id":"https:\/\/www.corlidogroup.com\/fr\/#organization","name":"Corlido Group","url":"https:\/\/www.corlidogroup.com\/fr\/","logo":{"@type":"ImageObject","inLanguage":"fr-FR","@id":"https:\/\/www.corlidogroup.com\/fr\/#\/schema\/logo\/image\/","url":"https:\/\/www.corlidogroup.com\/wp-content\/uploads\/2024\/02\/cropped-Corlido-favicon.png","contentUrl":"https:\/\/www.corlidogroup.com\/wp-content\/uploads\/2024\/02\/cropped-Corlido-favicon.png","width":512,"height":512,"caption":"Corlido Group"},"image":{"@id":"https:\/\/www.corlidogroup.com\/fr\/#\/schema\/logo\/image\/"},"sameAs":["https:\/\/www.facebook.com\/CorlidoGroup\/","https:\/\/www.linkedin.com\/company\/1372474\/","https:\/\/www.instagram.com\/corlidogroup\/"]}]}},"_links":{"self":[{"href":"https:\/\/www.corlidogroup.com\/fr\/wp-json\/wp\/v2\/pages\/2763","targetHints":{"allow":["GET"]}}],"collection":[{"href":"https:\/\/www.corlidogroup.com\/fr\/wp-json\/wp\/v2\/pages"}],"about":[{"href":"https:\/\/www.corlidogroup.com\/fr\/wp-json\/wp\/v2\/types\/page"}],"author":[{"embeddable":true,"href":"https:\/\/www.corlidogroup.com\/fr\/wp-json\/wp\/v2\/users\/2"}],"replies":[{"embeddable":true,"href":"https:\/\/www.corlidogroup.com\/fr\/wp-json\/wp\/v2\/comments?post=2763"}],"version-history":[{"count":1,"href":"https:\/\/www.corlidogroup.com\/fr\/wp-json\/wp\/v2\/pages\/2763\/revisions"}],"predecessor-version":[{"id":2765,"href":"https:\/\/www.corlidogroup.com\/fr\/wp-json\/wp\/v2\/pages\/2763\/revisions\/2765"}],"wp:attachment":[{"href":"https:\/\/www.corlidogroup.com\/fr\/wp-json\/wp\/v2\/media?parent=2763"}],"curies":[{"name":"wp","href":"https:\/\/api.w.org\/{rel}","templated":true}]}}