{"id":2769,"date":"2024-06-05T10:04:25","date_gmt":"2024-06-05T08:04:25","guid":{"rendered":"https:\/\/www.corlidogroup.com\/durabilite\/"},"modified":"2026-02-03T13:33:20","modified_gmt":"2026-02-03T12:33:20","slug":"durabilite","status":"publish","type":"page","link":"https:\/\/www.corlidogroup.com\/fr\/durabilite\/","title":{"rendered":"Durabilit\u00e9"},"content":{"rendered":"\n<section class=\"pane pane--white\">\n    <div class=\"container\">\n        <div class=\"row g-4 g-lg-8 g-xl-15 g-xxl-25 align-items-center \">\n                            <div class=\"col-12 col-lg-8\">\n                                        <div class=\"pane__text\">\n                        <p><span data-contrast=\"auto\">Chez Corlido, la durabilit\u00e9 est <\/span><span data-contrast=\"auto\">notre principe directeur. Nous croyons en la cr\u00e9ation d\u2019un impact positif gr\u00e2ce \u00e0 des pratiques responsables, des politiques inclusives et un engagement \u00e0 promouvoir le savoir et l\u2019innovation. De la priorit\u00e9 accord\u00e9e \u00e0 la sant\u00e9 et \u00e0 l\u2019\u00e9galit\u00e9 \u00e0 la r\u00e9duction de notre empreinte \u00e9cologique, nous nous effor\u00e7ons de construire un avenir b\u00e9n\u00e9fique pour tous, aujourd\u2019hui et pour les g\u00e9n\u00e9rations \u00e0 venir.  <\/span><span data-ccp-props=\"{\"134233117\":true,\"134233118\":true,\"201341983\":0,\"335559739\":160,\"335559740\":240}\"> <\/span><\/p>\n<p>&nbsp;<\/p>\n<p><b><span data-contrast=\"auto\">Objectifs de d\u00e9veloppement durable<\/span><\/b><span data-ccp-props=\"{\"134233117\":true,\"134233118\":true,\"201341983\":0,\"335559739\":160,\"335559740\":240}\"> <\/span><\/p>\n<p><span data-contrast=\"auto\">L\u2019Agenda 2030 des Nations Unies pour le d\u00e9veloppement durable et ses 17 ODD visent \u00e0 transformer le monde. Chez Corlido, nous privil\u00e9gions six ODD cl\u00e9s qui sont au c\u0153ur de notre strat\u00e9gie de durabilit\u00e9 : <\/span><span data-ccp-props=\"{\"134233117\":true,\"134233118\":true,\"201341983\":0,\"335559739\":160,\"335559740\":240}\"> <\/span><\/p>\n<ul>\n<li data-leveltext=\"\uf0b7\" data-font=\"Symbol\" data-listid=\"4\" data-list-defn-props=\"{\"335552541\":1,\"335559685\":720,\"335559991\":360,\"469769226\":\"Symbol\",\"469769242\":[8226],\"469777803\":\"left\",\"469777804\":\"\uf0b7\",\"469777815\":\"multilevel\"}\" data-aria-posinset=\"1\" data-aria-level=\"1\"><span data-contrast=\"auto\"><b>Objectif 3:<\/b> Bonne sant\u00e9 et bien-\u00eatre : <\/span><span data-contrast=\"auto\">Nous accordons la priorit\u00e9 \u00e0 la sant\u00e9 et au bien-\u00eatre de nos employ\u00e9s, clients et communaut\u00e9s gr\u00e2ce \u00e0 des initiatives de sant\u00e9 compl\u00e8tes et \u00e0 la promotion de lieux de travail s\u00fbrs.<\/span><span data-ccp-props=\"{\"134233117\":true,\"134233118\":true,\"201341983\":0,\"335559739\":160,\"335559740\":240}\"> <\/span><\/li>\n<\/ul>\n<ul>\n<li data-leveltext=\"\uf0b7\" data-font=\"Symbol\" data-listid=\"4\" data-list-defn-props=\"{\"335552541\":1,\"335559685\":720,\"335559991\":360,\"469769226\":\"Symbol\",\"469769242\":[8226],\"469777803\":\"left\",\"469777804\":\"\uf0b7\",\"469777815\":\"multilevel\"}\" data-aria-posinset=\"2\" data-aria-level=\"1\"><span data-contrast=\"auto\"><b>Objectif 4:<\/b> \u00c9ducation de qualit\u00e9: <\/span><span data-contrast=\"auto\">Nous investissons dans des programmes \u00e9ducatifs et des opportunit\u00e9s de formation pour nos employ\u00e9s et soutenons des initiatives \u00e9ducatives dans les communaut\u00e9s que nous servons.<\/span><span data-ccp-props=\"{\"134233117\":true,\"134233118\":true,\"201341983\":0,\"335559739\":160,\"335559740\":240}\"> <\/span><\/li>\n<\/ul>\n<ul>\n<li data-leveltext=\"\uf0b7\" data-font=\"Symbol\" data-listid=\"4\" data-list-defn-props=\"{\"335552541\":1,\"335559685\":720,\"335559991\":360,\"469769226\":\"Symbol\",\"469769242\":[8226],\"469777803\":\"left\",\"469777804\":\"\uf0b7\",\"469777815\":\"multilevel\"}\" data-aria-posinset=\"3\" data-aria-level=\"1\"><span data-contrast=\"auto\"><b>Objectif 5:<\/b> \u00c9galit\u00e9 entre les sexes: <\/span><span data-contrast=\"auto\">Nous nous engageons \u00e0 atteindre l\u2019\u00e9galit\u00e9 des sexes en favorisant l\u2019\u00e9galit\u00e9 des chances et en soutenant l\u2019autonomisation des femmes au sein de notre organisation et au-del\u00e0.<\/span><span data-ccp-props=\"{\"134233117\":true,\"134233118\":true,\"201341983\":0,\"335559739\":160,\"335559740\":240}\"> <\/span><\/li>\n<\/ul>\n<ul>\n<li data-leveltext=\"\uf0b7\" data-font=\"Symbol\" data-listid=\"4\" data-list-defn-props=\"{\"335552541\":1,\"335559685\":720,\"335559991\":360,\"469769226\":\"Symbol\",\"469769242\":[8226],\"469777803\":\"left\",\"469777804\":\"\uf0b7\",\"469777815\":\"multilevel\"}\" data-aria-posinset=\"4\" data-aria-level=\"1\"><span data-contrast=\"auto\">Objectif 8: Travail d\u00e9cent et croissance \u00e9conomique: <\/span><span data-contrast=\"auto\">Nous cr\u00e9ons des opportunit\u00e9s d\u2019emploi \u00e9quitables et promouvons une culture de travail inclusive.<\/span><span data-ccp-props=\"{\"134233117\":true,\"134233118\":true,\"201341983\":0,\"335559739\":160,\"335559740\":240}\"> <\/span><\/li>\n<\/ul>\n<ul>\n<li data-leveltext=\"\uf0b7\" data-font=\"Symbol\" data-listid=\"4\" data-list-defn-props=\"{\"335552541\":1,\"335559685\":720,\"335559991\":360,\"469769226\":\"Symbol\",\"469769242\":[8226],\"469777803\":\"left\",\"469777804\":\"\uf0b7\",\"469777815\":\"multilevel\"}\" data-aria-posinset=\"5\" data-aria-level=\"1\"><span data-contrast=\"auto\"><b>Objectif 10:<\/b> R\u00e9duction des in\u00e9galit\u00e9s: <\/span><span data-contrast=\"auto\">Nous nous effor\u00e7ons de r\u00e9duire les in\u00e9galit\u00e9s en garantissant des chances \u00e9gales et en favorisant un environnement inclusif pour tous.<\/span><span data-ccp-props=\"{\"134233117\":true,\"134233118\":true,\"201341983\":0,\"335559739\":160,\"335559740\":240}\"> <\/span><\/li>\n<\/ul>\n<ul>\n<li data-leveltext=\"\uf0b7\" data-font=\"Symbol\" data-listid=\"4\" data-list-defn-props=\"{\"335552541\":1,\"335559685\":720,\"335559991\":360,\"469769226\":\"Symbol\",\"469769242\":[8226],\"469777803\":\"left\",\"469777804\":\"\uf0b7\",\"469777815\":\"multilevel\"}\" data-aria-posinset=\"6\" data-aria-level=\"1\"><span data-contrast=\"auto\"><b>Objectif 12: <\/b>Consommation et production responsables: <\/span><span data-contrast=\"auto\">Nous optimisons notre cha\u00eene d\u2019approvisionnement pour r\u00e9duire les d\u00e9chets et promouvoir l\u2019utilisation de mat\u00e9riaux durables.<\/span><span data-ccp-props=\"{\"134233117\":true,\"134233118\":true,\"201341983\":0,\"335559739\":160,\"335559740\":240}\"> <\/span><\/li>\n<\/ul>\n<p>&nbsp;<\/p>\n<p><b><span data-contrast=\"auto\">Les personnes d\u2019abord<\/span><\/b><span data-ccp-props=\"{\"134233117\":true,\"134233118\":true,\"201341983\":0,\"335559739\":160,\"335559740\":240}\"> <\/span><\/p>\n<p><span data-contrast=\"auto\">La diversit\u00e9 et l\u2019inclusion sont essentielles \u00e0 l\u2019innovation et au succ\u00e8s chez Corlido. Nous valorisons les perspectives et contributions uniques de tous nos employ\u00e9s. <\/span> Nous nous engageons \u00e0 avoir un impact positif sur le monde qui nous entoure pour un avenir meilleur.<\/p>\n<p>&nbsp;<\/p>\n<ul>\n<li><b>Lieu de travail <\/b><b>et emploi inclusifs:<\/b> Chez Corlido, nous garantissons un environnement de travail o\u00f9 chacun se sent valoris\u00e9 et respect\u00e9, quel que soit son parcours. Nous croyons en l\u2019acc\u00e8s aux opportunit\u00e9s pour tous, et notre engagement envers l\u2019emploi inclusif garantit que toute personne pr\u00eate \u00e0 travailler m\u00e9rite une chance avec nous.  <span style=\"color: var(--bs-body-color);font-size: 1rem;text-align: var(--bs-body-text-align)\" data-contrast=\"auto\">Nous offrons l\u2019\u00e9galit\u00e9 des chances \u00e0 tous les niveaux de notre organisation et favorisons une culture de l\u2019\u00e9galit\u00e9. Nous soutenons les initiatives qui promeuvent la diversit\u00e9, tant \u00e0 l\u2019int\u00e9rieur qu\u2019\u00e0 l\u2019ext\u00e9rieur de l\u2019entreprise. <\/span><span style=\"color: var(--bs-body-color);font-size: 1rem;text-align: var(--bs-body-text-align)\" data-contrast=\"auto\"> <\/span><span style=\"color: var(--bs-body-color);font-size: 1rem;text-align: var(--bs-body-text-align)\" data-ccp-props=\"{\"134233117\":true,\"134233118\":true,\"201341983\":0,\"335559739\":160,\"335559740\":240}\"> <\/span><span style=\"color: var(--bs-body-color);font-size: 1rem;text-align: var(--bs-body-text-align)\" data-ccp-props=\"{\"134233117\":true,\"134233118\":true,\"201341983\":0,\"335559739\":160,\"335559740\":240}\"> <\/span><\/li>\n<\/ul>\n<ul>\n<li data-leveltext=\"\" data-font=\"Symbol\" data-listid=\"\" data-aria-posinset=\"7\" data-aria-level=\"1\"><b>Heureux et en bonne sant\u00e9: <\/b>Nous nous engageons <span data-contrast=\"auto\">\u00e9galement pour le bien-\u00eatre de nos employ\u00e9s, clients et communaut\u00e9s. Nous pratiquons des normes de travail  <\/span>\u00e9quitables<span data-contrast=\"auto\">, investissons dans les communaut\u00e9s locales et collaborons avec ceux qui partagent nos valeurs. Notre objectif est de cr\u00e9er un impact social positif \u00e0 travers des programmes \u00e9ducatifs, des initiatives de sant\u00e9 et la promotion d\u2019une croissance \u00e9conomique inclusive. <\/span><span data-ccp-props=\"{\"134233117\":true,\"134233118\":true,\"201341983\":0,\"335559739\":160,\"335559740\":240}\"> <\/span><\/li>\n<\/ul>\n<p>&nbsp;<\/p>\n<p><b><span data-contrast=\"auto\">Durabilit\u00e9 dans la cha\u00eene d\u2019approvisionnement<\/span><\/b><span data-ccp-props=\"{\"134233117\":true,\"134233118\":true,\"201341983\":0,\"335559739\":160,\"335559740\":240}\"> <\/span><\/p>\n<p><span data-contrast=\"auto\">Corlido s\u2019engage \u00e0 minimiser son empreinte \u00e9cologique. Nous mettons en \u0153uvre des technologies \u00e9co\u00e9nerg\u00e9tiques, r\u00e9duisons les d\u00e9chets et promouvons le recyclage dans tous nos processus. <\/span><span data-ccp-props=\"{\"134233117\":true,\"134233118\":true,\"201341983\":0,\"335559739\":160,\"335559740\":240}\"> <\/span><\/p>\n<p><span data-contrast=\"auto\">Depuis des ann\u00e9es, nous collaborons avec des fournisseurs qui prennent activement en compte l\u2019environnement et la soci\u00e9t\u00e9. Nous encourageons nos partenaires, fournisseurs et clients \u00e0 r\u00e9duire leur impact environnemental. En favorisant ces relations, nous visons \u00e0 cr\u00e9er une cha\u00eene d\u2019approvisionnement plus durable et responsable.  <\/span><span data-ccp-props=\"{\"134233117\":true,\"134233118\":true,\"201341983\":0,\"335559739\":160,\"335559740\":240}\"> <\/span><\/p>\n<p><b><span data-contrast=\"auto\">Connaissance<\/span><\/b><span data-ccp-props=\"{\"134233117\":true,\"134233118\":true,\"201341983\":0,\"335559739\":160,\"335559740\":240}\"> <\/span><\/p>\n<p><span data-contrast=\"auto\">Chez <\/span><span data-contrast=\"auto\">Corlido<\/span><span data-contrast=\"auto\">, nous croyons que le partage de nos connaissances peut b\u00e9n\u00e9ficier \u00e0 <\/span><span data-contrast=\"auto\">nos clients<\/span><span data-contrast=\"auto\">. <\/span><span data-contrast=\"auto\">Nous<\/span><span data-contrast=\"auto\">devenons <\/span><span data-contrast=\"auto\">un v\u00e9ritable <\/span><span data-contrast=\"auto\">partenaire de savoir<\/span><span data-contrast=\"auto\"> en<\/span><span data-contrast=\"auto\">organisant <\/span><span data-contrast=\"auto\">des sessions de formation, en proposant des d\u00e9monstrations,<\/span><span data-contrast=\"auto\">en fournissant <\/span><span data-contrast=\"auto\">des analyses<\/span><span data-contrast=\"auto\">de<\/span><span data-contrast=\"auto\">donn\u00e9es <\/span><span data-contrast=\"auto\">pertinentes et en cr\u00e9ant des documents personnalis\u00e9s <\/span><span data-contrast=\"auto\">haqui aident nos clients \u00e0 g\u00e9rer efficacement leurs<\/span><span data-contrast=\"auto\"> d\u00e9penses secondaires (Tail Spend).<\/span><\/p>\n<p><b><span data-contrast=\"auto\">Reporting et transparence<\/span><\/b><span data-ccp-props=\"{\"134233117\":true,\"134233118\":true,\"201341983\":0,\"335559739\":160,\"335559740\":240}\"> <\/span><\/p>\n<p style=\"text-align: left\"><span data-contrast=\"auto\">Nous croyons en la transparence et la responsabilit\u00e9 totales. Nos rapports annuels sur la durabilit\u00e9 et l\u2019ESG fournissent des informations d\u00e9taill\u00e9es sur nos progr\u00e8s et nos d\u00e9fis. Nos certifications, telles que VCA, NEN et ISO, d\u00e9montrent notre engagement envers des normes \u00e9lev\u00e9es et une am\u00e9lioration continue.  <\/span><span data-ccp-props=\"{\"134233117\":true,\"134233118\":true,\"201341983\":0,\"335559739\":160,\"335559740\":240}\"> <\/span><\/p>\n<p>&nbsp;<\/p>\n<p style=\"text-align: left\"><img loading=\"lazy\" decoding=\"async\" class=\"alignnone wp-image-2024\" style=\"color: var(--bs-body-color);font-size: 1rem;text-align: var(--bs-body-text-align)\" src=\"https:\/\/www.corlidogroup.com\/wp-content\/uploads\/2024\/09\/certificering-300x64.png\" alt=\"\" width=\"367\" height=\"78\" srcset=\"https:\/\/www.corlidogroup.com\/wp-content\/uploads\/2024\/09\/certificering-300x64.png 300w, https:\/\/www.corlidogroup.com\/wp-content\/uploads\/2024\/09\/certificering-768x163.png 768w, https:\/\/www.corlidogroup.com\/wp-content\/uploads\/2024\/09\/certificering-70x15.png 70w, https:\/\/www.corlidogroup.com\/wp-content\/uploads\/2024\/09\/certificering.png 940w\" sizes=\"auto, (max-width: 367px) 100vw, 367px\" \/><\/p>\n                                                \n\n\n\n\n    <div class=\"pane__button-group\">\n        <div class=\"row g-2 g-lg-3 justify-content-start\">\n                            <div class=\"col-auto\">\n                                                                <a class=\"btn btn-tertiary\" href=\"https:\/\/www.corlidogroup.com\/wp-content\/uploads\/2024\/09\/Code-of-Conduct-2.pdf\" target=\"_self\">\n                            <span class=\"btn__text\">Code de conduite<\/span>\n                            <svg class=\"icon icon--12 icon--arrow\">\n                                <use xlink:href=\"https:\/\/www.corlidogroup.com\/wp-content\/themes\/corlido\/build\/img\/symbols.svg#arrow-right\"><\/use>\n                            <\/svg>\n                        <\/a>\n                                    <\/div>\n                    <\/div>\n    <\/div>\n\n\n                    <\/div>\n                <\/div>\n                                <\/div>\n    <\/div>\n<\/section>\n","protected":false},"excerpt":{"rendered":"","protected":false},"author":2,"featured_media":0,"parent":0,"menu_order":0,"comment_status":"closed","ping_status":"closed","template":"","meta":{"_acf_changed":false,"_monsterinsights_skip_tracking":false,"_monsterinsights_sitenote_active":false,"_monsterinsights_sitenote_note":"","_monsterinsights_sitenote_category":0,"footnotes":""},"class_list":["post-2769","page","type-page","status-publish","hentry"],"acf":[],"yoast_head":"<!-- This site is optimized with the Yoast SEO plugin v27.4 - https:\/\/yoast.com\/product\/yoast-seo-wordpress\/ -->\n<title>Durabilit\u00e9 - Corlido<\/title>\n<meta name=\"robots\" content=\"index, follow, max-snippet:-1, max-image-preview:large, max-video-preview:-1\" \/>\n<link rel=\"canonical\" href=\"https:\/\/www.corlidogroup.com\/fr\/durabilite\/\" \/>\n<meta property=\"og:locale\" content=\"fr_FR\" \/>\n<meta property=\"og:type\" content=\"article\" \/>\n<meta property=\"og:title\" content=\"Durabilit\u00e9 - Corlido\" \/>\n<meta property=\"og:url\" content=\"https:\/\/www.corlidogroup.com\/fr\/durabilite\/\" \/>\n<meta property=\"og:site_name\" content=\"Corlido\" \/>\n<meta property=\"article:publisher\" content=\"https:\/\/www.facebook.com\/CorlidoGroup\/\" \/>\n<meta property=\"article:modified_time\" content=\"2026-02-03T12:33:20+00:00\" \/>\n<meta name=\"twitter:card\" content=\"summary_large_image\" \/>\n<script type=\"application\/ld+json\" class=\"yoast-schema-graph\">{\"@context\":\"https:\\\/\\\/schema.org\",\"@graph\":[{\"@type\":\"WebPage\",\"@id\":\"https:\\\/\\\/www.corlidogroup.com\\\/fr\\\/durabilite\\\/\",\"url\":\"https:\\\/\\\/www.corlidogroup.com\\\/fr\\\/durabilite\\\/\",\"name\":\"Durabilit\u00e9 - Corlido\",\"isPartOf\":{\"@id\":\"https:\\\/\\\/www.corlidogroup.com\\\/fr\\\/#website\"},\"datePublished\":\"2024-06-05T08:04:25+00:00\",\"dateModified\":\"2026-02-03T12:33:20+00:00\",\"breadcrumb\":{\"@id\":\"https:\\\/\\\/www.corlidogroup.com\\\/fr\\\/durabilite\\\/#breadcrumb\"},\"inLanguage\":\"fr-FR\",\"potentialAction\":[{\"@type\":\"ReadAction\",\"target\":[\"https:\\\/\\\/www.corlidogroup.com\\\/fr\\\/durabilite\\\/\"]}]},{\"@type\":\"BreadcrumbList\",\"@id\":\"https:\\\/\\\/www.corlidogroup.com\\\/fr\\\/durabilite\\\/#breadcrumb\",\"itemListElement\":[{\"@type\":\"ListItem\",\"position\":1,\"name\":\"Home\",\"item\":\"https:\\\/\\\/www.corlidogroup.com\\\/fr\\\/home\\\/\"},{\"@type\":\"ListItem\",\"position\":2,\"name\":\"Durabilit\u00e9\"}]},{\"@type\":\"WebSite\",\"@id\":\"https:\\\/\\\/www.corlidogroup.com\\\/fr\\\/#website\",\"url\":\"https:\\\/\\\/www.corlidogroup.com\\\/fr\\\/\",\"name\":\"Corlido Group\",\"description\":\"We optimise your procurement process\",\"publisher\":{\"@id\":\"https:\\\/\\\/www.corlidogroup.com\\\/fr\\\/#organization\"},\"potentialAction\":[{\"@type\":\"SearchAction\",\"target\":{\"@type\":\"EntryPoint\",\"urlTemplate\":\"https:\\\/\\\/www.corlidogroup.com\\\/fr\\\/?s={search_term_string}\"},\"query-input\":{\"@type\":\"PropertyValueSpecification\",\"valueRequired\":true,\"valueName\":\"search_term_string\"}}],\"inLanguage\":\"fr-FR\"},{\"@type\":\"Organization\",\"@id\":\"https:\\\/\\\/www.corlidogroup.com\\\/fr\\\/#organization\",\"name\":\"Corlido Group\",\"url\":\"https:\\\/\\\/www.corlidogroup.com\\\/fr\\\/\",\"logo\":{\"@type\":\"ImageObject\",\"inLanguage\":\"fr-FR\",\"@id\":\"https:\\\/\\\/www.corlidogroup.com\\\/fr\\\/#\\\/schema\\\/logo\\\/image\\\/\",\"url\":\"https:\\\/\\\/www.corlidogroup.com\\\/wp-content\\\/uploads\\\/2024\\\/02\\\/cropped-Corlido-favicon.png\",\"contentUrl\":\"https:\\\/\\\/www.corlidogroup.com\\\/wp-content\\\/uploads\\\/2024\\\/02\\\/cropped-Corlido-favicon.png\",\"width\":512,\"height\":512,\"caption\":\"Corlido Group\"},\"image\":{\"@id\":\"https:\\\/\\\/www.corlidogroup.com\\\/fr\\\/#\\\/schema\\\/logo\\\/image\\\/\"},\"sameAs\":[\"https:\\\/\\\/www.facebook.com\\\/CorlidoGroup\\\/\",\"https:\\\/\\\/www.linkedin.com\\\/company\\\/1372474\\\/\",\"https:\\\/\\\/www.instagram.com\\\/corlidogroup\\\/\"]}]}<\/script>\n<!-- \/ Yoast SEO plugin. -->","yoast_head_json":{"title":"Durabilit\u00e9 - Corlido","robots":{"index":"index","follow":"follow","max-snippet":"max-snippet:-1","max-image-preview":"max-image-preview:large","max-video-preview":"max-video-preview:-1"},"canonical":"https:\/\/www.corlidogroup.com\/fr\/durabilite\/","og_locale":"fr_FR","og_type":"article","og_title":"Durabilit\u00e9 - Corlido","og_url":"https:\/\/www.corlidogroup.com\/fr\/durabilite\/","og_site_name":"Corlido","article_publisher":"https:\/\/www.facebook.com\/CorlidoGroup\/","article_modified_time":"2026-02-03T12:33:20+00:00","twitter_card":"summary_large_image","schema":{"@context":"https:\/\/schema.org","@graph":[{"@type":"WebPage","@id":"https:\/\/www.corlidogroup.com\/fr\/durabilite\/","url":"https:\/\/www.corlidogroup.com\/fr\/durabilite\/","name":"Durabilit\u00e9 - Corlido","isPartOf":{"@id":"https:\/\/www.corlidogroup.com\/fr\/#website"},"datePublished":"2024-06-05T08:04:25+00:00","dateModified":"2026-02-03T12:33:20+00:00","breadcrumb":{"@id":"https:\/\/www.corlidogroup.com\/fr\/durabilite\/#breadcrumb"},"inLanguage":"fr-FR","potentialAction":[{"@type":"ReadAction","target":["https:\/\/www.corlidogroup.com\/fr\/durabilite\/"]}]},{"@type":"BreadcrumbList","@id":"https:\/\/www.corlidogroup.com\/fr\/durabilite\/#breadcrumb","itemListElement":[{"@type":"ListItem","position":1,"name":"Home","item":"https:\/\/www.corlidogroup.com\/fr\/home\/"},{"@type":"ListItem","position":2,"name":"Durabilit\u00e9"}]},{"@type":"WebSite","@id":"https:\/\/www.corlidogroup.com\/fr\/#website","url":"https:\/\/www.corlidogroup.com\/fr\/","name":"Corlido Group","description":"We optimise your procurement process","publisher":{"@id":"https:\/\/www.corlidogroup.com\/fr\/#organization"},"potentialAction":[{"@type":"SearchAction","target":{"@type":"EntryPoint","urlTemplate":"https:\/\/www.corlidogroup.com\/fr\/?s={search_term_string}"},"query-input":{"@type":"PropertyValueSpecification","valueRequired":true,"valueName":"search_term_string"}}],"inLanguage":"fr-FR"},{"@type":"Organization","@id":"https:\/\/www.corlidogroup.com\/fr\/#organization","name":"Corlido Group","url":"https:\/\/www.corlidogroup.com\/fr\/","logo":{"@type":"ImageObject","inLanguage":"fr-FR","@id":"https:\/\/www.corlidogroup.com\/fr\/#\/schema\/logo\/image\/","url":"https:\/\/www.corlidogroup.com\/wp-content\/uploads\/2024\/02\/cropped-Corlido-favicon.png","contentUrl":"https:\/\/www.corlidogroup.com\/wp-content\/uploads\/2024\/02\/cropped-Corlido-favicon.png","width":512,"height":512,"caption":"Corlido Group"},"image":{"@id":"https:\/\/www.corlidogroup.com\/fr\/#\/schema\/logo\/image\/"},"sameAs":["https:\/\/www.facebook.com\/CorlidoGroup\/","https:\/\/www.linkedin.com\/company\/1372474\/","https:\/\/www.instagram.com\/corlidogroup\/"]}]}},"_links":{"self":[{"href":"https:\/\/www.corlidogroup.com\/fr\/wp-json\/wp\/v2\/pages\/2769","targetHints":{"allow":["GET"]}}],"collection":[{"href":"https:\/\/www.corlidogroup.com\/fr\/wp-json\/wp\/v2\/pages"}],"about":[{"href":"https:\/\/www.corlidogroup.com\/fr\/wp-json\/wp\/v2\/types\/page"}],"author":[{"embeddable":true,"href":"https:\/\/www.corlidogroup.com\/fr\/wp-json\/wp\/v2\/users\/2"}],"replies":[{"embeddable":true,"href":"https:\/\/www.corlidogroup.com\/fr\/wp-json\/wp\/v2\/comments?post=2769"}],"version-history":[{"count":1,"href":"https:\/\/www.corlidogroup.com\/fr\/wp-json\/wp\/v2\/pages\/2769\/revisions"}],"predecessor-version":[{"id":2771,"href":"https:\/\/www.corlidogroup.com\/fr\/wp-json\/wp\/v2\/pages\/2769\/revisions\/2771"}],"wp:attachment":[{"href":"https:\/\/www.corlidogroup.com\/fr\/wp-json\/wp\/v2\/media?parent=2769"}],"curies":[{"name":"wp","href":"https:\/\/api.w.org\/{rel}","templated":true}]}}