{"id":2772,"date":"2024-09-16T11:46:30","date_gmt":"2024-09-16T09:46:30","guid":{"rendered":"https:\/\/www.corlidogroup.com\/entreposage\/"},"modified":"2026-02-03T16:12:20","modified_gmt":"2026-02-03T15:12:20","slug":"entreposage","status":"publish","type":"page","link":"https:\/\/www.corlidogroup.com\/fr\/entreposage\/","title":{"rendered":"Entreposage"},"content":{"rendered":"\n<section class=\"pane pane--white\">\n    <div class=\"container\">\n        <div class=\"row g-4 g-lg-8 g-xl-15 g-xxl-25 align-items-center \">\n                            <div class=\"col-12 col-lg-6\">\n                                        <div class=\"pane__text\">\n                        <h3 style=\"text-align: left\">D\u00e9chargez votre centre logistique<\/h3>\n<p><span style=\"color: var(--bs-body-color);font-size: 1.125rem;font-weight: 400\">Nos services d\u2019achat sont compl\u00e9t\u00e9s par des services logistiques complets. Le Groupe Corlido fournit toutes les solutions logistiques n\u00e9cessaires pour livrer les bons produits, au bon moment et au bon endroit \u2014 quelle que soit la taille, le poids ou la destination.  <\/span><\/p>\n                                                \n\n\n\n\n\n\n                    <\/div>\n                <\/div>\n                                        <div class=\"col-12 col-lg\">\n                    <figure class=\"figure figure--rounded\">\n                        <img decoding=\"async\" width=\"1024\" height=\"432\" src=\"https:\/\/www.corlidogroup.com\/wp-content\/uploads\/2024\/03\/Magazijn-1024x432.png\" class=\"img-fluid\" alt=\"\" loading=\"lazy\" srcset=\"https:\/\/www.corlidogroup.com\/wp-content\/uploads\/2024\/03\/Magazijn-1024x432.png 1024w, https:\/\/www.corlidogroup.com\/wp-content\/uploads\/2024\/03\/Magazijn-300x127.png 300w, https:\/\/www.corlidogroup.com\/wp-content\/uploads\/2024\/03\/Magazijn-768x324.png 768w, https:\/\/www.corlidogroup.com\/wp-content\/uploads\/2024\/03\/Magazijn-1536x648.png 1536w, https:\/\/www.corlidogroup.com\/wp-content\/uploads\/2024\/03\/Magazijn-70x30.png 70w, https:\/\/www.corlidogroup.com\/wp-content\/uploads\/2024\/03\/Magazijn.png 1893w\" sizes=\"auto, (max-width: 1024px) 100vw, 1024px\" \/>                    <\/figure>\n                <\/div>\n                    <\/div>\n    <\/div>\n<\/section>\n\n<section class=\"pane pane--primary\">\n    <div class=\"container\">\n        <div class=\"row g-4 g-lg-8 g-xl-15 g-xxl-25 align-items-center \">\n                            <div class=\"col-12 col-lg-8\">\n                                        <div class=\"pane__text\">\n                        <div class=\"col-xl-6 col-lg-6 col-md-12 opties\">\n<h3><span style=\"color: #0e2d46; font-size: 38px; font-weight: bold; text-align: var(--bs-body-text-align);\">Contr\u00f4le des marchandises entrantes<\/span><\/h3>\n<\/div>\n<p>Nos op\u00e9rations d\u2019entreposage incluent des contr\u00f4les rigoureux des marchandises entrantes afin de garantir pr\u00e9cision et qualit\u00e9. Nous v\u00e9rifions les quantit\u00e9s, inspectons l\u2019\u00e9tat des produits et contr\u00f4lons la documentation. Chaque article est mesur\u00e9, pes\u00e9 et photographi\u00e9 afin d\u2019assurer une conformit\u00e9 totale aux exigences des clients et aux normes industrielles.  <\/p>\n<h3>Stockage, consolidation et reconditionnement<\/h3>\n<p>Apr\u00e8s inspection, les marchandises sont stock\u00e9es en toute s\u00e9curit\u00e9 jusqu\u2019\u00e0 leur exp\u00e9dition planifi\u00e9e. Nous proposons des services professionnels de consolidation et de reconditionnement afin d\u2019optimiser l\u2019efficacit\u00e9 des chargements et de garantir la conformit\u00e9 aux sp\u00e9cifications du client. Les exp\u00e9ditions peuvent \u00eatre envoy\u00e9es vers les destinations finales, transf\u00e9r\u00e9es vers des hubs logistiques ou retir\u00e9es directement depuis notre entrep\u00f4t, offrant ainsi des solutions de cha\u00eene d\u2019approvisionnement flexibles et fiables.  <\/p>\n<h3>Stock sous douane<\/h3>\n<p>Nous proposons des services d\u2019entreposage sous douane, sous une supervision stricte des autorit\u00e9s douani\u00e8res, garantissant une conformit\u00e9 totale aux r\u00e9glementations internationales. Ce service permet de diff\u00e9rer le paiement des droits et taxes jusqu\u2019\u00e0 la mise en libre pratique ou \u00e0 l\u2019exportation des marchandises, am\u00e9liorant ainsi la tr\u00e9sorerie et simplifiant la gestion de la cha\u00eene logistique. <\/p>\n<h2><\/h2>\n                                                \n\n\n\n\n\n\n                    <\/div>\n                <\/div>\n                                        <div class=\"col-12 col-lg\">\n                    <figure class=\"figure figure--rounded\">\n                        <img decoding=\"async\" width=\"1024\" height=\"1024\" src=\"https:\/\/www.corlidogroup.com\/wp-content\/uploads\/2024\/09\/Ontwerp-zonder-titel-1024x1024.png\" class=\"img-fluid\" alt=\"\" loading=\"lazy\" srcset=\"https:\/\/www.corlidogroup.com\/wp-content\/uploads\/2024\/09\/Ontwerp-zonder-titel-1024x1024.png 1024w, https:\/\/www.corlidogroup.com\/wp-content\/uploads\/2024\/09\/Ontwerp-zonder-titel-300x300.png 300w, https:\/\/www.corlidogroup.com\/wp-content\/uploads\/2024\/09\/Ontwerp-zonder-titel-150x150.png 150w, https:\/\/www.corlidogroup.com\/wp-content\/uploads\/2024\/09\/Ontwerp-zonder-titel-768x768.png 768w, https:\/\/www.corlidogroup.com\/wp-content\/uploads\/2024\/09\/Ontwerp-zonder-titel-70x70.png 70w, https:\/\/www.corlidogroup.com\/wp-content\/uploads\/2024\/09\/Ontwerp-zonder-titel.png 1080w\" sizes=\"auto, (max-width: 1024px) 100vw, 1024px\" \/>                    <\/figure>\n                <\/div>\n                    <\/div>\n    <\/div>\n<\/section>\n\n<section class=\"pane pane--white\">\n    <div class=\"container\">\n        <div class=\"row g-4 g-lg-8 g-xl-15 g-xxl-25 align-items-center \">\n                            <div class=\"col-12 col-lg-8\">\n                                        <div class=\"pane__text\">\n                        <h3>Avantages<\/h3>\n<p>Vous n\u2019avez pas \u00e0 payer de droits d\u2019importation ni d\u2019autres taxes sur les marchandises. De plus, le Groupe Corlido n\u2019est pas tenu de se conformer aux mesures de politique commerciale, dans la mesure o\u00f9 celles-ci n\u2019interdisent pas l\u2019entr\u00e9e ou la sortie des marchandises du territoire douanier. Cela repr\u00e9sente un avantage \u00e9conomique. Le Groupe Corlido utilise \u00e9galement l\u2019entrep\u00f4t sous douane comme centre de distribution.   <\/p>\n<ul>\n<li>D\u00e9charge compl\u00e8te de l\u2019entrep\u00f4t<\/li>\n<li>100% delivery reliability.<\/li>\n<li>Aucune livraison partielle<\/li>\n<\/ul>\n                                                \n\n\n\n\n\n\n                    <\/div>\n                <\/div>\n                                <\/div>\n    <\/div>\n<\/section>\n\n<section class=\"pane pane--white\">\n    <div class=\"container\">\n        <div class=\"row g-4 g-lg-8 g-xl-15 g-xxl-25 align-items-center \">\n                            <div class=\"col-12 col-lg-8\">\n                                        <div class=\"pane__text\">\n                        <h3>Delivery Options<\/h3>\n<h5>Livraison consolid\u00e9e<\/h5>\n<p>Les fournisseurs livrent les marchandises \u00e0 l\u2019entrep\u00f4t Corlido, o\u00f9 nous effectuons des contr\u00f4les approfondis \u00e0 la r\u00e9ception afin de d\u00e9tecter les manques, les dommages et les erreurs de documentation. Les articles sont ensuite reconditionn\u00e9s, \u00e9tiquet\u00e9s et regroup\u00e9s professionnellement en une seule exp\u00e9dition consolid\u00e9e vers les destinations pr\u00e9vues. <\/p>\n<p>Avantages des exp\u00e9ditions consolid\u00e9es :<\/p>\n<ul>\n<li>Garantie de pr\u00e9cision et de conformit\u00e9 gr\u00e2ce aux contr\u00f4les qualit\u00e9 rigoureux de Corlido<\/li>\n<li>Regroupement de commandes provenant de plusieurs fournisseurs en une seule livraison efficace<\/li>\n<li>R\u00e9duction des mouvements de transport, diminuant les \u00e9missions de CO\u2082<\/li>\n<li>Diminution des mat\u00e9riaux d\u2019emballage et des d\u00e9chets<\/li>\n<li>Simplification des processus de r\u00e9ception pour les clients<\/li>\n<\/ul>\n<h5>Livraison directe et express<\/h5>\n<p>Pour les commandes urgentes ou sensibles au facteur temps, les marchandises peuvent \u00eatre exp\u00e9di\u00e9es directement du fournisseur ou du fabricant vers le client, sans transiter par notre entrep\u00f4t. Cela inclut les livraisons directes (drop shipments), o\u00f9 les articles sont envoy\u00e9s directement du fournisseur au client. <\/p>\n<p>Avantages des livraisons directes:<\/p>\n<ul>\n<li>Livraison plus rapide avec un minimum de manipulation<\/li>\n<li>Options de livraison express flexibles disponibles<\/li>\n<\/ul>\n                                                \n\n\n\n\n\n\n                    <\/div>\n                <\/div>\n                                <\/div>\n    <\/div>\n<\/section>\n","protected":false},"excerpt":{"rendered":"","protected":false},"author":2,"featured_media":0,"parent":0,"menu_order":0,"comment_status":"closed","ping_status":"closed","template":"","meta":{"_acf_changed":false,"_monsterinsights_skip_tracking":false,"_monsterinsights_sitenote_active":false,"_monsterinsights_sitenote_note":"","_monsterinsights_sitenote_category":0,"footnotes":""},"class_list":["post-2772","page","type-page","status-publish","hentry"],"acf":[],"yoast_head":"<!-- This site is optimized with the Yoast SEO plugin v27.4 - https:\/\/yoast.com\/product\/yoast-seo-wordpress\/ -->\n<title>Entreposage - Corlido<\/title>\n<meta name=\"robots\" content=\"index, follow, max-snippet:-1, max-image-preview:large, max-video-preview:-1\" \/>\n<link rel=\"canonical\" href=\"https:\/\/www.corlidogroup.com\/fr\/entreposage\/\" \/>\n<meta property=\"og:locale\" content=\"fr_FR\" \/>\n<meta property=\"og:type\" content=\"article\" \/>\n<meta property=\"og:title\" content=\"Entreposage - Corlido\" \/>\n<meta property=\"og:url\" content=\"https:\/\/www.corlidogroup.com\/fr\/entreposage\/\" \/>\n<meta property=\"og:site_name\" content=\"Corlido\" \/>\n<meta property=\"article:publisher\" content=\"https:\/\/www.facebook.com\/CorlidoGroup\/\" \/>\n<meta property=\"article:modified_time\" content=\"2026-02-03T15:12:20+00:00\" \/>\n<meta name=\"twitter:card\" content=\"summary_large_image\" \/>\n<script type=\"application\/ld+json\" class=\"yoast-schema-graph\">{\"@context\":\"https:\\\/\\\/schema.org\",\"@graph\":[{\"@type\":\"WebPage\",\"@id\":\"https:\\\/\\\/www.corlidogroup.com\\\/fr\\\/entreposage\\\/\",\"url\":\"https:\\\/\\\/www.corlidogroup.com\\\/fr\\\/entreposage\\\/\",\"name\":\"Entreposage - Corlido\",\"isPartOf\":{\"@id\":\"https:\\\/\\\/www.corlidogroup.com\\\/fr\\\/#website\"},\"datePublished\":\"2024-09-16T09:46:30+00:00\",\"dateModified\":\"2026-02-03T15:12:20+00:00\",\"breadcrumb\":{\"@id\":\"https:\\\/\\\/www.corlidogroup.com\\\/fr\\\/entreposage\\\/#breadcrumb\"},\"inLanguage\":\"fr-FR\",\"potentialAction\":[{\"@type\":\"ReadAction\",\"target\":[\"https:\\\/\\\/www.corlidogroup.com\\\/fr\\\/entreposage\\\/\"]}]},{\"@type\":\"BreadcrumbList\",\"@id\":\"https:\\\/\\\/www.corlidogroup.com\\\/fr\\\/entreposage\\\/#breadcrumb\",\"itemListElement\":[{\"@type\":\"ListItem\",\"position\":1,\"name\":\"Home\",\"item\":\"https:\\\/\\\/www.corlidogroup.com\\\/fr\\\/home\\\/\"},{\"@type\":\"ListItem\",\"position\":2,\"name\":\"Entreposage\"}]},{\"@type\":\"WebSite\",\"@id\":\"https:\\\/\\\/www.corlidogroup.com\\\/fr\\\/#website\",\"url\":\"https:\\\/\\\/www.corlidogroup.com\\\/fr\\\/\",\"name\":\"Corlido Group\",\"description\":\"We optimise your procurement process\",\"publisher\":{\"@id\":\"https:\\\/\\\/www.corlidogroup.com\\\/fr\\\/#organization\"},\"potentialAction\":[{\"@type\":\"SearchAction\",\"target\":{\"@type\":\"EntryPoint\",\"urlTemplate\":\"https:\\\/\\\/www.corlidogroup.com\\\/fr\\\/?s={search_term_string}\"},\"query-input\":{\"@type\":\"PropertyValueSpecification\",\"valueRequired\":true,\"valueName\":\"search_term_string\"}}],\"inLanguage\":\"fr-FR\"},{\"@type\":\"Organization\",\"@id\":\"https:\\\/\\\/www.corlidogroup.com\\\/fr\\\/#organization\",\"name\":\"Corlido Group\",\"url\":\"https:\\\/\\\/www.corlidogroup.com\\\/fr\\\/\",\"logo\":{\"@type\":\"ImageObject\",\"inLanguage\":\"fr-FR\",\"@id\":\"https:\\\/\\\/www.corlidogroup.com\\\/fr\\\/#\\\/schema\\\/logo\\\/image\\\/\",\"url\":\"https:\\\/\\\/www.corlidogroup.com\\\/wp-content\\\/uploads\\\/2024\\\/02\\\/cropped-Corlido-favicon.png\",\"contentUrl\":\"https:\\\/\\\/www.corlidogroup.com\\\/wp-content\\\/uploads\\\/2024\\\/02\\\/cropped-Corlido-favicon.png\",\"width\":512,\"height\":512,\"caption\":\"Corlido Group\"},\"image\":{\"@id\":\"https:\\\/\\\/www.corlidogroup.com\\\/fr\\\/#\\\/schema\\\/logo\\\/image\\\/\"},\"sameAs\":[\"https:\\\/\\\/www.facebook.com\\\/CorlidoGroup\\\/\",\"https:\\\/\\\/www.linkedin.com\\\/company\\\/1372474\\\/\",\"https:\\\/\\\/www.instagram.com\\\/corlidogroup\\\/\"]}]}<\/script>\n<!-- \/ Yoast SEO plugin. -->","yoast_head_json":{"title":"Entreposage - Corlido","robots":{"index":"index","follow":"follow","max-snippet":"max-snippet:-1","max-image-preview":"max-image-preview:large","max-video-preview":"max-video-preview:-1"},"canonical":"https:\/\/www.corlidogroup.com\/fr\/entreposage\/","og_locale":"fr_FR","og_type":"article","og_title":"Entreposage - Corlido","og_url":"https:\/\/www.corlidogroup.com\/fr\/entreposage\/","og_site_name":"Corlido","article_publisher":"https:\/\/www.facebook.com\/CorlidoGroup\/","article_modified_time":"2026-02-03T15:12:20+00:00","twitter_card":"summary_large_image","schema":{"@context":"https:\/\/schema.org","@graph":[{"@type":"WebPage","@id":"https:\/\/www.corlidogroup.com\/fr\/entreposage\/","url":"https:\/\/www.corlidogroup.com\/fr\/entreposage\/","name":"Entreposage - Corlido","isPartOf":{"@id":"https:\/\/www.corlidogroup.com\/fr\/#website"},"datePublished":"2024-09-16T09:46:30+00:00","dateModified":"2026-02-03T15:12:20+00:00","breadcrumb":{"@id":"https:\/\/www.corlidogroup.com\/fr\/entreposage\/#breadcrumb"},"inLanguage":"fr-FR","potentialAction":[{"@type":"ReadAction","target":["https:\/\/www.corlidogroup.com\/fr\/entreposage\/"]}]},{"@type":"BreadcrumbList","@id":"https:\/\/www.corlidogroup.com\/fr\/entreposage\/#breadcrumb","itemListElement":[{"@type":"ListItem","position":1,"name":"Home","item":"https:\/\/www.corlidogroup.com\/fr\/home\/"},{"@type":"ListItem","position":2,"name":"Entreposage"}]},{"@type":"WebSite","@id":"https:\/\/www.corlidogroup.com\/fr\/#website","url":"https:\/\/www.corlidogroup.com\/fr\/","name":"Corlido Group","description":"We optimise your procurement process","publisher":{"@id":"https:\/\/www.corlidogroup.com\/fr\/#organization"},"potentialAction":[{"@type":"SearchAction","target":{"@type":"EntryPoint","urlTemplate":"https:\/\/www.corlidogroup.com\/fr\/?s={search_term_string}"},"query-input":{"@type":"PropertyValueSpecification","valueRequired":true,"valueName":"search_term_string"}}],"inLanguage":"fr-FR"},{"@type":"Organization","@id":"https:\/\/www.corlidogroup.com\/fr\/#organization","name":"Corlido Group","url":"https:\/\/www.corlidogroup.com\/fr\/","logo":{"@type":"ImageObject","inLanguage":"fr-FR","@id":"https:\/\/www.corlidogroup.com\/fr\/#\/schema\/logo\/image\/","url":"https:\/\/www.corlidogroup.com\/wp-content\/uploads\/2024\/02\/cropped-Corlido-favicon.png","contentUrl":"https:\/\/www.corlidogroup.com\/wp-content\/uploads\/2024\/02\/cropped-Corlido-favicon.png","width":512,"height":512,"caption":"Corlido Group"},"image":{"@id":"https:\/\/www.corlidogroup.com\/fr\/#\/schema\/logo\/image\/"},"sameAs":["https:\/\/www.facebook.com\/CorlidoGroup\/","https:\/\/www.linkedin.com\/company\/1372474\/","https:\/\/www.instagram.com\/corlidogroup\/"]}]}},"_links":{"self":[{"href":"https:\/\/www.corlidogroup.com\/fr\/wp-json\/wp\/v2\/pages\/2772","targetHints":{"allow":["GET"]}}],"collection":[{"href":"https:\/\/www.corlidogroup.com\/fr\/wp-json\/wp\/v2\/pages"}],"about":[{"href":"https:\/\/www.corlidogroup.com\/fr\/wp-json\/wp\/v2\/types\/page"}],"author":[{"embeddable":true,"href":"https:\/\/www.corlidogroup.com\/fr\/wp-json\/wp\/v2\/users\/2"}],"replies":[{"embeddable":true,"href":"https:\/\/www.corlidogroup.com\/fr\/wp-json\/wp\/v2\/comments?post=2772"}],"version-history":[{"count":1,"href":"https:\/\/www.corlidogroup.com\/fr\/wp-json\/wp\/v2\/pages\/2772\/revisions"}],"predecessor-version":[{"id":2774,"href":"https:\/\/www.corlidogroup.com\/fr\/wp-json\/wp\/v2\/pages\/2772\/revisions\/2774"}],"wp:attachment":[{"href":"https:\/\/www.corlidogroup.com\/fr\/wp-json\/wp\/v2\/media?parent=2772"}],"curies":[{"name":"wp","href":"https:\/\/api.w.org\/{rel}","templated":true}]}}