{"id":2775,"date":"2024-02-23T08:45:45","date_gmt":"2024-02-23T07:45:45","guid":{"rendered":"https:\/\/www.corlidogroup.com\/travailler-chez-corlido-group\/"},"modified":"2026-02-03T16:14:18","modified_gmt":"2026-02-03T15:14:18","slug":"travailler-chez-corlido-group","status":"publish","type":"page","link":"https:\/\/www.corlidogroup.com\/fr\/travailler-chez-corlido-group\/","title":{"rendered":"Travailler chez Corlido Group"},"content":{"rendered":"\n<section class=\"pane pane--white\">\n    <div class=\"container\">\n        <div class=\"row g-4 g-lg-8 g-xl-15 g-xxl-25 align-items-center \">\n                            <div class=\"col-12 col-lg-8\">\n                                        <div class=\"pane__text\">\n                        <h2>Carri\u00e8res<\/h2>\n<p style=\"font-weight: 400\">Travailler chez Corlido Group signifie s\u2019\u00e9panouir \u00e0 la fois personnellement et professionnellement, tout en contribuant \u00e0 un monde meilleur. Notre esprit collaboratif ne se limite pas \u00e0 am\u00e9liorer notre organisation ; il s\u2019agit de se soutenir mutuellement et de faire une diff\u00e9rence positive pour nos clients et au-del\u00e0. <\/p>\n<p><span style=\"font-weight: 400\">Nous croyons au pouvoir du travail d\u2019\u00e9quipe pour cr\u00e9er un changement significatif. Dans notre environnement stimulant et bienveillant, vous aurez l\u2019opportunit\u00e9 de mettre vos talents \u00e0 profit et de renforcer vos comp\u00e9tences. Rejoignez notre \u00e9quipe de personnes passionn\u00e9es, o\u00f9 chaque contribution compte.  <\/span><\/p>\n                                                \n                    <\/div>\n                <\/div>\n                                        <div class=\"col-12 col-lg\">\n                    <figure class=\"figure figure--rounded\">\n                        <img decoding=\"async\" width=\"1024\" height=\"683\" src=\"https:\/\/www.corlidogroup.com\/wp-content\/uploads\/2024\/02\/pexels-andrea-piacquadio-927451-1024x683.jpg\" class=\"img-fluid\" alt=\"\" loading=\"lazy\" srcset=\"https:\/\/www.corlidogroup.com\/wp-content\/uploads\/2024\/02\/pexels-andrea-piacquadio-927451-1024x683.jpg 1024w, https:\/\/www.corlidogroup.com\/wp-content\/uploads\/2024\/02\/pexels-andrea-piacquadio-927451-300x200.jpg 300w, https:\/\/www.corlidogroup.com\/wp-content\/uploads\/2024\/02\/pexels-andrea-piacquadio-927451-768x512.jpg 768w, https:\/\/www.corlidogroup.com\/wp-content\/uploads\/2024\/02\/pexels-andrea-piacquadio-927451-1536x1024.jpg 1536w, https:\/\/www.corlidogroup.com\/wp-content\/uploads\/2024\/02\/pexels-andrea-piacquadio-927451-70x47.jpg 70w, https:\/\/www.corlidogroup.com\/wp-content\/uploads\/2024\/02\/pexels-andrea-piacquadio-927451.jpg 1920w\" sizes=\"auto, (max-width: 1024px) 100vw, 1024px\" \/>                    <\/figure>\n                <\/div>\n                    <\/div>\n    <\/div>\n<\/section>\n\n<section class=\"pane pane--white\">\n    <div class=\"container\">\n        <div class=\"row\">\n            <div class=\"col-12\">\n                            <\/div>\n        <\/div>\n    <\/div>\n<\/section>\n\n<section class=\"pane pane--white\">\n    <div class=\"container\">\n        <div class=\"row g-4 g-lg-8 g-xl-15 g-xxl-25 align-items-center \">\n                            <div class=\"col-12 col-lg-7\">\n                                        <div class=\"pane__text\">\n                        <h2>Votre poste n\u2019est pas list\u00e9 ici?<\/h2>\n<div><span lang=\"EN-US\">Aucune offre d\u2019emploi ou stage ne correspond actuellement \u00e0 vos comp\u00e9tences et aspirations ? Nous croyons au d\u00e9veloppement des talents de demain et vous invitons \u00e0 nous envoyer une candidature spontan\u00e9e.<br \/>Envoyez votre CV et lettre de motivation \u00e0 careers@corlidogroup.com et explorons ensemble comment vous pourriez rejoindre notre \u00e9quipe. Nous avons h\u00e2te de vous conna\u00eetre!   <\/span><\/div>\n                                                \n\n    <div class=\"pane__button-group\">\n        <div class=\"row g-2 g-lg-3 justify-content-start\">\n                            <div class=\"col-auto\">\n                                                                <a class=\"btn btn-tertiary\" href=\"mailto:careers@corlidogroup.com\" target=\"_self\">\n                            <span class=\"btn__text\">Contactez notre \u00e9quipe par e-mail<\/span>\n                            <svg class=\"icon icon--12 icon--arrow\">\n                                <use xlink:href=\"https:\/\/www.corlidogroup.com\/wp-content\/themes\/corlido\/build\/img\/symbols.svg#arrow-right\"><\/use>\n                            <\/svg>\n                        <\/a>\n                                    <\/div>\n                    <\/div>\n    <\/div>\n\n\n                    <\/div>\n                <\/div>\n                                        <div class=\"col-12 col-lg\">\n                    <figure class=\"figure figure--rounded\">\n                        <img decoding=\"async\" width=\"1024\" height=\"683\" src=\"https:\/\/www.corlidogroup.com\/wp-content\/uploads\/2024\/02\/CORLIDO-JULI-2016-07-1024x683.jpeg\" class=\"img-fluid\" alt=\"\" loading=\"lazy\" srcset=\"https:\/\/www.corlidogroup.com\/wp-content\/uploads\/2024\/02\/CORLIDO-JULI-2016-07-1024x683.jpeg 1024w, https:\/\/www.corlidogroup.com\/wp-content\/uploads\/2024\/02\/CORLIDO-JULI-2016-07-300x200.jpeg 300w, https:\/\/www.corlidogroup.com\/wp-content\/uploads\/2024\/02\/CORLIDO-JULI-2016-07-768x512.jpeg 768w, https:\/\/www.corlidogroup.com\/wp-content\/uploads\/2024\/02\/CORLIDO-JULI-2016-07-1536x1024.jpeg 1536w, https:\/\/www.corlidogroup.com\/wp-content\/uploads\/2024\/02\/CORLIDO-JULI-2016-07-70x47.jpeg 70w, https:\/\/www.corlidogroup.com\/wp-content\/uploads\/2024\/02\/CORLIDO-JULI-2016-07.jpeg 1920w\" sizes=\"auto, (max-width: 1024px) 100vw, 1024px\" \/>                    <\/figure>\n                <\/div>\n                    <\/div>\n    <\/div>\n<\/section>\n","protected":false},"excerpt":{"rendered":"","protected":false},"author":1,"featured_media":211,"parent":0,"menu_order":0,"comment_status":"closed","ping_status":"closed","template":"","meta":{"_acf_changed":false,"_monsterinsights_skip_tracking":false,"_monsterinsights_sitenote_active":false,"_monsterinsights_sitenote_note":"","_monsterinsights_sitenote_category":0,"footnotes":""},"class_list":["post-2775","page","type-page","status-publish","has-post-thumbnail","hentry"],"acf":[],"yoast_head":"<!-- This site is optimized with the Yoast SEO plugin v27.6 - https:\/\/yoast.com\/product\/yoast-seo-wordpress\/ -->\n<title>Travailler chez Corlido Group - Corlido<\/title>\n<meta name=\"robots\" content=\"index, follow, max-snippet:-1, max-image-preview:large, max-video-preview:-1\" \/>\n<link rel=\"canonical\" href=\"https:\/\/www.corlidogroup.com\/fr\/travailler-chez-corlido-group\/\" \/>\n<meta property=\"og:locale\" content=\"fr_FR\" \/>\n<meta property=\"og:type\" content=\"article\" \/>\n<meta property=\"og:title\" content=\"Travailler chez Corlido Group - Corlido\" \/>\n<meta property=\"og:url\" content=\"https:\/\/www.corlidogroup.com\/fr\/travailler-chez-corlido-group\/\" \/>\n<meta property=\"og:site_name\" content=\"Corlido\" \/>\n<meta property=\"article:publisher\" content=\"https:\/\/www.facebook.com\/CorlidoGroup\/\" \/>\n<meta property=\"article:modified_time\" content=\"2026-02-03T15:14:18+00:00\" \/>\n<meta property=\"og:image\" content=\"https:\/\/www.corlidogroup.com\/wp-content\/uploads\/2024\/02\/pexels-andrea-piacquadio-927451.jpg\" \/>\n\t<meta property=\"og:image:width\" content=\"1920\" \/>\n\t<meta property=\"og:image:height\" content=\"1280\" \/>\n\t<meta property=\"og:image:type\" content=\"image\/jpeg\" \/>\n<meta name=\"twitter:card\" content=\"summary_large_image\" \/>\n<script type=\"application\/ld+json\" class=\"yoast-schema-graph\">{\"@context\":\"https:\\\/\\\/schema.org\",\"@graph\":[{\"@type\":\"WebPage\",\"@id\":\"https:\\\/\\\/www.corlidogroup.com\\\/fr\\\/travailler-chez-corlido-group\\\/\",\"url\":\"https:\\\/\\\/www.corlidogroup.com\\\/fr\\\/travailler-chez-corlido-group\\\/\",\"name\":\"Travailler chez Corlido Group - Corlido\",\"isPartOf\":{\"@id\":\"https:\\\/\\\/www.corlidogroup.com\\\/fr\\\/#website\"},\"primaryImageOfPage\":{\"@id\":\"https:\\\/\\\/www.corlidogroup.com\\\/fr\\\/travailler-chez-corlido-group\\\/#primaryimage\"},\"image\":{\"@id\":\"https:\\\/\\\/www.corlidogroup.com\\\/fr\\\/travailler-chez-corlido-group\\\/#primaryimage\"},\"thumbnailUrl\":\"https:\\\/\\\/www.corlidogroup.com\\\/wp-content\\\/uploads\\\/2024\\\/02\\\/pexels-andrea-piacquadio-927451.jpg\",\"datePublished\":\"2024-02-23T07:45:45+00:00\",\"dateModified\":\"2026-02-03T15:14:18+00:00\",\"breadcrumb\":{\"@id\":\"https:\\\/\\\/www.corlidogroup.com\\\/fr\\\/travailler-chez-corlido-group\\\/#breadcrumb\"},\"inLanguage\":\"fr-FR\",\"potentialAction\":[{\"@type\":\"ReadAction\",\"target\":[\"https:\\\/\\\/www.corlidogroup.com\\\/fr\\\/travailler-chez-corlido-group\\\/\"]}]},{\"@type\":\"ImageObject\",\"inLanguage\":\"fr-FR\",\"@id\":\"https:\\\/\\\/www.corlidogroup.com\\\/fr\\\/travailler-chez-corlido-group\\\/#primaryimage\",\"url\":\"https:\\\/\\\/www.corlidogroup.com\\\/wp-content\\\/uploads\\\/2024\\\/02\\\/pexels-andrea-piacquadio-927451.jpg\",\"contentUrl\":\"https:\\\/\\\/www.corlidogroup.com\\\/wp-content\\\/uploads\\\/2024\\\/02\\\/pexels-andrea-piacquadio-927451.jpg\",\"width\":1920,\"height\":1280},{\"@type\":\"BreadcrumbList\",\"@id\":\"https:\\\/\\\/www.corlidogroup.com\\\/fr\\\/travailler-chez-corlido-group\\\/#breadcrumb\",\"itemListElement\":[{\"@type\":\"ListItem\",\"position\":1,\"name\":\"Home\",\"item\":\"https:\\\/\\\/www.corlidogroup.com\\\/fr\\\/home\\\/\"},{\"@type\":\"ListItem\",\"position\":2,\"name\":\"Travailler chez Corlido Group\"}]},{\"@type\":\"WebSite\",\"@id\":\"https:\\\/\\\/www.corlidogroup.com\\\/fr\\\/#website\",\"url\":\"https:\\\/\\\/www.corlidogroup.com\\\/fr\\\/\",\"name\":\"Corlido Group\",\"description\":\"We optimise your procurement process\",\"publisher\":{\"@id\":\"https:\\\/\\\/www.corlidogroup.com\\\/fr\\\/#organization\"},\"potentialAction\":[{\"@type\":\"SearchAction\",\"target\":{\"@type\":\"EntryPoint\",\"urlTemplate\":\"https:\\\/\\\/www.corlidogroup.com\\\/fr\\\/?s={search_term_string}\"},\"query-input\":{\"@type\":\"PropertyValueSpecification\",\"valueRequired\":true,\"valueName\":\"search_term_string\"}}],\"inLanguage\":\"fr-FR\"},{\"@type\":\"Organization\",\"@id\":\"https:\\\/\\\/www.corlidogroup.com\\\/fr\\\/#organization\",\"name\":\"Corlido Group\",\"url\":\"https:\\\/\\\/www.corlidogroup.com\\\/fr\\\/\",\"logo\":{\"@type\":\"ImageObject\",\"inLanguage\":\"fr-FR\",\"@id\":\"https:\\\/\\\/www.corlidogroup.com\\\/fr\\\/#\\\/schema\\\/logo\\\/image\\\/\",\"url\":\"https:\\\/\\\/www.corlidogroup.com\\\/wp-content\\\/uploads\\\/2024\\\/02\\\/cropped-Corlido-favicon.png\",\"contentUrl\":\"https:\\\/\\\/www.corlidogroup.com\\\/wp-content\\\/uploads\\\/2024\\\/02\\\/cropped-Corlido-favicon.png\",\"width\":512,\"height\":512,\"caption\":\"Corlido Group\"},\"image\":{\"@id\":\"https:\\\/\\\/www.corlidogroup.com\\\/fr\\\/#\\\/schema\\\/logo\\\/image\\\/\"},\"sameAs\":[\"https:\\\/\\\/www.facebook.com\\\/CorlidoGroup\\\/\",\"https:\\\/\\\/www.linkedin.com\\\/company\\\/1372474\\\/\",\"https:\\\/\\\/www.instagram.com\\\/corlidogroup\\\/\"]}]}<\/script>\n<!-- \/ Yoast SEO plugin. -->","yoast_head_json":{"title":"Travailler chez Corlido Group - Corlido","robots":{"index":"index","follow":"follow","max-snippet":"max-snippet:-1","max-image-preview":"max-image-preview:large","max-video-preview":"max-video-preview:-1"},"canonical":"https:\/\/www.corlidogroup.com\/fr\/travailler-chez-corlido-group\/","og_locale":"fr_FR","og_type":"article","og_title":"Travailler chez Corlido Group - Corlido","og_url":"https:\/\/www.corlidogroup.com\/fr\/travailler-chez-corlido-group\/","og_site_name":"Corlido","article_publisher":"https:\/\/www.facebook.com\/CorlidoGroup\/","article_modified_time":"2026-02-03T15:14:18+00:00","og_image":[{"width":1920,"height":1280,"url":"https:\/\/www.corlidogroup.com\/wp-content\/uploads\/2024\/02\/pexels-andrea-piacquadio-927451.jpg","type":"image\/jpeg"}],"twitter_card":"summary_large_image","schema":{"@context":"https:\/\/schema.org","@graph":[{"@type":"WebPage","@id":"https:\/\/www.corlidogroup.com\/fr\/travailler-chez-corlido-group\/","url":"https:\/\/www.corlidogroup.com\/fr\/travailler-chez-corlido-group\/","name":"Travailler chez Corlido Group - Corlido","isPartOf":{"@id":"https:\/\/www.corlidogroup.com\/fr\/#website"},"primaryImageOfPage":{"@id":"https:\/\/www.corlidogroup.com\/fr\/travailler-chez-corlido-group\/#primaryimage"},"image":{"@id":"https:\/\/www.corlidogroup.com\/fr\/travailler-chez-corlido-group\/#primaryimage"},"thumbnailUrl":"https:\/\/www.corlidogroup.com\/wp-content\/uploads\/2024\/02\/pexels-andrea-piacquadio-927451.jpg","datePublished":"2024-02-23T07:45:45+00:00","dateModified":"2026-02-03T15:14:18+00:00","breadcrumb":{"@id":"https:\/\/www.corlidogroup.com\/fr\/travailler-chez-corlido-group\/#breadcrumb"},"inLanguage":"fr-FR","potentialAction":[{"@type":"ReadAction","target":["https:\/\/www.corlidogroup.com\/fr\/travailler-chez-corlido-group\/"]}]},{"@type":"ImageObject","inLanguage":"fr-FR","@id":"https:\/\/www.corlidogroup.com\/fr\/travailler-chez-corlido-group\/#primaryimage","url":"https:\/\/www.corlidogroup.com\/wp-content\/uploads\/2024\/02\/pexels-andrea-piacquadio-927451.jpg","contentUrl":"https:\/\/www.corlidogroup.com\/wp-content\/uploads\/2024\/02\/pexels-andrea-piacquadio-927451.jpg","width":1920,"height":1280},{"@type":"BreadcrumbList","@id":"https:\/\/www.corlidogroup.com\/fr\/travailler-chez-corlido-group\/#breadcrumb","itemListElement":[{"@type":"ListItem","position":1,"name":"Home","item":"https:\/\/www.corlidogroup.com\/fr\/home\/"},{"@type":"ListItem","position":2,"name":"Travailler chez Corlido Group"}]},{"@type":"WebSite","@id":"https:\/\/www.corlidogroup.com\/fr\/#website","url":"https:\/\/www.corlidogroup.com\/fr\/","name":"Corlido Group","description":"We optimise your procurement process","publisher":{"@id":"https:\/\/www.corlidogroup.com\/fr\/#organization"},"potentialAction":[{"@type":"SearchAction","target":{"@type":"EntryPoint","urlTemplate":"https:\/\/www.corlidogroup.com\/fr\/?s={search_term_string}"},"query-input":{"@type":"PropertyValueSpecification","valueRequired":true,"valueName":"search_term_string"}}],"inLanguage":"fr-FR"},{"@type":"Organization","@id":"https:\/\/www.corlidogroup.com\/fr\/#organization","name":"Corlido Group","url":"https:\/\/www.corlidogroup.com\/fr\/","logo":{"@type":"ImageObject","inLanguage":"fr-FR","@id":"https:\/\/www.corlidogroup.com\/fr\/#\/schema\/logo\/image\/","url":"https:\/\/www.corlidogroup.com\/wp-content\/uploads\/2024\/02\/cropped-Corlido-favicon.png","contentUrl":"https:\/\/www.corlidogroup.com\/wp-content\/uploads\/2024\/02\/cropped-Corlido-favicon.png","width":512,"height":512,"caption":"Corlido Group"},"image":{"@id":"https:\/\/www.corlidogroup.com\/fr\/#\/schema\/logo\/image\/"},"sameAs":["https:\/\/www.facebook.com\/CorlidoGroup\/","https:\/\/www.linkedin.com\/company\/1372474\/","https:\/\/www.instagram.com\/corlidogroup\/"]}]}},"_links":{"self":[{"href":"https:\/\/www.corlidogroup.com\/fr\/wp-json\/wp\/v2\/pages\/2775","targetHints":{"allow":["GET"]}}],"collection":[{"href":"https:\/\/www.corlidogroup.com\/fr\/wp-json\/wp\/v2\/pages"}],"about":[{"href":"https:\/\/www.corlidogroup.com\/fr\/wp-json\/wp\/v2\/types\/page"}],"author":[{"embeddable":true,"href":"https:\/\/www.corlidogroup.com\/fr\/wp-json\/wp\/v2\/users\/1"}],"replies":[{"embeddable":true,"href":"https:\/\/www.corlidogroup.com\/fr\/wp-json\/wp\/v2\/comments?post=2775"}],"version-history":[{"count":1,"href":"https:\/\/www.corlidogroup.com\/fr\/wp-json\/wp\/v2\/pages\/2775\/revisions"}],"predecessor-version":[{"id":2777,"href":"https:\/\/www.corlidogroup.com\/fr\/wp-json\/wp\/v2\/pages\/2775\/revisions\/2777"}],"wp:featuredmedia":[{"embeddable":true,"href":"https:\/\/www.corlidogroup.com\/fr\/wp-json\/wp\/v2\/media\/211"}],"wp:attachment":[{"href":"https:\/\/www.corlidogroup.com\/fr\/wp-json\/wp\/v2\/media?parent=2775"}],"curies":[{"name":"wp","href":"https:\/\/api.w.org\/{rel}","templated":true}]}}