{"id":2803,"date":"2024-02-09T14:18:46","date_gmt":"2024-02-09T13:18:46","guid":{"rendered":"https:\/\/www.corlidogroup.com\/manutention-de-materiaux\/"},"modified":"2026-03-27T12:49:24","modified_gmt":"2026-03-27T11:49:24","slug":"manutention-de-materiaux","status":"publish","type":"page","link":"https:\/\/www.corlidogroup.com\/fr\/manutention-de-materiaux\/","title":{"rendered":"Material Handling"},"content":{"rendered":"\n<section class=\"pane pane--white pane--gradient\">\n    <div class=\"container\">\n        <div class=\"row g-4 g-lg-8 g-xl-15 g-xxl-25 align-items-center \">\n                            <div class=\"col-12 col-lg-7\">\n                                        <div class=\"pane__text\">\n                        <p>Corlido Material Handling, \u00e9galement connu sous le nom de Weldon, poss\u00e8de plus de 30 ans d\u2019exp\u00e9rience dans la fabrication et l\u2019importation d\u2019\u00e9quipements de transport interne. En plus de nos produits sous notre propre marque, nous aidons les entreprises \u00e0 importer des transpalettes manuels et (semi-)\u00e9lectriques, des gerbeurs et des tables \u00e9l\u00e9vatrices. Corlido g\u00e8re l\u2019ensemble du processus, ce qui signifie que vous disposez d\u2019un seul point de contact tout au long de la production et de l\u2019importation.  <\/p>\n<p>Nos produits se caract\u00e9risent par une haute qualit\u00e9 \u00e0 un prix comp\u00e9titif. Nous commercialisons les marques Weldon, Noblelift, Xilin et EP. Avec un large stock de transpalettes, tables \u00e9l\u00e9vatrices et gerbeurs, notre boutique en ligne est id\u00e9ale pour commander facilement vos \u00e9quipements de transport interne.  <\/p>\n                                                \n\n\n\n\n    <div class=\"pane__button-group\">\n        <div class=\"row g-2 g-lg-3 justify-content-start\">\n                            <div class=\"col-auto\">\n                                                                <a class=\"btn btn-tertiary\" href=\"https:\/\/weldon.nl\/?_gl=1%2A1kae9x4%2A_up%2AMQ..&amp;gclid=CjwKCAjw_ZC2BhAQEiwAXSgClhnkPU_FzKCqXBGq6m7YvmZ5SbsUbgNZwdbSQGoGQ7qGzs_X_DzmfBoCA3QQAvD_BwE\" target=\"_self\">\n                            <span class=\"btn__text\">Commandez d\u00e8s maintenant sur Weldon.nl <\/span>\n                            <svg class=\"icon icon--12 icon--arrow\">\n                                <use xlink:href=\"https:\/\/www.corlidogroup.com\/wp-content\/themes\/corlido\/build\/img\/symbols.svg#arrow-right\"><\/use>\n                            <\/svg>\n                        <\/a>\n                                    <\/div>\n                    <\/div>\n    <\/div>\n\n\n                    <\/div>\n                <\/div>\n                                        <div class=\"col-12 col-lg\">\n                    <figure class=\"figure figure--rounded\">\n                        <img decoding=\"async\" width=\"1024\" height=\"768\" src=\"https:\/\/www.corlidogroup.com\/wp-content\/uploads\/2024\/04\/PHOTO-2023-02-20-12-36-01-1024x768.jpg\" class=\"img-fluid\" alt=\"\" loading=\"lazy\" srcset=\"https:\/\/www.corlidogroup.com\/wp-content\/uploads\/2024\/04\/PHOTO-2023-02-20-12-36-01-1024x768.jpg 1024w, https:\/\/www.corlidogroup.com\/wp-content\/uploads\/2024\/04\/PHOTO-2023-02-20-12-36-01-300x225.jpg 300w, https:\/\/www.corlidogroup.com\/wp-content\/uploads\/2024\/04\/PHOTO-2023-02-20-12-36-01-768x576.jpg 768w, https:\/\/www.corlidogroup.com\/wp-content\/uploads\/2024\/04\/PHOTO-2023-02-20-12-36-01-1536x1152.jpg 1536w, https:\/\/www.corlidogroup.com\/wp-content\/uploads\/2024\/04\/PHOTO-2023-02-20-12-36-01-70x53.jpg 70w, https:\/\/www.corlidogroup.com\/wp-content\/uploads\/2024\/04\/PHOTO-2023-02-20-12-36-01.jpg 1600w\" sizes=\"auto, (max-width: 1024px) 100vw, 1024px\" \/>                    <\/figure>\n                <\/div>\n                    <\/div>\n    <\/div>\n<\/section>\n\n<section class=\"pane pane--white\">\n    <div class=\"container\">\n        <div class=\"row g-4 g-lg-8 g-xl-15 justify-content-center\">\n                                                <div class=\"col-12 col-lg-8\">\n                        <h2 style=\"text-align: center\">Nos produits<\/h2>\n                                            <\/div>\n                                    <\/div>\n                \n    <\/div>\n<\/section>\n\n<section class=\"pane pane--white\">\n    <div class=\"container\">\n        <div class=\"row g-4 g-lg-8 g-xl-15 justify-content-center\">\n                                                <div class=\"col-12 col-lg-4\">\n                                                    <figure class=\"figure figure--rounded\">\n                                <img decoding=\"async\" width=\"500\" height=\"569\" src=\"https:\/\/www.corlidogroup.com\/wp-content\/uploads\/2024\/03\/Schaarpalletwagen.jpg\" class=\"img-fluid\" alt=\"\" loading=\"lazy\" srcset=\"https:\/\/www.corlidogroup.com\/wp-content\/uploads\/2024\/03\/Schaarpalletwagen.jpg 500w, https:\/\/www.corlidogroup.com\/wp-content\/uploads\/2024\/03\/Schaarpalletwagen-264x300.jpg 264w, https:\/\/www.corlidogroup.com\/wp-content\/uploads\/2024\/03\/Schaarpalletwagen-62x70.jpg 62w\" sizes=\"auto, (max-width: 500px) 100vw, 500px\" \/>                            <\/figure>\n                                            <\/div>\n                                    <div class=\"col-12 col-lg-4\">\n                                                    <figure class=\"figure figure--rounded\">\n                                <img decoding=\"async\" width=\"817\" height=\"817\" src=\"https:\/\/www.corlidogroup.com\/wp-content\/uploads\/2024\/03\/Wegende-hand-palletwagens.jpg\" class=\"img-fluid\" alt=\"\" loading=\"lazy\" srcset=\"https:\/\/www.corlidogroup.com\/wp-content\/uploads\/2024\/03\/Wegende-hand-palletwagens.jpg 817w, https:\/\/www.corlidogroup.com\/wp-content\/uploads\/2024\/03\/Wegende-hand-palletwagens-300x300.jpg 300w, https:\/\/www.corlidogroup.com\/wp-content\/uploads\/2024\/03\/Wegende-hand-palletwagens-150x150.jpg 150w, https:\/\/www.corlidogroup.com\/wp-content\/uploads\/2024\/03\/Wegende-hand-palletwagens-768x768.jpg 768w, https:\/\/www.corlidogroup.com\/wp-content\/uploads\/2024\/03\/Wegende-hand-palletwagens-70x70.jpg 70w\" sizes=\"auto, (max-width: 817px) 100vw, 817px\" \/>                            <\/figure>\n                                            <\/div>\n                                    <div class=\"col-12 col-lg-4\">\n                                                    <figure class=\"figure figure--rounded\">\n                                <img decoding=\"async\" width=\"792\" height=\"690\" src=\"https:\/\/www.corlidogroup.com\/wp-content\/uploads\/2024\/03\/RVS1.jpg\" class=\"img-fluid\" alt=\"\" loading=\"lazy\" srcset=\"https:\/\/www.corlidogroup.com\/wp-content\/uploads\/2024\/03\/RVS1.jpg 792w, https:\/\/www.corlidogroup.com\/wp-content\/uploads\/2024\/03\/RVS1-300x261.jpg 300w, https:\/\/www.corlidogroup.com\/wp-content\/uploads\/2024\/03\/RVS1-768x669.jpg 768w, https:\/\/www.corlidogroup.com\/wp-content\/uploads\/2024\/03\/RVS1-70x61.jpg 70w\" sizes=\"auto, (max-width: 792px) 100vw, 792px\" \/>                            <\/figure>\n                                            <\/div>\n                                    <div class=\"col-12 col-lg-4\">\n                                                    <figure class=\"figure figure--rounded\">\n                                <img decoding=\"async\" width=\"800\" height=\"768\" src=\"https:\/\/www.corlidogroup.com\/wp-content\/uploads\/2024\/03\/Mobiele-heftafels.jpg\" class=\"img-fluid\" alt=\"\" loading=\"lazy\" srcset=\"https:\/\/www.corlidogroup.com\/wp-content\/uploads\/2024\/03\/Mobiele-heftafels.jpg 800w, https:\/\/www.corlidogroup.com\/wp-content\/uploads\/2024\/03\/Mobiele-heftafels-300x288.jpg 300w, https:\/\/www.corlidogroup.com\/wp-content\/uploads\/2024\/03\/Mobiele-heftafels-768x737.jpg 768w, https:\/\/www.corlidogroup.com\/wp-content\/uploads\/2024\/03\/Mobiele-heftafels-70x67.jpg 70w\" sizes=\"auto, (max-width: 800px) 100vw, 800px\" \/>                            <\/figure>\n                                            <\/div>\n                                    <div class=\"col-12 col-lg-4\">\n                                                    <figure class=\"figure figure--rounded\">\n                                <img decoding=\"async\" width=\"425\" height=\"425\" src=\"https:\/\/www.corlidogroup.com\/wp-content\/uploads\/2024\/03\/Onderdelen.jpg\" class=\"img-fluid\" alt=\"\" loading=\"lazy\" srcset=\"https:\/\/www.corlidogroup.com\/wp-content\/uploads\/2024\/03\/Onderdelen.jpg 425w, https:\/\/www.corlidogroup.com\/wp-content\/uploads\/2024\/03\/Onderdelen-300x300.jpg 300w, https:\/\/www.corlidogroup.com\/wp-content\/uploads\/2024\/03\/Onderdelen-150x150.jpg 150w, https:\/\/www.corlidogroup.com\/wp-content\/uploads\/2024\/03\/Onderdelen-70x70.jpg 70w\" sizes=\"auto, (max-width: 425px) 100vw, 425px\" \/>                            <\/figure>\n                                            <\/div>\n                                    <div class=\"col-12 col-lg-4\">\n                                                    <figure class=\"figure figure--rounded\">\n                                <img decoding=\"async\" width=\"768\" height=\"768\" src=\"https:\/\/www.corlidogroup.com\/wp-content\/uploads\/2024\/03\/Stapelaars.jpg\" class=\"img-fluid\" alt=\"\" loading=\"lazy\" srcset=\"https:\/\/www.corlidogroup.com\/wp-content\/uploads\/2024\/03\/Stapelaars.jpg 768w, https:\/\/www.corlidogroup.com\/wp-content\/uploads\/2024\/03\/Stapelaars-300x300.jpg 300w, https:\/\/www.corlidogroup.com\/wp-content\/uploads\/2024\/03\/Stapelaars-150x150.jpg 150w, https:\/\/www.corlidogroup.com\/wp-content\/uploads\/2024\/03\/Stapelaars-70x70.jpg 70w\" sizes=\"auto, (max-width: 768px) 100vw, 768px\" \/>                            <\/figure>\n                                            <\/div>\n                                                    \n\n    <div class=\"pane__button-group\">\n        <div class=\"row g-2 g-lg-3 justify-content-center\">\n                            <div class=\"col-auto\">\n                                                                <a class=\"btn btn-primary\" href=\"https:\/\/weldon.nl\/\" target=\"_self\">\n                            <span class=\"btn__text\">Voir plus de nos produits<\/span>\n                            <svg class=\"icon icon--12 icon--arrow\">\n                                <use xlink:href=\"https:\/\/www.corlidogroup.com\/wp-content\/themes\/corlido\/build\/img\/symbols.svg#arrow-right\"><\/use>\n                            <\/svg>\n                        <\/a>\n                                    <\/div>\n                    <\/div>\n    <\/div>\n\n\n        <\/div>\n    <\/div>\n<\/section>\n","protected":false},"excerpt":{"rendered":"","protected":false},"author":1,"featured_media":1578,"parent":0,"menu_order":5,"comment_status":"closed","ping_status":"closed","template":"","meta":{"_acf_changed":false,"_monsterinsights_skip_tracking":false,"_monsterinsights_sitenote_active":false,"_monsterinsights_sitenote_note":"","_monsterinsights_sitenote_category":0,"footnotes":""},"class_list":["post-2803","page","type-page","status-publish","has-post-thumbnail","hentry"],"acf":[],"yoast_head":"<!-- This site is optimized with the Yoast SEO plugin v27.3 - https:\/\/yoast.com\/product\/yoast-seo-wordpress\/ -->\n<title>Material Handling - Corlido<\/title>\n<meta name=\"robots\" content=\"index, follow, max-snippet:-1, max-image-preview:large, max-video-preview:-1\" \/>\n<link rel=\"canonical\" href=\"https:\/\/www.corlidogroup.com\/fr\/manutention-de-materiaux\/\" \/>\n<meta property=\"og:locale\" content=\"fr_FR\" \/>\n<meta property=\"og:type\" content=\"article\" \/>\n<meta property=\"og:title\" content=\"Material Handling - Corlido\" \/>\n<meta property=\"og:url\" content=\"https:\/\/www.corlidogroup.com\/fr\/manutention-de-materiaux\/\" \/>\n<meta property=\"og:site_name\" content=\"Corlido\" \/>\n<meta property=\"article:publisher\" content=\"https:\/\/www.facebook.com\/CorlidoGroup\/\" \/>\n<meta property=\"article:modified_time\" content=\"2026-03-27T11:49:24+00:00\" \/>\n<meta property=\"og:image\" content=\"https:\/\/www.corlidogroup.com\/wp-content\/uploads\/2024\/04\/PHOTO-2023-02-20-12-36-04.jpg\" \/>\n\t<meta property=\"og:image:width\" content=\"1600\" \/>\n\t<meta property=\"og:image:height\" content=\"1200\" \/>\n\t<meta property=\"og:image:type\" content=\"image\/jpeg\" \/>\n<meta name=\"twitter:card\" content=\"summary_large_image\" \/>\n<script type=\"application\/ld+json\" class=\"yoast-schema-graph\">{\"@context\":\"https:\\\/\\\/schema.org\",\"@graph\":[{\"@type\":\"WebPage\",\"@id\":\"https:\\\/\\\/www.corlidogroup.com\\\/fr\\\/manutention-de-materiaux\\\/\",\"url\":\"https:\\\/\\\/www.corlidogroup.com\\\/fr\\\/manutention-de-materiaux\\\/\",\"name\":\"Material Handling - Corlido\",\"isPartOf\":{\"@id\":\"https:\\\/\\\/www.corlidogroup.com\\\/fr\\\/#website\"},\"primaryImageOfPage\":{\"@id\":\"https:\\\/\\\/www.corlidogroup.com\\\/fr\\\/manutention-de-materiaux\\\/#primaryimage\"},\"image\":{\"@id\":\"https:\\\/\\\/www.corlidogroup.com\\\/fr\\\/manutention-de-materiaux\\\/#primaryimage\"},\"thumbnailUrl\":\"https:\\\/\\\/www.corlidogroup.com\\\/wp-content\\\/uploads\\\/2024\\\/04\\\/PHOTO-2023-02-20-12-36-04.jpg\",\"datePublished\":\"2024-02-09T13:18:46+00:00\",\"dateModified\":\"2026-03-27T11:49:24+00:00\",\"breadcrumb\":{\"@id\":\"https:\\\/\\\/www.corlidogroup.com\\\/fr\\\/manutention-de-materiaux\\\/#breadcrumb\"},\"inLanguage\":\"fr-FR\",\"potentialAction\":[{\"@type\":\"ReadAction\",\"target\":[\"https:\\\/\\\/www.corlidogroup.com\\\/fr\\\/manutention-de-materiaux\\\/\"]}]},{\"@type\":\"ImageObject\",\"inLanguage\":\"fr-FR\",\"@id\":\"https:\\\/\\\/www.corlidogroup.com\\\/fr\\\/manutention-de-materiaux\\\/#primaryimage\",\"url\":\"https:\\\/\\\/www.corlidogroup.com\\\/wp-content\\\/uploads\\\/2024\\\/04\\\/PHOTO-2023-02-20-12-36-04.jpg\",\"contentUrl\":\"https:\\\/\\\/www.corlidogroup.com\\\/wp-content\\\/uploads\\\/2024\\\/04\\\/PHOTO-2023-02-20-12-36-04.jpg\",\"width\":1600,\"height\":1200},{\"@type\":\"BreadcrumbList\",\"@id\":\"https:\\\/\\\/www.corlidogroup.com\\\/fr\\\/manutention-de-materiaux\\\/#breadcrumb\",\"itemListElement\":[{\"@type\":\"ListItem\",\"position\":1,\"name\":\"Home\",\"item\":\"https:\\\/\\\/www.corlidogroup.com\\\/fr\\\/home\\\/\"},{\"@type\":\"ListItem\",\"position\":2,\"name\":\"Material Handling\"}]},{\"@type\":\"WebSite\",\"@id\":\"https:\\\/\\\/www.corlidogroup.com\\\/fr\\\/#website\",\"url\":\"https:\\\/\\\/www.corlidogroup.com\\\/fr\\\/\",\"name\":\"Corlido Group\",\"description\":\"We optimise your procurement process\",\"publisher\":{\"@id\":\"https:\\\/\\\/www.corlidogroup.com\\\/fr\\\/#organization\"},\"potentialAction\":[{\"@type\":\"SearchAction\",\"target\":{\"@type\":\"EntryPoint\",\"urlTemplate\":\"https:\\\/\\\/www.corlidogroup.com\\\/fr\\\/?s={search_term_string}\"},\"query-input\":{\"@type\":\"PropertyValueSpecification\",\"valueRequired\":true,\"valueName\":\"search_term_string\"}}],\"inLanguage\":\"fr-FR\"},{\"@type\":\"Organization\",\"@id\":\"https:\\\/\\\/www.corlidogroup.com\\\/fr\\\/#organization\",\"name\":\"Corlido Group\",\"url\":\"https:\\\/\\\/www.corlidogroup.com\\\/fr\\\/\",\"logo\":{\"@type\":\"ImageObject\",\"inLanguage\":\"fr-FR\",\"@id\":\"https:\\\/\\\/www.corlidogroup.com\\\/fr\\\/#\\\/schema\\\/logo\\\/image\\\/\",\"url\":\"https:\\\/\\\/www.corlidogroup.com\\\/wp-content\\\/uploads\\\/2024\\\/02\\\/cropped-Corlido-favicon.png\",\"contentUrl\":\"https:\\\/\\\/www.corlidogroup.com\\\/wp-content\\\/uploads\\\/2024\\\/02\\\/cropped-Corlido-favicon.png\",\"width\":512,\"height\":512,\"caption\":\"Corlido Group\"},\"image\":{\"@id\":\"https:\\\/\\\/www.corlidogroup.com\\\/fr\\\/#\\\/schema\\\/logo\\\/image\\\/\"},\"sameAs\":[\"https:\\\/\\\/www.facebook.com\\\/CorlidoGroup\\\/\",\"https:\\\/\\\/www.linkedin.com\\\/company\\\/1372474\\\/\",\"https:\\\/\\\/www.instagram.com\\\/corlidogroup\\\/\"]}]}<\/script>\n<!-- \/ Yoast SEO plugin. -->","yoast_head_json":{"title":"Material Handling - Corlido","robots":{"index":"index","follow":"follow","max-snippet":"max-snippet:-1","max-image-preview":"max-image-preview:large","max-video-preview":"max-video-preview:-1"},"canonical":"https:\/\/www.corlidogroup.com\/fr\/manutention-de-materiaux\/","og_locale":"fr_FR","og_type":"article","og_title":"Material Handling - Corlido","og_url":"https:\/\/www.corlidogroup.com\/fr\/manutention-de-materiaux\/","og_site_name":"Corlido","article_publisher":"https:\/\/www.facebook.com\/CorlidoGroup\/","article_modified_time":"2026-03-27T11:49:24+00:00","og_image":[{"width":1600,"height":1200,"url":"https:\/\/www.corlidogroup.com\/wp-content\/uploads\/2024\/04\/PHOTO-2023-02-20-12-36-04.jpg","type":"image\/jpeg"}],"twitter_card":"summary_large_image","schema":{"@context":"https:\/\/schema.org","@graph":[{"@type":"WebPage","@id":"https:\/\/www.corlidogroup.com\/fr\/manutention-de-materiaux\/","url":"https:\/\/www.corlidogroup.com\/fr\/manutention-de-materiaux\/","name":"Material Handling - Corlido","isPartOf":{"@id":"https:\/\/www.corlidogroup.com\/fr\/#website"},"primaryImageOfPage":{"@id":"https:\/\/www.corlidogroup.com\/fr\/manutention-de-materiaux\/#primaryimage"},"image":{"@id":"https:\/\/www.corlidogroup.com\/fr\/manutention-de-materiaux\/#primaryimage"},"thumbnailUrl":"https:\/\/www.corlidogroup.com\/wp-content\/uploads\/2024\/04\/PHOTO-2023-02-20-12-36-04.jpg","datePublished":"2024-02-09T13:18:46+00:00","dateModified":"2026-03-27T11:49:24+00:00","breadcrumb":{"@id":"https:\/\/www.corlidogroup.com\/fr\/manutention-de-materiaux\/#breadcrumb"},"inLanguage":"fr-FR","potentialAction":[{"@type":"ReadAction","target":["https:\/\/www.corlidogroup.com\/fr\/manutention-de-materiaux\/"]}]},{"@type":"ImageObject","inLanguage":"fr-FR","@id":"https:\/\/www.corlidogroup.com\/fr\/manutention-de-materiaux\/#primaryimage","url":"https:\/\/www.corlidogroup.com\/wp-content\/uploads\/2024\/04\/PHOTO-2023-02-20-12-36-04.jpg","contentUrl":"https:\/\/www.corlidogroup.com\/wp-content\/uploads\/2024\/04\/PHOTO-2023-02-20-12-36-04.jpg","width":1600,"height":1200},{"@type":"BreadcrumbList","@id":"https:\/\/www.corlidogroup.com\/fr\/manutention-de-materiaux\/#breadcrumb","itemListElement":[{"@type":"ListItem","position":1,"name":"Home","item":"https:\/\/www.corlidogroup.com\/fr\/home\/"},{"@type":"ListItem","position":2,"name":"Material Handling"}]},{"@type":"WebSite","@id":"https:\/\/www.corlidogroup.com\/fr\/#website","url":"https:\/\/www.corlidogroup.com\/fr\/","name":"Corlido Group","description":"We optimise your procurement process","publisher":{"@id":"https:\/\/www.corlidogroup.com\/fr\/#organization"},"potentialAction":[{"@type":"SearchAction","target":{"@type":"EntryPoint","urlTemplate":"https:\/\/www.corlidogroup.com\/fr\/?s={search_term_string}"},"query-input":{"@type":"PropertyValueSpecification","valueRequired":true,"valueName":"search_term_string"}}],"inLanguage":"fr-FR"},{"@type":"Organization","@id":"https:\/\/www.corlidogroup.com\/fr\/#organization","name":"Corlido Group","url":"https:\/\/www.corlidogroup.com\/fr\/","logo":{"@type":"ImageObject","inLanguage":"fr-FR","@id":"https:\/\/www.corlidogroup.com\/fr\/#\/schema\/logo\/image\/","url":"https:\/\/www.corlidogroup.com\/wp-content\/uploads\/2024\/02\/cropped-Corlido-favicon.png","contentUrl":"https:\/\/www.corlidogroup.com\/wp-content\/uploads\/2024\/02\/cropped-Corlido-favicon.png","width":512,"height":512,"caption":"Corlido Group"},"image":{"@id":"https:\/\/www.corlidogroup.com\/fr\/#\/schema\/logo\/image\/"},"sameAs":["https:\/\/www.facebook.com\/CorlidoGroup\/","https:\/\/www.linkedin.com\/company\/1372474\/","https:\/\/www.instagram.com\/corlidogroup\/"]}]}},"_links":{"self":[{"href":"https:\/\/www.corlidogroup.com\/fr\/wp-json\/wp\/v2\/pages\/2803","targetHints":{"allow":["GET"]}}],"collection":[{"href":"https:\/\/www.corlidogroup.com\/fr\/wp-json\/wp\/v2\/pages"}],"about":[{"href":"https:\/\/www.corlidogroup.com\/fr\/wp-json\/wp\/v2\/types\/page"}],"author":[{"embeddable":true,"href":"https:\/\/www.corlidogroup.com\/fr\/wp-json\/wp\/v2\/users\/1"}],"replies":[{"embeddable":true,"href":"https:\/\/www.corlidogroup.com\/fr\/wp-json\/wp\/v2\/comments?post=2803"}],"version-history":[{"count":5,"href":"https:\/\/www.corlidogroup.com\/fr\/wp-json\/wp\/v2\/pages\/2803\/revisions"}],"predecessor-version":[{"id":2977,"href":"https:\/\/www.corlidogroup.com\/fr\/wp-json\/wp\/v2\/pages\/2803\/revisions\/2977"}],"wp:featuredmedia":[{"embeddable":true,"href":"https:\/\/www.corlidogroup.com\/fr\/wp-json\/wp\/v2\/media\/1578"}],"wp:attachment":[{"href":"https:\/\/www.corlidogroup.com\/fr\/wp-json\/wp\/v2\/media?parent=2803"}],"curies":[{"name":"wp","href":"https:\/\/api.w.org\/{rel}","templated":true}]}}