{"id":2809,"date":"2024-02-09T10:37:45","date_gmt":"2024-02-09T09:37:45","guid":{"rendered":"https:\/\/www.corlidogroup.com\/confidentialite\/"},"modified":"2026-02-10T10:39:16","modified_gmt":"2026-02-10T09:39:16","slug":"confidentialite","status":"publish","type":"page","link":"https:\/\/www.corlidogroup.com\/fr\/confidentialite\/","title":{"rendered":"Confidentialit\u00e9"},"content":{"rendered":"\n<section class=\"pane pane--white\">\n    <div class=\"container\">\n        <div class=\"row g-4 g-lg-8 g-xl-15 justify-content-center\">\n                                                <div class=\"col-12 col-lg-10\">\n                        <h2>D\u00e9claration de confidentialit\u00e9 Corlido Holding B.V.<\/h2>\n<p>Nous attachons une grande importance \u00e0 votre vie priv\u00e9e et nous veillons \u00e0 ce que les donn\u00e9es personnelles que vous nous communiquez soient trait\u00e9es avec soin. Dans cette d\u00e9claration de confidentialit\u00e9, nous souhaitons expliquer comment nous proc\u00e9dons. Si vous avez des questions \u00e0 ce sujet, nous sommes \u00e0 votre disposition\u202f! Vous pouvez nous contacter au +31 (0) 88 \u2013 536 00 00 ou \u00e0 info@corlidogroup.com.   <\/p>\n<p>Corlido Holding B.V. et ses filiales, ci-apr\u00e8s d\u00e9nomm\u00e9es Corlido, situ\u00e9es au James Cookstraat 53, 7825AX \u00e0 Emmen, sont responsables du traitement des donn\u00e9es personnelles tel que d\u00e9crit dans cette d\u00e9claration de confidentialit\u00e9.<\/p>\n<h3>Donn\u00e9es personnelles<\/h3>\n<p>Nous traitons vos donn\u00e9es personnelles parce que vous utilisez nos services et\/ou parce que vous nous les fournissez vous-m\u00eame. Aucune donn\u00e9e personnelle sp\u00e9ciale et\/ou sensible vous concernant ne sera utilis\u00e9e.<br \/>Voici un aper\u00e7u des donn\u00e9es personnelles que nous pouvons traiter, en fonction du produit ou service que vous achetez :  <\/p>\n<p>Pr\u00e9nom et nom<br \/>\nSexe<br \/>\nNom de l\u2019entreprise<br \/>\nFonction<br \/>\nAdresse e-mail professionnelle<br \/>\nNum\u00e9ro de t\u00e9l\u00e9phone professionnel<br \/>\nAdresse professionnelle compl\u00e8te<br \/>\nInformations de paiement<br \/>\nAdresse IP<br \/>\nInformations suppl\u00e9mentaires n\u00e9cessaires pour le service sp\u00e9cifique que vous souhaitez utiliser. Ces informations seront utilis\u00e9es uniquement pour l\u2019objectif d\u00e9crit. <\/p>\n<h2>\u00c0 quelles fins traitons-nous vos donn\u00e9es personnelles\u202f?<\/h2>\n<p>Nous traitons les donn\u00e9es personnelles pour les finalit\u00e9s suivantes :<\/p>\n<p>Vous appeler ou vous envoyer un e-mail si vous en faites la demande ou si cela est n\u00e9cessaire pour ex\u00e9cuter le service que vous avez achet\u00e9.<br \/>\nFournir les biens et services que vous avez achet\u00e9s.<br \/>\nSi vous nous rendez visite, votre nom, le nom de votre organisation et le nom de la personne ou du service que vous souhaitez rencontrer seront enregistr\u00e9s. De m\u00eame, la date et l\u2019heure de votre arriv\u00e9e et d\u00e9part seront not\u00e9es. Cette inscription permet de savoir qui est pr\u00e9sent dans et autour des locaux en cas d\u2019urgence. Les informations seront supprim\u00e9es apr\u00e8s 24 heures. En cas d\u2019urgence, elles seront conserv\u00e9es plus longtemps, mais pas au-del\u00e0 de la p\u00e9riode l\u00e9gale de conservation.    <\/p>\n<h3>Dur\u00e9e de conservation des donn\u00e9es<\/h3>\n<p>Corlido ne conserve vos donn\u00e9es personnelles que pendant le temps strictement n\u00e9cessaire pour r\u00e9aliser les finalit\u00e9s pour lesquelles vos donn\u00e9es ont \u00e9t\u00e9 collect\u00e9es. Vos donn\u00e9es ne seront pas conserv\u00e9es plus d\u2019un an si aucun accord n\u2019a \u00e9t\u00e9 conclu. <\/p>\n<h3>Partage avec des tiers<\/h3>\n<p>Nous partageons vos donn\u00e9es personnelles avec des tiers uniquement si cela est n\u00e9cessaire pour ex\u00e9cuter le contrat ou pour respecter une obligation l\u00e9gale.<\/p>\n<h3>Google Analytics<\/h3>\n<p>Corlido utilise Google Analytics pour suivre l\u2019utilisation du site web. Les donn\u00e9es collect\u00e9es via Google Analytics sont anonymis\u00e9es et crypt\u00e9es. <\/p>\n<h3>Consulter, modifier ou supprimer vos donn\u00e9es<\/h3>\n<p>Vous avez le droit de consulter, corriger ou supprimer vos donn\u00e9es personnelles. Vous pouvez envoyer une demande \u00e0 info@corlidogroup.com pour inspecter, corriger ou supprimer vos donn\u00e9es. <\/p>\n<h3>S\u00e9curit\u00e9 des donn\u00e9es personnelles<\/h3>\n<p>Corlido prend la protection de vos donn\u00e9es tr\u00e8s au s\u00e9rieux et met en \u0153uvre des mesures appropri\u00e9es pour \u00e9viter tout usage abusif, perte, acc\u00e8s non autoris\u00e9, divulgation ind\u00e9sirable ou modification non autoris\u00e9e. Le site web de Corlido utilise un certificat SSL fiable pour garantir que vos donn\u00e9es personnelles ne tombent pas entre de mauvaises mains. <\/p>\n<p>Si vous avez l\u2019impression que vos donn\u00e9es ne sont pas correctement s\u00e9curis\u00e9es, si vous constatez un usage abusif ou si vous souhaitez plus d\u2019informations sur la s\u00e9curit\u00e9 des donn\u00e9es collect\u00e9es par Corlido, contactez-nous \u00e0 info@corlidogroup.com.<\/p>\n<p>Bien s\u00fbr, nous sommes \u00e9galement \u00e0 votre disposition pour toute plainte concernant le traitement de vos donn\u00e9es personnelles. Si toutefois vous ne parvenez pas \u00e0 r\u00e9soudre le probl\u00e8me avec nous, vous avez \u00e9galement le droit, conform\u00e9ment \u00e0 la l\u00e9gislation sur la vie priv\u00e9e, de d\u00e9poser une plainte aupr\u00e8s de l\u2019autorit\u00e9 n\u00e9erlandaise de protection des donn\u00e9es (Dutch Data Protection Authority). <\/p>\n<h3>Cookies<\/h3>\n<p>Le site web de Corlido utilise des cookies. Les cookies sont de petits fichiers stock\u00e9s (temporairement) sur votre ordinateur ou dans votre navigateur. <\/p>\n<h3>Modification de la politique de confidentialit\u00e9 et des cookies<\/h3>\n<p>Corlido se r\u00e9serve le droit de modifier la pr\u00e9sente politique de confidentialit\u00e9 et de cookies \u00e0 tout moment.<\/p>\n                                            <\/div>\n                                    <\/div>\n                \n    <\/div>\n<\/section>\n","protected":false},"excerpt":{"rendered":"","protected":false},"author":1,"featured_media":0,"parent":0,"menu_order":8,"comment_status":"closed","ping_status":"closed","template":"","meta":{"_acf_changed":false,"_monsterinsights_skip_tracking":false,"_monsterinsights_sitenote_active":false,"_monsterinsights_sitenote_note":"","_monsterinsights_sitenote_category":0,"footnotes":""},"class_list":["post-2809","page","type-page","status-publish","hentry"],"acf":[],"yoast_head":"<!-- This site is optimized with the Yoast SEO plugin v27.4 - https:\/\/yoast.com\/product\/yoast-seo-wordpress\/ -->\n<title>Confidentialit\u00e9 - Corlido<\/title>\n<meta name=\"robots\" content=\"index, follow, max-snippet:-1, max-image-preview:large, max-video-preview:-1\" \/>\n<link rel=\"canonical\" href=\"https:\/\/www.corlidogroup.com\/fr\/confidentialite\/\" \/>\n<meta property=\"og:locale\" content=\"fr_FR\" \/>\n<meta property=\"og:type\" content=\"article\" \/>\n<meta property=\"og:title\" content=\"Confidentialit\u00e9 - Corlido\" \/>\n<meta property=\"og:url\" content=\"https:\/\/www.corlidogroup.com\/fr\/confidentialite\/\" \/>\n<meta property=\"og:site_name\" content=\"Corlido\" \/>\n<meta property=\"article:publisher\" content=\"https:\/\/www.facebook.com\/CorlidoGroup\/\" \/>\n<meta property=\"article:modified_time\" content=\"2026-02-10T09:39:16+00:00\" \/>\n<meta name=\"twitter:card\" content=\"summary_large_image\" \/>\n<script type=\"application\/ld+json\" class=\"yoast-schema-graph\">{\"@context\":\"https:\\\/\\\/schema.org\",\"@graph\":[{\"@type\":\"WebPage\",\"@id\":\"https:\\\/\\\/www.corlidogroup.com\\\/fr\\\/confidentialite\\\/\",\"url\":\"https:\\\/\\\/www.corlidogroup.com\\\/fr\\\/confidentialite\\\/\",\"name\":\"Confidentialit\u00e9 - Corlido\",\"isPartOf\":{\"@id\":\"https:\\\/\\\/www.corlidogroup.com\\\/fr\\\/#website\"},\"datePublished\":\"2024-02-09T09:37:45+00:00\",\"dateModified\":\"2026-02-10T09:39:16+00:00\",\"breadcrumb\":{\"@id\":\"https:\\\/\\\/www.corlidogroup.com\\\/fr\\\/confidentialite\\\/#breadcrumb\"},\"inLanguage\":\"fr-FR\",\"potentialAction\":[{\"@type\":\"ReadAction\",\"target\":[\"https:\\\/\\\/www.corlidogroup.com\\\/fr\\\/confidentialite\\\/\"]}]},{\"@type\":\"BreadcrumbList\",\"@id\":\"https:\\\/\\\/www.corlidogroup.com\\\/fr\\\/confidentialite\\\/#breadcrumb\",\"itemListElement\":[{\"@type\":\"ListItem\",\"position\":1,\"name\":\"Home\",\"item\":\"https:\\\/\\\/www.corlidogroup.com\\\/fr\\\/home\\\/\"},{\"@type\":\"ListItem\",\"position\":2,\"name\":\"Confidentialit\u00e9\"}]},{\"@type\":\"WebSite\",\"@id\":\"https:\\\/\\\/www.corlidogroup.com\\\/fr\\\/#website\",\"url\":\"https:\\\/\\\/www.corlidogroup.com\\\/fr\\\/\",\"name\":\"Corlido Group\",\"description\":\"We optimise your procurement process\",\"publisher\":{\"@id\":\"https:\\\/\\\/www.corlidogroup.com\\\/fr\\\/#organization\"},\"potentialAction\":[{\"@type\":\"SearchAction\",\"target\":{\"@type\":\"EntryPoint\",\"urlTemplate\":\"https:\\\/\\\/www.corlidogroup.com\\\/fr\\\/?s={search_term_string}\"},\"query-input\":{\"@type\":\"PropertyValueSpecification\",\"valueRequired\":true,\"valueName\":\"search_term_string\"}}],\"inLanguage\":\"fr-FR\"},{\"@type\":\"Organization\",\"@id\":\"https:\\\/\\\/www.corlidogroup.com\\\/fr\\\/#organization\",\"name\":\"Corlido Group\",\"url\":\"https:\\\/\\\/www.corlidogroup.com\\\/fr\\\/\",\"logo\":{\"@type\":\"ImageObject\",\"inLanguage\":\"fr-FR\",\"@id\":\"https:\\\/\\\/www.corlidogroup.com\\\/fr\\\/#\\\/schema\\\/logo\\\/image\\\/\",\"url\":\"https:\\\/\\\/www.corlidogroup.com\\\/wp-content\\\/uploads\\\/2024\\\/02\\\/cropped-Corlido-favicon.png\",\"contentUrl\":\"https:\\\/\\\/www.corlidogroup.com\\\/wp-content\\\/uploads\\\/2024\\\/02\\\/cropped-Corlido-favicon.png\",\"width\":512,\"height\":512,\"caption\":\"Corlido Group\"},\"image\":{\"@id\":\"https:\\\/\\\/www.corlidogroup.com\\\/fr\\\/#\\\/schema\\\/logo\\\/image\\\/\"},\"sameAs\":[\"https:\\\/\\\/www.facebook.com\\\/CorlidoGroup\\\/\",\"https:\\\/\\\/www.linkedin.com\\\/company\\\/1372474\\\/\",\"https:\\\/\\\/www.instagram.com\\\/corlidogroup\\\/\"]}]}<\/script>\n<!-- \/ Yoast SEO plugin. -->","yoast_head_json":{"title":"Confidentialit\u00e9 - Corlido","robots":{"index":"index","follow":"follow","max-snippet":"max-snippet:-1","max-image-preview":"max-image-preview:large","max-video-preview":"max-video-preview:-1"},"canonical":"https:\/\/www.corlidogroup.com\/fr\/confidentialite\/","og_locale":"fr_FR","og_type":"article","og_title":"Confidentialit\u00e9 - Corlido","og_url":"https:\/\/www.corlidogroup.com\/fr\/confidentialite\/","og_site_name":"Corlido","article_publisher":"https:\/\/www.facebook.com\/CorlidoGroup\/","article_modified_time":"2026-02-10T09:39:16+00:00","twitter_card":"summary_large_image","schema":{"@context":"https:\/\/schema.org","@graph":[{"@type":"WebPage","@id":"https:\/\/www.corlidogroup.com\/fr\/confidentialite\/","url":"https:\/\/www.corlidogroup.com\/fr\/confidentialite\/","name":"Confidentialit\u00e9 - Corlido","isPartOf":{"@id":"https:\/\/www.corlidogroup.com\/fr\/#website"},"datePublished":"2024-02-09T09:37:45+00:00","dateModified":"2026-02-10T09:39:16+00:00","breadcrumb":{"@id":"https:\/\/www.corlidogroup.com\/fr\/confidentialite\/#breadcrumb"},"inLanguage":"fr-FR","potentialAction":[{"@type":"ReadAction","target":["https:\/\/www.corlidogroup.com\/fr\/confidentialite\/"]}]},{"@type":"BreadcrumbList","@id":"https:\/\/www.corlidogroup.com\/fr\/confidentialite\/#breadcrumb","itemListElement":[{"@type":"ListItem","position":1,"name":"Home","item":"https:\/\/www.corlidogroup.com\/fr\/home\/"},{"@type":"ListItem","position":2,"name":"Confidentialit\u00e9"}]},{"@type":"WebSite","@id":"https:\/\/www.corlidogroup.com\/fr\/#website","url":"https:\/\/www.corlidogroup.com\/fr\/","name":"Corlido Group","description":"We optimise your procurement process","publisher":{"@id":"https:\/\/www.corlidogroup.com\/fr\/#organization"},"potentialAction":[{"@type":"SearchAction","target":{"@type":"EntryPoint","urlTemplate":"https:\/\/www.corlidogroup.com\/fr\/?s={search_term_string}"},"query-input":{"@type":"PropertyValueSpecification","valueRequired":true,"valueName":"search_term_string"}}],"inLanguage":"fr-FR"},{"@type":"Organization","@id":"https:\/\/www.corlidogroup.com\/fr\/#organization","name":"Corlido Group","url":"https:\/\/www.corlidogroup.com\/fr\/","logo":{"@type":"ImageObject","inLanguage":"fr-FR","@id":"https:\/\/www.corlidogroup.com\/fr\/#\/schema\/logo\/image\/","url":"https:\/\/www.corlidogroup.com\/wp-content\/uploads\/2024\/02\/cropped-Corlido-favicon.png","contentUrl":"https:\/\/www.corlidogroup.com\/wp-content\/uploads\/2024\/02\/cropped-Corlido-favicon.png","width":512,"height":512,"caption":"Corlido Group"},"image":{"@id":"https:\/\/www.corlidogroup.com\/fr\/#\/schema\/logo\/image\/"},"sameAs":["https:\/\/www.facebook.com\/CorlidoGroup\/","https:\/\/www.linkedin.com\/company\/1372474\/","https:\/\/www.instagram.com\/corlidogroup\/"]}]}},"_links":{"self":[{"href":"https:\/\/www.corlidogroup.com\/fr\/wp-json\/wp\/v2\/pages\/2809","targetHints":{"allow":["GET"]}}],"collection":[{"href":"https:\/\/www.corlidogroup.com\/fr\/wp-json\/wp\/v2\/pages"}],"about":[{"href":"https:\/\/www.corlidogroup.com\/fr\/wp-json\/wp\/v2\/types\/page"}],"author":[{"embeddable":true,"href":"https:\/\/www.corlidogroup.com\/fr\/wp-json\/wp\/v2\/users\/1"}],"replies":[{"embeddable":true,"href":"https:\/\/www.corlidogroup.com\/fr\/wp-json\/wp\/v2\/comments?post=2809"}],"version-history":[{"count":1,"href":"https:\/\/www.corlidogroup.com\/fr\/wp-json\/wp\/v2\/pages\/2809\/revisions"}],"predecessor-version":[{"id":2814,"href":"https:\/\/www.corlidogroup.com\/fr\/wp-json\/wp\/v2\/pages\/2809\/revisions\/2814"}],"wp:attachment":[{"href":"https:\/\/www.corlidogroup.com\/fr\/wp-json\/wp\/v2\/media?parent=2809"}],"curies":[{"name":"wp","href":"https:\/\/api.w.org\/{rel}","templated":true}]}}