{"id":2815,"date":"2024-02-09T10:33:15","date_gmt":"2024-02-09T09:33:15","guid":{"rendered":"https:\/\/www.corlidogroup.com\/services-dachats\/"},"modified":"2026-03-27T12:54:52","modified_gmt":"2026-03-27T11:54:52","slug":"services-dachats","status":"publish","type":"page","link":"https:\/\/www.corlidogroup.com\/fr\/services-dachats\/","title":{"rendered":"Procurement Services"},"content":{"rendered":"\n<section class=\"pane pane--white\">\n    <div class=\"container\">\n        <div class=\"row g-4 g-lg-8 g-xl-15 g-xxl-25 align-items-center flex-lg-row-reverse\">\n                            <div class=\"col-12 col-lg-6\">\n                                        <div class=\"pane__text\">\n                        <h2>Tail Spend<\/h2>\n<p><strong>Qu\u2019est-ce que le Tail Spend\u202f?<br \/>\n<\/strong>Le Tail Spend, \u00e9galement appel\u00e9 achats indirects, d\u00e9penses indirectes, long tail et autres, correspond aux d\u00e9penses ponctuelles et\/ou non cat\u00e9goris\u00e9es aupr\u00e8s des fournisseurs, n\u00e9cessaires au fonctionnement quotidien d\u2019une entreprise.<\/p>\n<p><strong>Quels sont les d\u00e9fis du Tail Spend\u202f?<br \/>\n<\/strong>Bien que le Tail Spend soit g\u00e9n\u00e9ralement consid\u00e9r\u00e9 comme une d\u00e9pense non strat\u00e9gique, les entreprises constatent qu\u2019il repr\u00e9sente souvent 20\u202f% des d\u00e9penses totales et 80\u202f% des fournisseurs, dont beaucoup ne concernent que des achats ponctuels.<\/p>\n<p><span style=\"font-weight: 400\">Comment g\u00e9rer efficacement le nombre de fournisseurs et le nombre de commandes pour des biens et services de faible volume, faible valeur, faible risque et faible fr\u00e9quence\u202f?<\/span><\/p>\n                                                \n                    <\/div>\n                <\/div>\n                                        <div class=\"col-12 col-lg\">\n                    <figure class=\"figure figure--rounded\">\n                        <img decoding=\"async\" width=\"1024\" height=\"576\" src=\"https:\/\/www.corlidogroup.com\/wp-content\/uploads\/2024\/05\/Tail-Spend-80-20-1024x576.png\" class=\"img-fluid\" alt=\"\" loading=\"lazy\" srcset=\"https:\/\/www.corlidogroup.com\/wp-content\/uploads\/2024\/05\/Tail-Spend-80-20-1024x576.png 1024w, https:\/\/www.corlidogroup.com\/wp-content\/uploads\/2024\/05\/Tail-Spend-80-20-300x169.png 300w, https:\/\/www.corlidogroup.com\/wp-content\/uploads\/2024\/05\/Tail-Spend-80-20-768x432.png 768w, https:\/\/www.corlidogroup.com\/wp-content\/uploads\/2024\/05\/Tail-Spend-80-20-1536x864.png 1536w, https:\/\/www.corlidogroup.com\/wp-content\/uploads\/2024\/05\/Tail-Spend-80-20-70x39.png 70w, https:\/\/www.corlidogroup.com\/wp-content\/uploads\/2024\/05\/Tail-Spend-80-20.png 1920w\" sizes=\"auto, (max-width: 1024px) 100vw, 1024px\" \/>                    <\/figure>\n                <\/div>\n                    <\/div>\n    <\/div>\n<\/section>\n\n<section class=\"pane pane--white\">\n    <div class=\"container\">\n        <div class=\"row g-4 g-lg-8 g-xl-15 justify-content-start\">\n                                                <div class=\"col-12 col-lg-12\">\n                        <h2 style=\"text-align: left\">Notre solution:<\/h2>\n<p style=\"font-weight: 400\">Le groupe Corlido est un pionnier dans la gestion du Tail Spend, incluant les achats indirects et l\u2019approvisionnement MRO. En op\u00e9rant comme une extension de votre \u00e9quipe achats, nous aidons les organisations \u00e0 optimiser le processus d\u2019achats, r\u00e9duire le temps consacr\u00e9 et diminuer les co\u00fbts. <\/p>\n<p style=\"font-weight: 400\">La gestion du Tail Spend joue un r\u00f4le essentiel dans la r\u00e9duction des co\u00fbts organisationnels et l\u2019am\u00e9lioration de l\u2019efficacit\u00e9 op\u00e9rationnelle. Vous pouvez vous concentrer sur vos activit\u00e9s principales et vos d\u00e9penses strat\u00e9giques, tandis que Corlido g\u00e8re vos achats indirects, vous offrant visibilit\u00e9 totale, analyses d\u00e9taill\u00e9es et contr\u00f4le complet sur votre Tail Spend. <\/p>\n<p style=\"font-weight: 400\">Nos outils de reporting sur mesure vous fourniront les informations dont vous avez besoin, au moment o\u00f9 vous en avez besoin, pour prendre les bonnes d\u00e9cisions pour votre organisation. Que votre entreprise ait besoin d\u2019une solution compl\u00e8te ou simplement d\u2019aide pour traiter des factures provenant de fournisseurs non approuv\u00e9s, Corlido Group a la solution adapt\u00e9e. <\/p>\n                                            <\/div>\n                                    <\/div>\n                \n    <\/div>\n<\/section>\n\n<section class=\"pane pane--primary\">\n    <div class=\"container\">\n        <div class=\"row g-4 g-lg-8 g-xl-15 g-xxl-25 align-items-center flex-lg-row-reverse\">\n                            <div class=\"col-12 col-lg-7\">\n                                        <div class=\"pane__text\">\n                        <h2>Avantages de l\u2019externalisation des achats<\/h2>\n<ol>\n<li><strong>\u00c9conomies directes<\/strong> de<strong> 3 \u00e0 12\u202f%<\/strong> des d\u00e9penses<strong> influen\u00e7ables<\/strong><\/li>\n<li><strong>\u00c9conomies indirectes <\/strong>jusqu\u2019\u00e0 <strong>21\u202f%<\/strong><\/li>\n<li>Lib\u00e8re votre \u00e9quipe achats pour se <strong>concentrer sur les d\u00e9penses strat\u00e9giques<\/strong><\/li>\n<li>Lib\u00e8re votre back-office de la gestion<strong><strong> des nouveaux fournisseurs<\/strong><\/strong><\/li>\n<li>Mod\u00e8le fournisseur unique<strong>, r\u00e9duction <\/strong>des fournisseurs jusqu\u2019\u00e0 <strong>99\u202f%<\/strong><\/li>\n<li><strong>Standardisation<\/strong> des factures<\/li>\n<li><strong>R\u00e9duction <\/strong>des risques gr\u00e2ce \u00e0 <strong>des conditions g\u00e9n\u00e9rales standardis\u00e9es<\/strong><\/li>\n<li><strong>Conformit\u00e9<\/strong> des achats et <strong>r\u00e9duction\/\u00e9limination<\/strong> des achats non conformes<\/li>\n<li>Reporting <strong>transparent <\/strong>et<strong> d\u00e9taill\u00e9<\/strong><\/li>\n<li>Outil COPS <strong>E-Procurement<\/strong> pour un processus<strong> plus efficace<\/strong><\/li>\n<li>Expertise pionni\u00e8re et relations durables du groupe Corlido<\/li>\n<\/ol>\n<p>&nbsp;<\/p>\n                                                \n\n    <div class=\"pane__button-group\">\n        <div class=\"row g-2 g-lg-3 justify-content-start\">\n                            <div class=\"col-auto\">\n                                                                <button class=\"btn btn-primary\" type=\"button\" data-bs-toggle=\"modal\" data-bs-target=\"#contactModal\">\n                            <span class=\"btn__text\">Contactez-nous <\/span>\n                            <svg class=\"icon icon--12 icon--arrow\">\n                                <use xlink:href=\"https:\/\/www.corlidogroup.com\/wp-content\/themes\/corlido\/build\/img\/symbols.svg#arrow-right\"><\/use>\n                            <\/svg>\n                        <\/button>\n                                    <\/div>\n                    <\/div>\n    <\/div>\n\n\n                    <\/div>\n                <\/div>\n                                        <div class=\"col-12 col-lg\">\n                    <figure class=\"figure figure--rounded\">\n                        <img decoding=\"async\" width=\"1024\" height=\"683\" src=\"https:\/\/www.corlidogroup.com\/wp-content\/uploads\/2024\/02\/pexels-andrea-piacquadio-927451-1024x683.jpg\" class=\"img-fluid\" alt=\"\" loading=\"lazy\" srcset=\"https:\/\/www.corlidogroup.com\/wp-content\/uploads\/2024\/02\/pexels-andrea-piacquadio-927451-1024x683.jpg 1024w, https:\/\/www.corlidogroup.com\/wp-content\/uploads\/2024\/02\/pexels-andrea-piacquadio-927451-300x200.jpg 300w, https:\/\/www.corlidogroup.com\/wp-content\/uploads\/2024\/02\/pexels-andrea-piacquadio-927451-768x512.jpg 768w, https:\/\/www.corlidogroup.com\/wp-content\/uploads\/2024\/02\/pexels-andrea-piacquadio-927451-1536x1024.jpg 1536w, https:\/\/www.corlidogroup.com\/wp-content\/uploads\/2024\/02\/pexels-andrea-piacquadio-927451-70x47.jpg 70w, https:\/\/www.corlidogroup.com\/wp-content\/uploads\/2024\/02\/pexels-andrea-piacquadio-927451.jpg 1920w\" sizes=\"auto, (max-width: 1024px) 100vw, 1024px\" \/>                    <\/figure>\n                <\/div>\n                    <\/div>\n    <\/div>\n<\/section>\n\n<section class=\"pane pane--white\">\n    <div class=\"container\">\n        <div class=\"row g-4 g-lg-8 g-xl-15 justify-content-center\">\n                                                <div class=\"col-12 col-lg-11\">\n                        <h2 style=\"text-align: center\">Nos services<\/h2>\n<p><img loading=\"lazy\" decoding=\"async\" class=\"wp-image-2285 size-large aligncenter\" src=\"https:\/\/www.corlidogroup.com\/wp-content\/uploads\/2024\/09\/Schermafbeelding-2024-09-23-110431-1024x466.png\" alt=\"\" width=\"1024\" height=\"466\" srcset=\"https:\/\/www.corlidogroup.com\/wp-content\/uploads\/2024\/09\/Schermafbeelding-2024-09-23-110431-1024x466.png 1024w, https:\/\/www.corlidogroup.com\/wp-content\/uploads\/2024\/09\/Schermafbeelding-2024-09-23-110431-300x137.png 300w, https:\/\/www.corlidogroup.com\/wp-content\/uploads\/2024\/09\/Schermafbeelding-2024-09-23-110431-768x350.png 768w, https:\/\/www.corlidogroup.com\/wp-content\/uploads\/2024\/09\/Schermafbeelding-2024-09-23-110431-70x32.png 70w, https:\/\/www.corlidogroup.com\/wp-content\/uploads\/2024\/09\/Schermafbeelding-2024-09-23-110431.png 1271w\" sizes=\"auto, (max-width: 1024px) 100vw, 1024px\" \/><\/p>\n                                            <\/div>\n                                    <\/div>\n                \n    <\/div>\n<\/section>\n\n<section class=\"pane pane--white\">\n    <div class=\"container\">\n        <div class=\"row g-4 g-lg-8 g-xl-15 justify-content-center\">\n                                                <div class=\"col-12 col-lg-4\">\n                        <p><strong>Source-to-Pay<br \/>\n<\/strong>Le service le plus complet de gestion du Tail Spend. Du RFQ \u00e0 la livraison des mat\u00e9riaux, en passant par le paiement des factures et le reporting, nous g\u00e9rons tout selon un processus personnalis\u00e9 pour votre organisation. Vous n\u2019aurez qu\u2019un seul fournisseur et une seule facture, avec un reporting enti\u00e8rement personnalis\u00e9.  <\/p>\n                                            <\/div>\n                                    <div class=\"col-12 col-lg-4\">\n                        <p><strong>Procure-to-Pay<br \/>\n<\/strong>Notre deuxi\u00e8me service le plus demand\u00e9 apr\u00e8s Source-to-Pay. Avec Procure-to-Pay, nous utilisons vos fournisseurs sp\u00e9cifi\u00e9s, mais nous nous chargeons des commandes et du suivi, de la commande \u00e0 la facture. Nous agissons \u00e9galement comme solution fournisseur unique.  <\/p>\n                                            <\/div>\n                                    <div class=\"col-12 col-lg-4\">\n                        <p><strong>Traitement des factures (Pay Only)<br \/>\n<\/strong><span lang=\"EN-US\">Pay Only ou traitement des factures est notre service le moins complet, car la commande a d\u00e9j\u00e0 \u00e9t\u00e9 pass\u00e9e et les biens re\u00e7us, mais la facture n\u2019a pas pu \u00eatre pay\u00e9e. Ce type de situation, souvent consid\u00e9r\u00e9 comme non conforme, se produit dans toutes les organisations. Dans ce cas, Corlido se charge du traitement de la facture et du paiement pour vous.   <\/span><\/p>\n<p>&nbsp;<\/p>\n                                            <\/div>\n                                    <\/div>\n                \n    <\/div>\n<\/section>\n\n<section class=\"pane pane--white\">\n    <div class=\"container\">\n        <div class=\"row g-4 g-lg-8 g-xl-15 justify-content-center\">\n                                                <div class=\"col-12 col-lg-4\">\n                        <h3 style=\"text-align: center\">Warehousing<\/h3>\n<p style=\"text-align: center\">Corlido offers comprehensive warehousing services, ensuring secure storage and efficient management of your inventory.<\/p>\n                                                        <div class=\"pane__button-group\">\n        <div class=\"row g-2 g-lg-3 justify-content-center\">\n                            <div class=\"col-auto\">\n                                                                <a class=\"btn btn-tertiary\" href=\"https:\/\/www.corlidogroup.com\/warehousing\/\" target=\"_self\">\n                            <span class=\"btn__text\">Warehousing<\/span>\n                            <svg class=\"icon icon--12 icon--arrow\">\n                                <use xlink:href=\"https:\/\/www.corlidogroup.com\/wp-content\/themes\/corlido\/build\/img\/symbols.svg#arrow-right\"><\/use>\n                            <\/svg>\n                        <\/a>\n                                    <\/div>\n                    <\/div>\n    <\/div>\n                                            <\/div>\n                                    <div class=\"col-12 col-lg-4\">\n                        <h3 style=\"text-align: center\">Integrations &amp; AI<\/h3>\n<p style=\"text-align: center\">Corlido Group is experienced in System Integrations such as SAP Ariba, Oracle, Microsoft and more.<\/p>\n                                                        <div class=\"pane__button-group\">\n        <div class=\"row g-2 g-lg-3 justify-content-center\">\n                            <div class=\"col-auto\">\n                                                                <a class=\"btn btn-tertiary\" href=\"https:\/\/www.corlidogroup.com\/integrations\/\" target=\"_self\">\n                            <span class=\"btn__text\">System Integrations<\/span>\n                            <svg class=\"icon icon--12 icon--arrow\">\n                                <use xlink:href=\"https:\/\/www.corlidogroup.com\/wp-content\/themes\/corlido\/build\/img\/symbols.svg#arrow-right\"><\/use>\n                            <\/svg>\n                        <\/a>\n                                    <\/div>\n                    <\/div>\n    <\/div>\n                                            <\/div>\n                                    <div class=\"col-12 col-lg-4\">\n                        <h3 style=\"text-align: center\">COPS<\/h3>\n<p style=\"text-align: center\">COPS is your tailor-made E-Procurement tool that enables you to digitalise non-contract purchases.<\/p>\n                                                        <div class=\"pane__button-group\">\n        <div class=\"row g-2 g-lg-3 justify-content-center\">\n                            <div class=\"col-auto\">\n                                                                <a class=\"btn btn-tertiary\" href=\"https:\/\/www.corlidogroup.com\/cops\/\" target=\"_self\">\n                            <span class=\"btn__text\">E-Procurement<\/span>\n                            <svg class=\"icon icon--12 icon--arrow\">\n                                <use xlink:href=\"https:\/\/www.corlidogroup.com\/wp-content\/themes\/corlido\/build\/img\/symbols.svg#arrow-right\"><\/use>\n                            <\/svg>\n                        <\/a>\n                                    <\/div>\n                    <\/div>\n    <\/div>\n                                            <\/div>\n                                    <\/div>\n                \n    <\/div>\n<\/section>\n","protected":false},"excerpt":{"rendered":"","protected":false},"author":1,"featured_media":1266,"parent":0,"menu_order":9,"comment_status":"closed","ping_status":"closed","template":"","meta":{"_acf_changed":false,"_monsterinsights_skip_tracking":false,"_monsterinsights_sitenote_active":false,"_monsterinsights_sitenote_note":"","_monsterinsights_sitenote_category":0,"footnotes":""},"class_list":["post-2815","page","type-page","status-publish","has-post-thumbnail","hentry"],"acf":[],"yoast_head":"<!-- This site is optimized with the Yoast SEO plugin v27.3 - https:\/\/yoast.com\/product\/yoast-seo-wordpress\/ -->\n<title>Procurement Services - Corlido<\/title>\n<meta name=\"robots\" content=\"index, follow, max-snippet:-1, max-image-preview:large, max-video-preview:-1\" \/>\n<link rel=\"canonical\" href=\"https:\/\/www.corlidogroup.com\/fr\/services-dachats\/\" \/>\n<meta property=\"og:locale\" content=\"fr_FR\" \/>\n<meta property=\"og:type\" content=\"article\" \/>\n<meta property=\"og:title\" content=\"Procurement Services - Corlido\" \/>\n<meta property=\"og:url\" content=\"https:\/\/www.corlidogroup.com\/fr\/services-dachats\/\" \/>\n<meta property=\"og:site_name\" content=\"Corlido\" \/>\n<meta property=\"article:publisher\" content=\"https:\/\/www.facebook.com\/CorlidoGroup\/\" \/>\n<meta property=\"article:modified_time\" content=\"2026-03-27T11:54:52+00:00\" \/>\n<meta property=\"og:image\" content=\"https:\/\/www.corlidogroup.com\/wp-content\/uploads\/2024\/03\/Logistiek.png\" \/>\n\t<meta property=\"og:image:width\" content=\"1895\" \/>\n\t<meta property=\"og:image:height\" content=\"800\" \/>\n\t<meta property=\"og:image:type\" content=\"image\/png\" \/>\n<meta name=\"twitter:card\" content=\"summary_large_image\" \/>\n<script type=\"application\/ld+json\" class=\"yoast-schema-graph\">{\"@context\":\"https:\\\/\\\/schema.org\",\"@graph\":[{\"@type\":\"WebPage\",\"@id\":\"https:\\\/\\\/www.corlidogroup.com\\\/fr\\\/services-dachats\\\/\",\"url\":\"https:\\\/\\\/www.corlidogroup.com\\\/fr\\\/services-dachats\\\/\",\"name\":\"Procurement Services - Corlido\",\"isPartOf\":{\"@id\":\"https:\\\/\\\/www.corlidogroup.com\\\/fr\\\/#website\"},\"primaryImageOfPage\":{\"@id\":\"https:\\\/\\\/www.corlidogroup.com\\\/fr\\\/services-dachats\\\/#primaryimage\"},\"image\":{\"@id\":\"https:\\\/\\\/www.corlidogroup.com\\\/fr\\\/services-dachats\\\/#primaryimage\"},\"thumbnailUrl\":\"https:\\\/\\\/www.corlidogroup.com\\\/wp-content\\\/uploads\\\/2024\\\/03\\\/Logistiek.png\",\"datePublished\":\"2024-02-09T09:33:15+00:00\",\"dateModified\":\"2026-03-27T11:54:52+00:00\",\"breadcrumb\":{\"@id\":\"https:\\\/\\\/www.corlidogroup.com\\\/fr\\\/services-dachats\\\/#breadcrumb\"},\"inLanguage\":\"fr-FR\",\"potentialAction\":[{\"@type\":\"ReadAction\",\"target\":[\"https:\\\/\\\/www.corlidogroup.com\\\/fr\\\/services-dachats\\\/\"]}]},{\"@type\":\"ImageObject\",\"inLanguage\":\"fr-FR\",\"@id\":\"https:\\\/\\\/www.corlidogroup.com\\\/fr\\\/services-dachats\\\/#primaryimage\",\"url\":\"https:\\\/\\\/www.corlidogroup.com\\\/wp-content\\\/uploads\\\/2024\\\/03\\\/Logistiek.png\",\"contentUrl\":\"https:\\\/\\\/www.corlidogroup.com\\\/wp-content\\\/uploads\\\/2024\\\/03\\\/Logistiek.png\",\"width\":1895,\"height\":800},{\"@type\":\"BreadcrumbList\",\"@id\":\"https:\\\/\\\/www.corlidogroup.com\\\/fr\\\/services-dachats\\\/#breadcrumb\",\"itemListElement\":[{\"@type\":\"ListItem\",\"position\":1,\"name\":\"Home\",\"item\":\"https:\\\/\\\/www.corlidogroup.com\\\/fr\\\/home\\\/\"},{\"@type\":\"ListItem\",\"position\":2,\"name\":\"Procurement Services\"}]},{\"@type\":\"WebSite\",\"@id\":\"https:\\\/\\\/www.corlidogroup.com\\\/fr\\\/#website\",\"url\":\"https:\\\/\\\/www.corlidogroup.com\\\/fr\\\/\",\"name\":\"Corlido Group\",\"description\":\"We optimise your procurement process\",\"publisher\":{\"@id\":\"https:\\\/\\\/www.corlidogroup.com\\\/fr\\\/#organization\"},\"potentialAction\":[{\"@type\":\"SearchAction\",\"target\":{\"@type\":\"EntryPoint\",\"urlTemplate\":\"https:\\\/\\\/www.corlidogroup.com\\\/fr\\\/?s={search_term_string}\"},\"query-input\":{\"@type\":\"PropertyValueSpecification\",\"valueRequired\":true,\"valueName\":\"search_term_string\"}}],\"inLanguage\":\"fr-FR\"},{\"@type\":\"Organization\",\"@id\":\"https:\\\/\\\/www.corlidogroup.com\\\/fr\\\/#organization\",\"name\":\"Corlido Group\",\"url\":\"https:\\\/\\\/www.corlidogroup.com\\\/fr\\\/\",\"logo\":{\"@type\":\"ImageObject\",\"inLanguage\":\"fr-FR\",\"@id\":\"https:\\\/\\\/www.corlidogroup.com\\\/fr\\\/#\\\/schema\\\/logo\\\/image\\\/\",\"url\":\"https:\\\/\\\/www.corlidogroup.com\\\/wp-content\\\/uploads\\\/2024\\\/02\\\/cropped-Corlido-favicon.png\",\"contentUrl\":\"https:\\\/\\\/www.corlidogroup.com\\\/wp-content\\\/uploads\\\/2024\\\/02\\\/cropped-Corlido-favicon.png\",\"width\":512,\"height\":512,\"caption\":\"Corlido Group\"},\"image\":{\"@id\":\"https:\\\/\\\/www.corlidogroup.com\\\/fr\\\/#\\\/schema\\\/logo\\\/image\\\/\"},\"sameAs\":[\"https:\\\/\\\/www.facebook.com\\\/CorlidoGroup\\\/\",\"https:\\\/\\\/www.linkedin.com\\\/company\\\/1372474\\\/\",\"https:\\\/\\\/www.instagram.com\\\/corlidogroup\\\/\"]}]}<\/script>\n<!-- \/ Yoast SEO plugin. -->","yoast_head_json":{"title":"Procurement Services - Corlido","robots":{"index":"index","follow":"follow","max-snippet":"max-snippet:-1","max-image-preview":"max-image-preview:large","max-video-preview":"max-video-preview:-1"},"canonical":"https:\/\/www.corlidogroup.com\/fr\/services-dachats\/","og_locale":"fr_FR","og_type":"article","og_title":"Procurement Services - Corlido","og_url":"https:\/\/www.corlidogroup.com\/fr\/services-dachats\/","og_site_name":"Corlido","article_publisher":"https:\/\/www.facebook.com\/CorlidoGroup\/","article_modified_time":"2026-03-27T11:54:52+00:00","og_image":[{"width":1895,"height":800,"url":"https:\/\/www.corlidogroup.com\/wp-content\/uploads\/2024\/03\/Logistiek.png","type":"image\/png"}],"twitter_card":"summary_large_image","schema":{"@context":"https:\/\/schema.org","@graph":[{"@type":"WebPage","@id":"https:\/\/www.corlidogroup.com\/fr\/services-dachats\/","url":"https:\/\/www.corlidogroup.com\/fr\/services-dachats\/","name":"Procurement Services - Corlido","isPartOf":{"@id":"https:\/\/www.corlidogroup.com\/fr\/#website"},"primaryImageOfPage":{"@id":"https:\/\/www.corlidogroup.com\/fr\/services-dachats\/#primaryimage"},"image":{"@id":"https:\/\/www.corlidogroup.com\/fr\/services-dachats\/#primaryimage"},"thumbnailUrl":"https:\/\/www.corlidogroup.com\/wp-content\/uploads\/2024\/03\/Logistiek.png","datePublished":"2024-02-09T09:33:15+00:00","dateModified":"2026-03-27T11:54:52+00:00","breadcrumb":{"@id":"https:\/\/www.corlidogroup.com\/fr\/services-dachats\/#breadcrumb"},"inLanguage":"fr-FR","potentialAction":[{"@type":"ReadAction","target":["https:\/\/www.corlidogroup.com\/fr\/services-dachats\/"]}]},{"@type":"ImageObject","inLanguage":"fr-FR","@id":"https:\/\/www.corlidogroup.com\/fr\/services-dachats\/#primaryimage","url":"https:\/\/www.corlidogroup.com\/wp-content\/uploads\/2024\/03\/Logistiek.png","contentUrl":"https:\/\/www.corlidogroup.com\/wp-content\/uploads\/2024\/03\/Logistiek.png","width":1895,"height":800},{"@type":"BreadcrumbList","@id":"https:\/\/www.corlidogroup.com\/fr\/services-dachats\/#breadcrumb","itemListElement":[{"@type":"ListItem","position":1,"name":"Home","item":"https:\/\/www.corlidogroup.com\/fr\/home\/"},{"@type":"ListItem","position":2,"name":"Procurement Services"}]},{"@type":"WebSite","@id":"https:\/\/www.corlidogroup.com\/fr\/#website","url":"https:\/\/www.corlidogroup.com\/fr\/","name":"Corlido Group","description":"We optimise your procurement process","publisher":{"@id":"https:\/\/www.corlidogroup.com\/fr\/#organization"},"potentialAction":[{"@type":"SearchAction","target":{"@type":"EntryPoint","urlTemplate":"https:\/\/www.corlidogroup.com\/fr\/?s={search_term_string}"},"query-input":{"@type":"PropertyValueSpecification","valueRequired":true,"valueName":"search_term_string"}}],"inLanguage":"fr-FR"},{"@type":"Organization","@id":"https:\/\/www.corlidogroup.com\/fr\/#organization","name":"Corlido Group","url":"https:\/\/www.corlidogroup.com\/fr\/","logo":{"@type":"ImageObject","inLanguage":"fr-FR","@id":"https:\/\/www.corlidogroup.com\/fr\/#\/schema\/logo\/image\/","url":"https:\/\/www.corlidogroup.com\/wp-content\/uploads\/2024\/02\/cropped-Corlido-favicon.png","contentUrl":"https:\/\/www.corlidogroup.com\/wp-content\/uploads\/2024\/02\/cropped-Corlido-favicon.png","width":512,"height":512,"caption":"Corlido Group"},"image":{"@id":"https:\/\/www.corlidogroup.com\/fr\/#\/schema\/logo\/image\/"},"sameAs":["https:\/\/www.facebook.com\/CorlidoGroup\/","https:\/\/www.linkedin.com\/company\/1372474\/","https:\/\/www.instagram.com\/corlidogroup\/"]}]}},"_links":{"self":[{"href":"https:\/\/www.corlidogroup.com\/fr\/wp-json\/wp\/v2\/pages\/2815","targetHints":{"allow":["GET"]}}],"collection":[{"href":"https:\/\/www.corlidogroup.com\/fr\/wp-json\/wp\/v2\/pages"}],"about":[{"href":"https:\/\/www.corlidogroup.com\/fr\/wp-json\/wp\/v2\/types\/page"}],"author":[{"embeddable":true,"href":"https:\/\/www.corlidogroup.com\/fr\/wp-json\/wp\/v2\/users\/1"}],"replies":[{"embeddable":true,"href":"https:\/\/www.corlidogroup.com\/fr\/wp-json\/wp\/v2\/comments?post=2815"}],"version-history":[{"count":9,"href":"https:\/\/www.corlidogroup.com\/fr\/wp-json\/wp\/v2\/pages\/2815\/revisions"}],"predecessor-version":[{"id":2991,"href":"https:\/\/www.corlidogroup.com\/fr\/wp-json\/wp\/v2\/pages\/2815\/revisions\/2991"}],"wp:featuredmedia":[{"embeddable":true,"href":"https:\/\/www.corlidogroup.com\/fr\/wp-json\/wp\/v2\/media\/1266"}],"wp:attachment":[{"href":"https:\/\/www.corlidogroup.com\/fr\/wp-json\/wp\/v2\/media?parent=2815"}],"curies":[{"name":"wp","href":"https:\/\/api.w.org\/{rel}","templated":true}]}}