{"id":2050,"date":"2024-03-20T11:54:32","date_gmt":"2024-03-20T10:54:32","guid":{"rendered":"https:\/\/www.corlidogroup.com\/cops\/"},"modified":"2024-09-05T09:03:29","modified_gmt":"2024-09-05T07:03:29","slug":"cops","status":"publish","type":"page","link":"https:\/\/www.corlidogroup.com\/nl\/cops\/","title":{"rendered":"COPS"},"content":{"rendered":"\n<section class=\"pane pane--white\">\n    <div class=\"container\">\n        <div class=\"row g-4 g-lg-8 g-xl-15 g-xxl-25 align-items-center \">\n                            <div class=\"col-12 col-lg-5\">\n                                        <div class=\"pane__text\">\n                        <h2>Indirecte inkoop vereenvoudigen<\/h2>\n<p style=\"font-weight: 400\">Corlido Online Procurement System (COPS) is uw op maat gemaakte E-Procurement tool waarmee u niet-contractuele, eenmalige en NPR-aankopen via Corlido kunt consolideren als \u00e9\u00e9n crediteurmodel.<\/p>\n<p style=\"font-weight: 400\">COPS is ontworpen om te worden opgezet als een PunchOut catalogus in elk type ERP \/ Middleware systeem, maar is ook beschikbaar op een stand-alone of SaaS basis.<\/p>\n<p style=\"font-weight: 400\">COPS geeft je toegang tot een onbeperkt assortiment producten en is eenvoudig te gebruiken. Bekijk hieronder een overzicht van de functionaliteiten: <\/p>\n<p>&nbsp;<\/p>\n<p>&nbsp;<\/p>\n                                                \n                    <\/div>\n                <\/div>\n                                        <div class=\"col-12 col-lg\">\n                    <figure class=\"figure figure--rounded\">\n                        <img decoding=\"async\" width=\"1024\" height=\"576\" src=\"https:\/\/www.corlidogroup.com\/wp-content\/uploads\/2024\/05\/COPS-Integrations-1024x576.png\" class=\"img-fluid\" alt=\"\" loading=\"lazy\" srcset=\"https:\/\/www.corlidogroup.com\/wp-content\/uploads\/2024\/05\/COPS-Integrations-1024x576.png 1024w, https:\/\/www.corlidogroup.com\/wp-content\/uploads\/2024\/05\/COPS-Integrations-300x169.png 300w, https:\/\/www.corlidogroup.com\/wp-content\/uploads\/2024\/05\/COPS-Integrations-768x432.png 768w, https:\/\/www.corlidogroup.com\/wp-content\/uploads\/2024\/05\/COPS-Integrations-1536x864.png 1536w, https:\/\/www.corlidogroup.com\/wp-content\/uploads\/2024\/05\/COPS-Integrations-70x39.png 70w, https:\/\/www.corlidogroup.com\/wp-content\/uploads\/2024\/05\/COPS-Integrations.png 1920w\" sizes=\"auto, (max-width: 1024px) 100vw, 1024px\" \/>                    <\/figure>\n                <\/div>\n                    <\/div>\n    <\/div>\n<\/section>\n\n<section class=\"pane pane--white\">\n    <div class=\"container\">\n        <div class=\"row g-4 g-lg-8 g-xl-15 justify-content-center\">\n                                                <div class=\"col-12 col-lg-4\">\n                        <h5><img loading=\"lazy\" decoding=\"async\" class=\"wp-image-1716 size-thumbnail aligncenter\" src=\"https:\/\/www.corlidogroup.com\/wp-content\/uploads\/2024\/05\/Customized-150x150.png\" alt=\"\" width=\"150\" height=\"150\" srcset=\"https:\/\/www.corlidogroup.com\/wp-content\/uploads\/2024\/05\/Customized-150x150.png 150w, https:\/\/www.corlidogroup.com\/wp-content\/uploads\/2024\/05\/Customized-300x300.png 300w, https:\/\/www.corlidogroup.com\/wp-content\/uploads\/2024\/05\/Customized-70x70.png 70w, https:\/\/www.corlidogroup.com\/wp-content\/uploads\/2024\/05\/Customized.png 500w\" sizes=\"auto, (max-width: 150px) 100vw, 150px\" \/><\/h5>\n<h6 style=\"text-align: center\">Custom Catalog<\/h6>\n<p style=\"text-align: center\">E\u00e9n catalogus op maat, waarin items van meerdere leveranciers kunnen worden gecombineerd tot \u00e9\u00e9n catalogus.<\/p>\n                                            <\/div>\n                                    <div class=\"col-12 col-lg-4\">\n                        <h5><img loading=\"lazy\" decoding=\"async\" class=\"wp-image-1711 size-thumbnail aligncenter\" src=\"https:\/\/www.corlidogroup.com\/wp-content\/uploads\/2024\/05\/Integrations-1-150x150.png\" alt=\"\" width=\"150\" height=\"150\" srcset=\"https:\/\/www.corlidogroup.com\/wp-content\/uploads\/2024\/05\/Integrations-1-150x150.png 150w, https:\/\/www.corlidogroup.com\/wp-content\/uploads\/2024\/05\/Integrations-1-300x300.png 300w, https:\/\/www.corlidogroup.com\/wp-content\/uploads\/2024\/05\/Integrations-1-70x70.png 70w, https:\/\/www.corlidogroup.com\/wp-content\/uploads\/2024\/05\/Integrations-1.png 500w\" sizes=\"auto, (max-width: 150px) 100vw, 150px\" \/><\/h5>\n<h6 style=\"text-align: center\">Ge\u00efntegreerde leveranciers<\/h6>\n<p style=\"text-align: center\">Automatisch inloggen op externe webshops van voorkeursleveranciers en profiteren van lagere prijzen, allemaal binnen COPS.<\/p>\n                                            <\/div>\n                                    <div class=\"col-12 col-lg-4\">\n                        <h5><img loading=\"lazy\" decoding=\"async\" class=\"wp-image-1721 size-thumbnail aligncenter\" src=\"https:\/\/www.corlidogroup.com\/wp-content\/uploads\/2024\/05\/Possibilities-150x150.png\" alt=\"\" width=\"150\" height=\"150\" srcset=\"https:\/\/www.corlidogroup.com\/wp-content\/uploads\/2024\/05\/Possibilities-150x150.png 150w, https:\/\/www.corlidogroup.com\/wp-content\/uploads\/2024\/05\/Possibilities-300x300.png 300w, https:\/\/www.corlidogroup.com\/wp-content\/uploads\/2024\/05\/Possibilities-70x70.png 70w, https:\/\/www.corlidogroup.com\/wp-content\/uploads\/2024\/05\/Possibilities.png 500w\" sizes=\"auto, (max-width: 150px) 100vw, 150px\" \/><\/h5>\n<h6 style=\"text-align: center\">Eindeloos veel mogelijkheden<\/h6>\n<p style=\"text-align: center\">Vraag eenvoudig een gratis tekstofferte aan voor eventuele behoeften buiten de catalogus.<\/p>\n                                            <\/div>\n                                    <div class=\"col-12 col-lg-4\">\n                        <h5><img loading=\"lazy\" decoding=\"async\" class=\"wp-image-1726 size-thumbnail aligncenter\" src=\"https:\/\/www.corlidogroup.com\/wp-content\/uploads\/2024\/05\/Credit-Card-150x150.png\" alt=\"\" width=\"150\" height=\"150\" srcset=\"https:\/\/www.corlidogroup.com\/wp-content\/uploads\/2024\/05\/Credit-Card-150x150.png 150w, https:\/\/www.corlidogroup.com\/wp-content\/uploads\/2024\/05\/Credit-Card-300x300.png 300w, https:\/\/www.corlidogroup.com\/wp-content\/uploads\/2024\/05\/Credit-Card-70x70.png 70w, https:\/\/www.corlidogroup.com\/wp-content\/uploads\/2024\/05\/Credit-Card.png 500w\" sizes=\"auto, (max-width: 150px) 100vw, 150px\" \/><\/h5>\n<h6 style=\"text-align: center\">P-Card oplossingen<\/h6>\n<p style=\"text-align: center\">Betaal snel en gemakkelijk met een inkoopkaart, betaalpas of creditcard via COPS.<\/p>\n                                            <\/div>\n                                    <div class=\"col-12 col-lg-4\">\n                        <p><img loading=\"lazy\" decoding=\"async\" class=\"wp-image-1731 size-thumbnail aligncenter\" src=\"https:\/\/www.corlidogroup.com\/wp-content\/uploads\/2024\/05\/Order-Status-150x150.png\" alt=\"\" width=\"150\" height=\"150\" srcset=\"https:\/\/www.corlidogroup.com\/wp-content\/uploads\/2024\/05\/Order-Status-150x150.png 150w, https:\/\/www.corlidogroup.com\/wp-content\/uploads\/2024\/05\/Order-Status-300x300.png 300w, https:\/\/www.corlidogroup.com\/wp-content\/uploads\/2024\/05\/Order-Status-70x70.png 70w, https:\/\/www.corlidogroup.com\/wp-content\/uploads\/2024\/05\/Order-Status.png 500w\" sizes=\"auto, (max-width: 150px) 100vw, 150px\" \/><\/p>\n<h6 style=\"text-align: center\">Order Status<\/h6>\n<p style=\"text-align: center\">Controleer en volg de status van al je aanvragen en bestellingen.<\/p>\n                                            <\/div>\n                                    <div class=\"col-12 col-lg-4\">\n                        <h5><img loading=\"lazy\" decoding=\"async\" class=\"wp-image-1736 size-thumbnail aligncenter\" src=\"https:\/\/www.corlidogroup.com\/wp-content\/uploads\/2024\/05\/Invoice-Handling-150x150.png\" alt=\"\" width=\"150\" height=\"150\" srcset=\"https:\/\/www.corlidogroup.com\/wp-content\/uploads\/2024\/05\/Invoice-Handling-150x150.png 150w, https:\/\/www.corlidogroup.com\/wp-content\/uploads\/2024\/05\/Invoice-Handling-300x300.png 300w, https:\/\/www.corlidogroup.com\/wp-content\/uploads\/2024\/05\/Invoice-Handling-70x70.png 70w, https:\/\/www.corlidogroup.com\/wp-content\/uploads\/2024\/05\/Invoice-Handling.png 500w\" sizes=\"auto, (max-width: 150px) 100vw, 150px\" \/><\/h5>\n<h6 style=\"text-align: center\">E-facturatie<\/h6>\n<p style=\"text-align: center\">Al je tail spend digitaal gefactureerd, waardoor de financi\u00eble afdeling ontlast wordt<\/p>\n                                            <\/div>\n                                    <\/div>\n                \n    <\/div>\n<\/section>\n","protected":false},"excerpt":{"rendered":"","protected":false},"author":2,"featured_media":1676,"parent":0,"menu_order":0,"comment_status":"closed","ping_status":"closed","template":"","meta":{"_acf_changed":false,"_monsterinsights_skip_tracking":false,"_monsterinsights_sitenote_active":false,"_monsterinsights_sitenote_note":"","_monsterinsights_sitenote_category":0,"footnotes":""},"class_list":["post-2050","page","type-page","status-publish","has-post-thumbnail","hentry"],"acf":[],"yoast_head":"<!-- This site is optimized with the Yoast SEO plugin v27.4 - https:\/\/yoast.com\/product\/yoast-seo-wordpress\/ -->\n<title>COPS - Corlido<\/title>\n<meta name=\"robots\" content=\"index, follow, max-snippet:-1, max-image-preview:large, max-video-preview:-1\" \/>\n<link rel=\"canonical\" href=\"https:\/\/www.corlidogroup.com\/nl\/cops\/\" \/>\n<meta property=\"og:locale\" content=\"nl_NL\" \/>\n<meta property=\"og:type\" content=\"article\" \/>\n<meta property=\"og:title\" content=\"COPS - Corlido\" \/>\n<meta property=\"og:url\" content=\"https:\/\/www.corlidogroup.com\/nl\/cops\/\" \/>\n<meta property=\"og:site_name\" content=\"Corlido\" \/>\n<meta property=\"article:publisher\" content=\"https:\/\/www.facebook.com\/CorlidoGroup\/\" \/>\n<meta property=\"article:modified_time\" content=\"2024-09-05T07:03:29+00:00\" \/>\n<meta property=\"og:image\" content=\"https:\/\/www.corlidogroup.com\/wp-content\/uploads\/2024\/05\/3-1.png\" \/>\n\t<meta property=\"og:image:width\" content=\"1920\" \/>\n\t<meta property=\"og:image:height\" content=\"1080\" \/>\n\t<meta property=\"og:image:type\" content=\"image\/png\" \/>\n<meta name=\"twitter:card\" content=\"summary_large_image\" \/>\n<script type=\"application\/ld+json\" class=\"yoast-schema-graph\">{\"@context\":\"https:\\\/\\\/schema.org\",\"@graph\":[{\"@type\":\"WebPage\",\"@id\":\"https:\\\/\\\/www.corlidogroup.com\\\/nl\\\/cops\\\/\",\"url\":\"https:\\\/\\\/www.corlidogroup.com\\\/nl\\\/cops\\\/\",\"name\":\"COPS - Corlido\",\"isPartOf\":{\"@id\":\"https:\\\/\\\/www.corlidogroup.com\\\/nl\\\/#website\"},\"primaryImageOfPage\":{\"@id\":\"https:\\\/\\\/www.corlidogroup.com\\\/nl\\\/cops\\\/#primaryimage\"},\"image\":{\"@id\":\"https:\\\/\\\/www.corlidogroup.com\\\/nl\\\/cops\\\/#primaryimage\"},\"thumbnailUrl\":\"https:\\\/\\\/www.corlidogroup.com\\\/wp-content\\\/uploads\\\/2024\\\/05\\\/3-1.png\",\"datePublished\":\"2024-03-20T10:54:32+00:00\",\"dateModified\":\"2024-09-05T07:03:29+00:00\",\"breadcrumb\":{\"@id\":\"https:\\\/\\\/www.corlidogroup.com\\\/nl\\\/cops\\\/#breadcrumb\"},\"inLanguage\":\"nl-NL\",\"potentialAction\":[{\"@type\":\"ReadAction\",\"target\":[\"https:\\\/\\\/www.corlidogroup.com\\\/nl\\\/cops\\\/\"]}]},{\"@type\":\"ImageObject\",\"inLanguage\":\"nl-NL\",\"@id\":\"https:\\\/\\\/www.corlidogroup.com\\\/nl\\\/cops\\\/#primaryimage\",\"url\":\"https:\\\/\\\/www.corlidogroup.com\\\/wp-content\\\/uploads\\\/2024\\\/05\\\/3-1.png\",\"contentUrl\":\"https:\\\/\\\/www.corlidogroup.com\\\/wp-content\\\/uploads\\\/2024\\\/05\\\/3-1.png\",\"width\":1920,\"height\":1080},{\"@type\":\"BreadcrumbList\",\"@id\":\"https:\\\/\\\/www.corlidogroup.com\\\/nl\\\/cops\\\/#breadcrumb\",\"itemListElement\":[{\"@type\":\"ListItem\",\"position\":1,\"name\":\"Home\",\"item\":\"https:\\\/\\\/www.corlidogroup.com\\\/nl\\\/\"},{\"@type\":\"ListItem\",\"position\":2,\"name\":\"COPS\"}]},{\"@type\":\"WebSite\",\"@id\":\"https:\\\/\\\/www.corlidogroup.com\\\/nl\\\/#website\",\"url\":\"https:\\\/\\\/www.corlidogroup.com\\\/nl\\\/\",\"name\":\"Corlido Group\",\"description\":\"We optimise your procurement process\",\"publisher\":{\"@id\":\"https:\\\/\\\/www.corlidogroup.com\\\/nl\\\/#organization\"},\"potentialAction\":[{\"@type\":\"SearchAction\",\"target\":{\"@type\":\"EntryPoint\",\"urlTemplate\":\"https:\\\/\\\/www.corlidogroup.com\\\/nl\\\/?s={search_term_string}\"},\"query-input\":{\"@type\":\"PropertyValueSpecification\",\"valueRequired\":true,\"valueName\":\"search_term_string\"}}],\"inLanguage\":\"nl-NL\"},{\"@type\":\"Organization\",\"@id\":\"https:\\\/\\\/www.corlidogroup.com\\\/nl\\\/#organization\",\"name\":\"Corlido Group\",\"url\":\"https:\\\/\\\/www.corlidogroup.com\\\/nl\\\/\",\"logo\":{\"@type\":\"ImageObject\",\"inLanguage\":\"nl-NL\",\"@id\":\"https:\\\/\\\/www.corlidogroup.com\\\/nl\\\/#\\\/schema\\\/logo\\\/image\\\/\",\"url\":\"https:\\\/\\\/www.corlidogroup.com\\\/wp-content\\\/uploads\\\/2024\\\/02\\\/cropped-Corlido-favicon.png\",\"contentUrl\":\"https:\\\/\\\/www.corlidogroup.com\\\/wp-content\\\/uploads\\\/2024\\\/02\\\/cropped-Corlido-favicon.png\",\"width\":512,\"height\":512,\"caption\":\"Corlido Group\"},\"image\":{\"@id\":\"https:\\\/\\\/www.corlidogroup.com\\\/nl\\\/#\\\/schema\\\/logo\\\/image\\\/\"},\"sameAs\":[\"https:\\\/\\\/www.facebook.com\\\/CorlidoGroup\\\/\",\"https:\\\/\\\/www.linkedin.com\\\/company\\\/1372474\\\/\",\"https:\\\/\\\/www.instagram.com\\\/corlidogroup\\\/\"]}]}<\/script>\n<!-- \/ Yoast SEO plugin. -->","yoast_head_json":{"title":"COPS - Corlido","robots":{"index":"index","follow":"follow","max-snippet":"max-snippet:-1","max-image-preview":"max-image-preview:large","max-video-preview":"max-video-preview:-1"},"canonical":"https:\/\/www.corlidogroup.com\/nl\/cops\/","og_locale":"nl_NL","og_type":"article","og_title":"COPS - Corlido","og_url":"https:\/\/www.corlidogroup.com\/nl\/cops\/","og_site_name":"Corlido","article_publisher":"https:\/\/www.facebook.com\/CorlidoGroup\/","article_modified_time":"2024-09-05T07:03:29+00:00","og_image":[{"width":1920,"height":1080,"url":"https:\/\/www.corlidogroup.com\/wp-content\/uploads\/2024\/05\/3-1.png","type":"image\/png"}],"twitter_card":"summary_large_image","schema":{"@context":"https:\/\/schema.org","@graph":[{"@type":"WebPage","@id":"https:\/\/www.corlidogroup.com\/nl\/cops\/","url":"https:\/\/www.corlidogroup.com\/nl\/cops\/","name":"COPS - Corlido","isPartOf":{"@id":"https:\/\/www.corlidogroup.com\/nl\/#website"},"primaryImageOfPage":{"@id":"https:\/\/www.corlidogroup.com\/nl\/cops\/#primaryimage"},"image":{"@id":"https:\/\/www.corlidogroup.com\/nl\/cops\/#primaryimage"},"thumbnailUrl":"https:\/\/www.corlidogroup.com\/wp-content\/uploads\/2024\/05\/3-1.png","datePublished":"2024-03-20T10:54:32+00:00","dateModified":"2024-09-05T07:03:29+00:00","breadcrumb":{"@id":"https:\/\/www.corlidogroup.com\/nl\/cops\/#breadcrumb"},"inLanguage":"nl-NL","potentialAction":[{"@type":"ReadAction","target":["https:\/\/www.corlidogroup.com\/nl\/cops\/"]}]},{"@type":"ImageObject","inLanguage":"nl-NL","@id":"https:\/\/www.corlidogroup.com\/nl\/cops\/#primaryimage","url":"https:\/\/www.corlidogroup.com\/wp-content\/uploads\/2024\/05\/3-1.png","contentUrl":"https:\/\/www.corlidogroup.com\/wp-content\/uploads\/2024\/05\/3-1.png","width":1920,"height":1080},{"@type":"BreadcrumbList","@id":"https:\/\/www.corlidogroup.com\/nl\/cops\/#breadcrumb","itemListElement":[{"@type":"ListItem","position":1,"name":"Home","item":"https:\/\/www.corlidogroup.com\/nl\/"},{"@type":"ListItem","position":2,"name":"COPS"}]},{"@type":"WebSite","@id":"https:\/\/www.corlidogroup.com\/nl\/#website","url":"https:\/\/www.corlidogroup.com\/nl\/","name":"Corlido Group","description":"We optimise your procurement process","publisher":{"@id":"https:\/\/www.corlidogroup.com\/nl\/#organization"},"potentialAction":[{"@type":"SearchAction","target":{"@type":"EntryPoint","urlTemplate":"https:\/\/www.corlidogroup.com\/nl\/?s={search_term_string}"},"query-input":{"@type":"PropertyValueSpecification","valueRequired":true,"valueName":"search_term_string"}}],"inLanguage":"nl-NL"},{"@type":"Organization","@id":"https:\/\/www.corlidogroup.com\/nl\/#organization","name":"Corlido Group","url":"https:\/\/www.corlidogroup.com\/nl\/","logo":{"@type":"ImageObject","inLanguage":"nl-NL","@id":"https:\/\/www.corlidogroup.com\/nl\/#\/schema\/logo\/image\/","url":"https:\/\/www.corlidogroup.com\/wp-content\/uploads\/2024\/02\/cropped-Corlido-favicon.png","contentUrl":"https:\/\/www.corlidogroup.com\/wp-content\/uploads\/2024\/02\/cropped-Corlido-favicon.png","width":512,"height":512,"caption":"Corlido Group"},"image":{"@id":"https:\/\/www.corlidogroup.com\/nl\/#\/schema\/logo\/image\/"},"sameAs":["https:\/\/www.facebook.com\/CorlidoGroup\/","https:\/\/www.linkedin.com\/company\/1372474\/","https:\/\/www.instagram.com\/corlidogroup\/"]}]}},"_links":{"self":[{"href":"https:\/\/www.corlidogroup.com\/nl\/wp-json\/wp\/v2\/pages\/2050","targetHints":{"allow":["GET"]}}],"collection":[{"href":"https:\/\/www.corlidogroup.com\/nl\/wp-json\/wp\/v2\/pages"}],"about":[{"href":"https:\/\/www.corlidogroup.com\/nl\/wp-json\/wp\/v2\/types\/page"}],"author":[{"embeddable":true,"href":"https:\/\/www.corlidogroup.com\/nl\/wp-json\/wp\/v2\/users\/2"}],"replies":[{"embeddable":true,"href":"https:\/\/www.corlidogroup.com\/nl\/wp-json\/wp\/v2\/comments?post=2050"}],"version-history":[{"count":1,"href":"https:\/\/www.corlidogroup.com\/nl\/wp-json\/wp\/v2\/pages\/2050\/revisions"}],"predecessor-version":[{"id":2051,"href":"https:\/\/www.corlidogroup.com\/nl\/wp-json\/wp\/v2\/pages\/2050\/revisions\/2051"}],"wp:featuredmedia":[{"embeddable":true,"href":"https:\/\/www.corlidogroup.com\/nl\/wp-json\/wp\/v2\/media\/1676"}],"wp:attachment":[{"href":"https:\/\/www.corlidogroup.com\/nl\/wp-json\/wp\/v2\/media?parent=2050"}],"curies":[{"name":"wp","href":"https:\/\/api.w.org\/{rel}","templated":true}]}}