{"id":2218,"date":"2024-09-16T11:46:30","date_gmt":"2024-09-16T09:46:30","guid":{"rendered":"https:\/\/www.corlidogroup.com\/?page_id=2218"},"modified":"2026-01-07T09:19:44","modified_gmt":"2026-01-07T08:19:44","slug":"duurzaamheid-2","status":"publish","type":"page","link":"https:\/\/www.corlidogroup.com\/nl\/duurzaamheid-2\/","title":{"rendered":"Magazijn"},"content":{"rendered":"\n<section class=\"pane pane--white\">\n    <div class=\"container\">\n        <div class=\"row g-4 g-lg-8 g-xl-15 g-xxl-25 align-items-center \">\n                            <div class=\"col-12 col-lg-6\">\n                                        <div class=\"pane__text\">\n                        <h3 style=\"text-align: left\">Ontlast het logistiek centrum<\/h3>\n<p><span style=\"color: var(--bs-body-color);font-size: 1.125rem;font-weight: 400\">Onze inkoopdiensten worden aangevuld met logistieke diensten. Corlido Group biedt alle logistieke oplossingen om de juiste goederen, op het juiste moment en op de juiste plaats te leveren. Ongeacht de grootte, het gewicht of de locatie.  <\/span><\/p>\n                                                \n\n\n\n\n\n\n                    <\/div>\n                <\/div>\n                                        <div class=\"col-12 col-lg\">\n                    <figure class=\"figure figure--rounded\">\n                        <img decoding=\"async\" width=\"1024\" height=\"432\" src=\"https:\/\/www.corlidogroup.com\/wp-content\/uploads\/2024\/03\/Magazijn-1024x432.png\" class=\"img-fluid\" alt=\"\" loading=\"lazy\" srcset=\"https:\/\/www.corlidogroup.com\/wp-content\/uploads\/2024\/03\/Magazijn-1024x432.png 1024w, https:\/\/www.corlidogroup.com\/wp-content\/uploads\/2024\/03\/Magazijn-300x127.png 300w, https:\/\/www.corlidogroup.com\/wp-content\/uploads\/2024\/03\/Magazijn-768x324.png 768w, https:\/\/www.corlidogroup.com\/wp-content\/uploads\/2024\/03\/Magazijn-1536x648.png 1536w, https:\/\/www.corlidogroup.com\/wp-content\/uploads\/2024\/03\/Magazijn-70x30.png 70w, https:\/\/www.corlidogroup.com\/wp-content\/uploads\/2024\/03\/Magazijn.png 1893w\" sizes=\"auto, (max-width: 1024px) 100vw, 1024px\" \/>                    <\/figure>\n                <\/div>\n                    <\/div>\n    <\/div>\n<\/section>\n\n<section class=\"pane pane--primary\">\n    <div class=\"container\">\n        <div class=\"row g-4 g-lg-8 g-xl-15 g-xxl-25 align-items-center \">\n                            <div class=\"col-12 col-lg-8\">\n                                        <div class=\"pane__text\">\n                        <div class=\"col-xl-6 col-lg-6 col-md-12 opties\">\n<h3><span style=\"color: #0e2d46; font-size: 38px; font-weight: bold; text-align: var(--bs-body-text-align);\">Controle van inkomende goederen<\/span><\/h3>\n<\/div>\n<p>Onze magazijnactiviteiten omvatten grondige inspecties van binnenkomende goederen om nauwkeurigheid en kwaliteit te garanderen. We controleren hoeveelheden, inspecteren de staat van producten en controleren documentatie. Elk artikel wordt gemeten, gewogen en gefotografeerd om volledige naleving van de eisen van de klant en de industrienormen te garanderen.  <\/p>\n<h3>Opslag, consolidatie herverpakking<\/h3>\n<p>Na inspectie worden goederen veilig opgeslagen totdat ze worden verzonden. Wij bieden professionele consolidatie- en herverpakkingsdiensten om de laadeffici\u00ebntie te optimaliseren en te voldoen aan de specificaties van de klant. Zendingen kunnen naar hun eindbestemming worden verzonden, worden overgebracht naar logistieke hubs of rechtstreeks worden opgehaald in ons magazijn, waardoor we flexibele en betrouwbare supply chain-oplossingen bieden.<br \/>Vertaald met DeepL.com (gratis versie)  <\/p>\n<h3>Bonded stock<\/h3>\n<p>Wij bieden douane-entrepots onder streng douanetoezicht, waarbij volledige naleving van internationale regelgeving wordt gegarandeerd. Met deze dienst kunt u invoerrechten en belastingen uitstellen totdat goederen worden vrijgegeven voor binnenlands gebruik of export, waardoor uw cashflow wordt verbeterd en uw supply chain management wordt gestroomlijnd. <\/p>\n<h2><\/h2>\n                                                \n\n\n\n\n\n\n                    <\/div>\n                <\/div>\n                                        <div class=\"col-12 col-lg\">\n                    <figure class=\"figure figure--rounded\">\n                        <img decoding=\"async\" width=\"1024\" height=\"1024\" src=\"https:\/\/www.corlidogroup.com\/wp-content\/uploads\/2024\/09\/Ontwerp-zonder-titel-1024x1024.png\" class=\"img-fluid\" alt=\"\" loading=\"lazy\" srcset=\"https:\/\/www.corlidogroup.com\/wp-content\/uploads\/2024\/09\/Ontwerp-zonder-titel-1024x1024.png 1024w, https:\/\/www.corlidogroup.com\/wp-content\/uploads\/2024\/09\/Ontwerp-zonder-titel-300x300.png 300w, https:\/\/www.corlidogroup.com\/wp-content\/uploads\/2024\/09\/Ontwerp-zonder-titel-150x150.png 150w, https:\/\/www.corlidogroup.com\/wp-content\/uploads\/2024\/09\/Ontwerp-zonder-titel-768x768.png 768w, https:\/\/www.corlidogroup.com\/wp-content\/uploads\/2024\/09\/Ontwerp-zonder-titel-70x70.png 70w, https:\/\/www.corlidogroup.com\/wp-content\/uploads\/2024\/09\/Ontwerp-zonder-titel.png 1080w\" sizes=\"auto, (max-width: 1024px) 100vw, 1024px\" \/>                    <\/figure>\n                <\/div>\n                    <\/div>\n    <\/div>\n<\/section>\n\n<section class=\"pane pane--white\">\n    <div class=\"container\">\n        <div class=\"row g-4 g-lg-8 g-xl-15 g-xxl-25 align-items-center \">\n                            <div class=\"col-12 col-lg-8\">\n                                        <div class=\"pane__text\">\n                        <h3>Voordelen<\/h3>\n<p>Je hoeft geen invoerrechten en andere heffingen te betalen voor de goederen. Corlido Group hoeft zich ook niet te houden aan handelspolitieke maatregelen, voor zover deze de goederen niet verbieden het douanegebied binnen te komen of te verlaten. Dit biedt een economisch voordeel. Corlido Group gebruikt het douane-entrepot ook als distributiecentrum.   <\/p>\n<ul>\n<li>Ontlast het magazijn.<\/li>\n<li>100% betrouwbare levering.<\/li>\n<li>Geen gedeeltelijke leveringen.<\/li>\n<\/ul>\n                                                \n\n\n\n\n\n\n                    <\/div>\n                <\/div>\n                                <\/div>\n    <\/div>\n<\/section>\n\n<section class=\"pane pane--white\">\n    <div class=\"container\">\n        <div class=\"row g-4 g-lg-8 g-xl-15 g-xxl-25 align-items-center \">\n                            <div class=\"col-12 col-lg-8\">\n                                        <div class=\"pane__text\">\n                        <h3>Leveringsopties<\/h3>\n<h5>Geconsolideerde levering<\/h5>\n<p>Leveranciers leveren goederen aan het magazijn van Corlido, waar we grondige ingangscontroles uitvoeren op tekorten, schade en de juistheid van de documentatie. De artikelen worden vervolgens professioneel opnieuw verpakt, ge\u00ebtiketteerd en gecombineerd tot \u00e9\u00e9n geconsolideerde zending naar de geplande bestemmingen. <\/p>\n<p>Voordelen van geconsolideerde zendingen:<\/p>\n<ul>\n<li>Zorgt voor nauwkeurigheid en naleving door middel van Corlido&#8217;s strenge kwaliteitscontrole<\/li>\n<li>Combineert meerdere leveranciersorders tot \u00e9\u00e9n effici\u00ebnte levering<\/li>\n<li>Vermindert transportbewegingen, waardoor de CO\u2082-uitstoot daalt<\/li>\n<li>Minimaliseert verpakkingsmateriaal en afval<\/li>\n<li>Vereenvoudigt ontvangstprocessen voor klanten<\/li>\n<\/ul>\n<h5>Directe &amp; Express levering<\/h5>\n<p>Voor spoedeisende of tijdgevoelige bestellingen kunnen goederen rechtstreeks van de leverancier of fabrikant naar de klant worden verzonden zonder dat ze via ons magazijn gaan. Dit omvat ook drop shipments, waarbij artikelen rechtstreeks van de leverancier naar de klant worden verzonden. <\/p>\n<p>Voordelen van directe verzendingen:<\/p>\n<ul>\n<li>Snellere levering met minimale verwerking<\/li>\n<li>Flexibele opties voor expreslevering beschikbaar<\/li>\n<\/ul>\n                                                \n\n\n\n\n\n\n                    <\/div>\n                <\/div>\n                                <\/div>\n    <\/div>\n<\/section>\n","protected":false},"excerpt":{"rendered":"","protected":false},"author":2,"featured_media":0,"parent":0,"menu_order":0,"comment_status":"closed","ping_status":"closed","template":"","meta":{"_acf_changed":false,"_monsterinsights_skip_tracking":false,"_monsterinsights_sitenote_active":false,"_monsterinsights_sitenote_note":"","_monsterinsights_sitenote_category":0,"footnotes":""},"class_list":["post-2218","page","type-page","status-publish","hentry"],"acf":[],"yoast_head":"<!-- This site is optimized with the Yoast SEO plugin v27.5 - https:\/\/yoast.com\/product\/yoast-seo-wordpress\/ -->\n<title>Magazijn - Corlido<\/title>\n<meta name=\"robots\" content=\"index, follow, max-snippet:-1, max-image-preview:large, max-video-preview:-1\" \/>\n<link rel=\"canonical\" href=\"https:\/\/www.corlidogroup.com\/nl\/duurzaamheid-2\/\" \/>\n<meta property=\"og:locale\" content=\"nl_NL\" \/>\n<meta property=\"og:type\" content=\"article\" \/>\n<meta property=\"og:title\" content=\"Magazijn - Corlido\" \/>\n<meta property=\"og:url\" content=\"https:\/\/www.corlidogroup.com\/nl\/duurzaamheid-2\/\" \/>\n<meta property=\"og:site_name\" content=\"Corlido\" \/>\n<meta property=\"article:publisher\" content=\"https:\/\/www.facebook.com\/CorlidoGroup\/\" \/>\n<meta property=\"article:modified_time\" content=\"2026-01-07T08:19:44+00:00\" \/>\n<meta name=\"twitter:card\" content=\"summary_large_image\" \/>\n<script type=\"application\/ld+json\" class=\"yoast-schema-graph\">{\"@context\":\"https:\\\/\\\/schema.org\",\"@graph\":[{\"@type\":\"WebPage\",\"@id\":\"https:\\\/\\\/www.corlidogroup.com\\\/nl\\\/duurzaamheid-2\\\/\",\"url\":\"https:\\\/\\\/www.corlidogroup.com\\\/nl\\\/duurzaamheid-2\\\/\",\"name\":\"Magazijn - Corlido\",\"isPartOf\":{\"@id\":\"https:\\\/\\\/www.corlidogroup.com\\\/nl\\\/#website\"},\"datePublished\":\"2024-09-16T09:46:30+00:00\",\"dateModified\":\"2026-01-07T08:19:44+00:00\",\"breadcrumb\":{\"@id\":\"https:\\\/\\\/www.corlidogroup.com\\\/nl\\\/duurzaamheid-2\\\/#breadcrumb\"},\"inLanguage\":\"nl-NL\",\"potentialAction\":[{\"@type\":\"ReadAction\",\"target\":[\"https:\\\/\\\/www.corlidogroup.com\\\/nl\\\/duurzaamheid-2\\\/\"]}]},{\"@type\":\"BreadcrumbList\",\"@id\":\"https:\\\/\\\/www.corlidogroup.com\\\/nl\\\/duurzaamheid-2\\\/#breadcrumb\",\"itemListElement\":[{\"@type\":\"ListItem\",\"position\":1,\"name\":\"Home\",\"item\":\"https:\\\/\\\/www.corlidogroup.com\\\/nl\\\/\"},{\"@type\":\"ListItem\",\"position\":2,\"name\":\"Magazijn\"}]},{\"@type\":\"WebSite\",\"@id\":\"https:\\\/\\\/www.corlidogroup.com\\\/nl\\\/#website\",\"url\":\"https:\\\/\\\/www.corlidogroup.com\\\/nl\\\/\",\"name\":\"Corlido Group\",\"description\":\"We optimise your procurement process\",\"publisher\":{\"@id\":\"https:\\\/\\\/www.corlidogroup.com\\\/nl\\\/#organization\"},\"potentialAction\":[{\"@type\":\"SearchAction\",\"target\":{\"@type\":\"EntryPoint\",\"urlTemplate\":\"https:\\\/\\\/www.corlidogroup.com\\\/nl\\\/?s={search_term_string}\"},\"query-input\":{\"@type\":\"PropertyValueSpecification\",\"valueRequired\":true,\"valueName\":\"search_term_string\"}}],\"inLanguage\":\"nl-NL\"},{\"@type\":\"Organization\",\"@id\":\"https:\\\/\\\/www.corlidogroup.com\\\/nl\\\/#organization\",\"name\":\"Corlido Group\",\"url\":\"https:\\\/\\\/www.corlidogroup.com\\\/nl\\\/\",\"logo\":{\"@type\":\"ImageObject\",\"inLanguage\":\"nl-NL\",\"@id\":\"https:\\\/\\\/www.corlidogroup.com\\\/nl\\\/#\\\/schema\\\/logo\\\/image\\\/\",\"url\":\"https:\\\/\\\/www.corlidogroup.com\\\/wp-content\\\/uploads\\\/2024\\\/02\\\/cropped-Corlido-favicon.png\",\"contentUrl\":\"https:\\\/\\\/www.corlidogroup.com\\\/wp-content\\\/uploads\\\/2024\\\/02\\\/cropped-Corlido-favicon.png\",\"width\":512,\"height\":512,\"caption\":\"Corlido Group\"},\"image\":{\"@id\":\"https:\\\/\\\/www.corlidogroup.com\\\/nl\\\/#\\\/schema\\\/logo\\\/image\\\/\"},\"sameAs\":[\"https:\\\/\\\/www.facebook.com\\\/CorlidoGroup\\\/\",\"https:\\\/\\\/www.linkedin.com\\\/company\\\/1372474\\\/\",\"https:\\\/\\\/www.instagram.com\\\/corlidogroup\\\/\"]}]}<\/script>\n<!-- \/ Yoast SEO plugin. -->","yoast_head_json":{"title":"Magazijn - Corlido","robots":{"index":"index","follow":"follow","max-snippet":"max-snippet:-1","max-image-preview":"max-image-preview:large","max-video-preview":"max-video-preview:-1"},"canonical":"https:\/\/www.corlidogroup.com\/nl\/duurzaamheid-2\/","og_locale":"nl_NL","og_type":"article","og_title":"Magazijn - Corlido","og_url":"https:\/\/www.corlidogroup.com\/nl\/duurzaamheid-2\/","og_site_name":"Corlido","article_publisher":"https:\/\/www.facebook.com\/CorlidoGroup\/","article_modified_time":"2026-01-07T08:19:44+00:00","twitter_card":"summary_large_image","schema":{"@context":"https:\/\/schema.org","@graph":[{"@type":"WebPage","@id":"https:\/\/www.corlidogroup.com\/nl\/duurzaamheid-2\/","url":"https:\/\/www.corlidogroup.com\/nl\/duurzaamheid-2\/","name":"Magazijn - Corlido","isPartOf":{"@id":"https:\/\/www.corlidogroup.com\/nl\/#website"},"datePublished":"2024-09-16T09:46:30+00:00","dateModified":"2026-01-07T08:19:44+00:00","breadcrumb":{"@id":"https:\/\/www.corlidogroup.com\/nl\/duurzaamheid-2\/#breadcrumb"},"inLanguage":"nl-NL","potentialAction":[{"@type":"ReadAction","target":["https:\/\/www.corlidogroup.com\/nl\/duurzaamheid-2\/"]}]},{"@type":"BreadcrumbList","@id":"https:\/\/www.corlidogroup.com\/nl\/duurzaamheid-2\/#breadcrumb","itemListElement":[{"@type":"ListItem","position":1,"name":"Home","item":"https:\/\/www.corlidogroup.com\/nl\/"},{"@type":"ListItem","position":2,"name":"Magazijn"}]},{"@type":"WebSite","@id":"https:\/\/www.corlidogroup.com\/nl\/#website","url":"https:\/\/www.corlidogroup.com\/nl\/","name":"Corlido Group","description":"We optimise your procurement process","publisher":{"@id":"https:\/\/www.corlidogroup.com\/nl\/#organization"},"potentialAction":[{"@type":"SearchAction","target":{"@type":"EntryPoint","urlTemplate":"https:\/\/www.corlidogroup.com\/nl\/?s={search_term_string}"},"query-input":{"@type":"PropertyValueSpecification","valueRequired":true,"valueName":"search_term_string"}}],"inLanguage":"nl-NL"},{"@type":"Organization","@id":"https:\/\/www.corlidogroup.com\/nl\/#organization","name":"Corlido Group","url":"https:\/\/www.corlidogroup.com\/nl\/","logo":{"@type":"ImageObject","inLanguage":"nl-NL","@id":"https:\/\/www.corlidogroup.com\/nl\/#\/schema\/logo\/image\/","url":"https:\/\/www.corlidogroup.com\/wp-content\/uploads\/2024\/02\/cropped-Corlido-favicon.png","contentUrl":"https:\/\/www.corlidogroup.com\/wp-content\/uploads\/2024\/02\/cropped-Corlido-favicon.png","width":512,"height":512,"caption":"Corlido Group"},"image":{"@id":"https:\/\/www.corlidogroup.com\/nl\/#\/schema\/logo\/image\/"},"sameAs":["https:\/\/www.facebook.com\/CorlidoGroup\/","https:\/\/www.linkedin.com\/company\/1372474\/","https:\/\/www.instagram.com\/corlidogroup\/"]}]}},"_links":{"self":[{"href":"https:\/\/www.corlidogroup.com\/nl\/wp-json\/wp\/v2\/pages\/2218","targetHints":{"allow":["GET"]}}],"collection":[{"href":"https:\/\/www.corlidogroup.com\/nl\/wp-json\/wp\/v2\/pages"}],"about":[{"href":"https:\/\/www.corlidogroup.com\/nl\/wp-json\/wp\/v2\/types\/page"}],"author":[{"embeddable":true,"href":"https:\/\/www.corlidogroup.com\/nl\/wp-json\/wp\/v2\/users\/2"}],"replies":[{"embeddable":true,"href":"https:\/\/www.corlidogroup.com\/nl\/wp-json\/wp\/v2\/comments?post=2218"}],"version-history":[{"count":7,"href":"https:\/\/www.corlidogroup.com\/nl\/wp-json\/wp\/v2\/pages\/2218\/revisions"}],"predecessor-version":[{"id":2617,"href":"https:\/\/www.corlidogroup.com\/nl\/wp-json\/wp\/v2\/pages\/2218\/revisions\/2617"}],"wp:attachment":[{"href":"https:\/\/www.corlidogroup.com\/nl\/wp-json\/wp\/v2\/media?parent=2218"}],"curies":[{"name":"wp","href":"https:\/\/api.w.org\/{rel}","templated":true}]}}