{"id":518,"date":"2024-02-09T10:33:15","date_gmt":"2024-02-09T09:33:15","guid":{"rendered":"https:\/\/www.corlidogroup.com\/procurement-services\/"},"modified":"2024-10-17T09:48:34","modified_gmt":"2024-10-17T07:48:34","slug":"procurement-services","status":"publish","type":"page","link":"https:\/\/www.corlidogroup.com\/nl\/procurement-services\/","title":{"rendered":"Procurement Services"},"content":{"rendered":"\n<section class=\"pane pane--white\">\n    <div class=\"container\">\n        <div class=\"row g-4 g-lg-8 g-xl-15 g-xxl-25 align-items-center flex-lg-row-reverse\">\n                            <div class=\"col-12 col-lg-6\">\n                                        <div class=\"pane__text\">\n                        <h2>Tail Spend<\/h2>\n<p><strong>Wat is Tail Spend?<br \/>\n<\/strong>Tail Spend, ook wel indirecte inkoop, indirecte uitgaven, long tail en anders genoemd, zijn de ad hoc en\/of ongecategoriseerde uitgaven van leveranciers die nodig zijn voor de dagelijkse activiteiten van een bedrijf.<\/p>\n<p><strong>Wat is het probleem met Tail Spend?<br \/>\n<\/strong>Hoewel Tail Spend over het algemeen wordt aangeduid als niet-strategische uitgaven, merken bedrijven dat het over het algemeen goed is voor een niet onaanzienlijke 20% van de totale uitgaven en 80% van alle leveranciers, waarvan veel voor eenmalige uitgaven.<\/p>\n<p><span style=\"font-weight: 400\">Hoe beheer je effectief het aantal leveranciers en het aantal bestellingen voor artikelen en diensten met een laag volume, waarde, risico en frequentie?<\/span><\/p>\n                                                \n                    <\/div>\n                <\/div>\n                                        <div class=\"col-12 col-lg\">\n                    <figure class=\"figure figure--rounded\">\n                        <img decoding=\"async\" width=\"1024\" height=\"576\" src=\"https:\/\/www.corlidogroup.com\/wp-content\/uploads\/2024\/05\/Tail-Spend-80-20-1024x576.png\" class=\"img-fluid\" alt=\"\" loading=\"lazy\" srcset=\"https:\/\/www.corlidogroup.com\/wp-content\/uploads\/2024\/05\/Tail-Spend-80-20-1024x576.png 1024w, https:\/\/www.corlidogroup.com\/wp-content\/uploads\/2024\/05\/Tail-Spend-80-20-300x169.png 300w, https:\/\/www.corlidogroup.com\/wp-content\/uploads\/2024\/05\/Tail-Spend-80-20-768x432.png 768w, https:\/\/www.corlidogroup.com\/wp-content\/uploads\/2024\/05\/Tail-Spend-80-20-1536x864.png 1536w, https:\/\/www.corlidogroup.com\/wp-content\/uploads\/2024\/05\/Tail-Spend-80-20-70x39.png 70w, https:\/\/www.corlidogroup.com\/wp-content\/uploads\/2024\/05\/Tail-Spend-80-20.png 1920w\" sizes=\"auto, (max-width: 1024px) 100vw, 1024px\" \/>                    <\/figure>\n                <\/div>\n                    <\/div>\n    <\/div>\n<\/section>\n\n<section class=\"pane pane--white\">\n    <div class=\"container\">\n        <div class=\"row g-4 g-lg-8 g-xl-15 justify-content-start\">\n                                                <div class=\"col-12 col-lg-12\">\n                        <h2 style=\"text-align: left\">Onze oplossing:<\/h2>\n<p style=\"font-weight: 400\">Corlido Group is een pionier op het gebied van Tail Spend Management, waaronder Indirect Procurement en MRO Supply. Als verlengstuk van uw inkoopteam helpen wij organisaties het inkoopproces te optimaliseren, tijd te besparen en kosten te verlagen. <\/p>\n<p style=\"font-weight: 400\">Tail Spend Management speelt een cruciale rol bij het verlagen van de kosten van de organisatie en het verbeteren van de operationele effici\u00ebntie. U kunt zich richten op uw kernactiviteiten en strategische uitgaven, terwijl Corlido uw indirecte inkoop beheert, waardoor u volledige zichtbaarheid, inzichten en uiteindelijk controle krijgt over uw Tail Spend. <\/p>\n<p style=\"font-weight: 400\">Onze op maat gemaakte managementrapportagetools geven u de inzichten die u nodig hebt wanneer u ze nodig hebt om de juiste beslissingen te nemen voor uw organisatie. Of uw organisatie nu een end-to-end oplossing nodig heeft of alleen hulp bij het verwerken van facturen van niet-goedgekeurde leveranciers, de Corlido Group heeft een oplossing. <\/p>\n                                            <\/div>\n                                    <\/div>\n                \n    <\/div>\n<\/section>\n\n<section class=\"pane pane--primary\">\n    <div class=\"container\">\n        <div class=\"row g-4 g-lg-8 g-xl-15 g-xxl-25 align-items-center flex-lg-row-reverse\">\n                            <div class=\"col-12 col-lg-7\">\n                                        <div class=\"pane__text\">\n                        <h2>Voordelen van het uitbesteden van inkoop<\/h2>\n<ol>\n<li><strong>Directe besparingen<\/strong> van tussen de <strong>3% en 12%<\/strong> van de <strong>be\u00efnvloedbare<\/strong> uitgaven<\/li>\n<li><strong>Indirecte besparingen<\/strong> tot <strong>21%<\/strong><\/li>\n<li>Maak uw inkoopteam vrij om zich <strong>te richten op strategische uitgaven<\/strong><\/li>\n<li>Maak uw back-office team vrij van <strong>het opzetten van<\/strong> <strong>nieuwe leveranciers<\/strong><\/li>\n<li>Model met <strong>\u00e9\u00e9n crediteur<\/strong>, <strong>leveranciersreductie<\/strong> tot <strong>99%<\/strong><\/li>\n<li>Factuur <strong>standaardisatie<\/strong><\/li>\n<li><strong>Risicoverlaging<\/strong> via <strong>gestandaardiseerde voorwaarden<\/strong><\/li>\n<li><strong>Naleving<\/strong> van de inkoopregels en <strong>vermindering\/uitbanning<\/strong> van <strong>afwijkende aankopen<\/strong><\/li>\n<li>Volledig <strong>transparante<\/strong> en inzichtelijke <strong>rapportage<\/strong><\/li>\n<li>COPS <strong>E-Procurement tool<\/strong> voor een<strong> effici\u00ebnter proces<\/strong><\/li>\n<li>Vertrouw op de baanbrekende <strong>expertise<\/strong> en<strong> langdurige relaties <\/strong>van Corlido<\/li>\n<\/ol>\n<p>&nbsp;<\/p>\n                                                \n\n    <div class=\"pane__button-group\">\n        <div class=\"row g-2 g-lg-3 justify-content-start\">\n                            <div class=\"col-auto\">\n                                                                <button class=\"btn btn-primary\" type=\"button\" data-bs-toggle=\"modal\" data-bs-target=\"#contactModal\">\n                            <span class=\"btn__text\">Contact <\/span>\n                            <svg class=\"icon icon--12 icon--arrow\">\n                                <use xlink:href=\"https:\/\/www.corlidogroup.com\/wp-content\/themes\/corlido\/build\/img\/symbols.svg#arrow-right\"><\/use>\n                            <\/svg>\n                        <\/button>\n                                    <\/div>\n                    <\/div>\n    <\/div>\n\n\n                    <\/div>\n                <\/div>\n                                        <div class=\"col-12 col-lg\">\n                    <figure class=\"figure figure--rounded\">\n                        <img decoding=\"async\" width=\"1024\" height=\"683\" src=\"https:\/\/www.corlidogroup.com\/wp-content\/uploads\/2024\/02\/pexels-andrea-piacquadio-927451-1024x683.jpg\" class=\"img-fluid\" alt=\"\" loading=\"lazy\" srcset=\"https:\/\/www.corlidogroup.com\/wp-content\/uploads\/2024\/02\/pexels-andrea-piacquadio-927451-1024x683.jpg 1024w, https:\/\/www.corlidogroup.com\/wp-content\/uploads\/2024\/02\/pexels-andrea-piacquadio-927451-300x200.jpg 300w, https:\/\/www.corlidogroup.com\/wp-content\/uploads\/2024\/02\/pexels-andrea-piacquadio-927451-768x512.jpg 768w, https:\/\/www.corlidogroup.com\/wp-content\/uploads\/2024\/02\/pexels-andrea-piacquadio-927451-1536x1024.jpg 1536w, https:\/\/www.corlidogroup.com\/wp-content\/uploads\/2024\/02\/pexels-andrea-piacquadio-927451-70x47.jpg 70w, https:\/\/www.corlidogroup.com\/wp-content\/uploads\/2024\/02\/pexels-andrea-piacquadio-927451.jpg 1920w\" sizes=\"auto, (max-width: 1024px) 100vw, 1024px\" \/>                    <\/figure>\n                <\/div>\n                    <\/div>\n    <\/div>\n<\/section>\n\n<section class=\"pane pane--white\">\n    <div class=\"container\">\n        <div class=\"row g-4 g-lg-8 g-xl-15 justify-content-center\">\n                                                <div class=\"col-12 col-lg-11\">\n                        <h2 style=\"text-align: center\">Onze diensten<\/h2>\n<p><img loading=\"lazy\" decoding=\"async\" class=\"wp-image-2285 size-large aligncenter\" src=\"https:\/\/www.corlidogroup.com\/wp-content\/uploads\/2024\/09\/Schermafbeelding-2024-09-23-110431-1024x466.png\" alt=\"\" width=\"1024\" height=\"466\" srcset=\"https:\/\/www.corlidogroup.com\/wp-content\/uploads\/2024\/09\/Schermafbeelding-2024-09-23-110431-1024x466.png 1024w, https:\/\/www.corlidogroup.com\/wp-content\/uploads\/2024\/09\/Schermafbeelding-2024-09-23-110431-300x137.png 300w, https:\/\/www.corlidogroup.com\/wp-content\/uploads\/2024\/09\/Schermafbeelding-2024-09-23-110431-768x350.png 768w, https:\/\/www.corlidogroup.com\/wp-content\/uploads\/2024\/09\/Schermafbeelding-2024-09-23-110431-70x32.png 70w, https:\/\/www.corlidogroup.com\/wp-content\/uploads\/2024\/09\/Schermafbeelding-2024-09-23-110431.png 1271w\" sizes=\"auto, (max-width: 1024px) 100vw, 1024px\" \/><\/p>\n                                            <\/div>\n                                    <\/div>\n                \n    <\/div>\n<\/section>\n\n<section class=\"pane pane--white\">\n    <div class=\"container\">\n        <div class=\"row g-4 g-lg-8 g-xl-15 justify-content-center\">\n                                                <div class=\"col-12 col-lg-4\">\n                        <p><strong>Source-to-Pay<br \/>\n<\/strong>is de meest uitgebreide Tail Spend Management service. Van RFQ tot levering van materiaal, van betaling van facturen tot rapportering, wij handelen het allemaal af volgens een proces op maat van uw organisatie. U hebt \u00e9\u00e9n leverancier en \u00e9\u00e9n factuur, en daarnaast levert Corlido 100% van de informatie via op maat gemaakte rapportage.  <\/p>\n                                            <\/div>\n                                    <div class=\"col-12 col-lg-4\">\n                        <p><strong>Procure-to-Pay<br \/>\n<\/strong>is na Source-to-Pay onze meest gevraagde Tail Spend Management Service. Met Procure-to-Pay maken we gebruik van de door u opgegeven leverancier, maar wij plaatsen de orders en regelen alles van order tot factuur. Ook hier treden we op als uw enige crediteur.  <\/p>\n                                            <\/div>\n                                    <div class=\"col-12 col-lg-4\">\n                        <p><strong>Factuurverwerking (alleen betalen)<br \/>\n<\/strong><span lang=\"EN-US\">Pay Only of factuurverwerking is onze minst uitgebreide service, omdat de bestelling al is geplaatst en de goederen zijn ontvangen, maar de factuur niet kan worden betaald. Factuurverwerking wordt vaak gezien als niet-conform gedrag, maar komt in elke organisatie voor. In dit geval verwerkt Corlido de factuur en betaling voor je.   <\/span><\/p>\n<p>&nbsp;<\/p>\n                                            <\/div>\n                                    <\/div>\n                \n    <\/div>\n<\/section>\n\n<section class=\"pane pane--white\">\n    <div class=\"container\">\n        <div class=\"row g-4 g-lg-8 g-xl-15 justify-content-center\">\n                                                <div class=\"col-12 col-lg-4\">\n                        <h3 style=\"text-align: center\">Magazijn<\/h3>\n<p style=\"text-align: center\">Corlido biedt uitgebreide warehousing services, waardoor u verzekerd bent van veilige opslag en effici\u00ebnt beheer van uw voorraad.<\/p>\n                                                        <div class=\"pane__button-group\">\n        <div class=\"row g-2 g-lg-3 justify-content-center\">\n                            <div class=\"col-auto\">\n                                                                <a class=\"btn btn-tertiary\" href=\"https:\/\/www.corlidogroup.com\/warehousing\/\" target=\"_self\">\n                            <span class=\"btn__text\">Magazijn<\/span>\n                            <svg class=\"icon icon--12 icon--arrow\">\n                                <use xlink:href=\"https:\/\/www.corlidogroup.com\/wp-content\/themes\/corlido\/build\/img\/symbols.svg#arrow-right\"><\/use>\n                            <\/svg>\n                        <\/a>\n                                    <\/div>\n                    <\/div>\n    <\/div>\n                                            <\/div>\n                                    <div class=\"col-12 col-lg-4\">\n                        <h3 style=\"text-align: center\">Integraties en AI<\/h3>\n<p style=\"text-align: center\">Corlido Group heeft ervaring met systeemintegraties zoals SAP Ariba, Oracle, Microsoft en meer.<\/p>\n                                                        <div class=\"pane__button-group\">\n        <div class=\"row g-2 g-lg-3 justify-content-center\">\n                            <div class=\"col-auto\">\n                                                                <a class=\"btn btn-tertiary\" href=\"https:\/\/www.corlidogroup.com\/integrations\/\" target=\"_self\">\n                            <span class=\"btn__text\">Systeemintegraties<\/span>\n                            <svg class=\"icon icon--12 icon--arrow\">\n                                <use xlink:href=\"https:\/\/www.corlidogroup.com\/wp-content\/themes\/corlido\/build\/img\/symbols.svg#arrow-right\"><\/use>\n                            <\/svg>\n                        <\/a>\n                                    <\/div>\n                    <\/div>\n    <\/div>\n                                            <\/div>\n                                    <div class=\"col-12 col-lg-4\">\n                        <h3 style=\"text-align: center\">COPS<\/h3>\n<p style=\"text-align: center\">COPS is uw op maat gemaakte E-Procurement tool waarmee u niet-contractuele aankopen kunt digitaliseren.<\/p>\n                                                        <div class=\"pane__button-group\">\n        <div class=\"row g-2 g-lg-3 justify-content-center\">\n                            <div class=\"col-auto\">\n                                                                <a class=\"btn btn-tertiary\" href=\"https:\/\/www.corlidogroup.com\/cops\/\" target=\"_self\">\n                            <span class=\"btn__text\">E-Procurement<\/span>\n                            <svg class=\"icon icon--12 icon--arrow\">\n                                <use xlink:href=\"https:\/\/www.corlidogroup.com\/wp-content\/themes\/corlido\/build\/img\/symbols.svg#arrow-right\"><\/use>\n                            <\/svg>\n                        <\/a>\n                                    <\/div>\n                    <\/div>\n    <\/div>\n                                            <\/div>\n                                    <\/div>\n                \n    <\/div>\n<\/section>\n","protected":false},"excerpt":{"rendered":"","protected":false},"author":1,"featured_media":1265,"parent":0,"menu_order":9,"comment_status":"closed","ping_status":"closed","template":"","meta":{"_acf_changed":false,"_monsterinsights_skip_tracking":false,"_monsterinsights_sitenote_active":false,"_monsterinsights_sitenote_note":"","_monsterinsights_sitenote_category":0,"footnotes":""},"class_list":["post-518","page","type-page","status-publish","has-post-thumbnail","hentry"],"acf":[],"yoast_head":"<!-- This site is optimized with the Yoast SEO plugin v27.5 - https:\/\/yoast.com\/product\/yoast-seo-wordpress\/ -->\n<title>Procurement Services - Corlido<\/title>\n<meta name=\"robots\" content=\"index, follow, max-snippet:-1, max-image-preview:large, max-video-preview:-1\" \/>\n<link rel=\"canonical\" href=\"https:\/\/www.corlidogroup.com\/nl\/procurement-services\/\" \/>\n<meta property=\"og:locale\" content=\"nl_NL\" \/>\n<meta property=\"og:type\" content=\"article\" \/>\n<meta property=\"og:title\" content=\"Procurement Services - Corlido\" \/>\n<meta property=\"og:url\" content=\"https:\/\/www.corlidogroup.com\/nl\/procurement-services\/\" \/>\n<meta property=\"og:site_name\" content=\"Corlido\" \/>\n<meta property=\"article:publisher\" content=\"https:\/\/www.facebook.com\/CorlidoGroup\/\" \/>\n<meta property=\"article:modified_time\" content=\"2024-10-17T07:48:34+00:00\" \/>\n<meta property=\"og:image\" content=\"https:\/\/www.corlidogroup.com\/wp-content\/uploads\/2024\/03\/Logistiek.png\" \/>\n\t<meta property=\"og:image:width\" content=\"1895\" \/>\n\t<meta property=\"og:image:height\" content=\"800\" \/>\n\t<meta property=\"og:image:type\" content=\"image\/png\" \/>\n<meta name=\"twitter:card\" content=\"summary_large_image\" \/>\n<meta name=\"twitter:label1\" content=\"Geschatte leestijd\" \/>\n\t<meta name=\"twitter:data1\" content=\"1 minuut\" \/>\n<script type=\"application\/ld+json\" class=\"yoast-schema-graph\">{\"@context\":\"https:\\\/\\\/schema.org\",\"@graph\":[{\"@type\":\"WebPage\",\"@id\":\"https:\\\/\\\/www.corlidogroup.com\\\/nl\\\/procurement-services\\\/\",\"url\":\"https:\\\/\\\/www.corlidogroup.com\\\/nl\\\/procurement-services\\\/\",\"name\":\"Procurement Services - Corlido\",\"isPartOf\":{\"@id\":\"https:\\\/\\\/www.corlidogroup.com\\\/nl\\\/#website\"},\"primaryImageOfPage\":{\"@id\":\"https:\\\/\\\/www.corlidogroup.com\\\/nl\\\/procurement-services\\\/#primaryimage\"},\"image\":{\"@id\":\"https:\\\/\\\/www.corlidogroup.com\\\/nl\\\/procurement-services\\\/#primaryimage\"},\"thumbnailUrl\":\"https:\\\/\\\/www.corlidogroup.com\\\/wp-content\\\/uploads\\\/2024\\\/03\\\/Logistiek.png\",\"datePublished\":\"2024-02-09T09:33:15+00:00\",\"dateModified\":\"2024-10-17T07:48:34+00:00\",\"breadcrumb\":{\"@id\":\"https:\\\/\\\/www.corlidogroup.com\\\/nl\\\/procurement-services\\\/#breadcrumb\"},\"inLanguage\":\"nl-NL\",\"potentialAction\":[{\"@type\":\"ReadAction\",\"target\":[\"https:\\\/\\\/www.corlidogroup.com\\\/nl\\\/procurement-services\\\/\"]}]},{\"@type\":\"ImageObject\",\"inLanguage\":\"nl-NL\",\"@id\":\"https:\\\/\\\/www.corlidogroup.com\\\/nl\\\/procurement-services\\\/#primaryimage\",\"url\":\"https:\\\/\\\/www.corlidogroup.com\\\/wp-content\\\/uploads\\\/2024\\\/03\\\/Logistiek.png\",\"contentUrl\":\"https:\\\/\\\/www.corlidogroup.com\\\/wp-content\\\/uploads\\\/2024\\\/03\\\/Logistiek.png\",\"width\":1895,\"height\":800},{\"@type\":\"BreadcrumbList\",\"@id\":\"https:\\\/\\\/www.corlidogroup.com\\\/nl\\\/procurement-services\\\/#breadcrumb\",\"itemListElement\":[{\"@type\":\"ListItem\",\"position\":1,\"name\":\"Home\",\"item\":\"https:\\\/\\\/www.corlidogroup.com\\\/nl\\\/\"},{\"@type\":\"ListItem\",\"position\":2,\"name\":\"Procurement Services\"}]},{\"@type\":\"WebSite\",\"@id\":\"https:\\\/\\\/www.corlidogroup.com\\\/nl\\\/#website\",\"url\":\"https:\\\/\\\/www.corlidogroup.com\\\/nl\\\/\",\"name\":\"Corlido Group\",\"description\":\"We optimise your procurement process\",\"publisher\":{\"@id\":\"https:\\\/\\\/www.corlidogroup.com\\\/nl\\\/#organization\"},\"potentialAction\":[{\"@type\":\"SearchAction\",\"target\":{\"@type\":\"EntryPoint\",\"urlTemplate\":\"https:\\\/\\\/www.corlidogroup.com\\\/nl\\\/?s={search_term_string}\"},\"query-input\":{\"@type\":\"PropertyValueSpecification\",\"valueRequired\":true,\"valueName\":\"search_term_string\"}}],\"inLanguage\":\"nl-NL\"},{\"@type\":\"Organization\",\"@id\":\"https:\\\/\\\/www.corlidogroup.com\\\/nl\\\/#organization\",\"name\":\"Corlido Group\",\"url\":\"https:\\\/\\\/www.corlidogroup.com\\\/nl\\\/\",\"logo\":{\"@type\":\"ImageObject\",\"inLanguage\":\"nl-NL\",\"@id\":\"https:\\\/\\\/www.corlidogroup.com\\\/nl\\\/#\\\/schema\\\/logo\\\/image\\\/\",\"url\":\"https:\\\/\\\/www.corlidogroup.com\\\/wp-content\\\/uploads\\\/2024\\\/02\\\/cropped-Corlido-favicon.png\",\"contentUrl\":\"https:\\\/\\\/www.corlidogroup.com\\\/wp-content\\\/uploads\\\/2024\\\/02\\\/cropped-Corlido-favicon.png\",\"width\":512,\"height\":512,\"caption\":\"Corlido Group\"},\"image\":{\"@id\":\"https:\\\/\\\/www.corlidogroup.com\\\/nl\\\/#\\\/schema\\\/logo\\\/image\\\/\"},\"sameAs\":[\"https:\\\/\\\/www.facebook.com\\\/CorlidoGroup\\\/\",\"https:\\\/\\\/www.linkedin.com\\\/company\\\/1372474\\\/\",\"https:\\\/\\\/www.instagram.com\\\/corlidogroup\\\/\"]}]}<\/script>\n<!-- \/ Yoast SEO plugin. -->","yoast_head_json":{"title":"Procurement Services - Corlido","robots":{"index":"index","follow":"follow","max-snippet":"max-snippet:-1","max-image-preview":"max-image-preview:large","max-video-preview":"max-video-preview:-1"},"canonical":"https:\/\/www.corlidogroup.com\/nl\/procurement-services\/","og_locale":"nl_NL","og_type":"article","og_title":"Procurement Services - Corlido","og_url":"https:\/\/www.corlidogroup.com\/nl\/procurement-services\/","og_site_name":"Corlido","article_publisher":"https:\/\/www.facebook.com\/CorlidoGroup\/","article_modified_time":"2024-10-17T07:48:34+00:00","og_image":[{"width":1895,"height":800,"url":"https:\/\/www.corlidogroup.com\/wp-content\/uploads\/2024\/03\/Logistiek.png","type":"image\/png"}],"twitter_card":"summary_large_image","twitter_misc":{"Geschatte leestijd":"1 minuut"},"schema":{"@context":"https:\/\/schema.org","@graph":[{"@type":"WebPage","@id":"https:\/\/www.corlidogroup.com\/nl\/procurement-services\/","url":"https:\/\/www.corlidogroup.com\/nl\/procurement-services\/","name":"Procurement Services - Corlido","isPartOf":{"@id":"https:\/\/www.corlidogroup.com\/nl\/#website"},"primaryImageOfPage":{"@id":"https:\/\/www.corlidogroup.com\/nl\/procurement-services\/#primaryimage"},"image":{"@id":"https:\/\/www.corlidogroup.com\/nl\/procurement-services\/#primaryimage"},"thumbnailUrl":"https:\/\/www.corlidogroup.com\/wp-content\/uploads\/2024\/03\/Logistiek.png","datePublished":"2024-02-09T09:33:15+00:00","dateModified":"2024-10-17T07:48:34+00:00","breadcrumb":{"@id":"https:\/\/www.corlidogroup.com\/nl\/procurement-services\/#breadcrumb"},"inLanguage":"nl-NL","potentialAction":[{"@type":"ReadAction","target":["https:\/\/www.corlidogroup.com\/nl\/procurement-services\/"]}]},{"@type":"ImageObject","inLanguage":"nl-NL","@id":"https:\/\/www.corlidogroup.com\/nl\/procurement-services\/#primaryimage","url":"https:\/\/www.corlidogroup.com\/wp-content\/uploads\/2024\/03\/Logistiek.png","contentUrl":"https:\/\/www.corlidogroup.com\/wp-content\/uploads\/2024\/03\/Logistiek.png","width":1895,"height":800},{"@type":"BreadcrumbList","@id":"https:\/\/www.corlidogroup.com\/nl\/procurement-services\/#breadcrumb","itemListElement":[{"@type":"ListItem","position":1,"name":"Home","item":"https:\/\/www.corlidogroup.com\/nl\/"},{"@type":"ListItem","position":2,"name":"Procurement Services"}]},{"@type":"WebSite","@id":"https:\/\/www.corlidogroup.com\/nl\/#website","url":"https:\/\/www.corlidogroup.com\/nl\/","name":"Corlido Group","description":"We optimise your procurement process","publisher":{"@id":"https:\/\/www.corlidogroup.com\/nl\/#organization"},"potentialAction":[{"@type":"SearchAction","target":{"@type":"EntryPoint","urlTemplate":"https:\/\/www.corlidogroup.com\/nl\/?s={search_term_string}"},"query-input":{"@type":"PropertyValueSpecification","valueRequired":true,"valueName":"search_term_string"}}],"inLanguage":"nl-NL"},{"@type":"Organization","@id":"https:\/\/www.corlidogroup.com\/nl\/#organization","name":"Corlido Group","url":"https:\/\/www.corlidogroup.com\/nl\/","logo":{"@type":"ImageObject","inLanguage":"nl-NL","@id":"https:\/\/www.corlidogroup.com\/nl\/#\/schema\/logo\/image\/","url":"https:\/\/www.corlidogroup.com\/wp-content\/uploads\/2024\/02\/cropped-Corlido-favicon.png","contentUrl":"https:\/\/www.corlidogroup.com\/wp-content\/uploads\/2024\/02\/cropped-Corlido-favicon.png","width":512,"height":512,"caption":"Corlido Group"},"image":{"@id":"https:\/\/www.corlidogroup.com\/nl\/#\/schema\/logo\/image\/"},"sameAs":["https:\/\/www.facebook.com\/CorlidoGroup\/","https:\/\/www.linkedin.com\/company\/1372474\/","https:\/\/www.instagram.com\/corlidogroup\/"]}]}},"_links":{"self":[{"href":"https:\/\/www.corlidogroup.com\/nl\/wp-json\/wp\/v2\/pages\/518","targetHints":{"allow":["GET"]}}],"collection":[{"href":"https:\/\/www.corlidogroup.com\/nl\/wp-json\/wp\/v2\/pages"}],"about":[{"href":"https:\/\/www.corlidogroup.com\/nl\/wp-json\/wp\/v2\/types\/page"}],"author":[{"embeddable":true,"href":"https:\/\/www.corlidogroup.com\/nl\/wp-json\/wp\/v2\/users\/1"}],"replies":[{"embeddable":true,"href":"https:\/\/www.corlidogroup.com\/nl\/wp-json\/wp\/v2\/comments?post=518"}],"version-history":[{"count":13,"href":"https:\/\/www.corlidogroup.com\/nl\/wp-json\/wp\/v2\/pages\/518\/revisions"}],"predecessor-version":[{"id":2380,"href":"https:\/\/www.corlidogroup.com\/nl\/wp-json\/wp\/v2\/pages\/518\/revisions\/2380"}],"wp:featuredmedia":[{"embeddable":true,"href":"https:\/\/www.corlidogroup.com\/nl\/wp-json\/wp\/v2\/media\/1265"}],"wp:attachment":[{"href":"https:\/\/www.corlidogroup.com\/nl\/wp-json\/wp\/v2\/media?parent=518"}],"curies":[{"name":"wp","href":"https:\/\/api.w.org\/{rel}","templated":true}]}}